{"id":584,"date":"2019-03-23T18:17:45","date_gmt":"2019-03-23T17:17:45","guid":{"rendered":"https:\/\/agora.xtec.cat\/escpinyaderosa\/?page_id=584"},"modified":"2019-10-09T13:14:28","modified_gmt":"2019-10-09T11:14:28","slug":"consciencia-fonologica","status":"publish","type":"page","link":"https:\/\/agora.xtec.cat\/escpinyaderosa\/projectes\/consciencia-fonologica\/","title":{"rendered":"Consci\u00e8ncia fonol\u00f2gica"},"content":{"rendered":"<p><span style=\"font-weight: 400;\">Des de fa anys, a l\u2019escola tenim el tenim el projecte de llengua consolidat a trav\u00e9s de la consci\u00e8ncia fonol\u00f2gica.<\/span><\/p>\n<p>A trav\u00e9s del seg\u00fcent enlla\u00e7, podeu obtenir informaci\u00f3 del Departament d&#8217;aquest projecte.<\/p>\n<p><a href=\"http:\/\/xtec.gencat.cat\/web\/.content\/alfresco\/d\/d\/workspace\/SpacesStore\/0034\/123b201e-dfd6-4346-97ef-b9086ed62c56\/cons_fonologica.pdf\">Consci\u00e8ncia fonol\u00f2gica Departament d&#8217;Educaci\u00f3<\/a><\/p>\n<p><img loading=\"lazy\" decoding=\"async\" class=\"\" src=\"https:\/\/conscienciaf.files.wordpress.com\/2018\/02\/cropped-eiiii-copia.jpg\" alt=\"Resultat d'imatges de consci\u00e8ncia fonol\u00f2gica\" width=\"405\" height=\"243\" \/><\/p>\n","protected":false},"excerpt":{"rendered":"<p>Des de fa anys, a l\u2019escola tenim el tenim el projecte de llengua consolidat a trav\u00e9s de la consci\u00e8ncia fonol\u00f2gica.<br \/>\nA trav\u00e9s del seg\u00fcent enlla\u00e7, podeu obtenir informaci\u00f3 del Departament d&#8217;aquest projecte.<br \/>\n<a href=\"http:\/\/xtec.gencat.cat\/web\/.content\/alfresco\/d\/d\/workspace\/SpacesStore\/0034\/123b201e-dfd6-4346-97ef-b9086ed62c56\/cons_fonologica.pdf\">Consci\u00e8ncia fonol\u00f2gica Departament d&#8217;Educaci\u00f3<\/a><\/p>\n","protected":false},"author":1,"featured_media":0,"parent":574,"menu_order":0,"comment_status":"closed","ping_status":"closed","template":"","meta":{"_bbp_topic_count":0,"_bbp_reply_count":0,"_bbp_total_topic_count":0,"_bbp_total_reply_count":0,"_bbp_voice_count":0,"_bbp_anonymous_reply_count":0,"_bbp_topic_count_hidden":0,"_bbp_reply_count_hidden":0,"_bbp_forum_subforum_count":0,"footnotes":""},"class_list":["post-584","page","type-page","status-publish","hentry"],"post_mailing_queue_ids":[],"_links":{"self":[{"href":"https:\/\/agora.xtec.cat\/escpinyaderosa\/wp-json\/wp\/v2\/pages\/584","targetHints":{"allow":["GET"]}}],"collection":[{"href":"https:\/\/agora.xtec.cat\/escpinyaderosa\/wp-json\/wp\/v2\/pages"}],"about":[{"href":"https:\/\/agora.xtec.cat\/escpinyaderosa\/wp-json\/wp\/v2\/types\/page"}],"author":[{"embeddable":true,"href":"https:\/\/agora.xtec.cat\/escpinyaderosa\/wp-json\/wp\/v2\/users\/1"}],"replies":[{"embeddable":true,"href":"https:\/\/agora.xtec.cat\/escpinyaderosa\/wp-json\/wp\/v2\/comments?post=584"}],"version-history":[{"count":2,"href":"https:\/\/agora.xtec.cat\/escpinyaderosa\/wp-json\/wp\/v2\/pages\/584\/revisions"}],"predecessor-version":[{"id":770,"href":"https:\/\/agora.xtec.cat\/escpinyaderosa\/wp-json\/wp\/v2\/pages\/584\/revisions\/770"}],"up":[{"embeddable":true,"href":"https:\/\/agora.xtec.cat\/escpinyaderosa\/wp-json\/wp\/v2\/pages\/574"}],"wp:attachment":[{"href":"https:\/\/agora.xtec.cat\/escpinyaderosa\/wp-json\/wp\/v2\/media?parent=584"}],"curies":[{"name":"wp","href":"https:\/\/api.w.org\/{rel}","templated":true}]}}