{"id":582,"date":"2019-03-23T18:17:19","date_gmt":"2019-03-23T17:17:19","guid":{"rendered":"https:\/\/agora.xtec.cat\/escpinyaderosa\/?page_id=582"},"modified":"2020-10-05T10:54:05","modified_gmt":"2020-10-05T08:54:05","slug":"apadrinament-font-gotica","status":"publish","type":"page","link":"https:\/\/agora.xtec.cat\/escpinyaderosa\/projectes\/apadrinament-font-gotica\/","title":{"rendered":"Apadrinament Font G\u00f2tica"},"content":{"rendered":"<p>M\u00e9s informaci\u00f3 del projecte a:<\/p>\n<p><a href=\"https:\/\/sites.google.com\/a\/xtec.cat\/apadrinem-el-patrimoni\/home\/font-gotica\">Apadrinem el nostre patrimoni: la font g\u00f2tica<\/a><\/p>\n<p><a href=\"https:\/\/agora.xtec.cat\/escpinyaderosa\/wp-content\/uploads\/usu1928\/2019\/04\/Font-g\u00f2tica-Certificat-innovaci\u00f3.jpg\"><img loading=\"lazy\" decoding=\"async\" class=\"alignnone  wp-image-624\" src=\"https:\/\/agora.xtec.cat\/escpinyaderosa\/wp-content\/uploads\/usu1928\/2019\/04\/Font-g\u00f2tica-Certificat-innovaci\u00f3.jpg\" alt=\"\" width=\"320\" height=\"426\" srcset=\"https:\/\/agora.xtec.cat\/escpinyaderosa\/wp-content\/uploads\/usu1928\/2019\/04\/Font-g\u00f2tica-Certificat-innovaci\u00f3.jpg 750w, https:\/\/agora.xtec.cat\/escpinyaderosa\/wp-content\/uploads\/usu1928\/2019\/04\/Font-g\u00f2tica-Certificat-innovaci\u00f3-225x300.jpg 225w\" sizes=\"auto, (max-width: 320px) 100vw, 320px\" \/><\/a><\/p>\n","protected":false},"excerpt":{"rendered":"<p>M\u00e9s informaci\u00f3 del projecte a:<br \/>\n<a href=\"https:\/\/sites.google.com\/a\/xtec.cat\/apadrinem-el-patrimoni\/home\/font-gotica\">Apadrinem el nostre patrimoni: la font g\u00f2tica<\/a><br \/>\n<a href=\"https:\/\/agora.xtec.cat\/escpinyaderosa\/wp-content\/uploads\/usu1928\/2019\/04\/Font-g\u00f2tica-Certificat-innovaci\u00f3.jpg\"><\/a><\/p>\n","protected":false},"author":1,"featured_media":0,"parent":574,"menu_order":0,"comment_status":"closed","ping_status":"closed","template":"","meta":{"_bbp_topic_count":0,"_bbp_reply_count":0,"_bbp_total_topic_count":0,"_bbp_total_reply_count":0,"_bbp_voice_count":0,"_bbp_anonymous_reply_count":0,"_bbp_topic_count_hidden":0,"_bbp_reply_count_hidden":0,"_bbp_forum_subforum_count":0,"footnotes":""},"class_list":["post-582","page","type-page","status-publish","hentry"],"post_mailing_queue_ids":[],"_links":{"self":[{"href":"https:\/\/agora.xtec.cat\/escpinyaderosa\/wp-json\/wp\/v2\/pages\/582","targetHints":{"allow":["GET"]}}],"collection":[{"href":"https:\/\/agora.xtec.cat\/escpinyaderosa\/wp-json\/wp\/v2\/pages"}],"about":[{"href":"https:\/\/agora.xtec.cat\/escpinyaderosa\/wp-json\/wp\/v2\/types\/page"}],"author":[{"embeddable":true,"href":"https:\/\/agora.xtec.cat\/escpinyaderosa\/wp-json\/wp\/v2\/users\/1"}],"replies":[{"embeddable":true,"href":"https:\/\/agora.xtec.cat\/escpinyaderosa\/wp-json\/wp\/v2\/comments?post=582"}],"version-history":[{"count":3,"href":"https:\/\/agora.xtec.cat\/escpinyaderosa\/wp-json\/wp\/v2\/pages\/582\/revisions"}],"predecessor-version":[{"id":1301,"href":"https:\/\/agora.xtec.cat\/escpinyaderosa\/wp-json\/wp\/v2\/pages\/582\/revisions\/1301"}],"up":[{"embeddable":true,"href":"https:\/\/agora.xtec.cat\/escpinyaderosa\/wp-json\/wp\/v2\/pages\/574"}],"wp:attachment":[{"href":"https:\/\/agora.xtec.cat\/escpinyaderosa\/wp-json\/wp\/v2\/media?parent=582"}],"curies":[{"name":"wp","href":"https:\/\/api.w.org\/{rel}","templated":true}]}}