{"id":576,"date":"2019-03-23T18:15:57","date_gmt":"2019-03-23T17:15:57","guid":{"rendered":"https:\/\/agora.xtec.cat\/escpinyaderosa\/?page_id=576"},"modified":"2020-10-05T13:36:58","modified_gmt":"2020-10-05T11:36:58","slug":"lhort-escolar","status":"publish","type":"page","link":"https:\/\/agora.xtec.cat\/escpinyaderosa\/projectes\/lhort-escolar\/","title":{"rendered":"L&#8217;hort escolar"},"content":{"rendered":"<p>Cliqueu en el seg\u00fcent enlla\u00e7 per a m\u00e9s informaci\u00f3 sobre el projecte d&#8217;Hort escolar ecol\u00f2gic:<\/p>\n<p><a href=\"https:\/\/sites.google.com\/site\/hortescolarecologic\/home\">Projecte Hort Escolar Ecol\u00f2gic<\/a><\/p>\n<p style=\"text-align: center;\"><strong>EL MEU HORT<\/strong><\/p>\n<h6 style=\"text-align: center;\"><strong>Al meu hort tothom treballa:<\/strong><\/h6>\n<h6 style=\"text-align: center;\"><strong>cucs i fems fan de cuiners,<\/strong><\/h6>\n<h6 style=\"text-align: center;\"><strong>i un espantaocells de palla<\/strong><\/h6>\n<h6 style=\"text-align: center;\"><strong>va fent fora els malfeiners.<\/strong><\/h6>\n<h6 style=\"text-align: center;\"><strong>les abelles van que volen<\/strong><\/h6>\n<h6 style=\"text-align: center;\"><strong>passejant de flor en flor,<\/strong><\/h6>\n<h6 style=\"text-align: center;\"><strong>i aix\u00ed escampen tot el pol\u00b7len<\/strong><\/h6>\n<h6 style=\"text-align: center;\"><strong>i es fan fruits d\u2019all\u00f2 m\u00e9s bons.<\/strong><\/h6>\n<h6 style=\"text-align: center;\"><strong>Quatre canyes fan barraca,<\/strong><\/h6>\n<h6 style=\"text-align: center;\"><strong>com els indis de l\u2019oest,<\/strong><\/h6>\n<h6 style=\"text-align: center;\"><strong>perqu\u00e8 hi pugi la tomaca,<\/strong><\/h6>\n<h6 style=\"text-align: center;\"><strong>la mongeta o el pesolet.<\/strong><\/h6>\n<h6 style=\"text-align: center;\"><strong>L\u2019aigua corre per les plantes<\/strong><\/h6>\n<h6 style=\"text-align: center;\"><strong>fent l\u2019ofici de cambrer<\/strong><\/h6>\n<h6 style=\"text-align: center;\"><strong>i serveix als qui en demanen<\/strong><\/h6>\n<h6 style=\"text-align: center;\"><strong>l\u2019aliment que els va m\u00e9s b\u00e9.<\/strong><\/h6>\n<h6 style=\"text-align: center;\"><strong>Les arrels, menja que menja,<\/strong><\/h6>\n<h6 style=\"text-align: center;\"><strong>i les fulles respirant.<\/strong><\/h6>\n<h6 style=\"text-align: center;\"><strong>El meu hort \u00e9s una festa,<\/strong><\/h6>\n<h6 style=\"text-align: center;\"><strong>per\u00f2 es fa festa treballant.<\/strong><\/h6>\n<h6 style=\"text-align: center;\"><strong>(Ricard Bonmat\u00ed)<\/strong><\/h6>\n<p><a href=\"https:\/\/agora.xtec.cat\/escpinyaderosa\/wp-content\/uploads\/usu1928\/2020\/02\/20200221_130703_opt.jpg\"><img loading=\"lazy\" decoding=\"async\" class=\"alignnone wp-image-956\" src=\"https:\/\/agora.xtec.cat\/escpinyaderosa\/wp-content\/uploads\/usu1928\/2020\/02\/20200221_130703_opt.jpg\" alt=\"\" width=\"515\" height=\"386\" srcset=\"https:\/\/agora.xtec.cat\/escpinyaderosa\/wp-content\/uploads\/usu1928\/2020\/02\/20200221_130703_opt.jpg 800w, https:\/\/agora.xtec.cat\/escpinyaderosa\/wp-content\/uploads\/usu1928\/2020\/02\/20200221_130703_opt-300x225.jpg 300w, https:\/\/agora.xtec.cat\/escpinyaderosa\/wp-content\/uploads\/usu1928\/2020\/02\/20200221_130703_opt-768x576.jpg 768w, https:\/\/agora.xtec.cat\/escpinyaderosa\/wp-content\/uploads\/usu1928\/2020\/02\/20200221_130703_opt-200x150.jpg 200w\" sizes=\"auto, (max-width: 515px) 100vw, 515px\" \/><\/a> <a href=\"https:\/\/agora.xtec.cat\/escpinyaderosa\/wp-content\/uploads\/usu1928\/2020\/02\/20200221_130613_opt.jpg\"><img loading=\"lazy\" decoding=\"async\" class=\"alignnone wp-image-955\" src=\"https:\/\/agora.xtec.cat\/escpinyaderosa\/wp-content\/uploads\/usu1928\/2020\/02\/20200221_130613_opt.jpg\" alt=\"\" width=\"514\" height=\"385\" srcset=\"https:\/\/agora.xtec.cat\/escpinyaderosa\/wp-content\/uploads\/usu1928\/2020\/02\/20200221_130613_opt.jpg 800w, https:\/\/agora.xtec.cat\/escpinyaderosa\/wp-content\/uploads\/usu1928\/2020\/02\/20200221_130613_opt-300x225.jpg 300w, https:\/\/agora.xtec.cat\/escpinyaderosa\/wp-content\/uploads\/usu1928\/2020\/02\/20200221_130613_opt-768x576.jpg 768w, https:\/\/agora.xtec.cat\/escpinyaderosa\/wp-content\/uploads\/usu1928\/2020\/02\/20200221_130613_opt-200x150.jpg 200w\" sizes=\"auto, (max-width: 514px) 100vw, 514px\" \/><\/a> <a href=\"https:\/\/agora.xtec.cat\/escpinyaderosa\/wp-content\/uploads\/usu1928\/2020\/02\/20200221_130541_opt.jpg\"><img loading=\"lazy\" decoding=\"async\" class=\"alignnone wp-image-954\" src=\"https:\/\/agora.xtec.cat\/escpinyaderosa\/wp-content\/uploads\/usu1928\/2020\/02\/20200221_130541_opt.jpg\" alt=\"\" width=\"516\" height=\"387\" srcset=\"https:\/\/agora.xtec.cat\/escpinyaderosa\/wp-content\/uploads\/usu1928\/2020\/02\/20200221_130541_opt.jpg 800w, https:\/\/agora.xtec.cat\/escpinyaderosa\/wp-content\/uploads\/usu1928\/2020\/02\/20200221_130541_opt-300x225.jpg 300w, https:\/\/agora.xtec.cat\/escpinyaderosa\/wp-content\/uploads\/usu1928\/2020\/02\/20200221_130541_opt-768x576.jpg 768w, https:\/\/agora.xtec.cat\/escpinyaderosa\/wp-content\/uploads\/usu1928\/2020\/02\/20200221_130541_opt-200x150.jpg 200w\" sizes=\"auto, (max-width: 516px) 100vw, 516px\" \/><\/a> <a href=\"https:\/\/agora.xtec.cat\/escpinyaderosa\/wp-content\/uploads\/usu1928\/2020\/02\/20200221_130524_opt.jpg\"><img loading=\"lazy\" decoding=\"async\" class=\"alignnone wp-image-953\" src=\"https:\/\/agora.xtec.cat\/escpinyaderosa\/wp-content\/uploads\/usu1928\/2020\/02\/20200221_130524_opt.jpg\" alt=\"\" width=\"517\" height=\"388\" srcset=\"https:\/\/agora.xtec.cat\/escpinyaderosa\/wp-content\/uploads\/usu1928\/2020\/02\/20200221_130524_opt.jpg 800w, https:\/\/agora.xtec.cat\/escpinyaderosa\/wp-content\/uploads\/usu1928\/2020\/02\/20200221_130524_opt-300x225.jpg 300w, https:\/\/agora.xtec.cat\/escpinyaderosa\/wp-content\/uploads\/usu1928\/2020\/02\/20200221_130524_opt-768x576.jpg 768w, https:\/\/agora.xtec.cat\/escpinyaderosa\/wp-content\/uploads\/usu1928\/2020\/02\/20200221_130524_opt-200x150.jpg 200w\" sizes=\"auto, (max-width: 517px) 100vw, 517px\" \/><\/a><\/p>\n","protected":false},"excerpt":{"rendered":"<p>Cliqueu en el seg\u00fcent enlla\u00e7 per a m\u00e9s informaci\u00f3 sobre el projecte d&#8217;Hort escolar ecol\u00f2gic:<br \/>\n<a href=\"https:\/\/sites.google.com\/site\/hortescolarecologic\/home\">Projecte Hort Escolar Ecol\u00f2gic<\/a><br \/>\nEL MEU HORT<br \/>\nAl meu hort tothom treballa:<br \/>\ncucs i fems fan de cuiners,<br \/>\ni un espantaocells de palla<br \/>\nva fent fora els malfeiners.<br \/>\nles abelles van que volen<br \/>\npassejant de flor en&hellip;  <a href=\"https:\/\/agora.xtec.cat\/escpinyaderosa\/projectes\/lhort-escolar\/\" title=\"Read L&#8217;hort escolar\">Llegeix m\u00e9s\u00bb<\/a><\/p>\n","protected":false},"author":1,"featured_media":0,"parent":574,"menu_order":0,"comment_status":"closed","ping_status":"closed","template":"","meta":{"_bbp_topic_count":0,"_bbp_reply_count":0,"_bbp_total_topic_count":0,"_bbp_total_reply_count":0,"_bbp_voice_count":0,"_bbp_anonymous_reply_count":0,"_bbp_topic_count_hidden":0,"_bbp_reply_count_hidden":0,"_bbp_forum_subforum_count":0,"footnotes":""},"class_list":["post-576","page","type-page","status-publish","hentry"],"post_mailing_queue_ids":[],"_links":{"self":[{"href":"https:\/\/agora.xtec.cat\/escpinyaderosa\/wp-json\/wp\/v2\/pages\/576","targetHints":{"allow":["GET"]}}],"collection":[{"href":"https:\/\/agora.xtec.cat\/escpinyaderosa\/wp-json\/wp\/v2\/pages"}],"about":[{"href":"https:\/\/agora.xtec.cat\/escpinyaderosa\/wp-json\/wp\/v2\/types\/page"}],"author":[{"embeddable":true,"href":"https:\/\/agora.xtec.cat\/escpinyaderosa\/wp-json\/wp\/v2\/users\/1"}],"replies":[{"embeddable":true,"href":"https:\/\/agora.xtec.cat\/escpinyaderosa\/wp-json\/wp\/v2\/comments?post=576"}],"version-history":[{"count":3,"href":"https:\/\/agora.xtec.cat\/escpinyaderosa\/wp-json\/wp\/v2\/pages\/576\/revisions"}],"predecessor-version":[{"id":1312,"href":"https:\/\/agora.xtec.cat\/escpinyaderosa\/wp-json\/wp\/v2\/pages\/576\/revisions\/1312"}],"up":[{"embeddable":true,"href":"https:\/\/agora.xtec.cat\/escpinyaderosa\/wp-json\/wp\/v2\/pages\/574"}],"wp:attachment":[{"href":"https:\/\/agora.xtec.cat\/escpinyaderosa\/wp-json\/wp\/v2\/media?parent=576"}],"curies":[{"name":"wp","href":"https:\/\/api.w.org\/{rel}","templated":true}]}}