{"id":30,"date":"2014-09-18T12:30:23","date_gmt":"2014-09-18T11:30:23","guid":{"rendered":"http:\/\/agora.xtec.cat\/escpinyaderosa\/?page_id=30"},"modified":"2025-10-27T13:02:31","modified_gmt":"2025-10-27T12:02:31","slug":"instal%c2%b7lacions","status":"publish","type":"page","link":"https:\/\/agora.xtec.cat\/escpinyaderosa\/lescola\/instal%c2%b7lacions\/","title":{"rendered":"Equip Directiu"},"content":{"rendered":"<p>Clica en els noms per veure el perfil i la traject\u00f2ria professional:<\/p>\n<p><strong>Directora<\/strong><\/p>\n<p><a href=\"https:\/\/drive.google.com\/file\/d\/1g_NiH1QSBYXB8-GhByJco8qbeKhMpynU\/view?usp=sharing\">L\u00eddia Valent\u00edn S\u00e1nchez<\/a><\/p>\n<p><strong>Cap d&#8217;estudis<\/strong><\/p>\n<p><a href=\"https:\/\/drive.google.com\/file\/d\/1TcGsr4hbyVnqnHb7YodzeFS1SRL_pb7t\/view?usp=sharing\">Maria Garcia Ferrer<\/a><\/p>\n<p><strong>Secretari<\/strong><\/p>\n<p><a href=\"https:\/\/drive.google.com\/file\/d\/1Q1irESuqRtUNwDKWEYoPmcIxA-CHHKGP\/view?usp=sharing\">Ellie P\u00e9rez Vidal<\/a><\/p>\n","protected":false},"excerpt":{"rendered":"<p>Clica en els noms per veure el perfil i la traject\u00f2ria professional:<br \/>\nDirectora<br \/>\n<a href=\"https:\/\/drive.google.com\/file\/d\/1g_NiH1QSBYXB8-GhByJco8qbeKhMpynU\/view?usp=sharing\">L\u00eddia Valent\u00edn S\u00e1nchez<\/a><br \/>\nCap d&#8217;estudis<br \/>\n<a href=\"https:\/\/drive.google.com\/file\/d\/1TcGsr4hbyVnqnHb7YodzeFS1SRL_pb7t\/view?usp=sharing\">Maria Garcia Ferrer<\/a><br \/>\nSecretari<br \/>\n<a href=\"https:\/\/drive.google.com\/file\/d\/1Q1irESuqRtUNwDKWEYoPmcIxA-CHHKGP\/view?usp=sharing\">Ellie P\u00e9rez Vidal<\/a><\/p>\n","protected":false},"author":1,"featured_media":0,"parent":22,"menu_order":40,"comment_status":"closed","ping_status":"closed","template":"page-templates\/side-menu.php","meta":{"_bbp_topic_count":0,"_bbp_reply_count":0,"_bbp_total_topic_count":0,"_bbp_total_reply_count":0,"_bbp_voice_count":0,"_bbp_anonymous_reply_count":0,"_bbp_topic_count_hidden":0,"_bbp_reply_count_hidden":0,"_bbp_forum_subforum_count":0,"footnotes":""},"class_list":["post-30","page","type-page","status-publish","hentry"],"post_mailing_queue_ids":[],"_links":{"self":[{"href":"https:\/\/agora.xtec.cat\/escpinyaderosa\/wp-json\/wp\/v2\/pages\/30","targetHints":{"allow":["GET"]}}],"collection":[{"href":"https:\/\/agora.xtec.cat\/escpinyaderosa\/wp-json\/wp\/v2\/pages"}],"about":[{"href":"https:\/\/agora.xtec.cat\/escpinyaderosa\/wp-json\/wp\/v2\/types\/page"}],"author":[{"embeddable":true,"href":"https:\/\/agora.xtec.cat\/escpinyaderosa\/wp-json\/wp\/v2\/users\/1"}],"replies":[{"embeddable":true,"href":"https:\/\/agora.xtec.cat\/escpinyaderosa\/wp-json\/wp\/v2\/comments?post=30"}],"version-history":[{"count":6,"href":"https:\/\/agora.xtec.cat\/escpinyaderosa\/wp-json\/wp\/v2\/pages\/30\/revisions"}],"predecessor-version":[{"id":2611,"href":"https:\/\/agora.xtec.cat\/escpinyaderosa\/wp-json\/wp\/v2\/pages\/30\/revisions\/2611"}],"up":[{"embeddable":true,"href":"https:\/\/agora.xtec.cat\/escpinyaderosa\/wp-json\/wp\/v2\/pages\/22"}],"wp:attachment":[{"href":"https:\/\/agora.xtec.cat\/escpinyaderosa\/wp-json\/wp\/v2\/media?parent=30"}],"curies":[{"name":"wp","href":"https:\/\/api.w.org\/{rel}","templated":true}]}}