{"id":28,"date":"2014-09-18T12:29:35","date_gmt":"2014-09-18T11:29:35","guid":{"rendered":"http:\/\/agora.xtec.cat\/escpinyaderosa\/?page_id=28"},"modified":"2025-01-31T09:22:32","modified_gmt":"2025-01-31T08:22:32","slug":"consell-escolar","status":"publish","type":"page","link":"https:\/\/agora.xtec.cat\/escpinyaderosa\/lescola\/consell-escolar\/","title":{"rendered":"Consell escolar"},"content":{"rendered":"<div id=\"Main_Block_Section_Faqs2\">\n<h5 class=\"Main_title\">Qu\u00e8 \u00e9s el Consell Escolar del Centre?<\/h5>\n<div class=\"BloqFaq\">\n<p>\u00c9s l&#8217;\u00f2rgan de govern del centre educatiu, ja sigui de prim\u00e0ria o secund\u00e0ria. Est\u00e0 compost per representants del personal docent, del personal d&#8217;administraci\u00f3 i serveis, dels pares i mares, de l&#8217;associaci\u00f3 de pares i mares, dels alumnes i un representant de l&#8217;Ajuntament. Els representants surten elegits per votaci\u00f3.<\/p>\n<p>Les seves funcions s\u00f3n entre altres:<\/p>\n<ul>\n<li>Aprovar el pressupost del centre, fer-ne el seguiment i aprovar-ne la liquidaci\u00f3.<\/li>\n<li>Aprovar el reglament de r\u00e8gim intern del centre.<\/li>\n<li>Promoure la conservaci\u00f3 i renovaci\u00f3 de les instal\u00b7lacions i material escolar.<\/li>\n<li>Analitzar i valorar el funcionament general del centre, l&#8217;evoluci\u00f3 del rendiment escolar.<\/li>\n<li>Elaborar un informe que s&#8217;inclou en la mem\u00f2ria anual.<\/li>\n<\/ul>\n<\/div>\n<h5 class=\"Main_title\">Acords consell el Consell Escolar &#8211; Curs 2024-25<\/h5>\n<div><\/div>\n<div><\/div>\n<div><strong>Acta 1 \u2013 Realitzada el dimecres 6 de novembre del 2024<\/strong><\/div>\n<p>Acords:<\/p>\n<p>Aprovaci\u00f3\u00a0del llibre d\u2019actes del curs 23-24.<br \/>\nAprovaci\u00f3 mem\u00f2ria curs 23-24.<br \/>\nAprovaci\u00f3\u00a0PGA 24-25.<br \/>\nAprovaci\u00f3 pla de funcionament menjador 24-25.<br \/>\nAprovaci\u00f3\u00a0del projecte ling\u00fc\u00edstic, apartat aula acollida.<br \/>\nAprovaci\u00f3 NOFC, apartat mesures atenci\u00f3 a la diversitat.<br \/>\nAprovaci\u00f3\u00a0\u00a0NOFC, apartat pr\u00e0ctiques restauratives.<\/p>\n<\/div>\n<div><\/div>\n<div id=\"Main_Block_Section_Faqs2\">\n<div><strong>Acta 2 \u2013 Realitzada el dijous\u00a030 de gener del 2025<\/strong><\/div>\n<p>Acords:<\/p>\n<p>Tancament exercici econ\u00f2mic 2024.<br \/>\nPressupost exercici econ\u00f2mic 2025.<\/p>\n<\/div>\n","protected":false},"excerpt":{"rendered":"<p>Qu\u00e8 \u00e9s el Consell Escolar del Centre?<\/p>\n<p>\u00c9s l&#8217;\u00f2rgan de govern del centre educatiu, ja sigui de prim\u00e0ria o secund\u00e0ria. Est\u00e0 compost per representants del personal docent, del personal d&#8217;administraci\u00f3 i serveis, dels pares i mares, de l&#8217;associaci\u00f3 de pares i mares, dels alumnes i un&hellip;  <a href=\"https:\/\/agora.xtec.cat\/escpinyaderosa\/lescola\/consell-escolar\/\" title=\"Read Consell escolar\">Llegeix m\u00e9s\u00bb<\/a><\/p>\n","protected":false},"author":1,"featured_media":0,"parent":22,"menu_order":30,"comment_status":"closed","ping_status":"closed","template":"page-templates\/side-menu.php","meta":{"_bbp_topic_count":0,"_bbp_reply_count":0,"_bbp_total_topic_count":0,"_bbp_total_reply_count":0,"_bbp_voice_count":0,"_bbp_anonymous_reply_count":0,"_bbp_topic_count_hidden":0,"_bbp_reply_count_hidden":0,"_bbp_forum_subforum_count":0,"footnotes":""},"class_list":["post-28","page","type-page","status-publish","hentry"],"post_mailing_queue_ids":[],"_links":{"self":[{"href":"https:\/\/agora.xtec.cat\/escpinyaderosa\/wp-json\/wp\/v2\/pages\/28","targetHints":{"allow":["GET"]}}],"collection":[{"href":"https:\/\/agora.xtec.cat\/escpinyaderosa\/wp-json\/wp\/v2\/pages"}],"about":[{"href":"https:\/\/agora.xtec.cat\/escpinyaderosa\/wp-json\/wp\/v2\/types\/page"}],"author":[{"embeddable":true,"href":"https:\/\/agora.xtec.cat\/escpinyaderosa\/wp-json\/wp\/v2\/users\/1"}],"replies":[{"embeddable":true,"href":"https:\/\/agora.xtec.cat\/escpinyaderosa\/wp-json\/wp\/v2\/comments?post=28"}],"version-history":[{"count":6,"href":"https:\/\/agora.xtec.cat\/escpinyaderosa\/wp-json\/wp\/v2\/pages\/28\/revisions"}],"predecessor-version":[{"id":2488,"href":"https:\/\/agora.xtec.cat\/escpinyaderosa\/wp-json\/wp\/v2\/pages\/28\/revisions\/2488"}],"up":[{"embeddable":true,"href":"https:\/\/agora.xtec.cat\/escpinyaderosa\/wp-json\/wp\/v2\/pages\/22"}],"wp:attachment":[{"href":"https:\/\/agora.xtec.cat\/escpinyaderosa\/wp-json\/wp\/v2\/media?parent=28"}],"curies":[{"name":"wp","href":"https:\/\/api.w.org\/{rel}","templated":true}]}}