{"id":1401,"date":"2021-01-21T11:34:42","date_gmt":"2021-01-21T10:34:42","guid":{"rendered":"https:\/\/agora.xtec.cat\/escpinyaderosa\/?page_id=1401"},"modified":"2022-12-14T13:35:49","modified_gmt":"2022-12-14T12:35:49","slug":"infopinya","status":"publish","type":"page","link":"https:\/\/agora.xtec.cat\/escpinyaderosa\/projectes\/infopinya\/","title":{"rendered":"Info Pinya"},"content":{"rendered":"<p><span style=\"color: #0000ff;\"><strong>INFO PINYA<\/strong><\/span><\/p>\n<p style=\"text-align: left;\">Des del passat curs 2021-22, els nens i nenes de cicle superior de l&#8217;escola Pinya de Rosa ha encetat un petit projecte de r\u00e0dio que t\u00e9 per objectiu compartir amb la resta dels companys, petits podcasts de r\u00e0dio amb diferents informacions i not\u00edcies que els propis alumnes han redactat, preparat i gravat.<\/p>\n<p>En aquest espai us anirem compartint els diferents enlla\u00e7os a les not\u00edcies, per tal que tamb\u00e9 en pogueu gaudir. Nom\u00e9s heu de clicar en les icones.<\/p>\n<p>Esperem que ho trobeu tan interessant com nosaltres!<\/p>\n<p><em><strong>Curs 2022-23<\/strong><\/em><\/p>\n<p><strong>\u00a0 \u00a0 \u00a01\u00a0 \u00a0 \u00a0 \u00a0 \u00a0 \u00a0 2\u00a0 \u00a0 \u00a0 \u00a0 \u00a0 \u00a0 3\u00a0 \u00a0 \u00a0 \u00a0 \u00a0 \u00a0<\/strong><\/p>\n<p><a href=\"https:\/\/drive.google.com\/file\/d\/1MhzhpU1GJkT1mmpnEfV-CVJoPE2tBmqS\/view?usp=sharing\"><img loading=\"lazy\" decoding=\"async\" class=\" wp-image-1915\" src=\"https:\/\/agora.xtec.cat\/escpinyaderosa\/wp-content\/uploads\/usu1928\/2022\/12\/info-pinya.jpg\" alt=\"\" width=\"57\" height=\"57\" srcset=\"https:\/\/agora.xtec.cat\/escpinyaderosa\/wp-content\/uploads\/usu1928\/2022\/12\/info-pinya.jpg 225w, https:\/\/agora.xtec.cat\/escpinyaderosa\/wp-content\/uploads\/usu1928\/2022\/12\/info-pinya-150x150.jpg 150w\" sizes=\"auto, (max-width: 57px) 100vw, 57px\" \/><\/a> <a href=\"https:\/\/drive.google.com\/file\/d\/1qTRKODVl-LiJb5zy7xfPQKmCfLm7xf8g\/view?usp=sharing\"><img loading=\"lazy\" decoding=\"async\" class=\" wp-image-1915\" src=\"https:\/\/agora.xtec.cat\/escpinyaderosa\/wp-content\/uploads\/usu1928\/2022\/12\/info-pinya.jpg\" alt=\"\" width=\"57\" height=\"57\" srcset=\"https:\/\/agora.xtec.cat\/escpinyaderosa\/wp-content\/uploads\/usu1928\/2022\/12\/info-pinya.jpg 225w, https:\/\/agora.xtec.cat\/escpinyaderosa\/wp-content\/uploads\/usu1928\/2022\/12\/info-pinya-150x150.jpg 150w\" sizes=\"auto, (max-width: 57px) 100vw, 57px\" \/><\/a> <a href=\"https:\/\/drive.google.com\/file\/d\/12FG8jtjZXOcH2-S-vQW-jdghOS5d8XNH\/view?usp=sharing\"><img loading=\"lazy\" decoding=\"async\" class=\" wp-image-1915\" src=\"https:\/\/agora.xtec.cat\/escpinyaderosa\/wp-content\/uploads\/usu1928\/2022\/12\/info-pinya.jpg\" alt=\"\" width=\"57\" height=\"57\" srcset=\"https:\/\/agora.xtec.cat\/escpinyaderosa\/wp-content\/uploads\/usu1928\/2022\/12\/info-pinya.jpg 225w, https:\/\/agora.xtec.cat\/escpinyaderosa\/wp-content\/uploads\/usu1928\/2022\/12\/info-pinya-150x150.jpg 150w\" sizes=\"auto, (max-width: 57px) 100vw, 57px\" \/><\/a><\/p>\n<p><em><strong>Curs 2021-22<\/strong><\/em><\/p>\n<p><strong>\u00a0 \u00a0 \u00a01\u00a0 \u00a0 \u00a0 \u00a0 \u00a0 \u00a02\u00a0 \u00a0 \u00a0 \u00a0 \u00a0 \u00a0 \u00a03\u00a0 \u00a0 \u00a0 \u00a0 \u00a0 \u00a04\u00a0 \u00a0 \u00a0 \u00a0 \u00a0 \u00a0 5\u00a0 \u00a0 \u00a0 \u00a0 \u00a0 \u00a0 \u00a06\u00a0 \u00a0 \u00a0 \u00a0 \u00a0 \u00a0 7\u00a0 \u00a0 \u00a0 \u00a0 \u00a0 \u00a08\u00a0 \u00a0 \u00a0 \u00a0 \u00a0 \u00a0 9\u00a0 \u00a0 \u00a0 \u00a0 \u00a0 10\u00a0 \u00a0 \u00a0 \u00a0 \u00a0 11\u00a0 \u00a0 \u00a0 \u00a0 \u00a0 12\u00a0 \u00a0 \u00a0 \u00a0 \u00a0 13\u00a0 \u00a0 \u00a0 \u00a0 \u00a0 14\u00a0 \u00a0 \u00a0 \u00a0 \u00a0 15\u00a0 \u00a0 \u00a0 \u00a0 \u00a016\u00a0 \u00a0 \u00a0 \u00a0 \u00a0 17\u00a0 \u00a0 \u00a0 \u00a0 \u00a0\u00a0<\/strong><\/p>\n<p><a href=\"https:\/\/drive.google.com\/file\/d\/12q2WRKwDMSL8RHG-V2EfP6LCCku4QS3R\/view?usp=sharing\"><img loading=\"lazy\" decoding=\"async\" class=\" wp-image-1915\" src=\"https:\/\/agora.xtec.cat\/escpinyaderosa\/wp-content\/uploads\/usu1928\/2022\/12\/info-pinya.jpg\" alt=\"\" width=\"57\" height=\"57\" srcset=\"https:\/\/agora.xtec.cat\/escpinyaderosa\/wp-content\/uploads\/usu1928\/2022\/12\/info-pinya.jpg 225w, https:\/\/agora.xtec.cat\/escpinyaderosa\/wp-content\/uploads\/usu1928\/2022\/12\/info-pinya-150x150.jpg 150w\" sizes=\"auto, (max-width: 57px) 100vw, 57px\" \/><\/a> <a href=\"https:\/\/drive.google.com\/file\/d\/1KsswfPiEPIaJqWYLFo0IB9HCDz4NDv8t\/view?usp=sharing\"><img loading=\"lazy\" decoding=\"async\" class=\" wp-image-1915\" src=\"https:\/\/agora.xtec.cat\/escpinyaderosa\/wp-content\/uploads\/usu1928\/2022\/12\/info-pinya.jpg\" alt=\"\" width=\"57\" height=\"57\" srcset=\"https:\/\/agora.xtec.cat\/escpinyaderosa\/wp-content\/uploads\/usu1928\/2022\/12\/info-pinya.jpg 225w, https:\/\/agora.xtec.cat\/escpinyaderosa\/wp-content\/uploads\/usu1928\/2022\/12\/info-pinya-150x150.jpg 150w\" sizes=\"auto, (max-width: 57px) 100vw, 57px\" \/><\/a> <a href=\"https:\/\/drive.google.com\/file\/d\/10MjGGUyK93QBYmkBri7LfoDHKjbjGw9l\/view?usp=sharing\"><img loading=\"lazy\" decoding=\"async\" class=\" wp-image-1915\" src=\"https:\/\/agora.xtec.cat\/escpinyaderosa\/wp-content\/uploads\/usu1928\/2022\/12\/info-pinya.jpg\" alt=\"\" width=\"57\" height=\"57\" srcset=\"https:\/\/agora.xtec.cat\/escpinyaderosa\/wp-content\/uploads\/usu1928\/2022\/12\/info-pinya.jpg 225w, https:\/\/agora.xtec.cat\/escpinyaderosa\/wp-content\/uploads\/usu1928\/2022\/12\/info-pinya-150x150.jpg 150w\" sizes=\"auto, (max-width: 57px) 100vw, 57px\" \/><\/a> <a href=\"https:\/\/drive.google.com\/file\/d\/1joKw5EzX_ZYDsNBa79fFPEliv7js8uox\/view?usp=sharing\"><img loading=\"lazy\" decoding=\"async\" class=\" wp-image-1915\" src=\"https:\/\/agora.xtec.cat\/escpinyaderosa\/wp-content\/uploads\/usu1928\/2022\/12\/info-pinya.jpg\" alt=\"\" width=\"57\" height=\"57\" srcset=\"https:\/\/agora.xtec.cat\/escpinyaderosa\/wp-content\/uploads\/usu1928\/2022\/12\/info-pinya.jpg 225w, https:\/\/agora.xtec.cat\/escpinyaderosa\/wp-content\/uploads\/usu1928\/2022\/12\/info-pinya-150x150.jpg 150w\" sizes=\"auto, (max-width: 57px) 100vw, 57px\" \/><\/a> <a href=\"https:\/\/drive.google.com\/file\/d\/1tE18ZqdEE9dM31ZfN1_wNfPoZ4ALSbQi\/view?usp=sharing\"><img loading=\"lazy\" decoding=\"async\" class=\" wp-image-1915\" src=\"https:\/\/agora.xtec.cat\/escpinyaderosa\/wp-content\/uploads\/usu1928\/2022\/12\/info-pinya.jpg\" alt=\"\" width=\"57\" height=\"57\" srcset=\"https:\/\/agora.xtec.cat\/escpinyaderosa\/wp-content\/uploads\/usu1928\/2022\/12\/info-pinya.jpg 225w, https:\/\/agora.xtec.cat\/escpinyaderosa\/wp-content\/uploads\/usu1928\/2022\/12\/info-pinya-150x150.jpg 150w\" sizes=\"auto, (max-width: 57px) 100vw, 57px\" \/><\/a> <a href=\"https:\/\/drive.google.com\/file\/d\/1UJgvOO7oh8_BCgql3s6VbsFonpBF2TQq\/view?usp=sharing\"><img loading=\"lazy\" decoding=\"async\" class=\" wp-image-1915\" src=\"https:\/\/agora.xtec.cat\/escpinyaderosa\/wp-content\/uploads\/usu1928\/2022\/12\/info-pinya.jpg\" alt=\"\" width=\"57\" height=\"57\" srcset=\"https:\/\/agora.xtec.cat\/escpinyaderosa\/wp-content\/uploads\/usu1928\/2022\/12\/info-pinya.jpg 225w, https:\/\/agora.xtec.cat\/escpinyaderosa\/wp-content\/uploads\/usu1928\/2022\/12\/info-pinya-150x150.jpg 150w\" sizes=\"auto, (max-width: 57px) 100vw, 57px\" \/><\/a> <a href=\"https:\/\/drive.google.com\/file\/d\/118ys1veP0jO5K1Lq_LKU453XEbc7i1nn\/view?usp=sharing\"><img loading=\"lazy\" decoding=\"async\" class=\" wp-image-1915\" src=\"https:\/\/agora.xtec.cat\/escpinyaderosa\/wp-content\/uploads\/usu1928\/2022\/12\/info-pinya.jpg\" alt=\"\" width=\"57\" height=\"57\" srcset=\"https:\/\/agora.xtec.cat\/escpinyaderosa\/wp-content\/uploads\/usu1928\/2022\/12\/info-pinya.jpg 225w, https:\/\/agora.xtec.cat\/escpinyaderosa\/wp-content\/uploads\/usu1928\/2022\/12\/info-pinya-150x150.jpg 150w\" sizes=\"auto, (max-width: 57px) 100vw, 57px\" \/><\/a> <a href=\"https:\/\/drive.google.com\/file\/d\/1QBoPveyIXB5Vh-ihhDuUETaH-hcvKvJj\/view?usp=sharing\"><img loading=\"lazy\" decoding=\"async\" class=\" wp-image-1915\" src=\"https:\/\/agora.xtec.cat\/escpinyaderosa\/wp-content\/uploads\/usu1928\/2022\/12\/info-pinya.jpg\" alt=\"\" width=\"57\" height=\"57\" srcset=\"https:\/\/agora.xtec.cat\/escpinyaderosa\/wp-content\/uploads\/usu1928\/2022\/12\/info-pinya.jpg 225w, https:\/\/agora.xtec.cat\/escpinyaderosa\/wp-content\/uploads\/usu1928\/2022\/12\/info-pinya-150x150.jpg 150w\" sizes=\"auto, (max-width: 57px) 100vw, 57px\" \/><\/a> <a href=\"https:\/\/drive.google.com\/file\/d\/1jFyfxRnZJIBVDVeOPnfDEIMsMbL6R5yI\/view?usp=sharing\"><img loading=\"lazy\" decoding=\"async\" class=\" wp-image-1915\" src=\"https:\/\/agora.xtec.cat\/escpinyaderosa\/wp-content\/uploads\/usu1928\/2022\/12\/info-pinya.jpg\" alt=\"\" width=\"57\" height=\"57\" srcset=\"https:\/\/agora.xtec.cat\/escpinyaderosa\/wp-content\/uploads\/usu1928\/2022\/12\/info-pinya.jpg 225w, https:\/\/agora.xtec.cat\/escpinyaderosa\/wp-content\/uploads\/usu1928\/2022\/12\/info-pinya-150x150.jpg 150w\" sizes=\"auto, (max-width: 57px) 100vw, 57px\" \/><\/a> <a href=\"https:\/\/drive.google.com\/file\/d\/1dbgQepgAA5vosy2cMnzvvjajGP5OpZYo\/view?usp=sharing\"><img loading=\"lazy\" decoding=\"async\" class=\" wp-image-1915\" src=\"https:\/\/agora.xtec.cat\/escpinyaderosa\/wp-content\/uploads\/usu1928\/2022\/12\/info-pinya.jpg\" alt=\"\" width=\"57\" height=\"57\" srcset=\"https:\/\/agora.xtec.cat\/escpinyaderosa\/wp-content\/uploads\/usu1928\/2022\/12\/info-pinya.jpg 225w, https:\/\/agora.xtec.cat\/escpinyaderosa\/wp-content\/uploads\/usu1928\/2022\/12\/info-pinya-150x150.jpg 150w\" sizes=\"auto, (max-width: 57px) 100vw, 57px\" \/><\/a> <a href=\"https:\/\/drive.google.com\/file\/d\/1TDlEF_TpUrBRWIJcXcrnZAy1HPwk3SHN\/view?usp=sharing\"><img loading=\"lazy\" decoding=\"async\" class=\" wp-image-1915\" src=\"https:\/\/agora.xtec.cat\/escpinyaderosa\/wp-content\/uploads\/usu1928\/2022\/12\/info-pinya.jpg\" alt=\"\" width=\"57\" height=\"57\" srcset=\"https:\/\/agora.xtec.cat\/escpinyaderosa\/wp-content\/uploads\/usu1928\/2022\/12\/info-pinya.jpg 225w, https:\/\/agora.xtec.cat\/escpinyaderosa\/wp-content\/uploads\/usu1928\/2022\/12\/info-pinya-150x150.jpg 150w\" sizes=\"auto, (max-width: 57px) 100vw, 57px\" \/><\/a> <a href=\"https:\/\/drive.google.com\/file\/d\/1UYVZBAB-m9coaKoVfl3owoH0hyh1Mgso\/view?usp=sharing\"><img loading=\"lazy\" decoding=\"async\" class=\" wp-image-1915\" src=\"https:\/\/agora.xtec.cat\/escpinyaderosa\/wp-content\/uploads\/usu1928\/2022\/12\/info-pinya.jpg\" alt=\"\" width=\"57\" height=\"57\" srcset=\"https:\/\/agora.xtec.cat\/escpinyaderosa\/wp-content\/uploads\/usu1928\/2022\/12\/info-pinya.jpg 225w, https:\/\/agora.xtec.cat\/escpinyaderosa\/wp-content\/uploads\/usu1928\/2022\/12\/info-pinya-150x150.jpg 150w\" sizes=\"auto, (max-width: 57px) 100vw, 57px\" \/><\/a> <a href=\"https:\/\/drive.google.com\/file\/d\/1Bmp2beut8Olusqk2cSNUwLsVqh9tb5pm\/view?usp=sharing\"><img loading=\"lazy\" decoding=\"async\" class=\" wp-image-1915\" src=\"https:\/\/agora.xtec.cat\/escpinyaderosa\/wp-content\/uploads\/usu1928\/2022\/12\/info-pinya.jpg\" alt=\"\" width=\"57\" height=\"57\" srcset=\"https:\/\/agora.xtec.cat\/escpinyaderosa\/wp-content\/uploads\/usu1928\/2022\/12\/info-pinya.jpg 225w, https:\/\/agora.xtec.cat\/escpinyaderosa\/wp-content\/uploads\/usu1928\/2022\/12\/info-pinya-150x150.jpg 150w\" sizes=\"auto, (max-width: 57px) 100vw, 57px\" \/><\/a> <a href=\"https:\/\/drive.google.com\/file\/d\/1HA1R0keVzpqDHSIptsMtgpTYUnBv-0xa\/view?usp=sharing\"><img loading=\"lazy\" decoding=\"async\" class=\" wp-image-1915\" src=\"https:\/\/agora.xtec.cat\/escpinyaderosa\/wp-content\/uploads\/usu1928\/2022\/12\/info-pinya.jpg\" alt=\"\" width=\"57\" height=\"57\" srcset=\"https:\/\/agora.xtec.cat\/escpinyaderosa\/wp-content\/uploads\/usu1928\/2022\/12\/info-pinya.jpg 225w, https:\/\/agora.xtec.cat\/escpinyaderosa\/wp-content\/uploads\/usu1928\/2022\/12\/info-pinya-150x150.jpg 150w\" sizes=\"auto, (max-width: 57px) 100vw, 57px\" \/><\/a> <a href=\"https:\/\/drive.google.com\/file\/d\/1HUrmxvRQIy3zMVg2qUYEWuscK1GngMOu\/view?usp=sharing\"><img loading=\"lazy\" decoding=\"async\" class=\" wp-image-1915\" src=\"https:\/\/agora.xtec.cat\/escpinyaderosa\/wp-content\/uploads\/usu1928\/2022\/12\/info-pinya.jpg\" alt=\"\" width=\"57\" height=\"57\" srcset=\"https:\/\/agora.xtec.cat\/escpinyaderosa\/wp-content\/uploads\/usu1928\/2022\/12\/info-pinya.jpg 225w, https:\/\/agora.xtec.cat\/escpinyaderosa\/wp-content\/uploads\/usu1928\/2022\/12\/info-pinya-150x150.jpg 150w\" sizes=\"auto, (max-width: 57px) 100vw, 57px\" \/><\/a> <a href=\"https:\/\/drive.google.com\/file\/d\/1rfKBuEX0iJ5b1ud-Gpmbi4uUuQDCnhe8\/view?usp=sharing\"><img loading=\"lazy\" decoding=\"async\" class=\" wp-image-1915\" src=\"https:\/\/agora.xtec.cat\/escpinyaderosa\/wp-content\/uploads\/usu1928\/2022\/12\/info-pinya.jpg\" alt=\"\" width=\"57\" height=\"57\" srcset=\"https:\/\/agora.xtec.cat\/escpinyaderosa\/wp-content\/uploads\/usu1928\/2022\/12\/info-pinya.jpg 225w, https:\/\/agora.xtec.cat\/escpinyaderosa\/wp-content\/uploads\/usu1928\/2022\/12\/info-pinya-150x150.jpg 150w\" sizes=\"auto, (max-width: 57px) 100vw, 57px\" \/><\/a> <a href=\"https:\/\/drive.google.com\/file\/d\/18IFDYYwSepRS6AWiZfJTvLeuF4AQwU8G\/view?usp=sharing\"><img loading=\"lazy\" decoding=\"async\" class=\" wp-image-1915\" src=\"https:\/\/agora.xtec.cat\/escpinyaderosa\/wp-content\/uploads\/usu1928\/2022\/12\/info-pinya.jpg\" alt=\"\" width=\"57\" height=\"57\" srcset=\"https:\/\/agora.xtec.cat\/escpinyaderosa\/wp-content\/uploads\/usu1928\/2022\/12\/info-pinya.jpg 225w, https:\/\/agora.xtec.cat\/escpinyaderosa\/wp-content\/uploads\/usu1928\/2022\/12\/info-pinya-150x150.jpg 150w\" sizes=\"auto, (max-width: 57px) 100vw, 57px\" \/><\/a><\/p>\n<p><strong>\u00a0 \u00a0 18\u00a0 \u00a0 \u00a0 \u00a0 \u00a0 19\u00a0 \u00a0 \u00a0 \u00a0 \u00a0 20<\/strong><\/p>\n<p><a href=\"https:\/\/drive.google.com\/file\/d\/1TkkkfF4TPVWV2pQ8Tk2EWbg43M6qFbkY\/view?usp=sharing\"><img loading=\"lazy\" decoding=\"async\" class=\" wp-image-1915\" src=\"https:\/\/agora.xtec.cat\/escpinyaderosa\/wp-content\/uploads\/usu1928\/2022\/12\/info-pinya.jpg\" alt=\"\" width=\"57\" height=\"57\" srcset=\"https:\/\/agora.xtec.cat\/escpinyaderosa\/wp-content\/uploads\/usu1928\/2022\/12\/info-pinya.jpg 225w, https:\/\/agora.xtec.cat\/escpinyaderosa\/wp-content\/uploads\/usu1928\/2022\/12\/info-pinya-150x150.jpg 150w\" sizes=\"auto, (max-width: 57px) 100vw, 57px\" \/><\/a> <a href=\"https:\/\/drive.google.com\/file\/d\/12FX2LsAqwnlPCGDDenvK99JfScB6qSiw\/view?usp=sharing\"><img loading=\"lazy\" decoding=\"async\" class=\" wp-image-1915\" src=\"https:\/\/agora.xtec.cat\/escpinyaderosa\/wp-content\/uploads\/usu1928\/2022\/12\/info-pinya.jpg\" alt=\"\" width=\"57\" height=\"57\" srcset=\"https:\/\/agora.xtec.cat\/escpinyaderosa\/wp-content\/uploads\/usu1928\/2022\/12\/info-pinya.jpg 225w, https:\/\/agora.xtec.cat\/escpinyaderosa\/wp-content\/uploads\/usu1928\/2022\/12\/info-pinya-150x150.jpg 150w\" sizes=\"auto, (max-width: 57px) 100vw, 57px\" \/><\/a> <a href=\"https:\/\/drive.google.com\/file\/d\/10tBjVzUjC32vuomZPlno3RtyENdTfYW6\/view?usp=sharing\"><img loading=\"lazy\" decoding=\"async\" class=\" wp-image-1915\" src=\"https:\/\/agora.xtec.cat\/escpinyaderosa\/wp-content\/uploads\/usu1928\/2022\/12\/info-pinya.jpg\" alt=\"\" width=\"57\" height=\"57\" srcset=\"https:\/\/agora.xtec.cat\/escpinyaderosa\/wp-content\/uploads\/usu1928\/2022\/12\/info-pinya.jpg 225w, https:\/\/agora.xtec.cat\/escpinyaderosa\/wp-content\/uploads\/usu1928\/2022\/12\/info-pinya-150x150.jpg 150w\" sizes=\"auto, (max-width: 57px) 100vw, 57px\" \/><\/a><\/p>\n<p>&nbsp;<\/p>\n","protected":false},"excerpt":{"rendered":"<p>INFO PINYA<br \/>\nDes del passat curs 2021-22, els nens i nenes de cicle superior de l&#8217;escola Pinya de Rosa ha encetat un petit projecte de r\u00e0dio que t\u00e9 per objectiu compartir amb la resta dels companys, petits podcasts de r\u00e0dio amb diferents informacions i not\u00edcies que&hellip;  <a href=\"https:\/\/agora.xtec.cat\/escpinyaderosa\/projectes\/infopinya\/\" title=\"Read Info Pinya\">Llegeix m\u00e9s\u00bb<\/a><\/p>\n","protected":false},"author":1,"featured_media":0,"parent":574,"menu_order":0,"comment_status":"closed","ping_status":"closed","template":"","meta":{"_bbp_topic_count":0,"_bbp_reply_count":0,"_bbp_total_topic_count":0,"_bbp_total_reply_count":0,"_bbp_voice_count":0,"_bbp_anonymous_reply_count":0,"_bbp_topic_count_hidden":0,"_bbp_reply_count_hidden":0,"_bbp_forum_subforum_count":0,"footnotes":""},"class_list":["post-1401","page","type-page","status-publish","hentry"],"post_mailing_queue_ids":[],"_links":{"self":[{"href":"https:\/\/agora.xtec.cat\/escpinyaderosa\/wp-json\/wp\/v2\/pages\/1401","targetHints":{"allow":["GET"]}}],"collection":[{"href":"https:\/\/agora.xtec.cat\/escpinyaderosa\/wp-json\/wp\/v2\/pages"}],"about":[{"href":"https:\/\/agora.xtec.cat\/escpinyaderosa\/wp-json\/wp\/v2\/types\/page"}],"author":[{"embeddable":true,"href":"https:\/\/agora.xtec.cat\/escpinyaderosa\/wp-json\/wp\/v2\/users\/1"}],"replies":[{"embeddable":true,"href":"https:\/\/agora.xtec.cat\/escpinyaderosa\/wp-json\/wp\/v2\/comments?post=1401"}],"version-history":[{"count":3,"href":"https:\/\/agora.xtec.cat\/escpinyaderosa\/wp-json\/wp\/v2\/pages\/1401\/revisions"}],"predecessor-version":[{"id":1934,"href":"https:\/\/agora.xtec.cat\/escpinyaderosa\/wp-json\/wp\/v2\/pages\/1401\/revisions\/1934"}],"up":[{"embeddable":true,"href":"https:\/\/agora.xtec.cat\/escpinyaderosa\/wp-json\/wp\/v2\/pages\/574"}],"wp:attachment":[{"href":"https:\/\/agora.xtec.cat\/escpinyaderosa\/wp-json\/wp\/v2\/media?parent=1401"}],"curies":[{"name":"wp","href":"https:\/\/api.w.org\/{rel}","templated":true}]}}