{"id":751,"date":"2018-11-08T18:39:24","date_gmt":"2018-11-08T17:39:24","guid":{"rendered":"https:\/\/agora.xtec.cat\/escpfangles\/?page_id=751"},"modified":"2018-11-09T10:33:45","modified_gmt":"2018-11-09T09:33:45","slug":"atencio-medica","status":"publish","type":"page","link":"https:\/\/agora.xtec.cat\/escpfangles\/escola\/atencio-medica\/","title":{"rendered":"Atenci\u00f3 m\u00e8dica"},"content":{"rendered":"<p><strong><span style=\"color: #000000; font-family: Arial, Helvetica, sans-serif; font-size: small;\">ATENCI\u00d3 M\u00c8DICA:<\/span><\/strong><\/p>\n<p><span style=\"color: #000000; font-family: Arial, Helvetica, sans-serif; font-size: small;\">Aprofitem aquesta circular d\u2019inici de curs per recordar les actuacions en q\u00fcestions m\u00e8diques que vam acordar realitzar conjuntament les escoles de la zona amb el coordinador m\u00e8dic del CAP d\u2019Angl\u00e8s el mes d\u2019octubre del 2003.<\/span><\/p>\n<p><span style=\"color: #000000; font-family: Arial, Helvetica, sans-serif; font-size: small;\">&#8211; <b>ALUMNES QUE REQUEREIXIN ATENCI\u00d3 M\u00c8DICA<\/b><\/span><\/p>\n<p><span style=\"color: #000000; font-family: Arial, Helvetica, sans-serif; font-size: small;\">&#8211; Quan a l\u2019escola es produeix una situaci\u00f3 que requereix atenci\u00f3 m\u00e8dica immediata, els mestres o monitors de menjador ens posem en contacte directament amb el metge del CAP, i el metge decideix les actuacions a realitzar.<\/span><\/p>\n<p><span style=\"color: #000000; font-family: Arial, Helvetica, sans-serif; font-size: small;\">&#8211; Quan es produeix una situaci\u00f3 que requereix atenci\u00f3 m\u00e8dica, per\u00f2 que pot esperar un temps raonable, truquem a la fam\u00edlia perqu\u00e8 se\u2019n facin c\u00e0rrec. Si els pares no es localitzen i es considera que no es pot esperar a l\u2019hora de sortida d\u2019escola per atendre l\u2019alumne, els mestres o monitors portem el nen\/a al CAP perqu\u00e8 sigui at\u00e8s.<\/span><\/p>\n<p><span style=\"color: #000000; font-family: Arial, Helvetica, sans-serif; font-size: small;\">&#8211; <b>ADMINISTRACI\u00d3 DE MEDICAMENTS<\/b><\/span><\/p>\n<p><span style=\"color: #000000; font-family: Arial, Helvetica, sans-serif; font-size: small;\">&#8211; Quan el nen\/a hagi de prendre un medicament, els pares intentaran que les horesde prendre\u2019l no coincideixin amb l\u2019horari escolar. En cas de que sigui imprescindible que el mestre o monitor doni el medicament a l\u2019escola, cal portar la recepta m\u00e8dica i una autoritzaci\u00f3 escrita dels pares (en cas de necessitar-ne m\u00e9s es poden demanar al despatx d\u2019administraci\u00f3 de l\u2019escola o al despatx de l\u2019AMPA).Sense aquests dos documents, els mestres i monitors no estem autoritzats a administrar cap medicament.<\/span><\/p>\n","protected":false},"excerpt":{"rendered":"<p>ATENCI\u00d3 M\u00c8DICA: Aprofitem aquesta circular d\u2019inici de curs per recordar les actuacions en q\u00fcestions m\u00e8diques que vam acordar realitzar conjuntament les escoles de la zona amb el coordinador m\u00e8dic del CAP d\u2019Angl\u00e8s el mes d\u2019octubre del 2003. &#8211; ALUMNES QUE REQUEREIXIN ATENCI\u00d3 M\u00c8DICA &#8211; Quan a l\u2019escola es produeix una situaci\u00f3 que requereix atenci\u00f3 m\u00e8dica [&hellip;]<\/p>\n","protected":false},"author":1,"featured_media":0,"parent":473,"menu_order":0,"comment_status":"closed","ping_status":"closed","template":"page-templates\/side-menu.php","meta":{"_bbp_topic_count":0,"_bbp_reply_count":0,"_bbp_total_topic_count":0,"_bbp_total_reply_count":0,"_bbp_voice_count":0,"_bbp_anonymous_reply_count":0,"_bbp_topic_count_hidden":0,"_bbp_reply_count_hidden":0,"_bbp_forum_subforum_count":0,"site-sidebar-layout":"default","site-content-layout":"","ast-site-content-layout":"","site-content-style":"default","site-sidebar-style":"default","ast-global-header-display":"","ast-banner-title-visibility":"","ast-main-header-display":"","ast-hfb-above-header-display":"","ast-hfb-below-header-display":"","ast-hfb-mobile-header-display":"","site-post-title":"","ast-breadcrumbs-content":"","ast-featured-img":"","footer-sml-layout":"","theme-transparent-header-meta":"","adv-header-id-meta":"","stick-header-meta":"","header-above-stick-meta":"","header-main-stick-meta":"","header-below-stick-meta":"","astra-migrate-meta-layouts":"default","ast-page-background-enabled":"default","ast-page-background-meta":{"desktop":{"background-color":"var(--ast-global-color-4)","background-image":"","background-repeat":"repeat","background-position":"center center","background-size":"auto","background-attachment":"scroll","background-type":"","background-media":"","overlay-type":"","overlay-color":"","overlay-opacity":"","overlay-gradient":""},"tablet":{"background-color":"","background-image":"","background-repeat":"repeat","background-position":"center center","background-size":"auto","background-attachment":"scroll","background-type":"","background-media":"","overlay-type":"","overlay-color":"","overlay-opacity":"","overlay-gradient":""},"mobile":{"background-color":"","background-image":"","background-repeat":"repeat","background-position":"center center","background-size":"auto","background-attachment":"scroll","background-type":"","background-media":"","overlay-type":"","overlay-color":"","overlay-opacity":"","overlay-gradient":""}},"ast-content-background-meta":{"desktop":{"background-color":"var(--ast-global-color-5)","background-image":"","background-repeat":"repeat","background-position":"center center","background-size":"auto","background-attachment":"scroll","background-type":"","background-media":"","overlay-type":"","overlay-color":"","overlay-opacity":"","overlay-gradient":""},"tablet":{"background-color":"var(--ast-global-color-5)","background-image":"","background-repeat":"repeat","background-position":"center center","background-size":"auto","background-attachment":"scroll","background-type":"","background-media":"","overlay-type":"","overlay-color":"","overlay-opacity":"","overlay-gradient":""},"mobile":{"background-color":"var(--ast-global-color-5)","background-image":"","background-repeat":"repeat","background-position":"center center","background-size":"auto","background-attachment":"scroll","background-type":"","background-media":"","overlay-type":"","overlay-color":"","overlay-opacity":"","overlay-gradient":""}},"footnotes":""},"class_list":["post-751","page","type-page","status-publish","hentry"],"post_mailing_queue_ids":[],"_links":{"self":[{"href":"https:\/\/agora.xtec.cat\/escpfangles\/wp-json\/wp\/v2\/pages\/751","targetHints":{"allow":["GET"]}}],"collection":[{"href":"https:\/\/agora.xtec.cat\/escpfangles\/wp-json\/wp\/v2\/pages"}],"about":[{"href":"https:\/\/agora.xtec.cat\/escpfangles\/wp-json\/wp\/v2\/types\/page"}],"author":[{"embeddable":true,"href":"https:\/\/agora.xtec.cat\/escpfangles\/wp-json\/wp\/v2\/users\/1"}],"replies":[{"embeddable":true,"href":"https:\/\/agora.xtec.cat\/escpfangles\/wp-json\/wp\/v2\/comments?post=751"}],"version-history":[{"count":3,"href":"https:\/\/agora.xtec.cat\/escpfangles\/wp-json\/wp\/v2\/pages\/751\/revisions"}],"predecessor-version":[{"id":755,"href":"https:\/\/agora.xtec.cat\/escpfangles\/wp-json\/wp\/v2\/pages\/751\/revisions\/755"}],"up":[{"embeddable":true,"href":"https:\/\/agora.xtec.cat\/escpfangles\/wp-json\/wp\/v2\/pages\/473"}],"wp:attachment":[{"href":"https:\/\/agora.xtec.cat\/escpfangles\/wp-json\/wp\/v2\/media?parent=751"}],"curies":[{"name":"wp","href":"https:\/\/api.w.org\/{rel}","templated":true}]}}