{"id":628,"date":"2018-11-07T10:52:27","date_gmt":"2018-11-07T09:52:27","guid":{"rendered":"https:\/\/agora.xtec.cat\/escpfangles\/?page_id=628"},"modified":"2024-12-05T15:32:40","modified_gmt":"2024-12-05T14:32:40","slug":"recomenacions-de-lectura","status":"publish","type":"page","link":"https:\/\/agora.xtec.cat\/escpfangles\/biblioteca\/recomenacions-de-lectura\/","title":{"rendered":"Recomanacions de lectura"},"content":{"rendered":"<p><span style=\"font-size: medium;\">Si sou pares, aqu\u00ed trobareu recomanacions per als vostres fills. Si sou alumnes sabreu qu\u00e8 podeu demanar als pares.<\/span><\/p>\n<p><a href=\"https:\/\/edu365.cat\/primaria\/catala\/lectures\/index.html\" target=\"_blank\" rel=\"noopener\"><img loading=\"lazy\" decoding=\"async\" class=\"aligncenter size-full wp-image-5457\" src=\"https:\/\/agora.xtec.cat\/escpfangles\/wp-content\/uploads\/usu1937\/2024\/02\/lect.jpg\" alt=\"\" width=\"851\" height=\"502\" srcset=\"https:\/\/agora.xtec.cat\/escpfangles\/wp-content\/uploads\/usu1937\/2024\/02\/lect.jpg 851w, https:\/\/agora.xtec.cat\/escpfangles\/wp-content\/uploads\/usu1937\/2024\/02\/lect-300x177.jpg 300w, https:\/\/agora.xtec.cat\/escpfangles\/wp-content\/uploads\/usu1937\/2024\/02\/lect-768x453.jpg 768w\" sizes=\"auto, (max-width: 851px) 100vw, 851px\" \/><\/a><\/p>\n<h2><\/h2>\n<table style=\"height: 1834px;\" border=\"0\" width=\"100%\">\n<tbody>\n<tr>\n<td style=\"background-color: #f7e9e9;\">\n<h1><span style=\"color: #ff0000;\"><strong>ALTRES RECOMANACIONS<\/strong><\/span><\/h1>\n<p><span style=\"font-size: large; color: #ff0000;\"><b>\u00a0<\/b><\/span><\/td>\n<\/tr>\n<tr style=\"height: 207px;\">\n<td style=\"height: 207px;\"><span style=\"font-size: large; color: #ff0000;\"><b>Contes fins a 6 anys<\/b><\/span><br \/>\nBrowne, Anthony<b> Mira qu\u00e8 tinc!.<\/b><br \/>\nHoms, N\u00faria <b>La limusina.<\/b><br \/>\nLenain, Thierry <b>Ja s\u00f3c gran, mare!.<\/b><br \/>\nMart\u00ed, Meritxell <b>L&#8217;illa de les 160 difer\u00e8ncies.<\/b><br \/>\nStead, Philip Christian <b>Un d\u00eda diferente para el se\u00f1or Amos.<\/b><br \/>\nTaylor, Sean<b> La campeona mundial de mantenerse despierta<\/b>.<br \/>\nAnna, Cros<b> Mal de queixal<\/b><br \/>\nASENSIO, ALBERT. <b>A la sabana<\/b>. Barcelona: Joventut, 2011.<br \/>\nFARR\u00c9, LLU\u00cdS.<b> Pors, manies i vergonyes.<\/b> Barcelona: Bamb\u00fa, 2011.<br \/>\nMEN\u00c9NDEZ, BEATRIZ.<b> El Meu primer llibre de la Castanyada.<\/b> Barcelona:Estrella Polar, 2011.<br \/>\nMICHL, REINHARD.<b> A veces me gustar\u00eda ser Max. <\/b>[Santa Marta deTormes]: L\u00f3guez, DL 2011.<\/td>\n<\/tr>\n<tr style=\"height: 33px;\">\n<td style=\"height: 33px;\"><\/td>\n<\/tr>\n<tr style=\"height: 33px;\">\n<td style=\"height: 33px;\"><\/td>\n<\/tr>\n<tr style=\"height: 160px;\">\n<td style=\"height: 160px;\"><span style=\"color: #ffcc00;\"><b><span style=\"font-size: large;\">Contes de 7 a 10 anys<\/span><\/b><\/span><br \/>\nNesquens, Daniel <b>Marcos Mostaza cinco.<\/b><br \/>\nTusquets, Esther <b>La conejita Marcela.<\/b><br \/>\nWendy Harmer, <b>La Perla y la reina Esmeralda <\/b><br \/>\nGRIMM, JACOB : GRIMM, WILHELM. <b>Blancanieves<\/b>. Zaragoza: Edelvives, cop. 2011.<br \/>\nL\u00d3PEZ MADRID, JOSEP MARIA. <b>La Laura i en Joan al servei d&#8217;una gran fi<\/b><br \/>\nVila i Vila, Joan. <b>Cleta, un regal del mar.<\/b><br \/>\nMrzielinska, Aleksandra.<b> \u00bfQu\u00e9 ser\u00e1 de t\u00ed?<\/b><br \/>\nSilei, Fabrizio.<b> El autob\u00fas de Rosa.<\/b><\/td>\n<\/tr>\n<tr style=\"height: 33px;\">\n<td style=\"height: 33px;\"><\/td>\n<\/tr>\n<tr style=\"height: 33px;\">\n<td style=\"height: 33px;\"><\/td>\n<\/tr>\n<tr style=\"height: 144px;\">\n<td style=\"height: 144px;\"><span style=\"font-size: medium; color: #ffcc00;\"><b>Contes d\u201911 a 13 anys<\/b><\/span><br \/>\nCarb\u00f3, Joaquim <b>Un dia de la vida d&#8217;en Felip Marlot.<\/b><br \/>\nDerting, Kimberly .<b> EL JURAMENT.<\/b> Barcelona : La Galera, 2011 .<br \/>\nBar\u00f3, Santi .<b> LA GRAN O<\/b>. Barcelona : Cru\u00eflla, 2011 .<br \/>\nGuix, Gerard . <b>EL PRODIGI<\/b>. Barcelona : Estrella Polar, 2011 .<br \/>\nBLANCO LASERNA, DAVID.<b> Juliette y los cien mil fantasmas.<\/b><br \/>\nLacombe, Benjamin. <b>L\u2019herbari de les fades.<\/b><br \/>\nBardeli, Marlies.<b> Timur el pregunt\u00f3n.<\/b><\/td>\n<\/tr>\n<tr style=\"height: 33px;\">\n<td style=\"height: 33px;\"><\/td>\n<\/tr>\n<tr style=\"height: 33px;\">\n<td style=\"height: 33px;\"><\/td>\n<\/tr>\n<tr style=\"height: 65px;\">\n<td style=\"height: 65px;\"><span style=\"font-size: medium; color: #ffcc00;\"><b>C\u00f2mics<\/b><\/span><br \/>\nBendis, Brian Michael<b> Takio.<\/b><br \/>\nGoscinny, Ren\u00e9 <b>Ast\u00e8rix el Gal.<\/b><\/td>\n<\/tr>\n<tr style=\"height: 113px;\">\n<td style=\"height: 113px;\">&nbsp;<\/p>\n<p><span style=\"font-size: x-large; color: #3366ff;\"><b>M\u00c9S RECOMANACIONS<\/b><\/span><\/td>\n<\/tr>\n<tr style=\"height: 947px;\">\n<td style=\"height: 947px;\"><span style=\"color: #3366ff;\"><b>Educaci\u00f3 Infantil.<\/b><\/span><br \/>\nEl peix irisat. <i>Ed. Beascoa.<\/i><br \/>\nL\u2019Elmer. <i>Ed. Beascoa.<\/i><br \/>\nEl peix irisat viatja al fons de loce\u00e0. <i>Ed. Beascoa<\/i>.<br \/>\nL\u2019ovelleta que va venir a sopar. <i>Ed. Beascoa.<\/i><br \/>\nEls meus avis.<br \/>\nEl globus blau.<br \/>\nLa mona de Pasqua. <i>Ed. Galera.<\/i><br \/>\nEl caganer. <i>Ed. Galera.<\/i><br \/>\nSt. Jordi i el drac. <i>Ed. Galera.<\/i><br \/>\nA pas de pallasso. <i>Ed. Galera<\/i>.<br \/>\nEl circ. <i>Ed. Galera<\/i>.<b>Cicle Inicial.<\/b><br \/>\nSopa de nit. <i>La Magrana.<\/i><br \/>\nEl titella de roba. <i>Michael Ende.<\/i><br \/>\nEl gos entremeliat. Cru\u00eflla.<br \/>\nEl nen nou i diferent. Cru\u00eflla.<br \/>\nEls tr\u00e0fecs d\u2019en T\u00f2fol, el p\u00e8sol i la faveta Lil\u00f3s. Cru\u00eflla.<br \/>\nEn Quim Badall. Cru\u00eflla.<br \/>\nLa nit del lloro. Cru\u00eflla.<br \/>\nLa rosa, la roca i el llop. Cru\u00eflla.<br \/>\nLa sargantana Juliana. Cru\u00eflla.<br \/>\nL\u2019elefant fa llum. Cru\u00eflla.<br \/>\nL\u2019Oriol i el ratol\u00ed P\u00e9rez.<br \/>\nL\u2019\u00f3s amic. Cru\u00eflla.<\/p>\n<p><span style=\"color: #3366ff;\"><b>Cicle Mitj\u00e0.<\/b><\/span><br \/>\nEl pa\u00eds de las pulgas.<br \/>\nEl cavaller pepino. Oqo.<br \/>\nOus durs. <i>Oqo<\/i><br \/>\nEl bevedor de tinta. <i>Baula.<\/i><br \/>\nNasredd\u00edn. Baula.<br \/>\nEls ratoloins de la senyora Marlowe. <i>Joventut.<\/i><br \/>\nEl desig de la Ruby. <i>Serres.<\/i><br \/>\nLa casa del misteri.<i> Combel.<\/i><br \/>\nOttolina i la Gata Groga. Cru\u00eflla.<br \/>\nEl pr\u00edncep dels Embolics. <i>Baula.<\/i><br \/>\nRaspall. Mars.<br \/>\nDues rodones id\u00e8ntiques?. <i>Sd.Edicions.<\/i><br \/>\nWangari i els arbres de la pau. Una hist\u00f2ria real de l\u2019\u00c0frica. Ekar\u00e9.<br \/>\nL\u2019Atz\u00far m\u00e0gic de l\u2019enigma.<\/p>\n<p><span style=\"color: #3366ff;\"><strong>Cicle Superior.<\/strong><\/span><br \/>\nSalva\u2019t Elies. <i>Ed. Kalandra.<\/i><br \/>\nL\u2019her\u00e8ncia. Cru\u00eflla<br \/>\nLila i el secret dels focs. <i>Bromera.<\/i><br \/>\nEl cas misteri\u00f3s del Dr. Jekyll i Mr. Hyde. <i>Ed. Galera<\/i>.<br \/>\nGuernica. <i>Ed. Kalandra.<\/i><br \/>\nSherlock Holmes i el cas de la joia blava. <i>Ed. Lumen.<\/i><br \/>\nVet aqu\u00ed un p\u00e8l. <i>Publicacions de l\u2019Abadia de Montserrrat.<\/i><br \/>\nLa invenci\u00f3 de l\u2019Hugo Cabret. Cru\u00eflla.<br \/>\nL\u2019enemic. <i>Takatuka.<\/i><br \/>\nEls animals tornen. Cru\u00eflla.<br \/>\nCyrano. <i>Baula.<\/i><br \/>\nLa tribu de Camelot. La Carlota i el misteri del canari robat. Emp\u00faries.<br \/>\nEls brons a les fondales tenebroses.<\/td>\n<\/tr>\n<\/tbody>\n<\/table>\n","protected":false},"excerpt":{"rendered":"<p>Si sou pares, aqu\u00ed trobareu recomanacions per als vostres fills. Si sou alumnes sabreu qu\u00e8 podeu demanar als pares. ALTRES RECOMANACIONS \u00a0 Contes fins a 6 anys Browne, Anthony Mira qu\u00e8 tinc!. Homs, N\u00faria La limusina. Lenain, Thierry Ja s\u00f3c gran, mare!. Mart\u00ed, Meritxell L&#8217;illa de les 160 difer\u00e8ncies. Stead, Philip Christian Un d\u00eda diferente [&hellip;]<\/p>\n","protected":false},"author":1,"featured_media":0,"parent":499,"menu_order":0,"comment_status":"closed","ping_status":"closed","template":"page-templates\/side-menu.php","meta":{"_bbp_topic_count":0,"_bbp_reply_count":0,"_bbp_total_topic_count":0,"_bbp_total_reply_count":0,"_bbp_voice_count":0,"_bbp_anonymous_reply_count":0,"_bbp_topic_count_hidden":0,"_bbp_reply_count_hidden":0,"_bbp_forum_subforum_count":0,"site-sidebar-layout":"default","site-content-layout":"","ast-site-content-layout":"","site-content-style":"default","site-sidebar-style":"default","ast-global-header-display":"","ast-banner-title-visibility":"","ast-main-header-display":"","ast-hfb-above-header-display":"","ast-hfb-below-header-display":"","ast-hfb-mobile-header-display":"","site-post-title":"","ast-breadcrumbs-content":"","ast-featured-img":"","footer-sml-layout":"","theme-transparent-header-meta":"","adv-header-id-meta":"","stick-header-meta":"","header-above-stick-meta":"","header-main-stick-meta":"","header-below-stick-meta":"","astra-migrate-meta-layouts":"default","ast-page-background-enabled":"default","ast-page-background-meta":{"desktop":{"background-color":"var(--ast-global-color-4)","background-image":"","background-repeat":"repeat","background-position":"center center","background-size":"auto","background-attachment":"scroll","background-type":"","background-media":"","overlay-type":"","overlay-color":"","overlay-opacity":"","overlay-gradient":""},"tablet":{"background-color":"","background-image":"","background-repeat":"repeat","background-position":"center center","background-size":"auto","background-attachment":"scroll","background-type":"","background-media":"","overlay-type":"","overlay-color":"","overlay-opacity":"","overlay-gradient":""},"mobile":{"background-color":"","background-image":"","background-repeat":"repeat","background-position":"center center","background-size":"auto","background-attachment":"scroll","background-type":"","background-media":"","overlay-type":"","overlay-color":"","overlay-opacity":"","overlay-gradient":""}},"ast-content-background-meta":{"desktop":{"background-color":"var(--ast-global-color-5)","background-image":"","background-repeat":"repeat","background-position":"center center","background-size":"auto","background-attachment":"scroll","background-type":"","background-media":"","overlay-type":"","overlay-color":"","overlay-opacity":"","overlay-gradient":""},"tablet":{"background-color":"var(--ast-global-color-5)","background-image":"","background-repeat":"repeat","background-position":"center center","background-size":"auto","background-attachment":"scroll","background-type":"","background-media":"","overlay-type":"","overlay-color":"","overlay-opacity":"","overlay-gradient":""},"mobile":{"background-color":"var(--ast-global-color-5)","background-image":"","background-repeat":"repeat","background-position":"center center","background-size":"auto","background-attachment":"scroll","background-type":"","background-media":"","overlay-type":"","overlay-color":"","overlay-opacity":"","overlay-gradient":""}},"footnotes":""},"class_list":["post-628","page","type-page","status-publish","hentry"],"post_mailing_queue_ids":[],"_links":{"self":[{"href":"https:\/\/agora.xtec.cat\/escpfangles\/wp-json\/wp\/v2\/pages\/628","targetHints":{"allow":["GET"]}}],"collection":[{"href":"https:\/\/agora.xtec.cat\/escpfangles\/wp-json\/wp\/v2\/pages"}],"about":[{"href":"https:\/\/agora.xtec.cat\/escpfangles\/wp-json\/wp\/v2\/types\/page"}],"author":[{"embeddable":true,"href":"https:\/\/agora.xtec.cat\/escpfangles\/wp-json\/wp\/v2\/users\/1"}],"replies":[{"embeddable":true,"href":"https:\/\/agora.xtec.cat\/escpfangles\/wp-json\/wp\/v2\/comments?post=628"}],"version-history":[{"count":6,"href":"https:\/\/agora.xtec.cat\/escpfangles\/wp-json\/wp\/v2\/pages\/628\/revisions"}],"predecessor-version":[{"id":5872,"href":"https:\/\/agora.xtec.cat\/escpfangles\/wp-json\/wp\/v2\/pages\/628\/revisions\/5872"}],"up":[{"embeddable":true,"href":"https:\/\/agora.xtec.cat\/escpfangles\/wp-json\/wp\/v2\/pages\/499"}],"wp:attachment":[{"href":"https:\/\/agora.xtec.cat\/escpfangles\/wp-json\/wp\/v2\/media?parent=628"}],"curies":[{"name":"wp","href":"https:\/\/api.w.org\/{rel}","templated":true}]}}