{"id":6176,"date":"2025-09-30T10:18:12","date_gmt":"2025-09-30T08:18:12","guid":{"rendered":"https:\/\/agora.xtec.cat\/escpfangles\/?page_id=6176"},"modified":"2025-10-20T12:21:20","modified_gmt":"2025-10-20T10:21:20","slug":"formacio-digital-basica-per-a-les-families","status":"publish","type":"page","link":"https:\/\/agora.xtec.cat\/escpfangles\/formacio-digital-basica-per-a-les-families\/","title":{"rendered":"Formaci\u00f3 digital b\u00e0sica per a les fam\u00edlies"},"content":{"rendered":"<h2><span style=\"color: #99ccff;\">GUIA PER ACOMPANYAR LES FAM\u00cdLIES:<\/span> <strong><span style=\"color: #3366ff;\">MENYS PANTALLA, M\u00c9S VIDA!<\/span> <span style=\"color: #ff0000;\"><a style=\"color: #ff0000;\" href=\"https:\/\/agora.xtec.cat\/escpfangles\/wp-content\/uploads\/usu1937\/2025\/10\/guia-families.pdf\"><span style=\"color: #ff6600;\">Veure<\/span> <span style=\"color: #ff6600;\">la guia en<\/span> <span style=\"color: #ff6600;\">pdf AQU\u00cd<\/span><\/a><\/span><\/strong><\/h2>\n<p>&nbsp;<\/p>\n<p>Aquests 3 v\u00eddeos cobreixen els <strong>conceptes b\u00e0sics<\/strong> que pot necessitar una fam\u00edlia per accedir a la informaci\u00f3 del centre a trav\u00e9s del web del centre i com fer un acompanyament i seguiment de les tasques des de l\u2019entorn virtual d\u2019aprenentatge.<\/p>\n<p><iframe loading=\"lazy\" title=\"Comunicaci\u00f3 Escola i Fam\u00edlia\" src=\"https:\/\/agora.xtec.cat\/nodes\/wp-admin\/admin-ajax.php?action=h5p_embed&amp;id=2\" width=\"558\" height=\"355\" frameborder=\"0\" allowfullscreen=\"allowfullscreen\"><\/iframe><script src=\"https:\/\/agora.xtec.cat\/nodes\/wp-content\/plugins\/h5p\/h5p-php-library\/js\/h5p-resizer.js\" charset=\"UTF-8\"><\/script><\/p>\n","protected":false},"excerpt":{"rendered":"<p>GUIA PER ACOMPANYAR LES FAM\u00cdLIES: MENYS PANTALLA, M\u00c9S VIDA! Veure la guia en pdf AQU\u00cd &nbsp; Aquests 3 v\u00eddeos cobreixen els conceptes b\u00e0sics que pot necessitar una fam\u00edlia per accedir a la informaci\u00f3 del centre a trav\u00e9s del web del centre i com fer un acompanyament i seguiment de les tasques des de l\u2019entorn virtual [&hellip;]<\/p>\n","protected":false},"author":1,"featured_media":0,"parent":0,"menu_order":0,"comment_status":"closed","ping_status":"closed","template":"","meta":{"_bbp_topic_count":0,"_bbp_reply_count":0,"_bbp_total_topic_count":0,"_bbp_total_reply_count":0,"_bbp_voice_count":0,"_bbp_anonymous_reply_count":0,"_bbp_topic_count_hidden":0,"_bbp_reply_count_hidden":0,"_bbp_forum_subforum_count":0,"site-sidebar-layout":"default","site-content-layout":"","ast-site-content-layout":"","site-content-style":"default","site-sidebar-style":"default","ast-global-header-display":"","ast-banner-title-visibility":"","ast-main-header-display":"","ast-hfb-above-header-display":"","ast-hfb-below-header-display":"","ast-hfb-mobile-header-display":"","site-post-title":"","ast-breadcrumbs-content":"","ast-featured-img":"","footer-sml-layout":"","theme-transparent-header-meta":"","adv-header-id-meta":"","stick-header-meta":"","header-above-stick-meta":"","header-main-stick-meta":"","header-below-stick-meta":"","astra-migrate-meta-layouts":"default","ast-page-background-enabled":"default","ast-page-background-meta":{"desktop":{"background-color":"var(--ast-global-color-4)","background-image":"","background-repeat":"repeat","background-position":"center center","background-size":"auto","background-attachment":"scroll","background-type":"","background-media":"","overlay-type":"","overlay-color":"","overlay-opacity":"","overlay-gradient":""},"tablet":{"background-color":"","background-image":"","background-repeat":"repeat","background-position":"center center","background-size":"auto","background-attachment":"scroll","background-type":"","background-media":"","overlay-type":"","overlay-color":"","overlay-opacity":"","overlay-gradient":""},"mobile":{"background-color":"","background-image":"","background-repeat":"repeat","background-position":"center center","background-size":"auto","background-attachment":"scroll","background-type":"","background-media":"","overlay-type":"","overlay-color":"","overlay-opacity":"","overlay-gradient":""}},"ast-content-background-meta":{"desktop":{"background-color":"var(--ast-global-color-5)","background-image":"","background-repeat":"repeat","background-position":"center center","background-size":"auto","background-attachment":"scroll","background-type":"","background-media":"","overlay-type":"","overlay-color":"","overlay-opacity":"","overlay-gradient":""},"tablet":{"background-color":"var(--ast-global-color-5)","background-image":"","background-repeat":"repeat","background-position":"center center","background-size":"auto","background-attachment":"scroll","background-type":"","background-media":"","overlay-type":"","overlay-color":"","overlay-opacity":"","overlay-gradient":""},"mobile":{"background-color":"var(--ast-global-color-5)","background-image":"","background-repeat":"repeat","background-position":"center center","background-size":"auto","background-attachment":"scroll","background-type":"","background-media":"","overlay-type":"","overlay-color":"","overlay-opacity":"","overlay-gradient":""}},"footnotes":""},"class_list":["post-6176","page","type-page","status-publish","hentry"],"post_mailing_queue_ids":[],"_links":{"self":[{"href":"https:\/\/agora.xtec.cat\/escpfangles\/wp-json\/wp\/v2\/pages\/6176","targetHints":{"allow":["GET"]}}],"collection":[{"href":"https:\/\/agora.xtec.cat\/escpfangles\/wp-json\/wp\/v2\/pages"}],"about":[{"href":"https:\/\/agora.xtec.cat\/escpfangles\/wp-json\/wp\/v2\/types\/page"}],"author":[{"embeddable":true,"href":"https:\/\/agora.xtec.cat\/escpfangles\/wp-json\/wp\/v2\/users\/1"}],"replies":[{"embeddable":true,"href":"https:\/\/agora.xtec.cat\/escpfangles\/wp-json\/wp\/v2\/comments?post=6176"}],"version-history":[{"count":6,"href":"https:\/\/agora.xtec.cat\/escpfangles\/wp-json\/wp\/v2\/pages\/6176\/revisions"}],"predecessor-version":[{"id":6217,"href":"https:\/\/agora.xtec.cat\/escpfangles\/wp-json\/wp\/v2\/pages\/6176\/revisions\/6217"}],"wp:attachment":[{"href":"https:\/\/agora.xtec.cat\/escpfangles\/wp-json\/wp\/v2\/media?parent=6176"}],"curies":[{"name":"wp","href":"https:\/\/api.w.org\/{rel}","templated":true}]}}