{"id":511,"date":"2018-11-06T18:56:32","date_gmt":"2018-11-06T17:56:32","guid":{"rendered":"https:\/\/agora.xtec.cat\/escpfangles\/?page_id=511"},"modified":"2022-02-14T12:10:11","modified_gmt":"2022-02-14T11:10:11","slug":"matematica-manipulativa","status":"publish","type":"page","link":"https:\/\/agora.xtec.cat\/escpfangles\/projectes\/matematica-manipulativa\/","title":{"rendered":"Matem\u00e0tica manipulativa"},"content":{"rendered":"<h1 align=\"JUSTIFY\"><span style=\"color: #ff0000;\"><strong><span style=\"font-family: Century Gothic, sans-serif;\"><span style=\"font-size: large;\">PROJECTE DE MATEM\u00c0TICA MANIPULATIVA A EDUCACIO INFANTIL<\/span><\/span><\/strong><\/span><\/h1>\n<p align=\"JUSTIFY\"><span style=\"color: #000000;\"><span style=\"font-family: Century Gothic, sans-serif;\"><span style=\"font-size: small;\">\u00abLes matem\u00e0tiques manipulatives s\u00f3n una forma relaxada, motivadora i engrescadora d\u2019aprendre a l\u2019aula\u00bb<\/span><\/span><\/span><\/p>\n<p align=\"JUSTIFY\"><span style=\"color: #000000;\"><span style=\"font-family: Century Gothic, sans-serif;\"><span style=\"font-size: small;\">Els nens i nens d\u2019educaci\u00f3 infantil aprenem matem\u00e0tiques d\u2019una manera l\u00fadica i distesa, a partir de l\u2019observaci\u00f3, manipulaci\u00f3 i sessions de jocs matem\u00e0tics. A partir d\u2019aquest treball manipulatiu treballem la numeraci\u00f3, quantitat, l\u00f2gica, operacions, mesura, geometria, resoluci\u00f3 de problemes, etc. <\/span><\/span><\/span><\/p>\n<table>\n<tbody>\n<tr>\n<td><a href=\"https:\/\/agora.xtec.cat\/escpfangles\/wp-content\/uploads\/usu1937\/2019\/05\/20190320_152156-Copiar.jpg\"><img loading=\"lazy\" decoding=\"async\" class=\"aligncenter size-full wp-image-1408\" src=\"https:\/\/agora.xtec.cat\/escpfangles\/wp-content\/uploads\/usu1937\/2019\/05\/20190320_152156-Copiar.jpg\" alt=\"\" width=\"320\" height=\"180\" srcset=\"https:\/\/agora.xtec.cat\/escpfangles\/wp-content\/uploads\/usu1937\/2019\/05\/20190320_152156-Copiar.jpg 320w, https:\/\/agora.xtec.cat\/escpfangles\/wp-content\/uploads\/usu1937\/2019\/05\/20190320_152156-Copiar-300x169.jpg 300w\" sizes=\"auto, (max-width: 320px) 100vw, 320px\" \/><\/a><\/td>\n<td><a href=\"https:\/\/agora.xtec.cat\/escpfangles\/wp-content\/uploads\/usu1937\/2019\/05\/20181024_155458-Copiar.jpg\"><img loading=\"lazy\" decoding=\"async\" class=\"aligncenter size-full wp-image-1407\" src=\"https:\/\/agora.xtec.cat\/escpfangles\/wp-content\/uploads\/usu1937\/2019\/05\/20181024_155458-Copiar.jpg\" alt=\"\" width=\"267\" height=\"200\" srcset=\"https:\/\/agora.xtec.cat\/escpfangles\/wp-content\/uploads\/usu1937\/2019\/05\/20181024_155458-Copiar.jpg 267w, https:\/\/agora.xtec.cat\/escpfangles\/wp-content\/uploads\/usu1937\/2019\/05\/20181024_155458-Copiar-200x150.jpg 200w\" sizes=\"auto, (max-width: 267px) 100vw, 267px\" \/><\/a><\/td>\n<\/tr>\n<\/tbody>\n<\/table>\n<p align=\"JUSTIFY\"><span style=\"color: #000000;\"><span style=\"font-family: Century Gothic, sans-serif;\"><span style=\"font-size: small;\">Utilitzem material comercial i material no tant comercial, extret del m\u00f3n m\u00e9s proper als infants. Aquests materials no s\u2019utilitzen nom\u00e9s per realitzar una activitat concreta, si no que tenen un gran ventall de possibilitats de treball. Per exemple: les pedretes de colors poden ser utilitzades per fer seriacions, agrupacions, classificacions, activitats de relacionar numeraci\u00f3 i quantitat, c\u00e0lcul&#8230;&#8230;<\/span><\/span><\/span><\/p>\n<table style=\"width: 572px;\">\n<tbody>\n<tr>\n<td style=\"width: 286.333px;\"><a href=\"https:\/\/agora.xtec.cat\/escpfangles\/wp-content\/uploads\/usu1937\/2019\/05\/IMG_20180219_100615-Copy-Copiar.jpg\"><img loading=\"lazy\" decoding=\"async\" class=\"size-full wp-image-1412\" src=\"https:\/\/agora.xtec.cat\/escpfangles\/wp-content\/uploads\/usu1937\/2019\/05\/IMG_20180219_100615-Copy-Copiar.jpg\" alt=\"\" width=\"267\" height=\"200\" srcset=\"https:\/\/agora.xtec.cat\/escpfangles\/wp-content\/uploads\/usu1937\/2019\/05\/IMG_20180219_100615-Copy-Copiar.jpg 267w, https:\/\/agora.xtec.cat\/escpfangles\/wp-content\/uploads\/usu1937\/2019\/05\/IMG_20180219_100615-Copy-Copiar-200x150.jpg 200w\" sizes=\"auto, (max-width: 267px) 100vw, 267px\" \/><\/a><\/td>\n<td style=\"width: 286.333px;\"><a href=\"https:\/\/agora.xtec.cat\/escpfangles\/wp-content\/uploads\/usu1937\/2019\/05\/IMG_20180122_095849-Copy-Copy-Copiar.jpg\"><img loading=\"lazy\" decoding=\"async\" class=\"size-full wp-image-1411\" src=\"https:\/\/agora.xtec.cat\/escpfangles\/wp-content\/uploads\/usu1937\/2019\/05\/IMG_20180122_095849-Copy-Copy-Copiar.jpg\" alt=\"\" width=\"267\" height=\"200\" srcset=\"https:\/\/agora.xtec.cat\/escpfangles\/wp-content\/uploads\/usu1937\/2019\/05\/IMG_20180122_095849-Copy-Copy-Copiar.jpg 267w, https:\/\/agora.xtec.cat\/escpfangles\/wp-content\/uploads\/usu1937\/2019\/05\/IMG_20180122_095849-Copy-Copy-Copiar-200x150.jpg 200w\" sizes=\"auto, (max-width: 267px) 100vw, 267px\" \/><\/a><\/td>\n<\/tr>\n<\/tbody>\n<\/table>\n<p align=\"JUSTIFY\"><span style=\"color: #000000;\"><span style=\"font-family: Century Gothic, sans-serif;\"><span style=\"font-size: small;\">A partir del treball manipulatiu de les matem\u00e0tiques s\u2019aconsegueix que els alumnes s\u2019interessin pel que estan aprenent, que disfrutin aprenent i que els aprenentatges que facin siguin significatius. <\/span><\/span><\/span><\/p>\n<p align=\"JUSTIFY\"><span style=\"color: #000000;\"><span style=\"font-family: Century Gothic, sans-serif;\"><span style=\"font-size: small;\">Els nens i nenes d\u2019educaci\u00f3 infantil han d\u2019aprendre fent, observant, manipulant, experimentat i reflexionant, a partir de les seves pr\u00f2pies experi\u00e8ncies que s\u00f3n el que donen sentit al seu aprenentatge. Per aix\u00f2 l\u2019experimentaci\u00f3 i manipulaci\u00f3 amb objectes i materials han de ser la base de l\u2019activitat matem\u00e0tica.<\/span><\/span><\/span><\/p>\n<table style=\"width: 572px;\">\n<tbody>\n<tr>\n<td style=\"width: 282.083px;\"><a href=\"https:\/\/agora.xtec.cat\/escpfangles\/wp-content\/uploads\/usu1937\/2019\/05\/DSCN2606-800x600-Copiar.jpg\"><img loading=\"lazy\" decoding=\"async\" class=\"aligncenter size-full wp-image-1410\" src=\"https:\/\/agora.xtec.cat\/escpfangles\/wp-content\/uploads\/usu1937\/2019\/05\/DSCN2606-800x600-Copiar.jpg\" alt=\"\" width=\"267\" height=\"200\" srcset=\"https:\/\/agora.xtec.cat\/escpfangles\/wp-content\/uploads\/usu1937\/2019\/05\/DSCN2606-800x600-Copiar.jpg 267w, https:\/\/agora.xtec.cat\/escpfangles\/wp-content\/uploads\/usu1937\/2019\/05\/DSCN2606-800x600-Copiar-200x150.jpg 200w\" sizes=\"auto, (max-width: 267px) 100vw, 267px\" \/><\/a><\/td>\n<td style=\"width: 282.083px;\"><a href=\"https:\/\/agora.xtec.cat\/escpfangles\/wp-content\/uploads\/usu1937\/2019\/05\/DSCN2578-800x600-Copiar.jpg\"><img loading=\"lazy\" decoding=\"async\" class=\"aligncenter size-full wp-image-1409\" src=\"https:\/\/agora.xtec.cat\/escpfangles\/wp-content\/uploads\/usu1937\/2019\/05\/DSCN2578-800x600-Copiar.jpg\" alt=\"\" width=\"267\" height=\"200\" srcset=\"https:\/\/agora.xtec.cat\/escpfangles\/wp-content\/uploads\/usu1937\/2019\/05\/DSCN2578-800x600-Copiar.jpg 267w, https:\/\/agora.xtec.cat\/escpfangles\/wp-content\/uploads\/usu1937\/2019\/05\/DSCN2578-800x600-Copiar-200x150.jpg 200w\" sizes=\"auto, (max-width: 267px) 100vw, 267px\" \/><\/a><\/td>\n<\/tr>\n<\/tbody>\n<\/table>\n<p align=\"JUSTIFY\"><span style=\"color: #000000;\"><span style=\"font-family: Century Gothic, sans-serif;\"><span style=\"font-size: small;\">Les matem\u00e0tiques s\u2019han de viure i viure una cosa vol dir ser actiu, ser participatiu, fer-se pr\u00f2pia aquella cosa. En aquest sentit a l\u2019escola volem viure instants, aventures, experi\u00e8ncies&#8230;, i en aquest sentit tamb\u00e9 busquem fer possible que l\u2019acte educatiu matem\u00e0tic sigui viv\u00e8ncia.<\/span><\/span><\/span><\/p>\n<table>\n<tbody>\n<tr>\n<td><a href=\"https:\/\/agora.xtec.cat\/escpfangles\/wp-content\/uploads\/usu1937\/2019\/05\/mates-Copiar.jpg\"><img loading=\"lazy\" decoding=\"async\" class=\"aligncenter size-full wp-image-1413\" src=\"https:\/\/agora.xtec.cat\/escpfangles\/wp-content\/uploads\/usu1937\/2019\/05\/mates-Copiar.jpg\" alt=\"\" width=\"113\" height=\"200\" \/><\/a><\/td>\n<td><a href=\"https:\/\/agora.xtec.cat\/escpfangles\/wp-content\/uploads\/usu1937\/2019\/05\/20181024_154016-Copiar.jpg\"><img loading=\"lazy\" decoding=\"async\" class=\"aligncenter size-full wp-image-1406\" src=\"https:\/\/agora.xtec.cat\/escpfangles\/wp-content\/uploads\/usu1937\/2019\/05\/20181024_154016-Copiar.jpg\" alt=\"\" width=\"267\" height=\"200\" srcset=\"https:\/\/agora.xtec.cat\/escpfangles\/wp-content\/uploads\/usu1937\/2019\/05\/20181024_154016-Copiar.jpg 267w, https:\/\/agora.xtec.cat\/escpfangles\/wp-content\/uploads\/usu1937\/2019\/05\/20181024_154016-Copiar-200x150.jpg 200w\" sizes=\"auto, (max-width: 267px) 100vw, 267px\" \/><\/a><\/td>\n<\/tr>\n<\/tbody>\n<\/table>\n<p align=\"JUSTIFY\"><span style=\"color: #000000;\"><span style=\"font-family: Century Gothic, sans-serif;\"><span style=\"font-size: small;\">Viure la matem\u00e0tica vol dir veure els nombres al portal de cada casa, a les matr\u00edcules dels cotxes, mirar si un carrer \u00e9s mes curt que l\u2019altre, aprendre les diferents formes geom\u00e8triques amb les senyals dels carrers (l\u2019stop \u00e9s rod\u00f3, el cediu el pas \u00e9s triangular&#8230;), aprendre amb diferents activitats que es duguin a terme fora de l\u2019aula per tal que siguin m\u00e9s significatives i l\u00fadiques. <\/span><\/span><\/span><\/p>\n<h2><span style=\"color: #ff0000;\">PROJECTE DE MATEM\u00c0TIQUES A PRIM\u00c0RIA<\/span><\/h2>\n<p>Els alumnes aprenen matem\u00e0tiques quan s\u2019emocionen i descobreixen, quan tenen oportunitat de comprovar els seus resultats i buscar altres possibilitats, quan no tenen por d\u2019equivocar-se i aprenen dels seus errors, quan treballen en equip,&#8230;i sobretot quan saben comunicar i representar els seus raonaments.<\/p>\n<p>El <b>projecte de matem\u00e0tica manipulativa<\/b> pret\u00e9n donar resposta a aquestes necessitats dels nens i nenes i s\u2019estructura b\u00e0sicament en quatre grans eixos vertebradors:<\/p>\n<ul>\n<li aria-level=\"1\">Utilitzar<b> material manipulatiu<\/b> perqu\u00e8 puguin ser ells mateixos que visualitzin i descobreixin els conceptes i puguin fer petites investigacions de manera aut\u00f2noma.<\/li>\n<\/ul>\n<p>Els reglets, geoplans,numicons, miralls, geomosaics, blocs l\u00f2gics,&#8230; i molts<\/p>\n<p>altres materials els permeten tocar per entendre, fer i desfer sense por, construir de manera concreta els conceptes m\u00e9s abstractes, veure diferents maneres d\u2019arribar al resultat i gaudir mentre aprenen.<\/p>\n<p align=\"JUSTIFY\"><a href=\"https:\/\/agora.xtec.cat\/escpfangles\/wp-content\/uploads\/usu1937\/2022\/02\/mat1.jpg\"><img loading=\"lazy\" decoding=\"async\" class=\"aligncenter size-full wp-image-4037\" src=\"https:\/\/agora.xtec.cat\/escpfangles\/wp-content\/uploads\/usu1937\/2022\/02\/mat1.jpg\" alt=\"\" width=\"600\" height=\"387\" srcset=\"https:\/\/agora.xtec.cat\/escpfangles\/wp-content\/uploads\/usu1937\/2022\/02\/mat1.jpg 600w, https:\/\/agora.xtec.cat\/escpfangles\/wp-content\/uploads\/usu1937\/2022\/02\/mat1-300x194.jpg 300w\" sizes=\"auto, (max-width: 600px) 100vw, 600px\" \/><\/a><\/p>\n<ul>\n<li aria-level=\"1\"><b>Realitzar activitats riques<\/b>, de terra baix i sostre alt, on tots els alumnes hi puguin tenir pres\u00e8ncia,\u00a0 participar i que tots puguin progressar.<a href=\"https:\/\/agora.xtec.cat\/escpfangles\/wp-content\/uploads\/usu1937\/2022\/02\/mat3-1.jpg\"><img loading=\"lazy\" decoding=\"async\" class=\"aligncenter size-full wp-image-4043\" src=\"https:\/\/agora.xtec.cat\/escpfangles\/wp-content\/uploads\/usu1937\/2022\/02\/mat3-1.jpg\" alt=\"\" width=\"600\" height=\"233\" srcset=\"https:\/\/agora.xtec.cat\/escpfangles\/wp-content\/uploads\/usu1937\/2022\/02\/mat3-1.jpg 600w, https:\/\/agora.xtec.cat\/escpfangles\/wp-content\/uploads\/usu1937\/2022\/02\/mat3-1-300x117.jpg 300w\" sizes=\"auto, (max-width: 600px) 100vw, 600px\" \/><\/a><a href=\"https:\/\/agora.xtec.cat\/escpfangles\/wp-content\/uploads\/usu1937\/2022\/02\/mat2-1.jpg\"><img loading=\"lazy\" decoding=\"async\" class=\"aligncenter size-full wp-image-4042\" src=\"https:\/\/agora.xtec.cat\/escpfangles\/wp-content\/uploads\/usu1937\/2022\/02\/mat2-1.jpg\" alt=\"\" width=\"600\" height=\"240\" srcset=\"https:\/\/agora.xtec.cat\/escpfangles\/wp-content\/uploads\/usu1937\/2022\/02\/mat2-1.jpg 600w, https:\/\/agora.xtec.cat\/escpfangles\/wp-content\/uploads\/usu1937\/2022\/02\/mat2-1-300x120.jpg 300w\" sizes=\"auto, (max-width: 600px) 100vw, 600px\" \/><\/a><\/li>\n<\/ul>\n<ul>\n<li aria-level=\"1\">Donar m\u00e9s <b>import\u00e0ncia al c\u00e0lcul mental<\/b> que a les operacions escrites repetitives. Descobrir diferents maneres de fer una operaci\u00f3 els fa m\u00e9s competents per resoldre problemes, saber explicar qu\u00e8 han fet i fer connexions.<\/li>\n<\/ul>\n<p>En el blog de matem\u00e0tiques de l\u2019escola els mateixos alumnes us expliquen alguns dels nous algoritmes que han apr\u00e8s.<a href=\"https:\/\/agora.xtec.cat\/escpfangles\/wp-content\/uploads\/usu1937\/2022\/02\/mat4.jpg\"><img loading=\"lazy\" decoding=\"async\" class=\"aligncenter size-full wp-image-4045\" src=\"https:\/\/agora.xtec.cat\/escpfangles\/wp-content\/uploads\/usu1937\/2022\/02\/mat4.jpg\" alt=\"\" width=\"600\" height=\"231\" srcset=\"https:\/\/agora.xtec.cat\/escpfangles\/wp-content\/uploads\/usu1937\/2022\/02\/mat4.jpg 600w, https:\/\/agora.xtec.cat\/escpfangles\/wp-content\/uploads\/usu1937\/2022\/02\/mat4-300x116.jpg 300w\" sizes=\"auto, (max-width: 600px) 100vw, 600px\" \/><\/a><\/p>\n<ul>\n<li aria-level=\"1\">Realitzar <b>activitats vivencials <\/b>en les que descobreixin que les matem\u00e0tiques s\u00f3n \u00fatils, emocionants i que apareixen en gaireb\u00e9 totes les situacions de la vida quotidiana. Repartides en diferents cursos algunes de les activitats que es porten a terme s\u00f3n:<\/li>\n<\/ul>\n<ul>\n<li aria-level=\"2\"><b>Correu matem\u00e0tic:<\/b> intercanvi de missatges escrits amb llenguatge matem\u00e0tic per comunicar-nos amb nens d\u2019altres escoles.<a href=\"https:\/\/agora.xtec.cat\/escpfangles\/wp-content\/uploads\/usu1937\/2022\/02\/mat5.jpg\"><img loading=\"lazy\" decoding=\"async\" class=\"aligncenter size-full wp-image-4046\" src=\"https:\/\/agora.xtec.cat\/escpfangles\/wp-content\/uploads\/usu1937\/2022\/02\/mat5.jpg\" alt=\"\" width=\"600\" height=\"171\" srcset=\"https:\/\/agora.xtec.cat\/escpfangles\/wp-content\/uploads\/usu1937\/2022\/02\/mat5.jpg 600w, https:\/\/agora.xtec.cat\/escpfangles\/wp-content\/uploads\/usu1937\/2022\/02\/mat5-300x86.jpg 300w\" sizes=\"auto, (max-width: 600px) 100vw, 600px\" \/><\/a><\/li>\n<\/ul>\n<ul>\n<li aria-level=\"2\"><b>Fira matem\u00e0tica:<\/b> Jocs i activitats matem\u00e0tiques per descobrir o consolidar conceptes de manera l\u00fadica.<a href=\"https:\/\/agora.xtec.cat\/escpfangles\/wp-content\/uploads\/usu1937\/2022\/02\/mat6.jpg\"><img loading=\"lazy\" decoding=\"async\" class=\"aligncenter size-full wp-image-4047\" src=\"https:\/\/agora.xtec.cat\/escpfangles\/wp-content\/uploads\/usu1937\/2022\/02\/mat6.jpg\" alt=\"\" width=\"600\" height=\"161\" srcset=\"https:\/\/agora.xtec.cat\/escpfangles\/wp-content\/uploads\/usu1937\/2022\/02\/mat6.jpg 600w, https:\/\/agora.xtec.cat\/escpfangles\/wp-content\/uploads\/usu1937\/2022\/02\/mat6-300x81.jpg 300w\" sizes=\"auto, (max-width: 600px) 100vw, 600px\" \/><\/a><\/li>\n<\/ul>\n<ul>\n<li aria-level=\"2\"><b>Celebrar el dia PI <a href=\"https:\/\/agora.xtec.cat\/escpfangles\/wp-content\/uploads\/usu1937\/2022\/02\/mat7.jpg\"><img loading=\"lazy\" decoding=\"async\" class=\"aligncenter size-full wp-image-4048\" src=\"https:\/\/agora.xtec.cat\/escpfangles\/wp-content\/uploads\/usu1937\/2022\/02\/mat7.jpg\" alt=\"\" width=\"600\" height=\"220\" srcset=\"https:\/\/agora.xtec.cat\/escpfangles\/wp-content\/uploads\/usu1937\/2022\/02\/mat7.jpg 600w, https:\/\/agora.xtec.cat\/escpfangles\/wp-content\/uploads\/usu1937\/2022\/02\/mat7-300x110.jpg 300w\" sizes=\"auto, (max-width: 600px) 100vw, 600px\" \/><\/a><\/b><\/li>\n<\/ul>\n<ul>\n<li aria-level=\"2\"><b>La festa del 100<\/b> a Cicle Inicial per celebrar que ja som 100 dies m\u00e9s savis \u00e9s una bona manera per entendre la numeraci\u00f3<a href=\"https:\/\/agora.xtec.cat\/escpfangles\/wp-content\/uploads\/usu1937\/2022\/02\/mat8.jpg\"><img loading=\"lazy\" decoding=\"async\" class=\"aligncenter size-full wp-image-4049\" src=\"https:\/\/agora.xtec.cat\/escpfangles\/wp-content\/uploads\/usu1937\/2022\/02\/mat8.jpg\" alt=\"\" width=\"600\" height=\"265\" srcset=\"https:\/\/agora.xtec.cat\/escpfangles\/wp-content\/uploads\/usu1937\/2022\/02\/mat8.jpg 600w, https:\/\/agora.xtec.cat\/escpfangles\/wp-content\/uploads\/usu1937\/2022\/02\/mat8-300x133.jpg 300w\" sizes=\"auto, (max-width: 600px) 100vw, 600px\" \/><\/a><\/li>\n<\/ul>\n<ul>\n<li aria-level=\"2\"><b>Contes matem\u00e0tics<\/b><\/li>\n<\/ul>\n<ul>\n<li aria-level=\"2\">Participaci\u00f3 a concursos matem\u00e0tics com el <b>\u201cFem mates\u201d<\/b> o la fotografia matem\u00e0tica.<a href=\"https:\/\/agora.xtec.cat\/escpfangles\/wp-content\/uploads\/usu1937\/2022\/02\/mat9.jpg\"><img loading=\"lazy\" decoding=\"async\" class=\"aligncenter size-full wp-image-4050\" src=\"https:\/\/agora.xtec.cat\/escpfangles\/wp-content\/uploads\/usu1937\/2022\/02\/mat9.jpg\" alt=\"\" width=\"600\" height=\"176\" srcset=\"https:\/\/agora.xtec.cat\/escpfangles\/wp-content\/uploads\/usu1937\/2022\/02\/mat9.jpg 600w, https:\/\/agora.xtec.cat\/escpfangles\/wp-content\/uploads\/usu1937\/2022\/02\/mat9-300x88.jpg 300w\" sizes=\"auto, (max-width: 600px) 100vw, 600px\" \/><\/a><\/li>\n<\/ul>\n<p align=\"JUSTIFY\">\n","protected":false},"excerpt":{"rendered":"<p>PROJECTE DE MATEM\u00c0TICA MANIPULATIVA A EDUCACIO INFANTIL \u00abLes matem\u00e0tiques manipulatives s\u00f3n una forma relaxada, motivadora i engrescadora d\u2019aprendre a l\u2019aula\u00bb Els nens i nens d\u2019educaci\u00f3 infantil aprenem matem\u00e0tiques d\u2019una manera l\u00fadica i distesa, a partir de l\u2019observaci\u00f3, manipulaci\u00f3 i sessions de jocs matem\u00e0tics. A partir d\u2019aquest treball manipulatiu treballem la numeraci\u00f3, quantitat, l\u00f2gica, operacions, mesura, [&hellip;]<\/p>\n","protected":false},"author":1,"featured_media":0,"parent":505,"menu_order":0,"comment_status":"closed","ping_status":"closed","template":"page-templates\/side-menu.php","meta":{"_bbp_topic_count":0,"_bbp_reply_count":0,"_bbp_total_topic_count":0,"_bbp_total_reply_count":0,"_bbp_voice_count":0,"_bbp_anonymous_reply_count":0,"_bbp_topic_count_hidden":0,"_bbp_reply_count_hidden":0,"_bbp_forum_subforum_count":0,"site-sidebar-layout":"default","site-content-layout":"","ast-site-content-layout":"","site-content-style":"default","site-sidebar-style":"default","ast-global-header-display":"","ast-banner-title-visibility":"","ast-main-header-display":"","ast-hfb-above-header-display":"","ast-hfb-below-header-display":"","ast-hfb-mobile-header-display":"","site-post-title":"","ast-breadcrumbs-content":"","ast-featured-img":"","footer-sml-layout":"","theme-transparent-header-meta":"","adv-header-id-meta":"","stick-header-meta":"","header-above-stick-meta":"","header-main-stick-meta":"","header-below-stick-meta":"","astra-migrate-meta-layouts":"default","ast-page-background-enabled":"default","ast-page-background-meta":{"desktop":{"background-color":"var(--ast-global-color-4)","background-image":"","background-repeat":"repeat","background-position":"center center","background-size":"auto","background-attachment":"scroll","background-type":"","background-media":"","overlay-type":"","overlay-color":"","overlay-opacity":"","overlay-gradient":""},"tablet":{"background-color":"","background-image":"","background-repeat":"repeat","background-position":"center center","background-size":"auto","background-attachment":"scroll","background-type":"","background-media":"","overlay-type":"","overlay-color":"","overlay-opacity":"","overlay-gradient":""},"mobile":{"background-color":"","background-image":"","background-repeat":"repeat","background-position":"center center","background-size":"auto","background-attachment":"scroll","background-type":"","background-media":"","overlay-type":"","overlay-color":"","overlay-opacity":"","overlay-gradient":""}},"ast-content-background-meta":{"desktop":{"background-color":"var(--ast-global-color-5)","background-image":"","background-repeat":"repeat","background-position":"center center","background-size":"auto","background-attachment":"scroll","background-type":"","background-media":"","overlay-type":"","overlay-color":"","overlay-opacity":"","overlay-gradient":""},"tablet":{"background-color":"var(--ast-global-color-5)","background-image":"","background-repeat":"repeat","background-position":"center center","background-size":"auto","background-attachment":"scroll","background-type":"","background-media":"","overlay-type":"","overlay-color":"","overlay-opacity":"","overlay-gradient":""},"mobile":{"background-color":"var(--ast-global-color-5)","background-image":"","background-repeat":"repeat","background-position":"center center","background-size":"auto","background-attachment":"scroll","background-type":"","background-media":"","overlay-type":"","overlay-color":"","overlay-opacity":"","overlay-gradient":""}},"footnotes":""},"class_list":["post-511","page","type-page","status-publish","hentry"],"post_mailing_queue_ids":[],"_links":{"self":[{"href":"https:\/\/agora.xtec.cat\/escpfangles\/wp-json\/wp\/v2\/pages\/511","targetHints":{"allow":["GET"]}}],"collection":[{"href":"https:\/\/agora.xtec.cat\/escpfangles\/wp-json\/wp\/v2\/pages"}],"about":[{"href":"https:\/\/agora.xtec.cat\/escpfangles\/wp-json\/wp\/v2\/types\/page"}],"author":[{"embeddable":true,"href":"https:\/\/agora.xtec.cat\/escpfangles\/wp-json\/wp\/v2\/users\/1"}],"replies":[{"embeddable":true,"href":"https:\/\/agora.xtec.cat\/escpfangles\/wp-json\/wp\/v2\/comments?post=511"}],"version-history":[{"count":3,"href":"https:\/\/agora.xtec.cat\/escpfangles\/wp-json\/wp\/v2\/pages\/511\/revisions"}],"predecessor-version":[{"id":4052,"href":"https:\/\/agora.xtec.cat\/escpfangles\/wp-json\/wp\/v2\/pages\/511\/revisions\/4052"}],"up":[{"embeddable":true,"href":"https:\/\/agora.xtec.cat\/escpfangles\/wp-json\/wp\/v2\/pages\/505"}],"wp:attachment":[{"href":"https:\/\/agora.xtec.cat\/escpfangles\/wp-json\/wp\/v2\/media?parent=511"}],"curies":[{"name":"wp","href":"https:\/\/api.w.org\/{rel}","templated":true}]}}