{"id":509,"date":"2018-11-06T12:44:23","date_gmt":"2018-11-06T11:44:23","guid":{"rendered":"https:\/\/agora.xtec.cat\/escpfangles\/?page_id=509"},"modified":"2019-04-02T11:51:30","modified_gmt":"2019-04-02T09:51:30","slug":"escola-verda","status":"publish","type":"page","link":"https:\/\/agora.xtec.cat\/escpfangles\/projectes\/escola-verda\/","title":{"rendered":"Escola verda"},"content":{"rendered":"<p><strong>FESTA DE L&#8217;ESCOLA VERDA (22 DE MAR\u00c7 DE 2019)<\/strong><\/p>\n<p><a href=\"https:\/\/agora.xtec.cat\/escpfangles\/wp-content\/uploads\/usu1937\/2019\/04\/VERDA-1.jpg\"><img loading=\"lazy\" decoding=\"async\" class=\"size-full wp-image-1325 alignleft\" src=\"https:\/\/agora.xtec.cat\/escpfangles\/wp-content\/uploads\/usu1937\/2019\/04\/VERDA-1.jpg\" alt=\"\" width=\"600\" height=\"158\" srcset=\"https:\/\/agora.xtec.cat\/escpfangles\/wp-content\/uploads\/usu1937\/2019\/04\/VERDA-1.jpg 600w, https:\/\/agora.xtec.cat\/escpfangles\/wp-content\/uploads\/usu1937\/2019\/04\/VERDA-1-300x79.jpg 300w\" sizes=\"auto, (max-width: 600px) 100vw, 600px\" \/><\/a><\/p>\n<p>El dia 1 de desembre ens van donar una placa que acredita el Pompeu Fabra com a escola verda. Per aix\u00f2, el Comit\u00e8 Verd, va pensar que calia fer alguna cosa tots plegats. Van sortir un munt de propostes i vam escollir, entre d\u2019altres, decorar el porxo amb motius d\u2019escola verda, una feina que ens hem repartit per cicles.<br \/>\nEls alumnes d\u2019Educaci\u00f3 Infantil van fer les banderoles tan xules que decoren el porxo, els de cicle inicial van pintar i decorar\u00a0 testos on van plantat plantes. Els nens i nenes de cicle mitj\u00e0 van escriure bons desitjos que van al nostre taronger. I finalment, els m\u00e9s grans, van elaborar la pancarta d\u2019escola verda amb material reciclat.<\/p>\n<p><iframe loading=\"lazy\" src=\"https:\/\/player.vimeo.com\/video\/327887713?color=c9ff23&amp;title=0&amp;byline=0&amp;portrait=0\" width=\"640\" height=\"356\" frameborder=\"0\" allowfullscreen=\"allowfullscreen\"><\/iframe><\/p>\n<p>Tamb\u00e9 vam proposar fer una inauguraci\u00f3 com cal, aix\u00ed que vam destapar la placa acompanyats de la nostra directora, l\u2019Eva Vi\u00f1olas.<br \/>\nA continuaci\u00f3 vam gaudir d\u2019un espectacle dels Atrapasomnis i per acabar la festa, vam xalar d\u2019all\u00f2 m\u00e9s menjant xocolata desfeta.<br \/>\nNo ens podrem oblidar de donar les gr\u00e0cies a l\u2019Ampa per ajudar-nos a fer-ho possible<\/p>\n<p><a href=\"https:\/\/photos.google.com\/share\/AF1QipMWnrVz1Axk6EotmsPItvG5e0_MsN2wJs5Cme5KItwfyygKDzJPtOSp4Ht-jGf_Og?key=dG1mQVRjVTA3eEZqV3JYb24zSDg1VUZxRmRqU2xB\" target=\"_blank\" rel=\"noopener\">VEURE LES FOTOS (PART 1)\u00a0\u00a0 .<\/a><a href=\"https:\/\/photos.app.goo.gl\/nJNfKanQKAqnNiGNA\" target=\"_blank\" rel=\"noopener\">VEURE LES FOTOS (PART 2)<\/a><\/p>\n<p><a href=\"https:\/\/agora.xtec.cat\/escpfangles\/wp-content\/uploads\/usu1937\/2019\/04\/DSCN2773-800x600.jpg\"><img loading=\"lazy\" decoding=\"async\" class=\"aligncenter size-full wp-image-1323\" src=\"https:\/\/agora.xtec.cat\/escpfangles\/wp-content\/uploads\/usu1937\/2019\/04\/DSCN2773-800x600.jpg\" alt=\"\" width=\"800\" height=\"600\" srcset=\"https:\/\/agora.xtec.cat\/escpfangles\/wp-content\/uploads\/usu1937\/2019\/04\/DSCN2773-800x600.jpg 800w, https:\/\/agora.xtec.cat\/escpfangles\/wp-content\/uploads\/usu1937\/2019\/04\/DSCN2773-800x600-300x225.jpg 300w, https:\/\/agora.xtec.cat\/escpfangles\/wp-content\/uploads\/usu1937\/2019\/04\/DSCN2773-800x600-768x576.jpg 768w, https:\/\/agora.xtec.cat\/escpfangles\/wp-content\/uploads\/usu1937\/2019\/04\/DSCN2773-800x600-200x150.jpg 200w\" sizes=\"auto, (max-width: 800px) 100vw, 800px\" \/><\/a><\/p>\n<p><strong>AL POMPEU JA SOM ESCOLA VERDA<\/strong><\/p>\n<p><strong> <a href=\"https:\/\/agora.xtec.cat\/escpfangles\/wp-content\/uploads\/usu1937\/2019\/02\/VER2.jpg\"><img loading=\"lazy\" decoding=\"async\" class=\"size-full wp-image-1175 alignleft\" src=\"https:\/\/agora.xtec.cat\/escpfangles\/wp-content\/uploads\/usu1937\/2019\/02\/VER2.jpg\" alt=\"\" width=\"233\" height=\"159\" \/><\/a><a href=\"https:\/\/agora.xtec.cat\/escpfangles\/wp-content\/uploads\/usu1937\/2019\/02\/VER3.jpg\"><img loading=\"lazy\" decoding=\"async\" class=\"size-large wp-image-1176 alignleft\" src=\"https:\/\/agora.xtec.cat\/escpfangles\/wp-content\/uploads\/usu1937\/2019\/02\/VER3.jpg\" alt=\"\" width=\"215\" height=\"138\" \/><\/a> <a href=\"https:\/\/agora.xtec.cat\/escpfangles\/wp-content\/uploads\/usu1937\/2019\/02\/VERD1.jpg\"><img loading=\"lazy\" decoding=\"async\" class=\"size-full wp-image-1177 alignleft\" src=\"https:\/\/agora.xtec.cat\/escpfangles\/wp-content\/uploads\/usu1937\/2019\/02\/VERD1.jpg\" alt=\"\" width=\"121\" height=\"114\" \/><\/a><\/strong><\/p>\n<p>&nbsp;<\/p>\n<p>&nbsp;<\/p>\n<p>&nbsp;<\/p>\n<p>&nbsp;<\/p>\n<p>Despr\u00e9s de 2 anys de formaci\u00f3, el passat dia 1 de desembre del 2018 l\u2019escola va rebre la placa que la identifica com a Escola Verda. La nostra escola t\u00e9 una llarga tradici\u00f3 d\u2019activitats i tasques que ja formen part del programa d\u2019escoles verdes, per\u00f2 ara en tenim el reconeixement institucional.<\/p>\n<p>Durant aquest temps hem apr\u00e8s que ser Escola Verda va m\u00e9s enll\u00e0 de tenir un hort a l\u2019escola. \u00a0implica integrar l&#8217;educaci\u00f3 per a la sostenibilitat en el projecte educatiu de centre i en totes les \u00e0rees que s&#8217;imparteixen, potenciant els equips de treball interdisciplinaris i la realitzaci\u00f3 de projectes compartits i contextualitzats. Fer de l\u2019escola una escola participativa i disposada a canviar, aconseguir un equipament sostenible i disposar d\u2019un centre integrat en el seu entorn proper.<\/p>\n<p>El Comit\u00e8 Verd i tots els membres de l\u2019escola tenim ganes de continuar amb la tasca que hem comen\u00e7at i fer que la nostra escola sigui un petit granet de sorra per tal d\u2019aconseguir un planeta m\u00e9s sostenible.<\/p>\n<p>&nbsp;<\/p>\n<hr \/>\n<p><b><span style=\"font-size: large;\">10 d&#8217;octubre de 2017. Comen\u00e7a el projecte ESCOLA VERDA<\/span><\/b><\/p>\n<p>El projecte <b>ESCOLA VERDA<\/b> va comen\u00e7ar a principis del curs 17-18. La seva primera consigna va ser demanar que cada nen\/nena d&#8217;educaci\u00f3 infantil port\u00e9s per esmorzar un <b>tovall\u00f3 de roba <\/b>marcat amb el nom. S&#8217;utilitzaria com unes petites estovalles. Des de llavors caldria portar-lo cada dia.<\/p>\n<p><img loading=\"lazy\" decoding=\"async\" src=\"http:\/\/www.pfangles.cat\/escolaverd\/verda2.jpg\" width=\"600\" height=\"418\" \/><\/p>\n<p>Membres de la comissi\u00f3 ESCOLA VERDA<\/p>\n<p><img loading=\"lazy\" decoding=\"async\" src=\"http:\/\/www.pfangles.cat\/escolaverd\/verda1.jpg\" width=\"600\" height=\"271\" \/><\/p>\n","protected":false},"excerpt":{"rendered":"<p>FESTA DE L&#8217;ESCOLA VERDA (22 DE MAR\u00c7 DE 2019) El dia 1 de desembre ens van donar una placa que acredita el Pompeu Fabra com a escola verda. Per aix\u00f2, el Comit\u00e8 Verd, va pensar que calia fer alguna cosa tots plegats. Van sortir un munt de propostes i vam escollir, entre d\u2019altres, decorar el [&hellip;]<\/p>\n","protected":false},"author":1,"featured_media":0,"parent":505,"menu_order":0,"comment_status":"closed","ping_status":"closed","template":"page-templates\/side-menu.php","meta":{"_bbp_topic_count":0,"_bbp_reply_count":0,"_bbp_total_topic_count":0,"_bbp_total_reply_count":0,"_bbp_voice_count":0,"_bbp_anonymous_reply_count":0,"_bbp_topic_count_hidden":0,"_bbp_reply_count_hidden":0,"_bbp_forum_subforum_count":0,"site-sidebar-layout":"default","site-content-layout":"","ast-site-content-layout":"","site-content-style":"default","site-sidebar-style":"default","ast-global-header-display":"","ast-banner-title-visibility":"","ast-main-header-display":"","ast-hfb-above-header-display":"","ast-hfb-below-header-display":"","ast-hfb-mobile-header-display":"","site-post-title":"","ast-breadcrumbs-content":"","ast-featured-img":"","footer-sml-layout":"","theme-transparent-header-meta":"","adv-header-id-meta":"","stick-header-meta":"","header-above-stick-meta":"","header-main-stick-meta":"","header-below-stick-meta":"","astra-migrate-meta-layouts":"default","ast-page-background-enabled":"default","ast-page-background-meta":{"desktop":{"background-color":"var(--ast-global-color-4)","background-image":"","background-repeat":"repeat","background-position":"center center","background-size":"auto","background-attachment":"scroll","background-type":"","background-media":"","overlay-type":"","overlay-color":"","overlay-opacity":"","overlay-gradient":""},"tablet":{"background-color":"","background-image":"","background-repeat":"repeat","background-position":"center center","background-size":"auto","background-attachment":"scroll","background-type":"","background-media":"","overlay-type":"","overlay-color":"","overlay-opacity":"","overlay-gradient":""},"mobile":{"background-color":"","background-image":"","background-repeat":"repeat","background-position":"center center","background-size":"auto","background-attachment":"scroll","background-type":"","background-media":"","overlay-type":"","overlay-color":"","overlay-opacity":"","overlay-gradient":""}},"ast-content-background-meta":{"desktop":{"background-color":"var(--ast-global-color-5)","background-image":"","background-repeat":"repeat","background-position":"center center","background-size":"auto","background-attachment":"scroll","background-type":"","background-media":"","overlay-type":"","overlay-color":"","overlay-opacity":"","overlay-gradient":""},"tablet":{"background-color":"var(--ast-global-color-5)","background-image":"","background-repeat":"repeat","background-position":"center center","background-size":"auto","background-attachment":"scroll","background-type":"","background-media":"","overlay-type":"","overlay-color":"","overlay-opacity":"","overlay-gradient":""},"mobile":{"background-color":"var(--ast-global-color-5)","background-image":"","background-repeat":"repeat","background-position":"center center","background-size":"auto","background-attachment":"scroll","background-type":"","background-media":"","overlay-type":"","overlay-color":"","overlay-opacity":"","overlay-gradient":""}},"footnotes":""},"class_list":["post-509","page","type-page","status-publish","hentry"],"post_mailing_queue_ids":[],"_links":{"self":[{"href":"https:\/\/agora.xtec.cat\/escpfangles\/wp-json\/wp\/v2\/pages\/509","targetHints":{"allow":["GET"]}}],"collection":[{"href":"https:\/\/agora.xtec.cat\/escpfangles\/wp-json\/wp\/v2\/pages"}],"about":[{"href":"https:\/\/agora.xtec.cat\/escpfangles\/wp-json\/wp\/v2\/types\/page"}],"author":[{"embeddable":true,"href":"https:\/\/agora.xtec.cat\/escpfangles\/wp-json\/wp\/v2\/users\/1"}],"replies":[{"embeddable":true,"href":"https:\/\/agora.xtec.cat\/escpfangles\/wp-json\/wp\/v2\/comments?post=509"}],"version-history":[{"count":3,"href":"https:\/\/agora.xtec.cat\/escpfangles\/wp-json\/wp\/v2\/pages\/509\/revisions"}],"predecessor-version":[{"id":1334,"href":"https:\/\/agora.xtec.cat\/escpfangles\/wp-json\/wp\/v2\/pages\/509\/revisions\/1334"}],"up":[{"embeddable":true,"href":"https:\/\/agora.xtec.cat\/escpfangles\/wp-json\/wp\/v2\/pages\/505"}],"wp:attachment":[{"href":"https:\/\/agora.xtec.cat\/escpfangles\/wp-json\/wp\/v2\/media?parent=509"}],"curies":[{"name":"wp","href":"https:\/\/api.w.org\/{rel}","templated":true}]}}