{"id":507,"date":"2018-11-06T18:59:20","date_gmt":"2018-11-06T17:59:20","guid":{"rendered":"https:\/\/agora.xtec.cat\/escpfangles\/?page_id=507"},"modified":"2020-10-05T22:07:41","modified_gmt":"2020-10-05T20:07:41","slug":"https-llenguatgecomputacionalpfangles-blogspot-com","status":"publish","type":"page","link":"https:\/\/agora.xtec.cat\/escpfangles\/projectes\/https-llenguatgecomputacionalpfangles-blogspot-com\/","title":{"rendered":"Llenguatge computacional"},"content":{"rendered":"<table style=\"width: 868px;\">\n<tbody>\n<tr>\n<td style=\"width: 446.683px; background-color: #e6e1e1;\">\n<h3 class=\"post-title entry-title\">Qu\u00e8 \u00e9s?<\/h3>\n<\/td>\n<td style=\"width: 413.317px;\"><a href=\"https:\/\/llenguatgecomputacionalpfangles.blogspot.com\/\" target=\"_blank\" rel=\"noopener noreferrer\"><strong>Cliqueu aqu\u00ed per entrar al BLOG<\/strong><\/a><\/td>\n<\/tr>\n<tr>\n<td style=\"width: 446.683px;\"><\/td>\n<td style=\"width: 413.317px;\"><a href=\"https:\/\/llenguatgecomputacionalpfangles.blogspot.com\/\" target=\"_blank\" rel=\"noopener noreferrer\"><img loading=\"lazy\" decoding=\"async\" class=\"aligncenter size-full wp-image-3198\" src=\"https:\/\/agora.xtec.cat\/escpfangles\/wp-content\/uploads\/usu1937\/2020\/10\/Gr\u00e1fico1.jpg\" alt=\"\" width=\"950\" height=\"167\" srcset=\"https:\/\/agora.xtec.cat\/escpfangles\/wp-content\/uploads\/usu1937\/2020\/10\/Gr\u00e1fico1.jpg 950w, https:\/\/agora.xtec.cat\/escpfangles\/wp-content\/uploads\/usu1937\/2020\/10\/Gr\u00e1fico1-300x53.jpg 300w, https:\/\/agora.xtec.cat\/escpfangles\/wp-content\/uploads\/usu1937\/2020\/10\/Gr\u00e1fico1-768x135.jpg 768w\" sizes=\"auto, (max-width: 950px) 100vw, 950px\" \/><\/a><\/td>\n<\/tr>\n<tr>\n<td style=\"width: 446.683px;\">Al llarg dels \u00faltims anys han aparegut diverses eines que posen el m\u00f3n de la programaci\u00f3 a disposici\u00f3 del p\u00fablic infantil i juvenil. Aquestes eines tenen com a objectiu facilitar la iniciaci\u00f3 a la programaci\u00f3 mitjan\u00e7ant un entorn amigable per\u00f2 que, al mateix temps, ofereix diverses alternatives d\u2019aprenentatge dels elements b\u00e0sics dels llenguatges de programaci\u00f3 d\u2019alt nivell: variables, estructures de control, funcions, etc. Normalment, aquests entorns disposen d\u2019un entorn amigable que incorpora factors motivacionals i que posen en funcionament diferents habilitats.<\/td>\n<td style=\"width: 413.317px;\"><a href=\"https:\/\/agora.xtec.cat\/escpfangles\/wp-content\/uploads\/usu1937\/2020\/10\/PPPP.jpg\"><img loading=\"lazy\" decoding=\"async\" class=\"aligncenter size-full wp-image-3199\" src=\"https:\/\/agora.xtec.cat\/escpfangles\/wp-content\/uploads\/usu1937\/2020\/10\/PPPP.jpg\" alt=\"\" width=\"230\" height=\"164\" \/><\/a><\/td>\n<\/tr>\n<tr>\n<td style=\"width: 446.683px;\"><a href=\"https:\/\/agora.xtec.cat\/escpfangles\/wp-content\/uploads\/usu1937\/2020\/10\/images.jpg\"><img loading=\"lazy\" decoding=\"async\" class=\"aligncenter size-full wp-image-3203\" src=\"https:\/\/agora.xtec.cat\/escpfangles\/wp-content\/uploads\/usu1937\/2020\/10\/images.jpg\" alt=\"\" width=\"283\" height=\"178\" \/><\/a><\/td>\n<td style=\"width: 413.317px;\">El que tenen en com\u00fa aquestes eines per\u00f2, \u00e9s que la majoria d\u2019elles no pretenen convertir als seus usuaris en programadors experts, sin\u00f3 facilitar el desenvolupament de diverses habilitats multidisciplinars que es posen en marxa quan s\u2019elaboren petits programes encaminats, per exemple, a la resoluci\u00f3 de problemes matem\u00e0tics o a la creaci\u00f3 de jocs senzills. Des d\u2019aquesta perspectiva, usar els ordinadors (aix\u00ed com altres dispositius i ginys programables) per crear projectes genera alguns avantatges sobre l\u2019\u00fas habitual dels mateixos:<br \/>\n\u2022 Permet desenvolupar el pensament abstracte.<br \/>\n\u2022 Afavoreix el desenvolupament del pensament algor\u00edsmic.<br \/>\n\u2022 Posa en funcionament processos creatius que poden ser realitzats mitjan\u00e7ant treballs col\u00b7laboratius.<br \/>\n\u2022 Aglutina la utilitzaci\u00f3 de diferents \u201cintel\u00b7lig\u00e8ncies\u201d en projectes compartits: ling\u00fc\u00edstica, matem\u00e0tica, art\u00edstica, espacial, musical, interpersonal i intrapersonal.<\/td>\n<\/tr>\n<\/tbody>\n<\/table>\n<h3 class=\"post-title entry-title\"><\/h3>\n<div class=\"post-header\"><\/div>\n<div id=\"post-body-2966313728529184598\" class=\"post-body entry-content\">\n<p>&nbsp;<\/p>\n<div class=\"separator\"><\/div>\n<p>&nbsp;<\/p>\n<\/div>\n<div><\/div>\n<div><\/div>\n<p>&nbsp;<\/p>\n<p>&nbsp;<\/p>\n<p>&nbsp;<\/p>\n","protected":false},"excerpt":{"rendered":"<p>Qu\u00e8 \u00e9s? Cliqueu aqu\u00ed per entrar al BLOG Al llarg dels \u00faltims anys han aparegut diverses eines que posen el m\u00f3n de la programaci\u00f3 a disposici\u00f3 del p\u00fablic infantil i juvenil. Aquestes eines tenen com a objectiu facilitar la iniciaci\u00f3 a la programaci\u00f3 mitjan\u00e7ant un entorn amigable per\u00f2 que, al mateix temps, ofereix diverses alternatives [&hellip;]<\/p>\n","protected":false},"author":1,"featured_media":0,"parent":505,"menu_order":0,"comment_status":"closed","ping_status":"closed","template":"page-templates\/side-menu.php","meta":{"_bbp_topic_count":0,"_bbp_reply_count":0,"_bbp_total_topic_count":0,"_bbp_total_reply_count":0,"_bbp_voice_count":0,"_bbp_anonymous_reply_count":0,"_bbp_topic_count_hidden":0,"_bbp_reply_count_hidden":0,"_bbp_forum_subforum_count":0,"site-sidebar-layout":"default","site-content-layout":"","ast-site-content-layout":"","site-content-style":"default","site-sidebar-style":"default","ast-global-header-display":"","ast-banner-title-visibility":"","ast-main-header-display":"","ast-hfb-above-header-display":"","ast-hfb-below-header-display":"","ast-hfb-mobile-header-display":"","site-post-title":"","ast-breadcrumbs-content":"","ast-featured-img":"","footer-sml-layout":"","theme-transparent-header-meta":"","adv-header-id-meta":"","stick-header-meta":"","header-above-stick-meta":"","header-main-stick-meta":"","header-below-stick-meta":"","astra-migrate-meta-layouts":"default","ast-page-background-enabled":"default","ast-page-background-meta":{"desktop":{"background-color":"var(--ast-global-color-4)","background-image":"","background-repeat":"repeat","background-position":"center center","background-size":"auto","background-attachment":"scroll","background-type":"","background-media":"","overlay-type":"","overlay-color":"","overlay-opacity":"","overlay-gradient":""},"tablet":{"background-color":"","background-image":"","background-repeat":"repeat","background-position":"center center","background-size":"auto","background-attachment":"scroll","background-type":"","background-media":"","overlay-type":"","overlay-color":"","overlay-opacity":"","overlay-gradient":""},"mobile":{"background-color":"","background-image":"","background-repeat":"repeat","background-position":"center center","background-size":"auto","background-attachment":"scroll","background-type":"","background-media":"","overlay-type":"","overlay-color":"","overlay-opacity":"","overlay-gradient":""}},"ast-content-background-meta":{"desktop":{"background-color":"var(--ast-global-color-5)","background-image":"","background-repeat":"repeat","background-position":"center center","background-size":"auto","background-attachment":"scroll","background-type":"","background-media":"","overlay-type":"","overlay-color":"","overlay-opacity":"","overlay-gradient":""},"tablet":{"background-color":"var(--ast-global-color-5)","background-image":"","background-repeat":"repeat","background-position":"center center","background-size":"auto","background-attachment":"scroll","background-type":"","background-media":"","overlay-type":"","overlay-color":"","overlay-opacity":"","overlay-gradient":""},"mobile":{"background-color":"var(--ast-global-color-5)","background-image":"","background-repeat":"repeat","background-position":"center center","background-size":"auto","background-attachment":"scroll","background-type":"","background-media":"","overlay-type":"","overlay-color":"","overlay-opacity":"","overlay-gradient":""}},"footnotes":""},"class_list":["post-507","page","type-page","status-publish","hentry"],"post_mailing_queue_ids":[],"_links":{"self":[{"href":"https:\/\/agora.xtec.cat\/escpfangles\/wp-json\/wp\/v2\/pages\/507","targetHints":{"allow":["GET"]}}],"collection":[{"href":"https:\/\/agora.xtec.cat\/escpfangles\/wp-json\/wp\/v2\/pages"}],"about":[{"href":"https:\/\/agora.xtec.cat\/escpfangles\/wp-json\/wp\/v2\/types\/page"}],"author":[{"embeddable":true,"href":"https:\/\/agora.xtec.cat\/escpfangles\/wp-json\/wp\/v2\/users\/1"}],"replies":[{"embeddable":true,"href":"https:\/\/agora.xtec.cat\/escpfangles\/wp-json\/wp\/v2\/comments?post=507"}],"version-history":[{"count":4,"href":"https:\/\/agora.xtec.cat\/escpfangles\/wp-json\/wp\/v2\/pages\/507\/revisions"}],"predecessor-version":[{"id":3205,"href":"https:\/\/agora.xtec.cat\/escpfangles\/wp-json\/wp\/v2\/pages\/507\/revisions\/3205"}],"up":[{"embeddable":true,"href":"https:\/\/agora.xtec.cat\/escpfangles\/wp-json\/wp\/v2\/pages\/505"}],"wp:attachment":[{"href":"https:\/\/agora.xtec.cat\/escpfangles\/wp-json\/wp\/v2\/media?parent=507"}],"curies":[{"name":"wp","href":"https:\/\/api.w.org\/{rel}","templated":true}]}}