{"id":496,"date":"2018-11-06T11:23:19","date_gmt":"2018-11-06T10:23:19","guid":{"rendered":"https:\/\/agora.xtec.cat\/escpfangles\/?page_id=496"},"modified":"2024-09-17T15:49:11","modified_gmt":"2024-09-17T13:49:11","slug":"normes-i-administracio-daliments","status":"publish","type":"page","link":"https:\/\/agora.xtec.cat\/escpfangles\/escola\/normes-i-administracio-daliments\/","title":{"rendered":"Normes"},"content":{"rendered":"<h4 dir=\"ltr\"><em>(actualitzat setembre curs 24-25)<\/em><\/h4>\n<h1 dir=\"ltr\"><span style=\"color: #00ccff;\">Entrades i sortides<\/span><\/h1>\n<ul>\n<li dir=\"ltr\">\n<p dir=\"ltr\" role=\"presentation\">Les portes s\u2019obren a les 8:55 i a les 14:55. Les portes es tanquen a les 9:00 i a les 15:00. Tal i com es recull a les NOFC de l\u2019escola, aprovades per consell escolar,\u00a0 els alumnes\u00a0 que arribin m\u00e9s tard de les 9h NO podran entrar a l\u2019aula fins a 2\/4 d\u201911h. En els casos excepcionals de visita m\u00e8dica o altres cal portar el justificant.<\/p>\n<\/li>\n<li dir=\"ltr\">\n<p dir=\"ltr\" role=\"presentation\">S\u2019enviar\u00e0 un Tokapp a les fam\u00edlies dels alumnes per comunicar que el seu fill\/a no ha entrat a l\u2019escola a les 9h.<\/p>\n<\/li>\n<li dir=\"ltr\">\n<p dir=\"ltr\" role=\"presentation\">En cas de pluja, s\u2019obren les portes a les 8:50 i a les 14:50 i els alumnes van a les aules (supervisats pels monitors de menjador al migdia).<\/p>\n<\/li>\n<li dir=\"ltr\">\n<p dir=\"ltr\" role=\"presentation\">En cas de pluja, els pares i mares dels alumnes d\u2019infantil poden entrar a l\u2019escola per acompanyar el seu fill\/a.<\/p>\n<\/li>\n<li dir=\"ltr\">\n<p dir=\"ltr\" role=\"presentation\">En cas de pluja, a les sortides les portes s\u2019obren abans perqu\u00e8 puguin entrar les fam\u00edlies per\u00f2 els alumnes surten de les classes a 2\/4 en punt.<\/p>\n<\/li>\n<li dir=\"ltr\">\n<p dir=\"ltr\" role=\"presentation\">Durant el per\u00edode d\u2019adaptaci\u00f3 d\u2019i3, les fam\u00edlies poden entrar al pati de l\u2019escola i acompanyar el seu fill\/a a l\u2019aula.<\/p>\n<\/li>\n<li dir=\"ltr\">\n<p dir=\"ltr\" role=\"presentation\">Cada grup t\u00e9 establerta una porta concreta per entrar i sortir de l\u2019edifici escolar. Els responsables de venir a recollir els alumnes no poden entrar al recinte escolar (excepte en cas de pluja).<\/p>\n<\/li>\n<li dir=\"ltr\">\n<p dir=\"ltr\" role=\"presentation\">A prim\u00e0ria (CM i CS) els pares poden optar per recollir els fills o autoritzar a que marxin sols cap a casa. En cas que els pares optin per recollir els fills, se\u2019ls ha d\u2019advertir que han d\u2019anar a buscar-los a la porta pertinent.<\/p>\n<\/li>\n<li dir=\"ltr\">\n<p dir=\"ltr\" role=\"presentation\">En el cas que alguna fam\u00edlia vulgui parlar amb el tutor\/a o un altre mestre\/a de l\u2019escola, cal que demanin hora pr\u00e8viament. S\u2019ha d\u2019utilitzar l\u2019agenda i\/o correu electr\u00f2nic.<\/p>\n<\/li>\n<li dir=\"ltr\">\n<p dir=\"ltr\" role=\"presentation\">Els alumnes d&#8217;Educaci\u00f3 Infantil i Cicle Inicial no poden marxar sols a casa. Han de marxar sempre amb un adult o germ\u00e0 gran pr\u00e8viament autoritzat per la fam\u00edlia. En cap cas es deixar\u00e0 marxar a l\u2019alumne\/a si la fam\u00edlia no ha signat l\u2019autoritzaci\u00f3 al tokapp.<\/p>\n<\/li>\n<li dir=\"ltr\">\n<p dir=\"ltr\" role=\"presentation\">A les 12:30 i a les 16:30, hi haur\u00e0 una persona que far\u00e0 gu\u00e0rdia (TEI). Aquesta ser\u00e0 l\u2019encarregada de trucar\u00a0 a la fam\u00edlia i esperar fins que el vinguin a recollir.<\/p>\n<\/li>\n<\/ul>\n<p>&nbsp;<\/p>\n<h1 dir=\"ltr\"><span style=\"color: #ff99cc;\">Control d\u2019assist\u00e8ncia<\/span><\/h1>\n<ul>\n<li dir=\"ltr\">\n<p dir=\"ltr\" role=\"presentation\">L&#8217;assist\u00e8ncia de l&#8217;alumnat al centre \u00e9s obligat\u00f2ria. En el cas que un alumne no vingui a l\u2019escola caldr\u00e0 que ho justifiqui a trav\u00e9s del mail del tutor o agenda. Si no s&#8217;ha justificat l\u2019abs\u00e8ncia d\u2019un alumne\/a, el tutor\/a intentar\u00e0 establir comunicaci\u00f3 telef\u00f2nica amb la fam\u00edlia per saber-ne la causa. D&#8217;aquestes trucades se&#8217;n portar\u00e0 registre.<\/p>\n<\/li>\n<li dir=\"ltr\">\n<p dir=\"ltr\" role=\"presentation\">En cas d\u2019abs\u00e8ncies repetides, el\/la tutor\/a es posar\u00e0 en contacte amb la fam\u00edlia per parlar sobre les abs\u00e8ncies i la import\u00e0ncia d\u2019assistir a l\u2019escola.<\/p>\n<\/li>\n<li dir=\"ltr\">\n<p dir=\"ltr\" role=\"presentation\">En el cas que no es solucioni el\/la tutor\/a ha d\u2019informar a l\u2019equip directiu i a la mestra d\u2019EE de la situaci\u00f3 i de les actuacions realitzades fins al moment. La direcci\u00f3 de l\u2019escola i la CAEI prendran les mesures pertinents.<\/p>\n<\/li>\n<li dir=\"ltr\">\n<p dir=\"ltr\" role=\"presentation\">Els alumnes que per qualsevol ra\u00f3 han de sortir de l\u2019escola abans de l\u2019horari establert, ho hauran de fer acompanyats d\u2019un familiar. Les fam\u00edlies ho han de comunicar al tutor\/a a trav\u00e9s de l\u2019agenda, classroom, o correu electr\u00f2nic. No es deixar\u00e0 sortir cap alumne sol dins de l\u2019horari escolar, ha de venir un familiar a buscar-lo. Els alumnes s\u2019esperen a la classe fins que els vinguin a recollir (no a administraci\u00f3).<\/p>\n<\/li>\n<\/ul>\n<h1 dir=\"ltr\"><span style=\"color: #cc99ff;\">Retards<\/span><\/h1>\n<ul>\n<li dir=\"ltr\">\n<p dir=\"ltr\" role=\"presentation\">Retards a l\u2019hora d\u2019entrar. Els alumnes que arribin tard a l\u2019escola a les 9 del mat\u00ed s\u2019hauran d\u2019esperar a 2\/4 d\u201911 per entrar a l\u2019aula. La porta d\u2019acc\u00e9s al centre es tancar\u00e0 puntualment a les 9. Per les entrades fora d\u2019aquesta hora i que estiguin degudament justificades (situacions excepcionals) caldr\u00e0 entrar per la porta principal de l\u2019escola (Av. Floricel). La fam\u00edlia haur\u00e0 de firmar i justificar a l\u2019administrativa el retard en aquell moment (llibre-registre de retards).<\/p>\n<\/li>\n<li dir=\"ltr\">\n<p dir=\"ltr\" role=\"presentation\">Retards a l\u2019hora de recollir. La TEI del centre ser\u00e0 la responsable de trucar a la fam\u00edlia i esperar que vinguin a recollir l\u2019alumne, tamb\u00e9 far\u00e0 signar el llibre-registre de retards.\u00a0 Si no s\u2019aconsegueix contactar amb la fam\u00edlia passat un temps prudencial es trucar\u00e0 a la Policia Local que se&#8217;n cuidar\u00e0 de localitzar a la fam\u00edlia.<\/p>\n<\/li>\n<li dir=\"ltr\">\n<p dir=\"ltr\" role=\"presentation\">La reiteraci\u00f3 freq\u00fcent d\u2019aquests fets amb una mateixa fam\u00edlia, en la mesura en qu\u00e8 comporta una manca d\u2019assumpci\u00f3 de les responsabilitats en cust\u00f2dia dels menors que els correspon, comporta que la Direcci\u00f3 del centre comuniqui per escrit la situaci\u00f3 als Serveis Socials del municipi. D\u2019aquesta comunicaci\u00f3 en quedar\u00e0 c\u00f2pia arxivada al centre.<\/p>\n<\/li>\n<\/ul>\n<p>&nbsp;<\/p>\n","protected":false},"excerpt":{"rendered":"<p>(actualitzat setembre curs 24-25) Entrades i sortides Les portes s\u2019obren a les 8:55 i a les 14:55. Les portes es tanquen a les 9:00 i a les 15:00. Tal i com es recull a les NOFC de l\u2019escola, aprovades per consell escolar,\u00a0 els alumnes\u00a0 que arribin m\u00e9s tard de les 9h NO podran entrar a [&hellip;]<\/p>\n","protected":false},"author":1,"featured_media":0,"parent":473,"menu_order":0,"comment_status":"closed","ping_status":"closed","template":"page-templates\/side-menu.php","meta":{"_bbp_topic_count":0,"_bbp_reply_count":0,"_bbp_total_topic_count":0,"_bbp_total_reply_count":0,"_bbp_voice_count":0,"_bbp_anonymous_reply_count":0,"_bbp_topic_count_hidden":0,"_bbp_reply_count_hidden":0,"_bbp_forum_subforum_count":0,"site-sidebar-layout":"default","site-content-layout":"","ast-site-content-layout":"","site-content-style":"default","site-sidebar-style":"default","ast-global-header-display":"","ast-banner-title-visibility":"","ast-main-header-display":"","ast-hfb-above-header-display":"","ast-hfb-below-header-display":"","ast-hfb-mobile-header-display":"","site-post-title":"","ast-breadcrumbs-content":"","ast-featured-img":"","footer-sml-layout":"","theme-transparent-header-meta":"","adv-header-id-meta":"","stick-header-meta":"","header-above-stick-meta":"","header-main-stick-meta":"","header-below-stick-meta":"","astra-migrate-meta-layouts":"default","ast-page-background-enabled":"default","ast-page-background-meta":{"desktop":{"background-color":"var(--ast-global-color-4)","background-image":"","background-repeat":"repeat","background-position":"center center","background-size":"auto","background-attachment":"scroll","background-type":"","background-media":"","overlay-type":"","overlay-color":"","overlay-opacity":"","overlay-gradient":""},"tablet":{"background-color":"","background-image":"","background-repeat":"repeat","background-position":"center center","background-size":"auto","background-attachment":"scroll","background-type":"","background-media":"","overlay-type":"","overlay-color":"","overlay-opacity":"","overlay-gradient":""},"mobile":{"background-color":"","background-image":"","background-repeat":"repeat","background-position":"center center","background-size":"auto","background-attachment":"scroll","background-type":"","background-media":"","overlay-type":"","overlay-color":"","overlay-opacity":"","overlay-gradient":""}},"ast-content-background-meta":{"desktop":{"background-color":"var(--ast-global-color-5)","background-image":"","background-repeat":"repeat","background-position":"center center","background-size":"auto","background-attachment":"scroll","background-type":"","background-media":"","overlay-type":"","overlay-color":"","overlay-opacity":"","overlay-gradient":""},"tablet":{"background-color":"var(--ast-global-color-5)","background-image":"","background-repeat":"repeat","background-position":"center center","background-size":"auto","background-attachment":"scroll","background-type":"","background-media":"","overlay-type":"","overlay-color":"","overlay-opacity":"","overlay-gradient":""},"mobile":{"background-color":"var(--ast-global-color-5)","background-image":"","background-repeat":"repeat","background-position":"center center","background-size":"auto","background-attachment":"scroll","background-type":"","background-media":"","overlay-type":"","overlay-color":"","overlay-opacity":"","overlay-gradient":""}},"footnotes":""},"class_list":["post-496","page","type-page","status-publish","hentry"],"post_mailing_queue_ids":[],"_links":{"self":[{"href":"https:\/\/agora.xtec.cat\/escpfangles\/wp-json\/wp\/v2\/pages\/496","targetHints":{"allow":["GET"]}}],"collection":[{"href":"https:\/\/agora.xtec.cat\/escpfangles\/wp-json\/wp\/v2\/pages"}],"about":[{"href":"https:\/\/agora.xtec.cat\/escpfangles\/wp-json\/wp\/v2\/types\/page"}],"author":[{"embeddable":true,"href":"https:\/\/agora.xtec.cat\/escpfangles\/wp-json\/wp\/v2\/users\/1"}],"replies":[{"embeddable":true,"href":"https:\/\/agora.xtec.cat\/escpfangles\/wp-json\/wp\/v2\/comments?post=496"}],"version-history":[{"count":6,"href":"https:\/\/agora.xtec.cat\/escpfangles\/wp-json\/wp\/v2\/pages\/496\/revisions"}],"predecessor-version":[{"id":5745,"href":"https:\/\/agora.xtec.cat\/escpfangles\/wp-json\/wp\/v2\/pages\/496\/revisions\/5745"}],"up":[{"embeddable":true,"href":"https:\/\/agora.xtec.cat\/escpfangles\/wp-json\/wp\/v2\/pages\/473"}],"wp:attachment":[{"href":"https:\/\/agora.xtec.cat\/escpfangles\/wp-json\/wp\/v2\/media?parent=496"}],"curies":[{"name":"wp","href":"https:\/\/api.w.org\/{rel}","templated":true}]}}