{"id":488,"date":"2018-11-06T10:51:34","date_gmt":"2018-11-06T09:51:34","guid":{"rendered":"https:\/\/agora.xtec.cat\/escpfangles\/?page_id=488"},"modified":"2026-01-12T16:07:34","modified_gmt":"2026-01-12T15:07:34","slug":"documents","status":"publish","type":"page","link":"https:\/\/agora.xtec.cat\/escpfangles\/escola\/documents\/","title":{"rendered":"Documents"},"content":{"rendered":"<p>&nbsp;<\/p>\n<table style=\"border-collapse: collapse; width: 100%; height: 753px;\">\n<tbody>\n<tr style=\"height: 53px;\">\n<td style=\"width: 100%; background-color: #fcfcfc; height: 53px;\">\n<h3><a href=\"https:\/\/agora.xtec.cat\/escpfangles\/wp-content\/uploads\/usu1937\/2025\/11\/PEC-novembre-2025.pdf\">PEC (Projecte educatiu de centre)<\/a><\/h3>\n<\/td>\n<\/tr>\n<tr style=\"height: 66px;\">\n<td style=\"width: 100%; background-color: #ffffff; height: 66px;\">\n<h3><a href=\"https:\/\/agora.xtec.cat\/escpfangles\/wp-content\/uploads\/usu1937\/2025\/11\/NOFC-novembre-2025.pdf\">NOFC (Normes i organitzaci\u00f3 i funcionament del centre).<\/a><\/h3>\n<h3><strong>\u00a0<\/strong><\/h3>\n<\/td>\n<\/tr>\n<tr style=\"height: 42px;\">\n<td style=\"width: 100%; background-color: #ffffff; height: 42px;\">\n<h3><a href=\"https:\/\/agora.xtec.cat\/escpfangles\/wp-content\/uploads\/usu1937\/2025\/12\/2025-26-signadaCarta-compromis-1.pdf\">Carta de comprom\u00eds educatiu 25-26<\/a><\/h3>\n<h3><strong>\u00a0<\/strong><\/h3>\n<\/td>\n<\/tr>\n<tr style=\"height: 53px;\">\n<td style=\"width: 100%; background-color: #ffffff; height: 53px;\">\n<h3><strong><a href=\"https:\/\/drive.google.com\/file\/d\/0B3VX-pbO2NqJMDIzT1NkT0JqWW1qdXFPT0RUTEt4R0dTT19F\/view?usp=sharing\" target=\"_blank\" rel=\"noopener noreferrer\">Projecte ling\u00fc\u00edstic<\/a><\/strong><\/h3>\n<\/td>\n<\/tr>\n<tr style=\"height: 53px;\">\n<td style=\"width: 100%; background-color: #fafafa; height: 53px;\">\n<h3><a href=\"https:\/\/agora.xtec.cat\/escpfangles\/wp-content\/uploads\/usu1937\/2025\/12\/Index-PGA-25-26.pdf\">PGA (Programaci\u00f3 General Anual) 25-26 (\u00edndex)<\/a><\/h3>\n<\/td>\n<\/tr>\n<tr style=\"height: 53px;\">\n<td style=\"width: 100%; background-color: #fafafa; height: 53px;\">\n<h3><a href=\"https:\/\/agora.xtec.cat\/escpfangles\/wp-content\/uploads\/usu1937\/2025\/12\/Index-Memoria-PGA-24-25.pdf\">Mem\u00f2ria curs 24-25 (\u00edndex)<\/a><\/h3>\n<\/td>\n<\/tr>\n<tr style=\"height: 53px;\">\n<td style=\"width: 100%; background-color: #fcfcfc; height: 53px;\">\n<h3><strong><a href=\"https:\/\/agora.xtec.cat\/escpfangles\/wp-content\/uploads\/usu1937\/2021\/07\/PROJECTE-DE-CONVIV\u00c8NCIA.pdf\" target=\"_blank\" rel=\"noopener noreferrer\">Projecte de conviv\u00e8ncia (\u00edndex)<\/a><\/strong><\/h3>\n<\/td>\n<\/tr>\n<tr style=\"height: 61px;\">\n<td style=\"width: 100%; background-color: #fcfcfc; height: 61px;\">\n<h3><a href=\"https:\/\/agora.xtec.cat\/escpfangles\/wp-content\/uploads\/usu1937\/2025\/12\/Index-PAT.pdf\"><strong>Pla d&#8217;acci\u00f3 tutorial (\u00edndex), curs 25-26<\/strong><\/a><\/h3>\n<\/td>\n<\/tr>\n<tr style=\"height: 62px;\">\n<td style=\"width: 100%; background-color: #faf9f5; height: 62px;\">\n<h3><a href=\"https:\/\/agora.xtec.cat\/escpfangles\/convenis-signats-des-de-lescola\"><strong>Convenis signats des de l&#8217;escola<\/strong><\/a><\/h3>\n<\/td>\n<\/tr>\n<tr style=\"height: 53px;\">\n<td style=\"width: 100%; background-color: #faf9f5; height: 53px;\">\n<h3><strong><a href=\"https:\/\/agora.xtec.cat\/escpfangles\/acords-consell-escolar\/\">Certificats dels acords presos als consells escolars<\/a><\/strong><\/h3>\n<\/td>\n<\/tr>\n<\/tbody>\n<\/table>\n","protected":false},"excerpt":{"rendered":"<p>&nbsp; PEC (Projecte educatiu de centre) NOFC (Normes i organitzaci\u00f3 i funcionament del centre). \u00a0 Carta de comprom\u00eds educatiu 25-26 \u00a0 Projecte ling\u00fc\u00edstic PGA (Programaci\u00f3 General Anual) 25-26 (\u00edndex) Mem\u00f2ria curs 24-25 (\u00edndex) Projecte de conviv\u00e8ncia (\u00edndex) Pla d&#8217;acci\u00f3 tutorial (\u00edndex), curs 25-26 Convenis signats des de l&#8217;escola Certificats dels acords presos als consells escolars<\/p>\n","protected":false},"author":1,"featured_media":0,"parent":473,"menu_order":0,"comment_status":"closed","ping_status":"closed","template":"","meta":{"_bbp_topic_count":0,"_bbp_reply_count":0,"_bbp_total_topic_count":0,"_bbp_total_reply_count":0,"_bbp_voice_count":0,"_bbp_anonymous_reply_count":0,"_bbp_topic_count_hidden":0,"_bbp_reply_count_hidden":0,"_bbp_forum_subforum_count":0,"site-sidebar-layout":"default","site-content-layout":"","ast-site-content-layout":"default","site-content-style":"default","site-sidebar-style":"default","ast-global-header-display":"","ast-banner-title-visibility":"","ast-main-header-display":"","ast-hfb-above-header-display":"","ast-hfb-below-header-display":"","ast-hfb-mobile-header-display":"","site-post-title":"","ast-breadcrumbs-content":"","ast-featured-img":"","footer-sml-layout":"","theme-transparent-header-meta":"default","adv-header-id-meta":"","stick-header-meta":"","header-above-stick-meta":"","header-main-stick-meta":"","header-below-stick-meta":"","astra-migrate-meta-layouts":"set","ast-page-background-enabled":"default","ast-page-background-meta":{"desktop":{"background-color":"var(--ast-global-color-4)","background-image":"","background-repeat":"repeat","background-position":"center center","background-size":"auto","background-attachment":"scroll","background-type":"","background-media":"","overlay-type":"","overlay-color":"","overlay-opacity":"","overlay-gradient":""},"tablet":{"background-color":"","background-image":"","background-repeat":"repeat","background-position":"center center","background-size":"auto","background-attachment":"scroll","background-type":"","background-media":"","overlay-type":"","overlay-color":"","overlay-opacity":"","overlay-gradient":""},"mobile":{"background-color":"","background-image":"","background-repeat":"repeat","background-position":"center center","background-size":"auto","background-attachment":"scroll","background-type":"","background-media":"","overlay-type":"","overlay-color":"","overlay-opacity":"","overlay-gradient":""}},"ast-content-background-meta":{"desktop":{"background-color":"var(--ast-global-color-5)","background-image":"","background-repeat":"repeat","background-position":"center center","background-size":"auto","background-attachment":"scroll","background-type":"","background-media":"","overlay-type":"","overlay-color":"","overlay-opacity":"","overlay-gradient":""},"tablet":{"background-color":"var(--ast-global-color-5)","background-image":"","background-repeat":"repeat","background-position":"center center","background-size":"auto","background-attachment":"scroll","background-type":"","background-media":"","overlay-type":"","overlay-color":"","overlay-opacity":"","overlay-gradient":""},"mobile":{"background-color":"var(--ast-global-color-5)","background-image":"","background-repeat":"repeat","background-position":"center center","background-size":"auto","background-attachment":"scroll","background-type":"","background-media":"","overlay-type":"","overlay-color":"","overlay-opacity":"","overlay-gradient":""}},"footnotes":""},"class_list":["post-488","page","type-page","status-publish","hentry"],"post_mailing_queue_ids":[],"_links":{"self":[{"href":"https:\/\/agora.xtec.cat\/escpfangles\/wp-json\/wp\/v2\/pages\/488","targetHints":{"allow":["GET"]}}],"collection":[{"href":"https:\/\/agora.xtec.cat\/escpfangles\/wp-json\/wp\/v2\/pages"}],"about":[{"href":"https:\/\/agora.xtec.cat\/escpfangles\/wp-json\/wp\/v2\/types\/page"}],"author":[{"embeddable":true,"href":"https:\/\/agora.xtec.cat\/escpfangles\/wp-json\/wp\/v2\/users\/1"}],"replies":[{"embeddable":true,"href":"https:\/\/agora.xtec.cat\/escpfangles\/wp-json\/wp\/v2\/comments?post=488"}],"version-history":[{"count":6,"href":"https:\/\/agora.xtec.cat\/escpfangles\/wp-json\/wp\/v2\/pages\/488\/revisions"}],"predecessor-version":[{"id":6520,"href":"https:\/\/agora.xtec.cat\/escpfangles\/wp-json\/wp\/v2\/pages\/488\/revisions\/6520"}],"up":[{"embeddable":true,"href":"https:\/\/agora.xtec.cat\/escpfangles\/wp-json\/wp\/v2\/pages\/473"}],"wp:attachment":[{"href":"https:\/\/agora.xtec.cat\/escpfangles\/wp-json\/wp\/v2\/media?parent=488"}],"curies":[{"name":"wp","href":"https:\/\/api.w.org\/{rel}","templated":true}]}}