{"id":483,"date":"2018-11-06T10:54:54","date_gmt":"2018-11-06T09:54:54","guid":{"rendered":"https:\/\/agora.xtec.cat\/escpfangles\/?page_id=483"},"modified":"2024-09-17T15:53:00","modified_gmt":"2024-09-17T13:53:00","slug":"situacio","status":"publish","type":"page","link":"https:\/\/agora.xtec.cat\/escpfangles\/escola\/situacio\/","title":{"rendered":"Situaci\u00f3"},"content":{"rendered":"<p align=\"justify\">L\u2019escola Pompeu Fabra est\u00e0 situada al municipi d\u2019Angl\u00e8s, amb una poblaci\u00f3 aproximada de 5.473 (2016)\u00a0<a href=\"https:\/\/www.google.es\/url?sa=t&amp;rct=j&amp;q=&amp;esrc=s&amp;source=web&amp;cd=21&amp;cad=rja&amp;uact=8&amp;ved=0ahUKEwiAgtPq4-LVAhVSahoKHUDMD1sQvRkIqQEoATAU&amp;url=http%3A%2F%2Fwww.ine.es%2Fen%2Fwel%2Ffaq_en.htm%233&amp;usg=AFQjCNH8acP4_uNQji0Gcb9p4Kfx8LU78A\" target=\"_blank\" rel=\"noopener noreferrer\">Institut Nacional d&#8217;Estad\u00edstica d&#8217;Espanya<\/a>.<\/p>\n<p align=\"justify\">L\u2019escola fou inaugurada el curs 1973\/1974. A l\u2019edifici hi tenim actualment Educaci\u00f3 Infantil, Prim\u00e0ria, i el menjador escolar. Disposem de gimn\u00e0s i d\u2019un m\u00f2dul prefabricat de dues aules.<\/p>\n<p align=\"justify\">L\u2019escola est\u00e0 situada en un indret natural i paisatg\u00edstic privilegiat, el fet d\u2019estar dalt d\u2019un tur\u00f3 ens fa gaudir de la natura que ens envolta. Tot i aix\u00f2 estem a 5 minuts a peu del centre del municipi, de la biblioteca municipal,&#8230;<a href=\"https:\/\/agora.xtec.cat\/escpfangles\/wp-content\/uploads\/usu1937\/2021\/11\/esc.jpg\"><img loading=\"lazy\" decoding=\"async\" class=\"aligncenter size-full wp-image-3854\" src=\"https:\/\/agora.xtec.cat\/escpfangles\/wp-content\/uploads\/usu1937\/2021\/11\/esc.jpg\" alt=\"\" width=\"300\" height=\"147\" \/><\/a><\/p>\n<p align=\"justify\">La plantilla docent en aquests moments \u00e9s de 34 mestres, entre jornades senceres i redu\u00efdes, una vetlladora i un membre de l\u2019EAP, que ve un mat\u00ed a la setmana, a c\u00e0rrec del Departament d\u2019educaci\u00f3 de la Generalitat. Tamb\u00e9 comptem amb els serveis d\u2019una logopeda a c\u00e0rrec del CREDAG.<\/p>\n<p align=\"justify\">El Consell Comarcal de la Selva gestiona el servei socioeducatiu.<\/p>\n<p align=\"justify\">L\u2019AMPA gestiona les activitats extraescolars, el servei d\u2019acollida i el menjador escolar.<\/p>\n<p>&nbsp;<\/p>\n<p align=\"justify\"><span style=\"color: #cc99ff;\"><strong>P\u00e0gines relacionades:<\/strong><\/span><\/p>\n<ul class=\"sub-menu menu-odd menu-depth-1\">\n<li id=\"nav-menu-item-494\" class=\"sub-menu-item menu-item-odd menu-item-depth-1 menu-item menu-item-type-post_type menu-item-object-page\"><a class=\"menu-link sub-menu-link\" href=\"https:\/\/agora.xtec.cat\/escpfangles\/escola\/claustre\/\">Claustre<\/a><\/li>\n<li id=\"nav-menu-item-501\" class=\"sub-menu-item menu-item-odd menu-item-depth-1 menu-item menu-item-type-post_type menu-item-object-page\"><a class=\"menu-link sub-menu-link\" href=\"https:\/\/agora.xtec.cat\/escpfangles\/escola\/consell-escolar\/\">Consell escolar<\/a><\/li>\n<li id=\"nav-menu-item-504\" class=\"sub-menu-item menu-item-odd menu-item-depth-1 menu-item menu-item-type-post_type menu-item-object-page\"><a class=\"menu-link sub-menu-link\" href=\"https:\/\/agora.xtec.cat\/escpfangles\/escola\/documents\/\">Documents<\/a><\/li>\n<li id=\"nav-menu-item-495\" class=\"sub-menu-item menu-item-odd menu-item-depth-1 menu-item menu-item-type-post_type menu-item-object-page\"><a class=\"menu-link sub-menu-link\" href=\"https:\/\/agora.xtec.cat\/escpfangles\/escola\/situacio\/\">Situaci\u00f3<\/a><\/li>\n<li id=\"nav-menu-item-684\" class=\"sub-menu-item menu-item-odd menu-item-depth-1 menu-item menu-item-type-post_type menu-item-object-page\"><a class=\"menu-link sub-menu-link\" href=\"https:\/\/agora.xtec.cat\/escpfangles\/escola\/normes-i-administracio-daliments\/\">Normes<\/a><\/li>\n<li id=\"nav-menu-item-756\" class=\"sub-menu-item menu-item-odd menu-item-depth-1 menu-item menu-item-type-post_type menu-item-object-page\"><a class=\"menu-link sub-menu-link\" href=\"https:\/\/agora.xtec.cat\/escpfangles\/escola\/atencio-medica\/\">Atenci\u00f3 m\u00e8dica<\/a><\/li>\n<\/ul>\n<p>&nbsp;<\/p>\n<p><span style=\"font-family: Arial, Helvetica, sans-serif; color: #00ccff;\"><b><span style=\"font-size: medium;\">SITUACI\u00d3 i COM ARRIBAR-HI<\/span><\/b><\/span><\/p>\n<p align=\"left\"><span style=\"font-size: medium;\">El terme municipal d&#8217;Angl\u00e8s (16&#8217;06 km2) s&#8217;est\u00e9n a la dreta del Ter, aigua avall\u00a0 de la seva<br \/>\nconflu\u00e8ncia amb la riera\u00a0 d&#8217;Osor.<br \/>\nA la banda de ponent el territori \u00e9s accidentat pels contraforts del mass\u00eds de les Guilleries,<br \/>\nque en aquest indret culminen a la muntanya de Santa B\u00e0rbara. <\/span><\/p>\n<p align=\"left\"><span style=\"font-size: medium;\">La\u00a0 vila d&#8217;Angl\u00e8s\u00a0 es troba a 181m d&#8217;altitud.\u00a0 El nucli antic es configur\u00e0 al voltant de l&#8217;antic<br \/>\ncastell dels Cabrera de manera que l&#8217;actual Pla\u00e7a de la Vila ocupa el solar de l&#8217;antic pati<br \/>\nd&#8217;armes del castell. Encara en\u00a0 l&#8217;actualitat el\u00a0 nucli antic\u00a0 conserva un aire medieval, amb<br \/>\ncarrerons estrets i edificis nobles, amb arcs i finestrals g\u00f2tics. Entre aquest edificis\u00a0 destaca<br \/>\nla casa i jardins de Can Cendra,\u00a0\u00a0 reformat\u00a0 per Rafael Mas\u00f3 i avui de propietat municipal. <\/span><\/p>\n<p align=\"left\"><span style=\"font-size: medium;\">L&#8217;economia \u00e9s primordialment industrial. La ind\u00fastria t\u00e8xtil, la m\u00e9s important, hi t\u00e9 una gran<br \/>\ntradici\u00f3,\u00a0 aix\u00ed\u00a0 com\u00a0 la\u00a0 fusta.\u00a0 Tamb\u00e9 en\u00a0\u00a0 els\u00a0 darrers\u00a0 anys\u00a0\u00a0 han sorgit algunes granges<br \/>\nespecialitzades, com\u00a0 a\u00a0\u00a0 complement\u00e0ries de\u00a0\u00a0 l&#8217;agricultura,\u00a0\u00a0 la qual,\u00a0 amb\u00a0 les activitats<br \/>\nforestals, havien\u00a0 estat\u00a0 la\u00a0 base\u00a0 de l&#8217;economia en \u00e8poques anteriors.<br \/>\nEl mercat setmanal es celebra els diumenges al mat\u00ed. <\/span><\/p>\n<p><iframe loading=\"lazy\" style=\"border: 0;\" src=\"https:\/\/www.google.com\/maps\/embed?pb=!1m18!1m12!1m3!1d2967.1571501385665!2d2.6353858153085623!3d41.95395947921625!2m3!1f0!2f0!3f0!3m2!1i1024!2i768!4f13.1!3m3!1m2!1s0x12bad9eb5eb127ed%3A0x1f9f9bcca517a440!2sAv.+Floricel%2C+2%2C+17160+Angl%C3%A8s%2C+Girona!5e0!3m2!1sca!2ses!4v1541497539445\" width=\"600\" height=\"450\" frameborder=\"0\" allowfullscreen=\"allowfullscreen\"><\/iframe><\/p>\n<p><span style=\"font-size: medium;\">Angl\u00e8s \u00e9s una important cru\u00eflla de comunicacions, entre la carretera de Santa Coloma de<br \/>\nFarners a Olot, que a\u00a0 la vila\u00a0 s&#8217;ajunta amb\u00a0 la de Girona a Angl\u00e8s i que constitueix\u00a0 un cam\u00ed<br \/>\nde Girona a Olot i la\u00a0 carretera que\u00a0 cap a Sant\u00a0 Hilari Sacalm\u00a0 per\u00a0 Osor, s&#8217;endinsa\u00a0 a les<br \/>\nGuilleries. La vila es troba a nom\u00e9s 5 km del nou eix transversal de Catalunya i a uns 20 km<br \/>\nde l&#8217;autopista A7.<\/span><\/p>\n","protected":false},"excerpt":{"rendered":"<p>L\u2019escola Pompeu Fabra est\u00e0 situada al municipi d\u2019Angl\u00e8s, amb una poblaci\u00f3 aproximada de 5.473 (2016)\u00a0Institut Nacional d&#8217;Estad\u00edstica d&#8217;Espanya. L\u2019escola fou inaugurada el curs 1973\/1974. A l\u2019edifici hi tenim actualment Educaci\u00f3 Infantil, Prim\u00e0ria, i el menjador escolar. Disposem de gimn\u00e0s i d\u2019un m\u00f2dul prefabricat de dues aules. L\u2019escola est\u00e0 situada en un indret natural i paisatg\u00edstic [&hellip;]<\/p>\n","protected":false},"author":1,"featured_media":0,"parent":473,"menu_order":0,"comment_status":"closed","ping_status":"closed","template":"page-templates\/side-menu.php","meta":{"_bbp_topic_count":0,"_bbp_reply_count":0,"_bbp_total_topic_count":0,"_bbp_total_reply_count":0,"_bbp_voice_count":0,"_bbp_anonymous_reply_count":0,"_bbp_topic_count_hidden":0,"_bbp_reply_count_hidden":0,"_bbp_forum_subforum_count":0,"site-sidebar-layout":"default","site-content-layout":"","ast-site-content-layout":"","site-content-style":"default","site-sidebar-style":"default","ast-global-header-display":"","ast-banner-title-visibility":"","ast-main-header-display":"","ast-hfb-above-header-display":"","ast-hfb-below-header-display":"","ast-hfb-mobile-header-display":"","site-post-title":"","ast-breadcrumbs-content":"","ast-featured-img":"","footer-sml-layout":"","theme-transparent-header-meta":"","adv-header-id-meta":"","stick-header-meta":"","header-above-stick-meta":"","header-main-stick-meta":"","header-below-stick-meta":"","astra-migrate-meta-layouts":"default","ast-page-background-enabled":"default","ast-page-background-meta":{"desktop":{"background-color":"var(--ast-global-color-4)","background-image":"","background-repeat":"repeat","background-position":"center center","background-size":"auto","background-attachment":"scroll","background-type":"","background-media":"","overlay-type":"","overlay-color":"","overlay-opacity":"","overlay-gradient":""},"tablet":{"background-color":"","background-image":"","background-repeat":"repeat","background-position":"center center","background-size":"auto","background-attachment":"scroll","background-type":"","background-media":"","overlay-type":"","overlay-color":"","overlay-opacity":"","overlay-gradient":""},"mobile":{"background-color":"","background-image":"","background-repeat":"repeat","background-position":"center center","background-size":"auto","background-attachment":"scroll","background-type":"","background-media":"","overlay-type":"","overlay-color":"","overlay-opacity":"","overlay-gradient":""}},"ast-content-background-meta":{"desktop":{"background-color":"var(--ast-global-color-5)","background-image":"","background-repeat":"repeat","background-position":"center center","background-size":"auto","background-attachment":"scroll","background-type":"","background-media":"","overlay-type":"","overlay-color":"","overlay-opacity":"","overlay-gradient":""},"tablet":{"background-color":"var(--ast-global-color-5)","background-image":"","background-repeat":"repeat","background-position":"center center","background-size":"auto","background-attachment":"scroll","background-type":"","background-media":"","overlay-type":"","overlay-color":"","overlay-opacity":"","overlay-gradient":""},"mobile":{"background-color":"var(--ast-global-color-5)","background-image":"","background-repeat":"repeat","background-position":"center center","background-size":"auto","background-attachment":"scroll","background-type":"","background-media":"","overlay-type":"","overlay-color":"","overlay-opacity":"","overlay-gradient":""}},"footnotes":""},"class_list":["post-483","page","type-page","status-publish","hentry"],"post_mailing_queue_ids":[],"_links":{"self":[{"href":"https:\/\/agora.xtec.cat\/escpfangles\/wp-json\/wp\/v2\/pages\/483","targetHints":{"allow":["GET"]}}],"collection":[{"href":"https:\/\/agora.xtec.cat\/escpfangles\/wp-json\/wp\/v2\/pages"}],"about":[{"href":"https:\/\/agora.xtec.cat\/escpfangles\/wp-json\/wp\/v2\/types\/page"}],"author":[{"embeddable":true,"href":"https:\/\/agora.xtec.cat\/escpfangles\/wp-json\/wp\/v2\/users\/1"}],"replies":[{"embeddable":true,"href":"https:\/\/agora.xtec.cat\/escpfangles\/wp-json\/wp\/v2\/comments?post=483"}],"version-history":[{"count":5,"href":"https:\/\/agora.xtec.cat\/escpfangles\/wp-json\/wp\/v2\/pages\/483\/revisions"}],"predecessor-version":[{"id":5748,"href":"https:\/\/agora.xtec.cat\/escpfangles\/wp-json\/wp\/v2\/pages\/483\/revisions\/5748"}],"up":[{"embeddable":true,"href":"https:\/\/agora.xtec.cat\/escpfangles\/wp-json\/wp\/v2\/pages\/473"}],"wp:attachment":[{"href":"https:\/\/agora.xtec.cat\/escpfangles\/wp-json\/wp\/v2\/media?parent=483"}],"curies":[{"name":"wp","href":"https:\/\/api.w.org\/{rel}","templated":true}]}}