{"id":479,"date":"2018-11-06T10:52:19","date_gmt":"2018-11-06T09:52:19","guid":{"rendered":"https:\/\/agora.xtec.cat\/escpfangles\/?page_id=479"},"modified":"2026-02-03T15:56:14","modified_gmt":"2026-02-03T14:56:14","slug":"claustre","status":"publish","type":"page","link":"https:\/\/agora.xtec.cat\/escpfangles\/escola\/claustre\/","title":{"rendered":"Professorat i personal no docent"},"content":{"rendered":"<p>\u200b<\/p>\n<table style=\"border-collapse: collapse; width: 100%;\">\n<tbody>\n<tr>\n<td style=\"width: 100%;\"><a href=\"https:\/\/agora.xtec.cat\/escpfangles\/wp-content\/uploads\/usu1937\/2025\/09\/fotoset25.jpg\"><img loading=\"lazy\" decoding=\"async\" class=\"aligncenter size-full wp-image-6128\" src=\"https:\/\/agora.xtec.cat\/escpfangles\/wp-content\/uploads\/usu1937\/2025\/09\/fotoset25.jpg\" alt=\"\" width=\"1010\" height=\"449\" srcset=\"https:\/\/agora.xtec.cat\/escpfangles\/wp-content\/uploads\/usu1937\/2025\/09\/fotoset25.jpg 1010w, https:\/\/agora.xtec.cat\/escpfangles\/wp-content\/uploads\/usu1937\/2025\/09\/fotoset25-300x133.jpg 300w, https:\/\/agora.xtec.cat\/escpfangles\/wp-content\/uploads\/usu1937\/2025\/09\/fotoset25-768x341.jpg 768w\" sizes=\"auto, (max-width: 1010px) 100vw, 1010px\" \/><\/a><\/td>\n<\/tr>\n<tr>\n<td style=\"width: 100%; text-align: center;\"><em>Claustre de mestres 25-26<\/em><\/td>\n<\/tr>\n<\/tbody>\n<\/table>\n<table style=\"border-collapse: collapse; width: 100%; height: 2773px;\">\n<tbody>\n<tr style=\"height: 0px;\">\n<td style=\"width: 129.959%; background-color: #195763; height: 48px;\" colspan=\"3\" rowspan=\"2\">\n<h2 style=\"text-align: left;\"><span style=\"color: #ffffff;\"><strong>Curs 25-26<\/strong><\/span><\/h2>\n<p style=\"text-align: right;\"><span style=\"color: #ffffff;\">\u00a0<em>(actualitzat setembre 25)<\/em><\/span><\/p>\n<\/td>\n<td><\/td>\n<td><\/td>\n<td><\/td>\n<\/tr>\n<tr style=\"height: 48px;\">\n<td style=\"width: 4.04858%; text-align: center; height: 48px;\" colspan=\"3\"><\/td>\n<\/tr>\n<tr style=\"height: 32px;\">\n<td style=\"width: 129.959%; background-color: #f0cece; height: 32px;\" colspan=\"3\">\n<h2><span style=\"color: #000000;\"><strong>EQUIP DIRECTIU<\/strong><\/span><\/h2>\n<\/td>\n<td><\/td>\n<td><\/td>\n<td><\/td>\n<\/tr>\n<tr style=\"height: 48px;\">\n<td style=\"width: 94.7368%; height: 48px;\"><strong><span style=\"color: #993366;\">Directora<\/span><\/strong><\/td>\n<td style=\"width: 19.7031%; height: 48px;\"><strong><span style=\"color: #993366;\">Cap d\u2019estudis<\/span><\/strong><\/td>\n<td style=\"width: 15.5196%; height: 48px;\"><strong><span style=\"color: #993366;\">Secretari<\/span><\/strong><\/td>\n<td><\/td>\n<td><\/td>\n<td><\/td>\n<\/tr>\n<tr style=\"height: 48px;\">\n<td style=\"width: 94.7368%; height: 48px;\">Eva Vi\u00f1olas Mar\u00edn<\/td>\n<td style=\"width: 19.7031%; height: 48px;\">Anna Collell Millet<\/td>\n<td style=\"width: 15.5196%; height: 48px;\">Enric Rius Dorca<\/td>\n<td><\/td>\n<td><\/td>\n<td><\/td>\n<\/tr>\n<tr style=\"height: 32px;\">\n<td style=\"width: 94.7368%; height: 32px;\"><\/td>\n<td style=\"width: 19.7031%; height: 32px;\"><\/td>\n<td style=\"width: 15.5196%; height: 32px;\"><\/td>\n<td><\/td>\n<td><\/td>\n<td><\/td>\n<\/tr>\n<tr style=\"height: 61px;\">\n<td style=\"width: 94.7368%; height: 61px; background-color: #ebdada;\">\n<h2><span style=\"color: #000000;\"><strong>PROFESSORAT<\/strong><\/span><\/h2>\n<\/td>\n<td style=\"width: 19.7031%; height: 61px; background-color: #eddddd;\"><span style=\"color: #ff6600;\"><strong>TUTORIES<\/strong><\/span><\/td>\n<td style=\"width: 15.5196%; height: 61px; background-color: #eddddd;\"><strong><span style=\"color: #ff6600;\">ESPECIALITAT<\/span><\/strong><\/td>\n<td><\/td>\n<td><\/td>\n<td><\/td>\n<\/tr>\n<tr style=\"height: 53px;\">\n<td style=\"width: 129.959%; height: 53px; background-color: #e6f7e1;\" colspan=\"3\">\n<h3><span style=\"color: #339966;\"><strong>EDUCACI\u00d3 INFANTIL<\/strong><\/span><\/h3>\n<\/td>\n<td><\/td>\n<td><\/td>\n<td><\/td>\n<\/tr>\n<tr style=\"height: 48px;\">\n<td style=\"width: 94.7368%; height: 48px;\">Montse Planas<\/td>\n<td style=\"width: 19.7031%; height: 48px;\">I3A<\/td>\n<td style=\"width: 15.5196%; height: 48px;\">Coordinadora EI<\/td>\n<td><\/td>\n<td><\/td>\n<td><\/td>\n<\/tr>\n<tr style=\"height: 32px;\">\n<td style=\"width: 94.7368%; height: 32px;\">Irene Puig<\/td>\n<td style=\"width: 19.7031%; height: 32px;\">I3B<\/td>\n<td style=\"width: 15.5196%; height: 32px;\"><\/td>\n<td><\/td>\n<td><\/td>\n<td><\/td>\n<\/tr>\n<tr style=\"height: 32px;\">\n<td style=\"width: 94.7368%; height: 32px;\">Anna Cullell<\/td>\n<td style=\"width: 19.7031%; height: 32px;\">I4A<\/td>\n<td style=\"width: 15.5196%; height: 32px;\"><\/td>\n<td><\/td>\n<td><\/td>\n<td><\/td>\n<\/tr>\n<tr style=\"height: 32px;\">\n<td style=\"width: 94.7368%; height: 32px;\">Carme Rieradevall<\/td>\n<td style=\"width: 19.7031%; height: 32px;\">I4B<\/td>\n<td style=\"width: 15.5196%; height: 32px;\"><\/td>\n<td><\/td>\n<td><\/td>\n<td><\/td>\n<\/tr>\n<tr style=\"height: 32px;\">\n<td style=\"width: 94.7368%; height: 32px;\">Laia Carreras<\/td>\n<td style=\"width: 19.7031%; height: 32px;\">I5A<\/td>\n<td style=\"width: 15.5196%; height: 32px;\"><\/td>\n<td><\/td>\n<td><\/td>\n<td><\/td>\n<\/tr>\n<tr style=\"height: 32px;\">\n<td style=\"width: 94.7368%; height: 32px;\">S\u00edlvia Antoner<\/td>\n<td style=\"width: 19.7031%; height: 32px;\">I5B<\/td>\n<td style=\"width: 15.5196%; height: 32px;\"><\/td>\n<td><\/td>\n<td><\/td>\n<td><\/td>\n<\/tr>\n<tr style=\"height: 32px;\">\n<td style=\"width: 94.7368%; height: 32px;\">Magda Mart\u00ed<\/td>\n<td style=\"width: 19.7031%; height: 32px;\"><\/td>\n<td style=\"width: 15.5196%; height: 32px;\">M\u00fasica<\/td>\n<td><\/td>\n<td><\/td>\n<td><\/td>\n<\/tr>\n<tr style=\"height: 32px;\">\n<td style=\"width: 94.7368%; height: 32px;\">Ivet Vivancos<\/td>\n<td style=\"width: 19.7031%; height: 32px;\"><\/td>\n<td style=\"width: 15.5196%; height: 32px;\">TEI<\/td>\n<td><\/td>\n<td><\/td>\n<td><\/td>\n<\/tr>\n<tr style=\"height: 53px;\">\n<td style=\"width: 129.959%; height: 53px; background-color: #becdeb;\" colspan=\"3\">\n<h3><span style=\"color: #000080;\"><strong>PRIM\u00c0RIA<\/strong><\/span><\/h3>\n<\/td>\n<td><\/td>\n<td><\/td>\n<td><\/td>\n<\/tr>\n<tr style=\"height: 53px;\">\n<td style=\"width: 129.959%; height: 53px; background-color: #f2e9f5;\" colspan=\"3\">\n<h3><span style=\"color: #993366;\">Cicle Inicial<\/span><\/h3>\n<\/td>\n<td><\/td>\n<td><\/td>\n<td><\/td>\n<\/tr>\n<tr style=\"height: 32px;\">\n<td style=\"width: 94.7368%; height: 32px;\">Susana Estiarte<\/td>\n<td style=\"width: 19.7031%; height: 32px;\">P1A<\/td>\n<td style=\"width: 15.5196%; height: 32px;\"><\/td>\n<td><\/td>\n<td><\/td>\n<td><\/td>\n<\/tr>\n<tr style=\"height: 32px;\">\n<td style=\"width: 94.7368%; height: 32px;\">In\u00e9s Fern\u00e1ndez<\/td>\n<td style=\"width: 19.7031%; height: 32px;\">P1B<\/td>\n<td style=\"width: 15.5196%; height: 32px;\"><\/td>\n<td><\/td>\n<td><\/td>\n<td><\/td>\n<\/tr>\n<tr style=\"height: 32px;\">\n<td style=\"width: 94.7368%; height: 32px;\">Carolina Agull\u00f3<\/td>\n<td style=\"width: 19.7031%; height: 32px;\">P2A<\/td>\n<td style=\"width: 15.5196%; height: 32px;\"><\/td>\n<td><\/td>\n<td><\/td>\n<td><\/td>\n<\/tr>\n<tr style=\"height: 32px;\">\n<td style=\"width: 94.7368%; height: 32px;\">\u00c8lia Masferrer<\/td>\n<td style=\"width: 19.7031%; height: 32px;\">P2B<\/td>\n<td style=\"width: 15.5196%; height: 32px;\"><\/td>\n<td><\/td>\n<td><\/td>\n<td><\/td>\n<\/tr>\n<tr style=\"height: 64px;\">\n<td style=\"width: 94.7368%; height: 64px;\">Marta Ribera<\/td>\n<td style=\"width: 19.7031%; height: 64px;\">Pl\u00e0stica + Rob\u00f2tica (CI + CM)<\/td>\n<td style=\"width: 15.5196%; height: 64px;\">Coordinadora CI<\/td>\n<td><\/td>\n<td><\/td>\n<td><\/td>\n<\/tr>\n<tr style=\"height: 48px;\">\n<td style=\"width: 94.7368%; height: 48px;\">T\u00fcnde Gergely<\/td>\n<td style=\"width: 19.7031%; height: 48px;\">English (CI + P3)<\/td>\n<td style=\"width: 15.5196%; height: 48px;\"><\/td>\n<td><\/td>\n<td><\/td>\n<td><\/td>\n<\/tr>\n<tr style=\"height: 48px;\">\n<td style=\"width: 94.7368%; height: 48px;\">Santi Sureda<\/td>\n<td style=\"width: 19.7031%; height: 48px;\">Educaci\u00f3 F\u00edsica<\/td>\n<td style=\"width: 15.5196%; height: 48px;\"><\/td>\n<td><\/td>\n<td><\/td>\n<td><\/td>\n<\/tr>\n<tr style=\"height: 32px;\">\n<td style=\"width: 94.7368%; height: 32px;\"><\/td>\n<td style=\"width: 19.7031%; height: 32px;\"><\/td>\n<td style=\"width: 15.5196%; height: 32px;\"><\/td>\n<td><\/td>\n<td><\/td>\n<td><\/td>\n<\/tr>\n<tr style=\"height: 53px;\">\n<td style=\"width: 129.959%; height: 53px; background-color: #e8e4f0;\" colspan=\"3\">\n<h3><span style=\"color: #993366;\"><strong>Cicle Mitj\u00e0<\/strong><\/span><\/h3>\n<\/td>\n<td><\/td>\n<td><\/td>\n<td><\/td>\n<\/tr>\n<tr style=\"height: 32px;\">\n<td style=\"width: 94.7368%; height: 32px;\">Mireia Costa<\/td>\n<td style=\"width: 19.7031%; height: 32px;\">P3<\/td>\n<td style=\"width: 15.5196%; height: 32px;\"><\/td>\n<td><\/td>\n<td><\/td>\n<td><\/td>\n<\/tr>\n<tr style=\"height: 48px;\">\n<td style=\"width: 94.7368%; height: 48px;\">Ester Carreras<\/td>\n<td style=\"width: 19.7031%; height: 48px;\">P4A<\/td>\n<td style=\"width: 15.5196%; height: 48px;\">Coordinadora CM<\/td>\n<td><\/td>\n<td><\/td>\n<td><\/td>\n<\/tr>\n<tr style=\"height: 32px;\">\n<td style=\"width: 94.7368%; height: 32px;\">Marina Val\u00e8s<\/td>\n<td style=\"width: 19.7031%; height: 32px;\">P4B<\/td>\n<td style=\"width: 15.5196%; height: 32px;\"><\/td>\n<td><\/td>\n<td><\/td>\n<td><\/td>\n<\/tr>\n<tr style=\"height: 48px;\">\n<td style=\"width: 94.7368%; height: 48px;\">Enric Rius<\/td>\n<td style=\"width: 19.7031%; height: 48px;\">Rob\u00f2tica CM-CS<\/td>\n<td style=\"width: 15.5196%; height: 48px;\">Secretari<\/td>\n<td><\/td>\n<td><\/td>\n<td><\/td>\n<\/tr>\n<tr style=\"height: 48px;\">\n<td style=\"width: 94.7368%; height: 48px;\">Jordi Vilalta<\/td>\n<td style=\"width: 19.7031%; height: 48px;\">Inform\u00e0tica<\/td>\n<td style=\"width: 15.5196%; height: 48px;\">Coordinador Inform\u00e0tic<\/td>\n<td><\/td>\n<td><\/td>\n<td><\/td>\n<\/tr>\n<tr style=\"height: 48px;\">\n<td style=\"width: 94.7368%; height: 48px;\">Esther Bosch<\/td>\n<td style=\"width: 19.7031%; height: 48px;\">Mates Manipulatives<\/td>\n<td style=\"width: 15.5196%; height: 48px;\"><\/td>\n<td><\/td>\n<td><\/td>\n<td><\/td>\n<\/tr>\n<tr style=\"height: 32px;\">\n<td style=\"width: 94.7368%; height: 32px;\"><\/td>\n<td style=\"width: 19.7031%; height: 32px;\"><\/td>\n<td style=\"width: 15.5196%; height: 32px;\"><\/td>\n<td><\/td>\n<td><\/td>\n<td><\/td>\n<\/tr>\n<tr style=\"height: 32px;\">\n<td style=\"width: 94.7368%; height: 32px;\"><\/td>\n<td style=\"width: 19.7031%; height: 32px;\"><\/td>\n<td style=\"width: 15.5196%; height: 32px;\"><\/td>\n<td><\/td>\n<td><\/td>\n<td><\/td>\n<\/tr>\n<tr style=\"height: 53px;\">\n<td style=\"width: 129.959%; height: 53px; background-color: #f1e1f5;\" colspan=\"3\">\n<h3><span style=\"color: #993366;\"><strong>Cicle Superior<\/strong><\/span><\/h3>\n<\/td>\n<td><\/td>\n<td><\/td>\n<td><\/td>\n<\/tr>\n<tr style=\"height: 32px;\">\n<td style=\"width: 94.7368%; height: 32px;\">Esther Dalmau<\/td>\n<td style=\"width: 19.7031%; height: 32px;\">P5A<\/td>\n<td style=\"width: 15.5196%; height: 32px;\"><\/td>\n<td><\/td>\n<td><\/td>\n<td><\/td>\n<\/tr>\n<tr style=\"height: 32px;\">\n<td style=\"width: 94.7368%; height: 32px;\">Carla Rams<\/td>\n<td style=\"width: 19.7031%; height: 32px;\">P5B<\/td>\n<td style=\"width: 15.5196%; height: 32px;\"><\/td>\n<td><\/td>\n<td><\/td>\n<td><\/td>\n<\/tr>\n<tr style=\"height: 32px;\">\n<td style=\"width: 94.7368%; height: 32px;\">Jordi Ger<\/td>\n<td style=\"width: 19.7031%; height: 32px;\">P6A<\/td>\n<td style=\"width: 15.5196%; height: 32px;\"><\/td>\n<td><\/td>\n<td><\/td>\n<td><\/td>\n<\/tr>\n<tr style=\"height: 32px;\">\n<td style=\"width: 94.7368%; height: 32px;\">Anna Serra<\/td>\n<td style=\"width: 19.7031%; height: 32px;\">P6B<\/td>\n<td style=\"width: 15.5196%; height: 32px;\"><\/td>\n<td><\/td>\n<td><\/td>\n<td><\/td>\n<\/tr>\n<tr style=\"height: 48px;\">\n<td style=\"width: 94.7368%; height: 48px;\">Yolanda Ros<\/td>\n<td style=\"width: 19.7031%; height: 48px;\">P6C + Rob\u00f2tica P6<\/td>\n<td style=\"width: 15.5196%; height: 48px;\"><\/td>\n<td><\/td>\n<td><\/td>\n<td><\/td>\n<\/tr>\n<tr style=\"height: 48px;\">\n<td style=\"width: 94.7368%; height: 48px;\">Carme Puigderrajols<\/td>\n<td style=\"width: 19.7031%; height: 48px;\">Valors (CI+CM+P6)<\/td>\n<td style=\"width: 15.5196%; height: 48px;\"><\/td>\n<td><\/td>\n<td><\/td>\n<td><\/td>\n<\/tr>\n<tr style=\"height: 48px;\">\n<td style=\"width: 94.7368%; height: 48px;\">Vad\u00f3 Coll<\/td>\n<td style=\"width: 19.7031%; height: 48px;\">Ciutadania (P5)<\/td>\n<td style=\"width: 15.5196%; height: 48px;\"><\/td>\n<td><\/td>\n<td><\/td>\n<td><\/td>\n<\/tr>\n<tr style=\"height: 48px;\">\n<td style=\"width: 94.7368%; height: 48px;\">Sara Castillo<\/td>\n<td style=\"width: 19.7031%; height: 48px;\">English (P4+CS)<\/td>\n<td style=\"width: 15.5196%; height: 48px;\">Coordinadora CS<\/td>\n<td><\/td>\n<td><\/td>\n<td><\/td>\n<\/tr>\n<tr style=\"height: 32px;\">\n<td style=\"width: 94.7368%; height: 32px;\"><\/td>\n<td style=\"width: 19.7031%; height: 32px;\"><\/td>\n<td style=\"width: 15.5196%; height: 32px;\"><\/td>\n<td><\/td>\n<td><\/td>\n<td><\/td>\n<\/tr>\n<tr style=\"height: 53px;\">\n<td style=\"width: 129.959%; height: 53px; background-color: #f2f5c4;\" colspan=\"3\">\n<h3><span style=\"color: #339966;\"><strong>EDUCACI\u00d3 ESPECIAL<\/strong><\/span><\/h3>\n<\/td>\n<td><\/td>\n<td><\/td>\n<td><\/td>\n<\/tr>\n<tr style=\"height: 64px;\">\n<td style=\"width: 94.7368%; height: 64px;\">Anna Collell<\/td>\n<td style=\"width: 19.7031%; height: 64px;\">Consci\u00e8ncia fonol\u00f2gica EI + CI<\/td>\n<td style=\"width: 15.5196%; height: 64px;\">Cap d&#8217;estudis<\/td>\n<td><\/td>\n<td><\/td>\n<td><\/td>\n<\/tr>\n<tr style=\"height: 64px;\">\n<td style=\"width: 94.7368%; height: 64px;\">Judith Moliner<\/td>\n<td style=\"width: 19.7031%; height: 64px;\">MaLL<\/td>\n<td style=\"width: 15.5196%; height: 64px;\">Coordinadora Educaci\u00f3 Especial<\/td>\n<td><\/td>\n<td><\/td>\n<td><\/td>\n<\/tr>\n<tr>\n<td style=\"width: 94.7368%;\">Pere Banda<\/td>\n<td style=\"width: 19.7031%;\"><\/td>\n<td style=\"width: 15.5196%;\"><\/td>\n<td><\/td>\n<td><\/td>\n<td><\/td>\n<\/tr>\n<tr style=\"height: 48px;\">\n<td style=\"width: 94.7368%; height: 48px;\">Ana Gonz\u00e1lez<\/td>\n<td style=\"width: 19.7031%; height: 48px;\">Aula d&#8217;Acollida<\/td>\n<td style=\"width: 15.5196%; height: 48px;\">Referent COCOBE<\/td>\n<td><\/td>\n<td><\/td>\n<td><\/td>\n<\/tr>\n<tr style=\"height: 48px;\">\n<td style=\"width: 94.7368%; height: 48px;\">Patricia Ballell<\/td>\n<td style=\"width: 19.7031%; height: 48px;\"><\/td>\n<td style=\"width: 15.5196%; height: 48px;\">Referent Ed. Emocional<\/td>\n<td><\/td>\n<td><\/td>\n<td><\/td>\n<\/tr>\n<tr style=\"height: 32px;\">\n<td style=\"width: 94.7368%; height: 32px;\">Mariona Recolons<\/td>\n<td style=\"width: 19.7031%; height: 32px;\"><\/td>\n<td style=\"width: 15.5196%; height: 32px;\"><\/td>\n<td><\/td>\n<td><\/td>\n<td><\/td>\n<\/tr>\n<tr style=\"height: 32px;\">\n<td style=\"width: 94.7368%; height: 32px;\">Neus Bosch<\/td>\n<td style=\"width: 19.7031%; height: 32px;\"><\/td>\n<td style=\"width: 15.5196%; height: 32px;\"><\/td>\n<td><\/td>\n<td><\/td>\n<td><\/td>\n<\/tr>\n<tr style=\"height: 32px;\">\n<td style=\"width: 94.7368%; height: 32px;\">Aroa Gonzalez<\/td>\n<td style=\"width: 19.7031%; height: 32px;\">TIS<\/td>\n<td style=\"width: 15.5196%; height: 32px;\"><\/td>\n<td><\/td>\n<td><\/td>\n<td><\/td>\n<\/tr>\n<tr style=\"height: 32px;\">\n<td style=\"width: 94.7368%; height: 32px;\"><\/td>\n<td style=\"width: 19.7031%; height: 32px;\"><\/td>\n<td style=\"width: 15.5196%; height: 32px;\"><\/td>\n<td><\/td>\n<td><\/td>\n<td><\/td>\n<\/tr>\n<tr style=\"height: 53px;\">\n<td style=\"width: 114.44%; height: 53px;\" colspan=\"2\">\n<h3><span style=\"color: #808000;\"><strong>EQUIP SERVEIS EDUCATIUS EXTERNS<\/strong><\/span><\/h3>\n<\/td>\n<td style=\"width: 15.5196%; height: 53px;\"><\/td>\n<td><\/td>\n<td><\/td>\n<td><\/td>\n<\/tr>\n<tr style=\"height: 32px;\">\n<td style=\"width: 94.7368%; height: 32px;\">Ivan Perea<\/td>\n<td style=\"width: 19.7031%; height: 32px;\">EAP<\/td>\n<td style=\"width: 15.5196%; height: 32px;\"><\/td>\n<td><\/td>\n<td><\/td>\n<td><\/td>\n<\/tr>\n<tr style=\"height: 48px;\">\n<td style=\"width: 94.7368%; height: 48px;\">Anna Ruiz<\/td>\n<td style=\"width: 19.7031%; height: 48px;\">Logopeda CREDAG<\/td>\n<td style=\"width: 15.5196%; height: 48px;\"><\/td>\n<td><\/td>\n<td><\/td>\n<td><\/td>\n<\/tr>\n<tr style=\"height: 32px;\">\n<td style=\"width: 94.7368%; height: 32px;\">L\u00eddia Bernal<\/td>\n<td style=\"width: 19.7031%; height: 32px;\">Fisioterapeuta<\/td>\n<td style=\"width: 15.5196%; height: 32px;\"><\/td>\n<td><\/td>\n<td><\/td>\n<td><\/td>\n<\/tr>\n<tr style=\"height: 32px;\">\n<td style=\"width: 94.7368%; height: 32px;\"><\/td>\n<td style=\"width: 19.7031%; height: 32px;\"><\/td>\n<td style=\"width: 15.5196%; height: 32px;\"><\/td>\n<td><\/td>\n<td><\/td>\n<td><\/td>\n<\/tr>\n<tr style=\"height: 53px;\">\n<td style=\"width: 114.44%; height: 53px;\" colspan=\"2\">\n<h3><span style=\"color: #99ccff;\"><strong>PERSONAL NO DOCENT<\/strong><\/span><\/h3>\n<\/td>\n<td style=\"width: 15.5196%; height: 53px;\"><\/td>\n<td><\/td>\n<td><\/td>\n<td><\/td>\n<\/tr>\n<tr style=\"height: 32px;\">\n<td style=\"width: 94.7368%; height: 32px;\">Lourdes Nu\u00f1ez<\/td>\n<td style=\"width: 19.7031%; height: 32px;\">Administrativa<\/td>\n<td style=\"width: 15.5196%; height: 32px;\"><\/td>\n<td><\/td>\n<td><\/td>\n<td><\/td>\n<\/tr>\n<tr style=\"height: 48px;\">\n<td style=\"width: 94.7368%; height: 48px;\">Montse Coll<\/td>\n<td style=\"width: 19.7031%; height: 48px;\">Coordinaci\u00f3 de menjador<\/td>\n<td style=\"width: 15.5196%; height: 48px;\"><\/td>\n<td><\/td>\n<td><\/td>\n<td><\/td>\n<\/tr>\n<tr style=\"height: 32px;\">\n<td style=\"width: 94.7368%; height: 32px;\">Montse Soler<\/td>\n<td style=\"width: 19.7031%; height: 32px;\">Vetlladora<\/td>\n<td style=\"width: 15.5196%; height: 32px;\"><\/td>\n<td><\/td>\n<td><\/td>\n<td><\/td>\n<\/tr>\n<tr style=\"height: 32px;\">\n<td style=\"width: 94.7368%; height: 32px;\">Silvia Pol<\/td>\n<td style=\"width: 19.7031%; height: 32px;\">Vetlladora<\/td>\n<td style=\"width: 15.5196%; height: 32px;\"><\/td>\n<td><\/td>\n<td><\/td>\n<td><\/td>\n<\/tr>\n<tr style=\"height: 48px;\">\n<td style=\"width: 94.7368%; height: 48px;\">Marta Nadal<\/td>\n<td style=\"width: 19.7031%; height: 48px;\">Vetlladora menjador<\/td>\n<td style=\"width: 15.5196%; height: 48px;\"><\/td>\n<td><\/td>\n<td><\/td>\n<td><\/td>\n<\/tr>\n<tr style=\"height: 32px;\">\n<td style=\"width: 94.7368%; height: 32px;\">Francesc Rofe<\/td>\n<td style=\"width: 19.7031%; height: 32px;\">Conserge<\/td>\n<td style=\"width: 15.5196%; height: 32px;\"><\/td>\n<td><\/td>\n<td><\/td>\n<td><\/td>\n<\/tr>\n<tr style=\"height: 32px;\">\n<td style=\"width: 94.7368%; height: 32px;\">Ester Albert<\/td>\n<td style=\"width: 19.7031%; height: 32px;\">Cuina<\/td>\n<td style=\"width: 15.5196%; height: 32px;\"><\/td>\n<td><\/td>\n<td><\/td>\n<td><\/td>\n<\/tr>\n<tr style=\"height: 32px;\">\n<td style=\"width: 94.7368%; height: 32px;\">Olga Rubirola<\/td>\n<td style=\"width: 19.7031%; height: 32px;\">Cuina<\/td>\n<td style=\"width: 15.5196%; height: 32px;\"><\/td>\n<td><\/td>\n<td><\/td>\n<td><\/td>\n<\/tr>\n<tr style=\"height: 32px;\">\n<td style=\"width: 94.7368%; height: 32px;\">Pepi Diaz<\/td>\n<td style=\"width: 19.7031%; height: 32px;\">Cuina<\/td>\n<td style=\"width: 15.5196%; height: 32px;\"><\/td>\n<td><\/td>\n<td><\/td>\n<td><\/td>\n<\/tr>\n<\/tbody>\n<\/table>\n<h6 style=\"text-align: right;\"><em><span style=\"color: #c90c32;\">\u00a0<\/span><\/em><\/h6>\n<p>&nbsp;<\/p>\n<p>&nbsp;<\/p>\n","protected":false},"excerpt":{"rendered":"<p>\u200b Claustre de mestres 25-26 Curs 25-26 \u00a0(actualitzat setembre 25) EQUIP DIRECTIU Directora Cap d\u2019estudis Secretari Eva Vi\u00f1olas Mar\u00edn Anna Collell Millet Enric Rius Dorca PROFESSORAT TUTORIES ESPECIALITAT EDUCACI\u00d3 INFANTIL Montse Planas I3A Coordinadora EI Irene Puig I3B Anna Cullell I4A Carme Rieradevall I4B Laia Carreras I5A S\u00edlvia Antoner I5B Magda Mart\u00ed M\u00fasica Ivet Vivancos [&hellip;]<\/p>\n","protected":false},"author":1,"featured_media":0,"parent":473,"menu_order":0,"comment_status":"closed","ping_status":"closed","template":"","meta":{"_bbp_topic_count":0,"_bbp_reply_count":0,"_bbp_total_topic_count":0,"_bbp_total_reply_count":0,"_bbp_voice_count":0,"_bbp_anonymous_reply_count":0,"_bbp_topic_count_hidden":0,"_bbp_reply_count_hidden":0,"_bbp_forum_subforum_count":0,"site-sidebar-layout":"default","site-content-layout":"","ast-site-content-layout":"default","site-content-style":"default","site-sidebar-style":"default","ast-global-header-display":"","ast-banner-title-visibility":"","ast-main-header-display":"","ast-hfb-above-header-display":"","ast-hfb-below-header-display":"","ast-hfb-mobile-header-display":"","site-post-title":"","ast-breadcrumbs-content":"","ast-featured-img":"","footer-sml-layout":"","theme-transparent-header-meta":"default","adv-header-id-meta":"","stick-header-meta":"","header-above-stick-meta":"","header-main-stick-meta":"","header-below-stick-meta":"","astra-migrate-meta-layouts":"set","ast-page-background-enabled":"default","ast-page-background-meta":{"desktop":{"background-color":"var(--ast-global-color-4)","background-image":"","background-repeat":"repeat","background-position":"center center","background-size":"auto","background-attachment":"scroll","background-type":"","background-media":"","overlay-type":"","overlay-color":"","overlay-opacity":"","overlay-gradient":""},"tablet":{"background-color":"","background-image":"","background-repeat":"repeat","background-position":"center center","background-size":"auto","background-attachment":"scroll","background-type":"","background-media":"","overlay-type":"","overlay-color":"","overlay-opacity":"","overlay-gradient":""},"mobile":{"background-color":"","background-image":"","background-repeat":"repeat","background-position":"center center","background-size":"auto","background-attachment":"scroll","background-type":"","background-media":"","overlay-type":"","overlay-color":"","overlay-opacity":"","overlay-gradient":""}},"ast-content-background-meta":{"desktop":{"background-color":"var(--ast-global-color-5)","background-image":"","background-repeat":"repeat","background-position":"center center","background-size":"auto","background-attachment":"scroll","background-type":"","background-media":"","overlay-type":"","overlay-color":"","overlay-opacity":"","overlay-gradient":""},"tablet":{"background-color":"var(--ast-global-color-5)","background-image":"","background-repeat":"repeat","background-position":"center center","background-size":"auto","background-attachment":"scroll","background-type":"","background-media":"","overlay-type":"","overlay-color":"","overlay-opacity":"","overlay-gradient":""},"mobile":{"background-color":"var(--ast-global-color-5)","background-image":"","background-repeat":"repeat","background-position":"center center","background-size":"auto","background-attachment":"scroll","background-type":"","background-media":"","overlay-type":"","overlay-color":"","overlay-opacity":"","overlay-gradient":""}},"footnotes":""},"class_list":["post-479","page","type-page","status-publish","hentry"],"post_mailing_queue_ids":[],"_links":{"self":[{"href":"https:\/\/agora.xtec.cat\/escpfangles\/wp-json\/wp\/v2\/pages\/479","targetHints":{"allow":["GET"]}}],"collection":[{"href":"https:\/\/agora.xtec.cat\/escpfangles\/wp-json\/wp\/v2\/pages"}],"about":[{"href":"https:\/\/agora.xtec.cat\/escpfangles\/wp-json\/wp\/v2\/types\/page"}],"author":[{"embeddable":true,"href":"https:\/\/agora.xtec.cat\/escpfangles\/wp-json\/wp\/v2\/users\/1"}],"replies":[{"embeddable":true,"href":"https:\/\/agora.xtec.cat\/escpfangles\/wp-json\/wp\/v2\/comments?post=479"}],"version-history":[{"count":6,"href":"https:\/\/agora.xtec.cat\/escpfangles\/wp-json\/wp\/v2\/pages\/479\/revisions"}],"predecessor-version":[{"id":6656,"href":"https:\/\/agora.xtec.cat\/escpfangles\/wp-json\/wp\/v2\/pages\/479\/revisions\/6656"}],"up":[{"embeddable":true,"href":"https:\/\/agora.xtec.cat\/escpfangles\/wp-json\/wp\/v2\/pages\/473"}],"wp:attachment":[{"href":"https:\/\/agora.xtec.cat\/escpfangles\/wp-json\/wp\/v2\/media?parent=479"}],"curies":[{"name":"wp","href":"https:\/\/api.w.org\/{rel}","templated":true}]}}