{"id":473,"date":"2018-11-06T10:51:57","date_gmt":"2018-11-06T09:51:57","guid":{"rendered":"https:\/\/agora.xtec.cat\/escpfangles\/?page_id=473"},"modified":"2018-11-18T22:46:24","modified_gmt":"2018-11-18T21:46:24","slug":"escola","status":"publish","type":"page","link":"https:\/\/agora.xtec.cat\/escpfangles\/escola\/","title":{"rendered":"ESCOLA"},"content":{"rendered":"<div>\n<p align=\"justify\"><span style=\"font-size: small;\">L\u2019escola Pompeu Fabra est\u00e0 situada al municipi d\u2019Angl\u00e8s, amb una poblaci\u00f3 aproximada de <\/span><span style=\"font-size: small;\">5.473 (2016)<\/span><span style=\"font-size: small;\">\u00a0<\/span><span style=\"font-size: small;\"><a href=\"https:\/\/www.google.es\/url?sa=t&amp;rct=j&amp;q=&amp;esrc=s&amp;source=web&amp;cd=21&amp;cad=rja&amp;uact=8&amp;ved=0ahUKEwiAgtPq4-LVAhVSahoKHUDMD1sQvRkIqQEoATAU&amp;url=http%3A%2F%2Fwww.ine.es%2Fen%2Fwel%2Ffaq_en.htm%233&amp;usg=AFQjCNH8acP4_uNQji0Gcb9p4Kfx8LU78A\" target=\"_blank\" rel=\"noopener\">Institut Nacional d&#8217;Estad\u00edstica d&#8217;Espanya<\/a>.<\/span><\/p>\n<p align=\"justify\"><span style=\"font-size: small;\">L\u2019escola fou inaugurada el curs 1973\/1974. A l\u2019edifici hi tenim actualment Educaci\u00f3 Infantil, Prim\u00e0ria, i el menjador escolar. Disposem de gimn\u00e0s i d\u2019un m\u00f2dul prefabricat de dues aules.<\/span><\/p>\n<p align=\"justify\"><span style=\"font-size: small;\">L\u2019escola est\u00e0 situada en un indret natural i paisatg\u00edstic privilegiat, el fet d\u2019estar dalt d\u2019un tur\u00f3 ens fa gaudir de la natura que ens envolta. Tot i aix\u00f2 estem a 5 minuts a peu del centre del municipi, de la biblioteca municipal,&#8230;\u00a0<\/span><\/p>\n<p align=\"justify\"><span style=\"font-size: small;\">La plantilla docent en aquests moments \u00e9s de 34 mestres, entre jornades senceres i redu\u00efdes, una vetlladora i un membre de l\u2019EAP, que ve un mat\u00ed a la setmana, a c\u00e0rrec del Departament d\u2019educaci\u00f3 de la Generalitat. Tamb\u00e9 comptem amb els serveis d\u2019una logopeda a c\u00e0rrec del CREDAG. <\/span><\/p>\n<p align=\"justify\"><span style=\"font-size: small;\">El Consell Comarcal de la Selva gestiona el servei socioeducatiu. <\/span><\/p>\n<p align=\"justify\"><span style=\"font-size: small;\">L\u2019AMPA gestiona les activitats extraescolars, el servei d\u2019acollida i el menjador escolar.<\/span><\/p>\n<p style=\"text-align: center;\" align=\"justify\"><img decoding=\"async\" class=\"alignleft\" src=\"https:\/\/sites.google.com\/a\/pfangles.cat\/pfangles\/_\/rsrc\/1540365993503\/escola\/fasana%20escola.jpg\" border=\"0\" \/><\/p>\n<p align=\"justify\">P\u00e0gines relacionades:<\/p>\n<ul class=\"sub-menu menu-odd menu-depth-1\">\n<li id=\"nav-menu-item-494\" class=\"sub-menu-item menu-item-odd menu-item-depth-1 menu-item menu-item-type-post_type menu-item-object-page\"><a class=\"menu-link sub-menu-link\" href=\"https:\/\/agora.xtec.cat\/escpfangles\/escola\/claustre\/\">Claustre<\/a><\/li>\n<li id=\"nav-menu-item-501\" class=\"sub-menu-item menu-item-odd menu-item-depth-1 menu-item menu-item-type-post_type menu-item-object-page\"><a class=\"menu-link sub-menu-link\" href=\"https:\/\/agora.xtec.cat\/escpfangles\/escola\/consell-escolar\/\">Consell escolar<\/a><\/li>\n<li id=\"nav-menu-item-504\" class=\"sub-menu-item menu-item-odd menu-item-depth-1 menu-item menu-item-type-post_type menu-item-object-page\"><a class=\"menu-link sub-menu-link\" href=\"https:\/\/agora.xtec.cat\/escpfangles\/escola\/documents\/\">Documents<\/a><\/li>\n<li id=\"nav-menu-item-495\" class=\"sub-menu-item menu-item-odd menu-item-depth-1 menu-item menu-item-type-post_type menu-item-object-page\"><a class=\"menu-link sub-menu-link\" href=\"https:\/\/agora.xtec.cat\/escpfangles\/escola\/situacio\/\">Situaci\u00f3<\/a><\/li>\n<li id=\"nav-menu-item-684\" class=\"sub-menu-item menu-item-odd menu-item-depth-1 menu-item menu-item-type-post_type menu-item-object-page\"><a class=\"menu-link sub-menu-link\" href=\"https:\/\/agora.xtec.cat\/escpfangles\/escola\/normes-i-administracio-daliments\/\">Normes<\/a><\/li>\n<li id=\"nav-menu-item-756\" class=\"sub-menu-item menu-item-odd menu-item-depth-1 menu-item menu-item-type-post_type menu-item-object-page\"><a class=\"menu-link sub-menu-link\" href=\"https:\/\/agora.xtec.cat\/escpfangles\/escola\/atencio-medica\/\">Atenci\u00f3 m\u00e8dica<\/a><\/li>\n<\/ul>\n<\/div>\n","protected":false},"excerpt":{"rendered":"<p>L\u2019escola Pompeu Fabra est\u00e0 situada al municipi d\u2019Angl\u00e8s, amb una poblaci\u00f3 aproximada de 5.473 (2016)\u00a0Institut Nacional d&#8217;Estad\u00edstica d&#8217;Espanya. L\u2019escola fou inaugurada el curs 1973\/1974. A l\u2019edifici hi tenim actualment Educaci\u00f3 Infantil, Prim\u00e0ria, i el menjador escolar. Disposem de gimn\u00e0s i d\u2019un m\u00f2dul prefabricat de dues aules. L\u2019escola est\u00e0 situada en un indret natural i paisatg\u00edstic [&hellip;]<\/p>\n","protected":false},"author":1,"featured_media":0,"parent":0,"menu_order":0,"comment_status":"closed","ping_status":"closed","template":"","meta":{"_bbp_topic_count":0,"_bbp_reply_count":0,"_bbp_total_topic_count":0,"_bbp_total_reply_count":0,"_bbp_voice_count":0,"_bbp_anonymous_reply_count":0,"_bbp_topic_count_hidden":0,"_bbp_reply_count_hidden":0,"_bbp_forum_subforum_count":0,"site-sidebar-layout":"default","site-content-layout":"","ast-site-content-layout":"","site-content-style":"default","site-sidebar-style":"default","ast-global-header-display":"","ast-banner-title-visibility":"","ast-main-header-display":"","ast-hfb-above-header-display":"","ast-hfb-below-header-display":"","ast-hfb-mobile-header-display":"","site-post-title":"","ast-breadcrumbs-content":"","ast-featured-img":"","footer-sml-layout":"","theme-transparent-header-meta":"","adv-header-id-meta":"","stick-header-meta":"","header-above-stick-meta":"","header-main-stick-meta":"","header-below-stick-meta":"","astra-migrate-meta-layouts":"default","ast-page-background-enabled":"default","ast-page-background-meta":{"desktop":{"background-color":"var(--ast-global-color-4)","background-image":"","background-repeat":"repeat","background-position":"center center","background-size":"auto","background-attachment":"scroll","background-type":"","background-media":"","overlay-type":"","overlay-color":"","overlay-opacity":"","overlay-gradient":""},"tablet":{"background-color":"","background-image":"","background-repeat":"repeat","background-position":"center center","background-size":"auto","background-attachment":"scroll","background-type":"","background-media":"","overlay-type":"","overlay-color":"","overlay-opacity":"","overlay-gradient":""},"mobile":{"background-color":"","background-image":"","background-repeat":"repeat","background-position":"center center","background-size":"auto","background-attachment":"scroll","background-type":"","background-media":"","overlay-type":"","overlay-color":"","overlay-opacity":"","overlay-gradient":""}},"ast-content-background-meta":{"desktop":{"background-color":"var(--ast-global-color-5)","background-image":"","background-repeat":"repeat","background-position":"center center","background-size":"auto","background-attachment":"scroll","background-type":"","background-media":"","overlay-type":"","overlay-color":"","overlay-opacity":"","overlay-gradient":""},"tablet":{"background-color":"var(--ast-global-color-5)","background-image":"","background-repeat":"repeat","background-position":"center center","background-size":"auto","background-attachment":"scroll","background-type":"","background-media":"","overlay-type":"","overlay-color":"","overlay-opacity":"","overlay-gradient":""},"mobile":{"background-color":"var(--ast-global-color-5)","background-image":"","background-repeat":"repeat","background-position":"center center","background-size":"auto","background-attachment":"scroll","background-type":"","background-media":"","overlay-type":"","overlay-color":"","overlay-opacity":"","overlay-gradient":""}},"footnotes":""},"class_list":["post-473","page","type-page","status-publish","hentry"],"post_mailing_queue_ids":[],"_links":{"self":[{"href":"https:\/\/agora.xtec.cat\/escpfangles\/wp-json\/wp\/v2\/pages\/473","targetHints":{"allow":["GET"]}}],"collection":[{"href":"https:\/\/agora.xtec.cat\/escpfangles\/wp-json\/wp\/v2\/pages"}],"about":[{"href":"https:\/\/agora.xtec.cat\/escpfangles\/wp-json\/wp\/v2\/types\/page"}],"author":[{"embeddable":true,"href":"https:\/\/agora.xtec.cat\/escpfangles\/wp-json\/wp\/v2\/users\/1"}],"replies":[{"embeddable":true,"href":"https:\/\/agora.xtec.cat\/escpfangles\/wp-json\/wp\/v2\/comments?post=473"}],"version-history":[{"count":3,"href":"https:\/\/agora.xtec.cat\/escpfangles\/wp-json\/wp\/v2\/pages\/473\/revisions"}],"predecessor-version":[{"id":829,"href":"https:\/\/agora.xtec.cat\/escpfangles\/wp-json\/wp\/v2\/pages\/473\/revisions\/829"}],"wp:attachment":[{"href":"https:\/\/agora.xtec.cat\/escpfangles\/wp-json\/wp\/v2\/media?parent=473"}],"curies":[{"name":"wp","href":"https:\/\/api.w.org\/{rel}","templated":true}]}}