{"id":3774,"date":"2021-10-14T11:48:03","date_gmt":"2021-10-14T09:48:03","guid":{"rendered":"https:\/\/agora.xtec.cat\/escpfangles\/?page_id=3774"},"modified":"2025-10-15T11:42:11","modified_gmt":"2025-10-15T09:42:11","slug":"jocs-de-llengua","status":"publish","type":"page","link":"https:\/\/agora.xtec.cat\/escpfangles\/jocs-de-llengua\/","title":{"rendered":"Jocs de llengua"},"content":{"rendered":"<table style=\"border-collapse: collapse; width: 100%;\">\n<tbody>\n<tr>\n<td style=\"width: 25%;\"><a href=\"https:\/\/www.edu365.cat\/workshop\/joc\/lletres\/index_4.html?multijoc\"><img loading=\"lazy\" decoding=\"async\" class=\"aligncenter size-full wp-image-3775\" src=\"https:\/\/agora.xtec.cat\/escpfangles\/wp-content\/uploads\/usu1937\/2021\/10\/llen1.jpg\" alt=\"\" width=\"250\" height=\"139\" \/><\/a><\/td>\n<td style=\"width: 25%;\"><strong>1<\/strong>&gt;&gt;<span style=\"color: #ff0000;\">Cicle inicial<\/span>. Has de respondre les preguntes tan r\u00e0pid com puguis. <a href=\"https:\/\/www.edu365.cat\/workshop\/joc\/lletres\/index_4.html?multijoc\">Jugar<\/a><\/td>\n<td style=\"width: 25%;\"><a href=\"https:\/\/www.edu365.cat\/workshop\/joc\/lletres\/index_5.html?multijoc\"><img loading=\"lazy\" decoding=\"async\" class=\"aligncenter size-full wp-image-3778\" src=\"https:\/\/agora.xtec.cat\/escpfangles\/wp-content\/uploads\/usu1937\/2021\/10\/llen2.jpg\" alt=\"\" width=\"250\" height=\"137\" \/><\/a><\/td>\n<td style=\"width: 25%;\"><strong>2<\/strong>&gt;&gt; <span style=\"color: #ff0000;\">Cicle inicial i mitj\u00e0.<\/span> Tria les s\u00edl\u00b7labes en ordre per formar el nom de l&#8217;objecte. <a href=\"https:\/\/www.edu365.cat\/workshop\/joc\/lletres\/index_5.html?multijoc\">Jugar<\/a><\/td>\n<\/tr>\n<tr>\n<td style=\"width: 25%;\"><a href=\"https:\/\/www.edu365.cat\/workshop\/joc\/lletres\/index_10.html?multijoc\"><img loading=\"lazy\" decoding=\"async\" class=\"aligncenter size-full wp-image-3780\" src=\"https:\/\/agora.xtec.cat\/escpfangles\/wp-content\/uploads\/usu1937\/2021\/10\/llen3.jpg\" alt=\"\" width=\"250\" height=\"135\" \/><\/a><\/td>\n<td style=\"width: 25%;\"><strong>3<\/strong>&gt;&gt;<span style=\"color: #ff0000;\">Cicle inicial.<\/span> Llegeix, recorda i troba el objectes. <a href=\"https:\/\/www.edu365.cat\/workshop\/joc\/lletres\/index_10.html?multijoc\">Jugar<\/a><\/td>\n<td style=\"width: 25%;\"><a href=\"https:\/\/www.edu365.cat\/workshop\/joc\/lletres\/index_2.html?multijoc\"><img loading=\"lazy\" decoding=\"async\" class=\"aligncenter wp-image-3782 size-full\" src=\"https:\/\/agora.xtec.cat\/escpfangles\/wp-content\/uploads\/usu1937\/2021\/10\/llen4.jpg\" alt=\"\" width=\"250\" height=\"141\" \/><\/a><\/td>\n<td style=\"width: 25%;\"><strong>4<\/strong>&gt;&gt;<span style=\"color: #ff0000;\">Cicle inicial i mitj\u00e0<\/span>.Troba i clica la combinaci\u00f3 que sigui igual. <a href=\"https:\/\/www.edu365.cat\/workshop\/joc\/lletres\/index_2.html?multijoc\">Jugar<\/a><\/td>\n<\/tr>\n<tr>\n<td style=\"width: 25%;\"><a href=\"https:\/\/www.edu365.cat\/workshop\/joc\/agent\/index_108.html?multijoc\"><img loading=\"lazy\" decoding=\"async\" class=\"aligncenter size-full wp-image-4113\" src=\"https:\/\/agora.xtec.cat\/escpfangles\/wp-content\/uploads\/usu1937\/2022\/03\/pls.jpg\" alt=\"\" width=\"250\" height=\"141\" \/><\/a><\/td>\n<td style=\"width: 25%;\"><strong>5<\/strong>&gt;&gt;<span style=\"color: #ff0000;\">Cicle mitj\u00e0.\u00a0<\/span><span style=\"color: #000000;\"> Identifica els objectes sospitosos.<\/span><a href=\"https:\/\/www.edu365.cat\/workshop\/joc\/agent\/index_108.html?multijoc\"><span style=\"color: #ff0000;\"> Jugar<\/span><\/a><\/td>\n<td style=\"width: 25%;\"><a href=\"https:\/\/www.edu365.cat\/workshop\/joc\/agent\/index_109.html?multijoc\"><img loading=\"lazy\" decoding=\"async\" class=\"aligncenter size-full wp-image-4121\" src=\"https:\/\/agora.xtec.cat\/escpfangles\/wp-content\/uploads\/usu1937\/2022\/03\/inf.jpg\" alt=\"\" width=\"250\" height=\"135\" \/><\/a><\/td>\n<td style=\"width: 25%;\"><strong>6<\/strong>&gt;&gt;<span style=\"color: #ff0000;\">Cicle mitj\u00e0. <span style=\"color: #000000;\">Troba la paraula infiltrada<\/span><\/span><a href=\"https:\/\/www.edu365.cat\/workshop\/joc\/agent\/index_109.html?multijoc\"><span style=\"color: #ff0000;\">\u00a0Jugar<\/span><\/a><\/td>\n<\/tr>\n<tr>\n<td style=\"width: 25%;\"><a href=\"https:\/\/www.edu365.cat\/workshop\/joc\/agent\/index_110.html?multijoc\"><img loading=\"lazy\" decoding=\"async\" class=\"aligncenter size-full wp-image-4126\" src=\"https:\/\/agora.xtec.cat\/escpfangles\/wp-content\/uploads\/usu1937\/2022\/03\/mus.jpg\" alt=\"\" width=\"250\" height=\"141\" \/><\/a><\/td>\n<td style=\"width: 25%;\"><strong> 7<\/strong>&gt;&gt;<span style=\"color: #ff0000;\">Cicle mitj\u00e0. <span style=\"color: #000000;\">Tria la resposta correcta.<\/span><\/span><span style=\"color: #ff0000;\">\u00a0<a href=\"https:\/\/www.edu365.cat\/workshop\/joc\/agent\/index_110.html?multijoc\">Jugar<\/a><\/span><\/td>\n<td style=\"width: 25%;\"><a href=\"https:\/\/www.edu365.cat\/workshop\/joc\/agent\/index_111.html?multijoc\"><img loading=\"lazy\" decoding=\"async\" class=\"aligncenter size-full wp-image-4127\" src=\"https:\/\/agora.xtec.cat\/escpfangles\/wp-content\/uploads\/usu1937\/2022\/03\/pes.jpg\" alt=\"\" width=\"250\" height=\"139\" \/><\/a><\/td>\n<td style=\"width: 25%;\"><strong>8<\/strong>&gt;&gt;<span style=\"color: #ff0000;\">Cicle mitj\u00e0. <\/span><span style=\"color: #000000;\">Troba la lletra correcta<\/span><span style=\"color: #ff0000;\">.<\/span><a href=\"https:\/\/www.edu365.cat\/workshop\/joc\/agent\/index_111.html?multijoc\"><span style=\"color: #ff0000;\">Jugar<\/span><\/a><\/td>\n<\/tr>\n<tr>\n<td style=\"width: 25%;\"><a href=\"https:\/\/www.edu365.cat\/workshop\/joc\/agent\/index_112.html?multijoc\"><img loading=\"lazy\" decoding=\"async\" class=\"aligncenter size-full wp-image-4129\" src=\"https:\/\/agora.xtec.cat\/escpfangles\/wp-content\/uploads\/usu1937\/2022\/03\/plr.jpg\" alt=\"\" width=\"250\" height=\"136\" \/><\/a><\/td>\n<td style=\"width: 25%;\"><strong>9<\/strong>&gt;&gt;<span style=\"color: #ff0000;\">Cicle mitj\u00e0. <span style=\"color: #000000;\">Tria el plural correcte. <a href=\"https:\/\/www.edu365.cat\/workshop\/joc\/agent\/index_112.html?multijoc\">Jugar<\/a><\/span><\/span><\/td>\n<td style=\"width: 25%;\"><a href=\"https:\/\/www.edu365.cat\/workshop\/joc\/agent\/index_113.html?multijoc\"><img loading=\"lazy\" decoding=\"async\" class=\"aligncenter size-full wp-image-4131\" src=\"https:\/\/agora.xtec.cat\/escpfangles\/wp-content\/uploads\/usu1937\/2022\/03\/tcl.jpg\" alt=\"\" width=\"250\" height=\"135\" \/><\/a><\/td>\n<td style=\"width: 25%;\"><strong>10<\/strong>&gt;&gt;<span style=\"color: #ff0000;\">Cicle mitj\u00e0 i superior. <\/span><span style=\"color: #000000;\">Prem la tecla correcta <\/span><span style=\"color: #ff0000;\">.<\/span><a href=\"https:\/\/www.edu365.cat\/workshop\/joc\/agent\/index_113.html?multijoc\"><span style=\"color: #ff0000;\">Jugar<\/span><\/a><\/td>\n<\/tr>\n<tr>\n<td style=\"width: 25%;\"><a href=\"https:\/\/www.edu365.cat\/workshop\/joc\/santjordi\/index.html\"><img loading=\"lazy\" decoding=\"async\" class=\"aligncenter size-full wp-image-4160\" src=\"https:\/\/agora.xtec.cat\/escpfangles\/wp-content\/uploads\/usu1937\/2022\/04\/stj.jpg\" alt=\"\" width=\"250\" height=\"129\" \/><\/a><\/td>\n<td style=\"width: 25%;\"><strong>11&gt;&gt;<\/strong><span style=\"color: #ff0000;\">Per a tots els cicles.<\/span><strong><span style=\"color: #ff99cc;\"> Jocs de Sant Jordi.<\/span> <a href=\"https:\/\/www.edu365.cat\/workshop\/joc\/santjordi\/index.html\">Jugar<\/a><\/strong><\/td>\n<td style=\"width: 25%;\"><a href=\"https:\/\/www.edu365.cat\/workshop\/joc\/take_off\/index.html\"><img loading=\"lazy\" decoding=\"async\" class=\"aligncenter size-full wp-image-4426\" src=\"https:\/\/agora.xtec.cat\/escpfangles\/wp-content\/uploads\/usu1937\/2022\/09\/take.jpg\" alt=\"\" width=\"250\" height=\"130\" \/><\/a><\/td>\n<td style=\"width: 25%;\"><strong> 12&gt;&gt;Jocs en ENGLISH per a tots els .<a href=\"https:\/\/www.edu365.cat\/workshop\/joc\/take_off\/index.html\"><span style=\"color: #ff99cc;\"> Entrar<\/span><\/a><\/strong><\/td>\n<\/tr>\n<tr>\n<td style=\"width: 25%;\"><a href=\"https:\/\/www.edu365.cat\/workshop\/joc\/hivern\/index.html\"><img loading=\"lazy\" decoding=\"async\" class=\"aligncenter wp-image-4575 size-full\" src=\"https:\/\/agora.xtec.cat\/escpfangles\/wp-content\/uploads\/usu1937\/2022\/12\/hiv.jpg\" alt=\"\" width=\"250\" height=\"134\" \/><\/a><\/td>\n<td style=\"width: 25%;\"><strong>13&gt;&gt;Jocs D&#8217;HIVERN I NADAL.<\/strong> <span style=\"color: #ff0000;\">Per a cicle inicial i infantil.<\/span><strong><a href=\"https:\/\/www.edu365.cat\/workshop\/joc\/hivern\/index.html\">Jugar<\/a><\/strong><\/td>\n<td style=\"width: 25%;\"><a href=\"https:\/\/www.edu365.cat\/workshop\/joc\/sant-jordi-2023\/index.html\" target=\"_blank\" rel=\"noopener\"><img loading=\"lazy\" decoding=\"async\" class=\"aligncenter size-full wp-image-4760\" src=\"https:\/\/agora.xtec.cat\/escpfangles\/wp-content\/uploads\/usu1937\/2023\/04\/STJ2.jpg\" alt=\"\" width=\"250\" height=\"130\" \/><\/a><\/td>\n<td style=\"width: 25%;\"><strong> 14&gt;&gt;Jocs de SANT JORDI,<\/strong> <span style=\"color: #ff0000;\">per a infantil, inicial i mitj\u00e0<\/span><strong><a href=\"https:\/\/www.edu365.cat\/workshop\/joc\/sant-jordi-2023\/index.html\" target=\"_blank\" rel=\"noopener\">Jugar<\/a><\/strong><\/td>\n<\/tr>\n<tr>\n<td style=\"width: 25%;\"><a href=\"https:\/\/www.edu365.cat\/workshop\/joc\/sequenciacio\/intro\/index.html\" target=\"_blank\" rel=\"noopener\"><img loading=\"lazy\" decoding=\"async\" class=\"aligncenter size-full wp-image-4855\" src=\"https:\/\/agora.xtec.cat\/escpfangles\/wp-content\/uploads\/usu1937\/2023\/05\/com.jpg\" alt=\"\" width=\"250\" height=\"149\" \/><\/a><\/td>\n<td style=\"width: 25%;\"><strong>15&gt;&gt;QU\u00c8 FEM PRIMER? <\/strong><span style=\"color: #ff0000;\">Per infantil i cicle incial<\/span><strong>. <a href=\"https:\/\/www.edu365.cat\/workshop\/joc\/sequenciacio\/intro\/index.html\" target=\"_blank\" rel=\"noopener\">Jugar<\/a><\/strong><\/td>\n<td style=\"width: 25%;\"><a href=\"https:\/\/www.edu365.cat\/workshop\/joc\/tardor-2023\/intro\/index.html\" target=\"_blank\" rel=\"noopener\"><img loading=\"lazy\" decoding=\"async\" class=\"aligncenter size-full wp-image-5126\" src=\"https:\/\/agora.xtec.cat\/escpfangles\/wp-content\/uploads\/usu1937\/2023\/10\/TARDOR.jpg\" alt=\"\" width=\"250\" height=\"165\" \/><\/a><\/td>\n<td style=\"width: 25%;\"><strong> 16&gt;&gt;JOCS DE TARDOR <span style=\"color: #ff0000;\">Per infantil i cicle incial i mitj\u00e0<\/span>\u00a0<a href=\"https:\/\/www.edu365.cat\/workshop\/joc\/tardor-2023\/intro\/index.html\" target=\"_blank\" rel=\"noopener\">Jugar<\/a><\/strong><\/td>\n<\/tr>\n<tr>\n<td style=\"width: 25%;\"><a href=\"https:\/\/agora.xtec.cat\/escpfangles\/wp-content\/uploads\/usu1937\/2023\/11\/PENSEM1.jpg\"><img loading=\"lazy\" decoding=\"async\" class=\"aligncenter size-full wp-image-5179\" src=\"https:\/\/agora.xtec.cat\/escpfangles\/wp-content\/uploads\/usu1937\/2023\/11\/PENSEM1.jpg\" alt=\"\" width=\"250\" height=\"135\" \/><\/a><\/td>\n<td style=\"width: 25%;\"><strong>17&gt;&gt;JOCS DE PENSAR.<\/strong><span style=\"color: #ff0000;\"> Per infantil<\/span><strong><span style=\"color: #ff0000;\">.<\/span><a href=\"https:\/\/www.edu365.cat\/workshop\/joc\/pensem\/intro\/index.html\" target=\"_blank\" rel=\"noopener\">Jugar<\/a><\/strong><\/td>\n<td style=\"width: 25%;\"><a href=\"https:\/\/wordwall.net\/es\/resource\/39017964\/preposiciones?ref=embed-image\" target=\"_blank\" rel=\"noopener\"><img loading=\"lazy\" decoding=\"async\" style=\"border: 1px solid grey; display: block;\" src=\"https:\/\/wordwallscreens.azureedge.net\/200\/289089fd47ce4c988669cd30cb3affed_0\" width=\"200\" height=\"150\" \/>PREPOSICIONES <\/a><\/td>\n<td style=\"width: 25%;\"><strong> 18&gt;&gt;JUEGOS DE PREPOSICIONES.<\/strong><span style=\"color: #ff0000;\"> Per cicle mitj\u00e0 i superior<\/span><strong>\u00a0Jugar<\/strong><\/td>\n<\/tr>\n<tr>\n<td style=\"width: 25%;\"><a href=\"https:\/\/www.edu365.cat\/workshop\/joc\/agent\/index.html\"><img loading=\"lazy\" decoding=\"async\" class=\"aligncenter size-full wp-image-5325\" src=\"https:\/\/agora.xtec.cat\/escpfangles\/wp-content\/uploads\/usu1937\/2023\/12\/fal.jpg\" alt=\"\" width=\"250\" height=\"132\" \/><\/a><\/td>\n<td style=\"width: 25%;\"><strong>19&gt;&gt;TREBALLEM L&#8217; ORTOGRAFIA<\/strong><span style=\"color: #ff0000;\">. Per tots els cicles<\/span><a href=\"https:\/\/www.edu365.cat\/workshop\/joc\/agent\/index.html\" target=\"_blank\" rel=\"noopener\"><strong> Jugar<\/strong><\/a><\/td>\n<td style=\"width: 25%;\"><a href=\"https:\/\/www.edu365.cat\/workshop\/joc\/nadal23\/intro\/index.html\"><img loading=\"lazy\" decoding=\"async\" class=\"aligncenter size-full wp-image-5328\" src=\"https:\/\/agora.xtec.cat\/escpfangles\/wp-content\/uploads\/usu1937\/2023\/12\/nad.jpg\" alt=\"\" width=\"250\" height=\"136\" \/><\/a><\/td>\n<td style=\"width: 25%;\"><strong>20&gt;&gt;JOCS DE NADAL <span style=\"color: #ff0000;\">Per infantil i inicial<\/span> <a href=\"https:\/\/www.edu365.cat\/workshop\/joc\/nadal23\/intro\/index.html\">Jugar<\/a><\/strong><\/td>\n<\/tr>\n<tr>\n<td style=\"width: 25%;\"><a href=\"https:\/\/www.edu365.cat\/workshop\/joc\/disfressat\/intro\/index.html\"><img loading=\"lazy\" decoding=\"async\" class=\"aligncenter size-full wp-image-5433\" src=\"https:\/\/agora.xtec.cat\/escpfangles\/wp-content\/uploads\/usu1937\/2024\/02\/dis-1.jpg\" alt=\"\" width=\"250\" height=\"137\" \/><\/a><\/td>\n<td style=\"width: 25%;\"><strong>21&gt;&gt;JOCS de CARENSTOLTES <span style=\"color: #ff0000;\">Per infantil, inicial i mitj\u00e0<\/span> <a href=\"https:\/\/www.edu365.cat\/workshop\/joc\/disfressat\/intro\/index.html\">Jugar<\/a><\/strong><\/td>\n<td style=\"width: 25%;\"><a href=\"https:\/\/edu365.cat\/workshop\/joc\/carnaval\/intro\/index.html\"><img loading=\"lazy\" decoding=\"async\" class=\"aligncenter size-full wp-image-5453\" src=\"https:\/\/agora.xtec.cat\/escpfangles\/wp-content\/uploads\/usu1937\/2024\/02\/carn.jpg\" alt=\"\" width=\"250\" height=\"130\" \/><\/a><\/td>\n<td style=\"width: 25%;\"><strong> 22&gt;&gt;CARNAVAL <span style=\"color: #ff0000;\">Per infantil, inicial i mitj\u00e0<\/span> <a href=\"https:\/\/edu365.cat\/workshop\/joc\/carnaval\/intro\/index.html\">Jugar<\/a><\/strong><\/td>\n<\/tr>\n<tr>\n<td style=\"width: 25%;\"><a href=\"https:\/\/www.edu365.cat\/workshop\/joc\/carnaval2023\/index.html\"><img loading=\"lazy\" decoding=\"async\" class=\"aligncenter size-full wp-image-5455\" src=\"https:\/\/agora.xtec.cat\/escpfangles\/wp-content\/uploads\/usu1937\/2024\/02\/zasx.jpg\" alt=\"\" width=\"250\" height=\"159\" \/><\/a><\/td>\n<td style=\"width: 25%;\"><strong>23&gt;&gt;CARNESTOLTES 23. <span style=\"color: #ff0000;\">Per infantil, inicial i mitj\u00e0<\/span> <a href=\"https:\/\/www.edu365.cat\/workshop\/joc\/carnaval2023\/index.html\">Jugar<\/a><\/strong><\/td>\n<td style=\"width: 25%;\"><a href=\"https:\/\/www.edu365.cat\/workshop\/joc\/easter\/index.html\"><img loading=\"lazy\" decoding=\"async\" class=\"aligncenter wp-image-5488 size-full\" src=\"https:\/\/agora.xtec.cat\/escpfangles\/wp-content\/uploads\/usu1937\/2024\/03\/pas.jpg\" alt=\"\" width=\"250\" height=\"135\" \/><\/a><\/td>\n<td style=\"width: 25%;\"><strong> 24&gt;&gt; PASQUA. <span style=\"color: #ff0000;\">Per infantil, inicial i mitj\u00e0<\/span> <a href=\"https:\/\/www.edu365.cat\/workshop\/joc\/easter\/index.html\">Jugar<\/a><\/strong><\/td>\n<\/tr>\n<tr>\n<td style=\"width: 25%;\"><a href=\"https:\/\/edu365.cat\/taller\/santjordi2024\/index.html\"><img loading=\"lazy\" decoding=\"async\" class=\"aligncenter size-full wp-image-5515\" src=\"https:\/\/agora.xtec.cat\/escpfangles\/wp-content\/uploads\/usu1937\/2024\/04\/STJ.jpg\" alt=\"\" width=\"250\" height=\"139\" \/><\/a><\/td>\n<td style=\"width: 25%;\"><strong>25&gt;&gt; MANUALITATS SANT JORDI. <span style=\"color: #ff0000;\">Per infantil, inicial i mitj\u00e0<\/span> <a href=\"https:\/\/edu365.cat\/taller\/santjordi2024\/index.html\">Jugar<\/a><\/strong><\/td>\n<td style=\"width: 25%;\"><strong><a href=\"https:\/\/www.edu365.cat\/workshop\/joc\/sant-jordi-2024\/intro\/index.html\"><img loading=\"lazy\" decoding=\"async\" class=\"aligncenter size-full wp-image-5528\" src=\"https:\/\/agora.xtec.cat\/escpfangles\/wp-content\/uploads\/usu1937\/2024\/04\/SSSSTT.jpg\" alt=\"\" width=\"250\" height=\"146\" \/><\/a><\/strong><\/td>\n<td style=\"width: 25%;\"><strong>26&gt; SANT JORDI. <span style=\"color: #ff0000;\">Per infantil, inicial i mitj\u00e0<\/span> <a href=\"https:\/\/www.edu365.cat\/workshop\/joc\/sant-jordi-2024\/intro\/index.html\">Jugar<\/a><\/strong><\/td>\n<\/tr>\n<tr>\n<td style=\"width: 25%;\"><a href=\"https:\/\/agora.xtec.cat\/escpfangles\/wp-content\/uploads\/usu1937\/2024\/10\/CAS.jpg\"><img loading=\"lazy\" decoding=\"async\" class=\"aligncenter size-full wp-image-5793\" src=\"https:\/\/agora.xtec.cat\/escpfangles\/wp-content\/uploads\/usu1937\/2024\/10\/CAS.jpg\" alt=\"\" width=\"250\" height=\"134\" \/><\/a><\/td>\n<td style=\"width: 25%;\"><strong>27&gt; JOC DE LA CASTANYADA. <span style=\"color: #ff0000;\">Per infantil, inicial i mitj\u00e0<\/span> <a href=\"https:\/\/www.edu365.cat\/workshop\/joc\/carbasses\/index.html\">Jugar<\/a><\/strong><\/td>\n<td style=\"width: 25%;\"><strong> <a href=\"https:\/\/www.edu365.cat\/workshop\/joc\/escudella\/index.html\"><img loading=\"lazy\" decoding=\"async\" class=\"aligncenter size-full wp-image-5873\" src=\"https:\/\/agora.xtec.cat\/escpfangles\/wp-content\/uploads\/usu1937\/2024\/12\/nad.jpg\" alt=\"\" width=\"250\" height=\"136\" \/><\/a><\/strong><\/td>\n<td style=\"width: 25%;\"><strong> 28&gt; JOCS DE NADAL. <span style=\"color: #ff0000;\">Per infantil, inicial i mitj\u00e0<\/span> <a href=\"https:\/\/www.edu365.cat\/workshop\/joc\/escudella\/index.html\">Jugar<\/a><\/strong><\/td>\n<\/tr>\n<tr>\n<td style=\"width: 25%;\"><a href=\"https:\/\/www.edu365.cat\/workshop\/joc\/carnaval25\/intro\/index.html\"><img loading=\"lazy\" decoding=\"async\" class=\"aligncenter wp-image-5994 size-full\" src=\"https:\/\/agora.xtec.cat\/escpfangles\/wp-content\/uploads\/usu1937\/2025\/02\/carpetit.jpg\" alt=\"\" width=\"250\" height=\"138\" \/><\/a><\/td>\n<td style=\"width: 25%;\"><strong>29&gt; JOC DE CARNAVAL 2025. <span style=\"color: #ff0000;\">Per infantil, inicial i mitj\u00e0 <a href=\"https:\/\/www.edu365.cat\/workshop\/joc\/carnaval25\/intro\/index.html\">Jugar<\/a><\/span><\/strong><\/td>\n<td style=\"width: 25%;\"><strong> <a href=\"https:\/\/agora.xtec.cat\/escpfangles\/wp-content\/uploads\/usu1937\/2025\/04\/QAQSQ.jpg\"><img loading=\"lazy\" decoding=\"async\" class=\"aligncenter size-full wp-image-6043\" src=\"https:\/\/agora.xtec.cat\/escpfangles\/wp-content\/uploads\/usu1937\/2025\/04\/QAQSQ.jpg\" alt=\"\" width=\"250\" height=\"124\" \/><\/a><\/strong><\/td>\n<td style=\"width: 25%;\"><strong>30&gt; JOC DE SANT JORDI 2025.<span style=\"color: #ff0000;\"> Per infantil, inicial i mitj\u00e0<\/span> <a href=\"https:\/\/edu365.cat\/interactius\/sant-jordi-2025\/intro\/index.html\">Jugar<\/a><\/strong><\/td>\n<\/tr>\n<tr>\n<td style=\"width: 25%;\"><a href=\"https:\/\/edu365.cat\/interactius\/castaween\/intro\/index.html\"><img loading=\"lazy\" decoding=\"async\" class=\"aligncenter size-full wp-image-6199\" src=\"https:\/\/agora.xtec.cat\/escpfangles\/wp-content\/uploads\/usu1937\/2025\/10\/CASTWEEN.jpg\" alt=\"\" width=\"250\" height=\"135\" \/><\/a><\/td>\n<td style=\"width: 25%;\"><strong>31&gt; EL JOC DE LA CASTANYADA I HALLOWEEN.<span style=\"color: #ff0000;\"> Per infantil, inicial i mitj\u00e0<\/span> <a href=\"https:\/\/edu365.cat\/interactius\/castaween\/intro\/index.html\">Jugar<\/a><\/strong><\/td>\n<td style=\"width: 25%;\"><strong>\u00a0<\/strong><\/td>\n<td style=\"width: 25%;\"><strong>\u00a0<\/strong><\/td>\n<\/tr>\n<\/tbody>\n<\/table>\n<p>&nbsp;<\/p>\n","protected":false},"excerpt":{"rendered":"<p>1&gt;&gt;Cicle inicial. Has de respondre les preguntes tan r\u00e0pid com puguis. Jugar 2&gt;&gt; Cicle inicial i mitj\u00e0. Tria les s\u00edl\u00b7labes en ordre per formar el nom de l&#8217;objecte. Jugar 3&gt;&gt;Cicle inicial. Llegeix, recorda i troba el objectes. Jugar 4&gt;&gt;Cicle inicial i mitj\u00e0.Troba i clica la combinaci\u00f3 que sigui igual. Jugar 5&gt;&gt;Cicle mitj\u00e0.\u00a0 Identifica els objectes [&hellip;]<\/p>\n","protected":false},"author":1,"featured_media":0,"parent":0,"menu_order":0,"comment_status":"closed","ping_status":"closed","template":"","meta":{"_bbp_topic_count":0,"_bbp_reply_count":0,"_bbp_total_topic_count":0,"_bbp_total_reply_count":0,"_bbp_voice_count":0,"_bbp_anonymous_reply_count":0,"_bbp_topic_count_hidden":0,"_bbp_reply_count_hidden":0,"_bbp_forum_subforum_count":0,"site-sidebar-layout":"default","site-content-layout":"","ast-site-content-layout":"","site-content-style":"default","site-sidebar-style":"default","ast-global-header-display":"","ast-banner-title-visibility":"","ast-main-header-display":"","ast-hfb-above-header-display":"","ast-hfb-below-header-display":"","ast-hfb-mobile-header-display":"","site-post-title":"","ast-breadcrumbs-content":"","ast-featured-img":"","footer-sml-layout":"","theme-transparent-header-meta":"","adv-header-id-meta":"","stick-header-meta":"","header-above-stick-meta":"","header-main-stick-meta":"","header-below-stick-meta":"","astra-migrate-meta-layouts":"default","ast-page-background-enabled":"default","ast-page-background-meta":{"desktop":{"background-color":"var(--ast-global-color-4)","background-image":"","background-repeat":"repeat","background-position":"center center","background-size":"auto","background-attachment":"scroll","background-type":"","background-media":"","overlay-type":"","overlay-color":"","overlay-opacity":"","overlay-gradient":""},"tablet":{"background-color":"","background-image":"","background-repeat":"repeat","background-position":"center center","background-size":"auto","background-attachment":"scroll","background-type":"","background-media":"","overlay-type":"","overlay-color":"","overlay-opacity":"","overlay-gradient":""},"mobile":{"background-color":"","background-image":"","background-repeat":"repeat","background-position":"center center","background-size":"auto","background-attachment":"scroll","background-type":"","background-media":"","overlay-type":"","overlay-color":"","overlay-opacity":"","overlay-gradient":""}},"ast-content-background-meta":{"desktop":{"background-color":"var(--ast-global-color-5)","background-image":"","background-repeat":"repeat","background-position":"center center","background-size":"auto","background-attachment":"scroll","background-type":"","background-media":"","overlay-type":"","overlay-color":"","overlay-opacity":"","overlay-gradient":""},"tablet":{"background-color":"var(--ast-global-color-5)","background-image":"","background-repeat":"repeat","background-position":"center center","background-size":"auto","background-attachment":"scroll","background-type":"","background-media":"","overlay-type":"","overlay-color":"","overlay-opacity":"","overlay-gradient":""},"mobile":{"background-color":"var(--ast-global-color-5)","background-image":"","background-repeat":"repeat","background-position":"center center","background-size":"auto","background-attachment":"scroll","background-type":"","background-media":"","overlay-type":"","overlay-color":"","overlay-opacity":"","overlay-gradient":""}},"footnotes":""},"class_list":["post-3774","page","type-page","status-publish","hentry"],"post_mailing_queue_ids":[],"_links":{"self":[{"href":"https:\/\/agora.xtec.cat\/escpfangles\/wp-json\/wp\/v2\/pages\/3774","targetHints":{"allow":["GET"]}}],"collection":[{"href":"https:\/\/agora.xtec.cat\/escpfangles\/wp-json\/wp\/v2\/pages"}],"about":[{"href":"https:\/\/agora.xtec.cat\/escpfangles\/wp-json\/wp\/v2\/types\/page"}],"author":[{"embeddable":true,"href":"https:\/\/agora.xtec.cat\/escpfangles\/wp-json\/wp\/v2\/users\/1"}],"replies":[{"embeddable":true,"href":"https:\/\/agora.xtec.cat\/escpfangles\/wp-json\/wp\/v2\/comments?post=3774"}],"version-history":[{"count":7,"href":"https:\/\/agora.xtec.cat\/escpfangles\/wp-json\/wp\/v2\/pages\/3774\/revisions"}],"predecessor-version":[{"id":5326,"href":"https:\/\/agora.xtec.cat\/escpfangles\/wp-json\/wp\/v2\/pages\/3774\/revisions\/5326"}],"wp:attachment":[{"href":"https:\/\/agora.xtec.cat\/escpfangles\/wp-json\/wp\/v2\/media?parent=3774"}],"curies":[{"name":"wp","href":"https:\/\/api.w.org\/{rel}","templated":true}]}}