{"id":2998,"date":"2020-08-21T11:52:46","date_gmt":"2020-08-21T09:52:46","guid":{"rendered":"https:\/\/agora.xtec.cat\/escpfangles\/?page_id=2998"},"modified":"2020-11-07T21:01:25","modified_gmt":"2020-11-07T20:01:25","slug":"guia-del-classroom-i-el-meet","status":"publish","type":"page","link":"https:\/\/agora.xtec.cat\/escpfangles\/guia-del-classroom-i-el-meet\/","title":{"rendered":"GUIA DEL CLASSROOM I EL MEET"},"content":{"rendered":"<p><strong>\u00a0 <img loading=\"lazy\" decoding=\"async\" class=\"size-full wp-image-2971 alignleft\" src=\"https:\/\/agora.xtec.cat\/escpfangles\/wp-content\/uploads\/usu1937\/2020\/08\/dubte-1.jpg\" alt=\"\" width=\"89\" height=\"160\" \/>Aqu\u00ed<span style=\"color: #333333;\"> trobareu petits v\u00eddeos que us podran ajudar a resoldre petits dubtes, tant a pares com a alumnes.<a href=\"https:\/\/agora.xtec.cat\/escpfangles\/que-es-el-google-classroom\/\"> I cliqueu AQU\u00cd s\u00ed\u00a0 voleu saber QUE \u00c9S EL GOOGLE CLASSROOM!!<\/a><br \/>\n<\/span><\/strong><\/p>\n<table style=\"width: 556px; height: 1439px;\">\n<tbody>\n<tr style=\"height: 96px;\">\n<td style=\"width: 550px; height: 96px;\">\n<h4 style=\"text-align: center;\"><span style=\"color: #99cc00;\">CLASSROOM part 1 de 2: com entrar i veure les tasques\u00a0<\/span><\/h4>\n<h4><\/h4>\n<\/td>\n<\/tr>\n<tr style=\"height: 316px;\">\n<td style=\"width: 550px; height: 316px;\">\n<h4 style=\"text-align: center;\"><iframe loading=\"lazy\" src=\"https:\/\/player.vimeo.com\/video\/448962583?title=0&amp;byline=0&amp;portrait=0\" width=\"500\" height=\"278\" frameborder=\"0\" data-mce-fragment=\"1\"><\/iframe><\/h4>\n<\/td>\n<\/tr>\n<tr style=\"height: 96px;\">\n<td style=\"width: 550px; height: 96px; vertical-align: top;\">\n<h4 style=\"text-align: center;\"><\/h4>\n<h4 style=\"text-align: center;\"><span style=\"color: #ff99cc;\">CLASSROOM part 2 de 2: com obrir les tasques, fer-les i entregar-les al mestre.<\/span><\/h4>\n<\/td>\n<\/tr>\n<tr style=\"height: 58px;\">\n<td style=\"width: 550px; height: 58px;\">\n<h4 style=\"text-align: center;\"><iframe loading=\"lazy\" src=\"https:\/\/player.vimeo.com\/video\/449867569?title=0&amp;byline=0&amp;portrait=0\" width=\"500\" height=\"278\" frameborder=\"0\" data-mce-fragment=\"1\"><\/iframe><\/h4>\n<\/td>\n<\/tr>\n<tr style=\"height: 86px;\">\n<td style=\"width: 550px; height: 86px;\">\n<h4 style=\"text-align: center;\"><span style=\"color: #99ccff;\">Com entrar a una reuin\u00f3 o classe online amb l&#8217;escola amb GOOGLE MEET des de<span style=\"color: #00ccff;\"> l&#8217;ordinador<\/span><br \/>\n<\/span><\/h4>\n<\/td>\n<\/tr>\n<tr style=\"height: 299px;\">\n<td style=\"text-align: center; width: 550px; height: 299px;\"><iframe loading=\"lazy\" src=\"https:\/\/player.vimeo.com\/video\/444271457?title=0&amp;byline=0&amp;portrait=0\" width=\"500\" height=\"279\" frameborder=\"0\" data-mce-fragment=\"1\"><\/iframe><\/td>\n<\/tr>\n<tr style=\"height: 58px;\">\n<td style=\"width: 550px; height: 58px;\">\n<h4 style=\"text-align: center;\"><span style=\"color: #ba970b;\">Com canviar l&#8217;dioma del Classroom si ens surt en angl\u00e8s.<\/span><\/h4>\n<\/td>\n<\/tr>\n<tr style=\"height: 298px;\">\n<td style=\"text-align: center; width: 550px; height: 298px;\"><iframe loading=\"lazy\" src=\"https:\/\/player.vimeo.com\/video\/444274969?title=0&amp;byline=0&amp;portrait=0\" width=\"500\" height=\"278\" frameborder=\"0\" data-mce-fragment=\"1\"><\/iframe><\/td>\n<\/tr>\n<\/tbody>\n<\/table>\n","protected":false},"excerpt":{"rendered":"<p>\u00a0 Aqu\u00ed trobareu petits v\u00eddeos que us podran ajudar a resoldre petits dubtes, tant a pares com a alumnes. I cliqueu AQU\u00cd s\u00ed\u00a0 voleu saber QUE \u00c9S EL GOOGLE CLASSROOM!! CLASSROOM part 1 de 2: com entrar i veure les tasques\u00a0 CLASSROOM part 2 de 2: com obrir les tasques, fer-les i entregar-les al mestre. [&hellip;]<\/p>\n","protected":false},"author":1,"featured_media":0,"parent":0,"menu_order":0,"comment_status":"closed","ping_status":"closed","template":"page-templates\/side-menu.php","meta":{"_bbp_topic_count":0,"_bbp_reply_count":0,"_bbp_total_topic_count":0,"_bbp_total_reply_count":0,"_bbp_voice_count":0,"_bbp_anonymous_reply_count":0,"_bbp_topic_count_hidden":0,"_bbp_reply_count_hidden":0,"_bbp_forum_subforum_count":0,"site-sidebar-layout":"default","site-content-layout":"","ast-site-content-layout":"","site-content-style":"default","site-sidebar-style":"default","ast-global-header-display":"","ast-banner-title-visibility":"","ast-main-header-display":"","ast-hfb-above-header-display":"","ast-hfb-below-header-display":"","ast-hfb-mobile-header-display":"","site-post-title":"","ast-breadcrumbs-content":"","ast-featured-img":"","footer-sml-layout":"","theme-transparent-header-meta":"","adv-header-id-meta":"","stick-header-meta":"","header-above-stick-meta":"","header-main-stick-meta":"","header-below-stick-meta":"","astra-migrate-meta-layouts":"default","ast-page-background-enabled":"default","ast-page-background-meta":{"desktop":{"background-color":"var(--ast-global-color-4)","background-image":"","background-repeat":"repeat","background-position":"center center","background-size":"auto","background-attachment":"scroll","background-type":"","background-media":"","overlay-type":"","overlay-color":"","overlay-opacity":"","overlay-gradient":""},"tablet":{"background-color":"","background-image":"","background-repeat":"repeat","background-position":"center center","background-size":"auto","background-attachment":"scroll","background-type":"","background-media":"","overlay-type":"","overlay-color":"","overlay-opacity":"","overlay-gradient":""},"mobile":{"background-color":"","background-image":"","background-repeat":"repeat","background-position":"center center","background-size":"auto","background-attachment":"scroll","background-type":"","background-media":"","overlay-type":"","overlay-color":"","overlay-opacity":"","overlay-gradient":""}},"ast-content-background-meta":{"desktop":{"background-color":"var(--ast-global-color-5)","background-image":"","background-repeat":"repeat","background-position":"center center","background-size":"auto","background-attachment":"scroll","background-type":"","background-media":"","overlay-type":"","overlay-color":"","overlay-opacity":"","overlay-gradient":""},"tablet":{"background-color":"var(--ast-global-color-5)","background-image":"","background-repeat":"repeat","background-position":"center center","background-size":"auto","background-attachment":"scroll","background-type":"","background-media":"","overlay-type":"","overlay-color":"","overlay-opacity":"","overlay-gradient":""},"mobile":{"background-color":"var(--ast-global-color-5)","background-image":"","background-repeat":"repeat","background-position":"center center","background-size":"auto","background-attachment":"scroll","background-type":"","background-media":"","overlay-type":"","overlay-color":"","overlay-opacity":"","overlay-gradient":""}},"footnotes":""},"class_list":["post-2998","page","type-page","status-publish","hentry"],"post_mailing_queue_ids":[],"_links":{"self":[{"href":"https:\/\/agora.xtec.cat\/escpfangles\/wp-json\/wp\/v2\/pages\/2998","targetHints":{"allow":["GET"]}}],"collection":[{"href":"https:\/\/agora.xtec.cat\/escpfangles\/wp-json\/wp\/v2\/pages"}],"about":[{"href":"https:\/\/agora.xtec.cat\/escpfangles\/wp-json\/wp\/v2\/types\/page"}],"author":[{"embeddable":true,"href":"https:\/\/agora.xtec.cat\/escpfangles\/wp-json\/wp\/v2\/users\/1"}],"replies":[{"embeddable":true,"href":"https:\/\/agora.xtec.cat\/escpfangles\/wp-json\/wp\/v2\/comments?post=2998"}],"version-history":[{"count":4,"href":"https:\/\/agora.xtec.cat\/escpfangles\/wp-json\/wp\/v2\/pages\/2998\/revisions"}],"predecessor-version":[{"id":3266,"href":"https:\/\/agora.xtec.cat\/escpfangles\/wp-json\/wp\/v2\/pages\/2998\/revisions\/3266"}],"wp:attachment":[{"href":"https:\/\/agora.xtec.cat\/escpfangles\/wp-json\/wp\/v2\/media?parent=2998"}],"curies":[{"name":"wp","href":"https:\/\/api.w.org\/{rel}","templated":true}]}}