{"id":2207,"date":"2020-03-20T14:11:28","date_gmt":"2020-03-20T13:11:28","guid":{"rendered":"https:\/\/agora.xtec.cat\/escpfangles\/?page_id=2207"},"modified":"2026-02-03T15:57:53","modified_gmt":"2026-02-03T14:57:53","slug":"correus-dels-mestres","status":"publish","type":"page","link":"https:\/\/agora.xtec.cat\/escpfangles\/correus-dels-mestres\/","title":{"rendered":"Correus dels mestres"},"content":{"rendered":"<p><span style=\"color: #3366ff;\"><strong><em>Actualitzat <span style=\"color: #993366;\">setembre 2025<\/span><\/em><\/strong><\/span><span style=\"color: #3366ff;\"><strong><em><span style=\"color: #993366;\">:<\/span><\/em><\/strong><\/span> Aqu\u00ed trobareu el correu dels mestres del centre per si durant el curs creieu oport\u00fa posar-vos en contacte amb nosaltres.<\/p>\n<table style=\"width: 92.0737%; height: 1996px;\">\n<tbody>\n<tr style=\"height: 55px;\">\n<td style=\"background-color: #e88989; height: 55px; width: 32.9177%;\">\n<h2><b>NOM<\/b><\/h2>\n<\/td>\n<td style=\"background-color: #e88989; height: 55px; width: 38.1546%;\">\n<h2><b>TASCA<\/b><\/h2>\n<\/td>\n<td style=\"background-color: #e88989; height: 55px; width: 28.1796%;\">\n<h2><b>CORREU @<\/b><\/h2>\n<\/td>\n<\/tr>\n<tr style=\"height: 55px;\">\n<td style=\"background-color: #f0ebc2; height: 55px; width: 99.2519%;\" colspan=\"3\">\n<h2><b>EDUCACI\u00d3 INFANTIL<\/b><\/h2>\n<\/td>\n<\/tr>\n<tr style=\"height: 50px;\">\n<td style=\"height: 50px; width: 32.9177%;\">Montse Planas<\/td>\n<td style=\"height: 50px; width: 38.1546%;\"><b>I3A\u00a0 I Coordinadora EI<\/b><\/td>\n<td style=\"height: 50px; width: 28.1796%;\">montseplanas@pfangles.cat<\/td>\n<\/tr>\n<tr style=\"height: 50px;\">\n<td style=\"height: 50px; width: 32.9177%;\">Irene Puig<\/td>\n<td style=\"height: 50px; width: 38.1546%;\"><b>I5B<\/b><\/td>\n<td style=\"height: 50px; width: 28.1796%;\">irenepuig@pfangles.cat<\/td>\n<\/tr>\n<tr style=\"height: 33px;\">\n<td style=\"width: 32.9177%; height: 33px;\">Anna Cullell<\/td>\n<td style=\"width: 38.1546%; height: 33px;\"><b>I4A<\/b><\/td>\n<td style=\"width: 28.1796%; height: 33px;\">annacullell@pfangles.cat<\/td>\n<\/tr>\n<tr style=\"height: 33px;\">\n<td style=\"width: 32.9177%; height: 33px;\">Carme Rieradevall<\/td>\n<td style=\"width: 38.1546%; height: 33px;\"><b>I4B<\/b><\/td>\n<td style=\"width: 28.1796%; height: 33px;\">carmerieradevall@pfangles.cat<\/td>\n<\/tr>\n<tr style=\"height: 50px;\">\n<td style=\"height: 50px; width: 32.9177%;\">Laia Carreras<\/td>\n<td style=\"height: 50px; width: 38.1546%;\"><b>I5A<\/b><\/td>\n<td style=\"height: 50px; width: 28.1796%;\">laiacarreras@pfangles.cat<\/td>\n<\/tr>\n<tr style=\"height: 50px;\">\n<td style=\"height: 50px; width: 32.9177%;\">S\u00edlvia Antoner<\/td>\n<td style=\"height: 50px; width: 38.1546%;\"><b>I5B<\/b><\/td>\n<td style=\"height: 50px; width: 28.1796%;\">silviaantoner@pfangles.cat<\/td>\n<\/tr>\n<tr style=\"height: 50px;\">\n<td style=\"height: 50px; width: 32.9177%;\">Ivet Vivancos<\/td>\n<td style=\"height: 50px; width: 38.1546%;\"><b>TEI<\/b><\/td>\n<td style=\"height: 50px; width: 28.1796%;\">ivetviancos@pfangles.cat<\/td>\n<\/tr>\n<tr style=\"height: 50px;\">\n<td style=\"height: 50px; width: 32.9177%;\">Magda Mart\u00ed<\/td>\n<td style=\"height: 50px; width: 38.1546%;\"><b>M\u00fasica<\/b><\/td>\n<td style=\"height: 50px; width: 28.1796%;\">magdamarti@pfangles.cat<\/td>\n<\/tr>\n<tr style=\"height: 55px;\">\n<td style=\"background-color: #e8dea7; height: 55px; width: 99.2519%;\" colspan=\"3\">\n<h2><b>PRIM\u00c0RIA<\/b><\/h2>\n<\/td>\n<\/tr>\n<tr style=\"height: 50px;\">\n<td style=\"background-color: #d5f0c0; height: 50px; width: 99.2519%;\" colspan=\"3\"><b><i>Cicle Inicial<\/i><\/b><\/td>\n<\/tr>\n<tr style=\"height: 33px;\">\n<td style=\"width: 32.9177%; height: 33px;\">Susana Estiarte<\/td>\n<td style=\"width: 38.1546%; height: 33px;\"><b>P1A<\/b><\/td>\n<td style=\"width: 28.1796%; height: 33px;\">susanaestiarte@pfangles.cat<\/td>\n<\/tr>\n<tr style=\"height: 50px;\">\n<td style=\"height: 50px; width: 32.9177%;\">In\u00e8s Fern\u00e1ndez<\/td>\n<td style=\"height: 50px; width: 38.1546%;\"><b>P1B<\/b><\/td>\n<td style=\"height: 50px; width: 28.1796%;\">inesfernandez@pfangles.cat<\/td>\n<\/tr>\n<tr style=\"height: 33px;\">\n<td style=\"width: 32.9177%; height: 33px;\">Carol agull\u00f3<\/td>\n<td style=\"width: 38.1546%; height: 33px;\"><b>P2 A<\/b><\/td>\n<td style=\"width: 28.1796%; height: 33px;\"><\/td>\n<\/tr>\n<tr style=\"height: 50px;\">\n<td style=\"height: 50px; width: 32.9177%;\">\u00c8lia Masferrer<\/td>\n<td style=\"height: 50px; width: 38.1546%;\"><b>P2 B<\/b><\/td>\n<td style=\"height: 50px; width: 28.1796%;\">eliamasferrer@pfangles.cat<\/td>\n<\/tr>\n<tr style=\"height: 50px;\">\n<td style=\"height: 50px; width: 32.9177%;\">Marta Ribera<\/td>\n<td style=\"height: 50px; width: 38.1546%;\"><b>Pl\u00e0stica + Rob\u00f2tica (CI + CM) Coordinadora CI <\/b><\/td>\n<td style=\"height: 50px; width: 28.1796%;\">martaribera@pfangles.cat<\/td>\n<\/tr>\n<tr style=\"height: 50px;\">\n<td style=\"height: 50px; width: 32.9177%;\">Th\u00fcnde Gergely<\/td>\n<td style=\"height: 50px; width: 38.1546%;\"><b>Llengua Anglesa (CI + P3)<br \/>\n<\/b><\/td>\n<td style=\"height: 50px; width: 28.1796%;\">tundegergely@pfangles.cat<\/td>\n<\/tr>\n<tr style=\"height: 50px;\">\n<td style=\"height: 50px; width: 32.9177%;\">Santi Sureda<\/td>\n<td style=\"height: 50px; width: 38.1546%;\"><b>Educaci\u00f3 F\u00edsica<br \/>\n<\/b><\/td>\n<td style=\"height: 50px; width: 28.1796%;\">santisureda@pfangles.cat<\/td>\n<\/tr>\n<tr style=\"height: 50px;\">\n<td style=\"background-color: #d4f2ae; height: 50px; width: 99.2519%;\" colspan=\"3\"><b><i>Cicle Mitj\u00e0<\/i><\/b><\/td>\n<\/tr>\n<tr style=\"height: 50px;\">\n<td style=\"height: 50px; width: 32.9177%;\">Mireia Costa<\/td>\n<td style=\"height: 50px; width: 38.1546%;\"><b>P3<\/b><\/td>\n<td style=\"height: 50px; width: 28.1796%;\">mireiacosta@pfangles.cat<\/td>\n<\/tr>\n<tr style=\"height: 70px;\">\n<td style=\"height: 70px; width: 32.9177%;\">Ester Carreras (<strong>Coordinadora CM)<\/strong><\/td>\n<td style=\"height: 70px; width: 38.1546%;\"><b>P4 A<\/b><\/td>\n<td style=\"height: 70px; width: 28.1796%;\">estercarreras@pfangles.cat<\/td>\n<\/tr>\n<tr style=\"height: 37px;\">\n<td style=\"width: 32.9177%; height: 37px;\">Marina Val\u00e9s<\/td>\n<td style=\"width: 38.1546%; height: 37px;\"><b>P4 B<\/b><\/td>\n<td style=\"width: 28.1796%; height: 37px;\">marinavales@pfangles.cat<\/td>\n<\/tr>\n<tr style=\"height: 33px;\">\n<td style=\"width: 32.9177%; height: 33px;\">Enric Rius<\/td>\n<td style=\"width: 38.1546%; height: 33px;\"><b>Rob\u00f2tica CM-CS Secretari<\/b><\/td>\n<td style=\"width: 28.1796%; height: 33px;\">enricrius@pfangles.cat<\/td>\n<\/tr>\n<tr style=\"height: 50px;\">\n<td style=\"height: 50px; width: 32.9177%;\">Jordi Vilalta<\/td>\n<td style=\"height: 50px; width: 38.1546%;\"><b>Inform\u00e0tica i <\/b><b>Coordinador Inform\u00e0tic <\/b><\/td>\n<td style=\"height: 50px; width: 28.1796%;\">jordivilalta@pfangles.cat<\/td>\n<\/tr>\n<tr style=\"height: 50px;\">\n<td style=\"height: 50px; width: 32.9177%;\">Ester Bosch<\/td>\n<td style=\"height: 50px; width: 38.1546%;\"><b>Referent matem\u00e0tiques<\/b><\/td>\n<td style=\"height: 50px; width: 28.1796%;\">esterbosch@pfangles.cat<\/td>\n<\/tr>\n<tr style=\"height: 50px;\">\n<td style=\"background-color: #d8edb9; height: 50px; width: 99.2519%;\" colspan=\"3\"><b><i>Cicle Superior<\/i><\/b><\/td>\n<\/tr>\n<tr style=\"height: 33px;\">\n<td style=\"width: 32.9177%; height: 33px;\">Esther Dalmau<\/td>\n<td style=\"width: 38.1546%; height: 33px;\"><b>P5 A<\/b><\/td>\n<td style=\"width: 28.1796%; height: 33px;\">estherdalmau@pfangles.cat<\/td>\n<\/tr>\n<tr style=\"height: 33px;\">\n<td style=\"width: 32.9177%; height: 33px;\">Carla Rams<\/td>\n<td style=\"width: 38.1546%; height: 33px;\"><b>P5 B<\/b><\/td>\n<td style=\"width: 28.1796%; height: 33px;\">carlarams@pfangles.cat<\/td>\n<\/tr>\n<tr style=\"height: 33px;\">\n<td style=\"width: 32.9177%; height: 33px;\">Jordi Ger<\/td>\n<td style=\"width: 38.1546%; height: 33px;\"><b>P5A<\/b><\/td>\n<td style=\"width: 28.1796%; height: 33px;\">jordiger@pfangles.cat<\/td>\n<\/tr>\n<tr>\n<td style=\"width: 32.9177%;\">Anna Serra<\/td>\n<td style=\"width: 38.1546%;\"><b>P6 B<\/b><\/td>\n<td style=\"width: 28.1796%;\">annaserra@pfangles.cat<\/td>\n<\/tr>\n<tr>\n<td style=\"width: 32.9177%;\">Yolanda Ros<\/td>\n<td style=\"width: 38.1546%;\"><b>P6 C<\/b><\/td>\n<td style=\"width: 28.1796%;\">yolandaros@pfangles.cat<\/td>\n<\/tr>\n<tr style=\"height: 33px;\">\n<td style=\"width: 32.9177%; height: 33px;\">Carme Puigderrajols (0,3)<\/td>\n<td style=\"width: 38.1546%; height: 33px;\"><b>Valors (CI + CM + P6)<\/b><\/td>\n<td style=\"width: 28.1796%; height: 33px;\">carmepuigderrajols@pfangles.cat<\/td>\n<\/tr>\n<tr style=\"height: 33px;\">\n<td style=\"width: 32.9177%; height: 33px;\">Vad\u00f3 Coll (0,125)<\/td>\n<td style=\"width: 38.1546%; height: 33px;\"><b>Ciutadania (P5)<\/b><\/td>\n<td style=\"width: 28.1796%; height: 33px;\">vadocoll@pfangles.cat<\/td>\n<\/tr>\n<tr style=\"height: 50px;\">\n<td style=\"height: 50px; width: 32.9177%;\">Sara Castillo (Coordinadora CS)<\/td>\n<td style=\"height: 50px; width: 38.1546%;\"><b>Llengua Anglesa CM-CS<\/b><\/td>\n<td style=\"height: 50px; width: 28.1796%;\">saracastillo@pfangles.cat<\/td>\n<\/tr>\n<tr style=\"height: 50px;\">\n<td style=\"background-color: #ddceeb; height: 50px; width: 99.2519%;\" colspan=\"3\"><b>EDUCACI\u00d3 ESPECIAL<\/b><\/td>\n<\/tr>\n<tr style=\"height: 70px;\">\n<td style=\"height: 70px; width: 32.9177%;\">Anna Collell<\/td>\n<td style=\"height: 70px; width: 38.1546%;\"><b>CAP D\u2019ESTUDIS + Suport infantil C.Fonol\u00f2gica<\/b><\/td>\n<td style=\"height: 70px; width: 28.1796%;\">annacollell@pfangles.cat<\/td>\n<\/tr>\n<tr style=\"height: 50px;\">\n<td style=\"height: 50px; width: 32.9177%;\">Judith Moliner<\/td>\n<td style=\"height: 50px; width: 38.1546%;\"><b>MALL<\/b><\/td>\n<td style=\"height: 50px; width: 28.1796%;\">judithmoliner@pfangles.cat<\/td>\n<\/tr>\n<tr>\n<td style=\"width: 32.9177%;\">Pere Banda<\/td>\n<td style=\"width: 38.1546%;\"><b>\u00a0<\/b><\/td>\n<td style=\"width: 28.1796%;\">Perebanda<span class=\"atwho-query\">@pfangles.cat<\/span><\/td>\n<\/tr>\n<tr style=\"height: 50px;\">\n<td style=\"height: 50px; width: 32.9177%;\">Ana Gonz\u00e1lez<\/td>\n<td style=\"height: 50px; width: 38.1546%;\"><b>Aula d&#8217;acollida i Referent COCOBE\u00a0<\/b><\/td>\n<td style=\"height: 50px; width: 28.1796%;\">anagonzalez@pfangles.cat<\/td>\n<\/tr>\n<tr style=\"height: 29px;\">\n<td style=\"height: 29px; width: 32.9177%;\">Patricia Ballell<\/td>\n<td style=\"height: 29px; width: 38.1546%;\"><strong>Referent emocional<\/strong><\/td>\n<td style=\"height: 29px; width: 28.1796%;\">patriciaballell@pfangles.cat<\/td>\n<\/tr>\n<tr style=\"height: 29px;\">\n<td style=\"height: 29px; width: 32.9177%;\">Mariona Recolons<\/td>\n<td style=\"height: 29px; width: 38.1546%;\"><\/td>\n<td style=\"height: 29px; width: 28.1796%;\">marionarecolons@pfangles.cat<\/td>\n<\/tr>\n<tr>\n<td style=\"width: 32.9177%;\"><\/td>\n<td style=\"width: 38.1546%;\"><\/td>\n<td style=\"width: 28.1796%;\"><\/td>\n<\/tr>\n<\/tbody>\n<\/table>\n","protected":false},"excerpt":{"rendered":"<p>Actualitzat setembre 2025: Aqu\u00ed trobareu el correu dels mestres del centre per si durant el curs creieu oport\u00fa posar-vos en contacte amb nosaltres. NOM TASCA CORREU @ EDUCACI\u00d3 INFANTIL Montse Planas I3A\u00a0 I Coordinadora EI montseplanas@pfangles.cat Irene Puig I5B irenepuig@pfangles.cat Anna Cullell I4A annacullell@pfangles.cat Carme Rieradevall I4B carmerieradevall@pfangles.cat Laia Carreras I5A laiacarreras@pfangles.cat S\u00edlvia Antoner I5B [&hellip;]<\/p>\n","protected":false},"author":1,"featured_media":0,"parent":0,"menu_order":0,"comment_status":"closed","ping_status":"closed","template":"","meta":{"_bbp_topic_count":0,"_bbp_reply_count":0,"_bbp_total_topic_count":0,"_bbp_total_reply_count":0,"_bbp_voice_count":0,"_bbp_anonymous_reply_count":0,"_bbp_topic_count_hidden":0,"_bbp_reply_count_hidden":0,"_bbp_forum_subforum_count":0,"site-sidebar-layout":"default","site-content-layout":"","ast-site-content-layout":"default","site-content-style":"default","site-sidebar-style":"default","ast-global-header-display":"","ast-banner-title-visibility":"","ast-main-header-display":"","ast-hfb-above-header-display":"","ast-hfb-below-header-display":"","ast-hfb-mobile-header-display":"","site-post-title":"","ast-breadcrumbs-content":"","ast-featured-img":"","footer-sml-layout":"","theme-transparent-header-meta":"default","adv-header-id-meta":"","stick-header-meta":"","header-above-stick-meta":"","header-main-stick-meta":"","header-below-stick-meta":"","astra-migrate-meta-layouts":"set","ast-page-background-enabled":"default","ast-page-background-meta":{"desktop":{"background-color":"var(--ast-global-color-4)","background-image":"","background-repeat":"repeat","background-position":"center center","background-size":"auto","background-attachment":"scroll","background-type":"","background-media":"","overlay-type":"","overlay-color":"","overlay-opacity":"","overlay-gradient":""},"tablet":{"background-color":"","background-image":"","background-repeat":"repeat","background-position":"center center","background-size":"auto","background-attachment":"scroll","background-type":"","background-media":"","overlay-type":"","overlay-color":"","overlay-opacity":"","overlay-gradient":""},"mobile":{"background-color":"","background-image":"","background-repeat":"repeat","background-position":"center center","background-size":"auto","background-attachment":"scroll","background-type":"","background-media":"","overlay-type":"","overlay-color":"","overlay-opacity":"","overlay-gradient":""}},"ast-content-background-meta":{"desktop":{"background-color":"var(--ast-global-color-5)","background-image":"","background-repeat":"repeat","background-position":"center center","background-size":"auto","background-attachment":"scroll","background-type":"","background-media":"","overlay-type":"","overlay-color":"","overlay-opacity":"","overlay-gradient":""},"tablet":{"background-color":"var(--ast-global-color-5)","background-image":"","background-repeat":"repeat","background-position":"center center","background-size":"auto","background-attachment":"scroll","background-type":"","background-media":"","overlay-type":"","overlay-color":"","overlay-opacity":"","overlay-gradient":""},"mobile":{"background-color":"var(--ast-global-color-5)","background-image":"","background-repeat":"repeat","background-position":"center center","background-size":"auto","background-attachment":"scroll","background-type":"","background-media":"","overlay-type":"","overlay-color":"","overlay-opacity":"","overlay-gradient":""}},"footnotes":""},"class_list":["post-2207","page","type-page","status-publish","hentry"],"post_mailing_queue_ids":[],"_links":{"self":[{"href":"https:\/\/agora.xtec.cat\/escpfangles\/wp-json\/wp\/v2\/pages\/2207","targetHints":{"allow":["GET"]}}],"collection":[{"href":"https:\/\/agora.xtec.cat\/escpfangles\/wp-json\/wp\/v2\/pages"}],"about":[{"href":"https:\/\/agora.xtec.cat\/escpfangles\/wp-json\/wp\/v2\/types\/page"}],"author":[{"embeddable":true,"href":"https:\/\/agora.xtec.cat\/escpfangles\/wp-json\/wp\/v2\/users\/1"}],"replies":[{"embeddable":true,"href":"https:\/\/agora.xtec.cat\/escpfangles\/wp-json\/wp\/v2\/comments?post=2207"}],"version-history":[{"count":6,"href":"https:\/\/agora.xtec.cat\/escpfangles\/wp-json\/wp\/v2\/pages\/2207\/revisions"}],"predecessor-version":[{"id":6657,"href":"https:\/\/agora.xtec.cat\/escpfangles\/wp-json\/wp\/v2\/pages\/2207\/revisions\/6657"}],"wp:attachment":[{"href":"https:\/\/agora.xtec.cat\/escpfangles\/wp-json\/wp\/v2\/media?parent=2207"}],"curies":[{"name":"wp","href":"https:\/\/api.w.org\/{rel}","templated":true}]}}