{"id":2165,"date":"2020-03-16T16:49:46","date_gmt":"2020-03-16T15:49:46","guid":{"rendered":"https:\/\/agora.xtec.cat\/escpfangles\/?page_id=2165"},"modified":"2020-04-05T23:41:08","modified_gmt":"2020-04-05T21:41:08","slug":"alumnat-nou-vingut","status":"publish","type":"page","link":"https:\/\/agora.xtec.cat\/escpfangles\/alumnat-nou-vingut\/","title":{"rendered":"ALUMNAT NOU VINGUT"},"content":{"rendered":"<h1><span style=\"color: #ff0000;\">TERCERA SETMANA (del 30 de mar\u00e7 al 5 d&#8217;abril)<\/span><\/h1>\n<p>Es pot anar avan\u00e7ant del\u00a0 dossier. En cas que no el tingueu a la seg\u00fcent adre\u00e7a hi ha les diferents unitats i temes:<\/p>\n<p><a href=\"https:\/\/sites.google.com\/site\/materialdauladacollida\/home\/dossiers\/comencem-dossier-alumnat\">https:\/\/sites.google.com\/site\/materialdauladacollida\/home\/dossiers\/comencem-dossier-alumnat<\/a><\/p>\n<p><span style=\"color: #ff9900;\"><b>Acabats d\u2019arribar\u00a0<\/b><\/span><\/p>\n<p>Acabar la unitat 2<\/p>\n<ul>\n<li>En aquest enlla\u00e7 hi ha un sortit de contes il.lustrats. Al llarg d&#8217;aquesta setmana\u00a0 mireu i escolteu dues vegades els dos seg\u00fcents:<\/li>\n<\/ul>\n<p><a href=\"https:\/\/www.ccma.cat\/tv3\/super3\/una-ma-de-contes\/tots-els-contes\/\">https:\/\/www.ccma.cat\/tv3\/super3\/una-ma-de-contes\/tots-els-contes\/<\/a><\/p>\n<p>El cargol i l\u2019 herba de poliol\u00a0 i En Pere sense por<\/p>\n<p>&nbsp;<\/p>\n<p><span style=\"color: #ff9900;\"><b>Cicle mitj\u00e0\u00a0<\/b><\/span><\/p>\n<p>Acabar la\u00a0 unitat 4<\/p>\n<p>&nbsp;<\/p>\n<p>Mirar els dos contes anteriors d\u2019 una m\u00e0 de contes i tot seguit escriviu 5 paraules i 2 frases de cadascun<\/p>\n<ul>\n<li>MUD DE MOTS BLOC 2<\/li>\n<li>Dibuixa contes betev\u00e9 <a href=\"https:\/\/www.youtube.com\/watch?v=qrDEHvWtnnc&amp;list=PL2AmHGfCW3dmHPyM6Xa5E6PDDF4tI5Fkb\">https:\/\/www.youtube.com\/watch?v=qrDEHvWtnnc&amp;list=PL2AmHGfCW3dmHPyM6Xa5E6PDDF4tI5Fkb<\/a><\/li>\n<\/ul>\n<p>&nbsp;<\/p>\n<p><span style=\"color: #ff9900;\"><b>Cicle superior\u00a0<\/b><\/span><\/p>\n<p>Acabar la\u00a0 unitat 8<\/p>\n<ul>\n<li>100 paraules per escriure <a href=\"https:\/\/clic.xtec.cat\/projects\/100paraules\/jclic.js\/index.html\">https:\/\/clic.xtec.cat\/projects\/100paraules\/jclic.js\/index.html<\/a><\/li>\n<li><a href=\"https:\/\/clic.xtec.cat\/gali\/gali.html\">https:\/\/clic.xtec.cat\/gali\/gali.html<\/a>\u00a0 Gal\u00ed guia en l\u00ednea per aprendre catal\u00e0 triar variant catal\u00e0 central<\/li>\n<\/ul>\n<h1><\/h1>\n<h1><\/h1>\n<h1><\/h1>\n<h1><span style=\"color: #ff9900;\">Segona setmana (del 23 al 29 de mar\u00e7 20)<\/span><\/h1>\n<p>Es pot anar avan\u00e7ant del\u00a0 dossier. En cas que no tinguin el vostre\u00a0 material adaptat, a la seg\u00fcent adre\u00e7a hi ha les diferents unitats i temes:<\/p>\n<p><a href=\"https:\/\/sites.google.com\/site\/materialdauladacollida\/home\/dossiers\/comencem-dossier-alumnat\">https:\/\/sites.google.com\/site\/materialdauladacollida\/home\/dossiers\/comencem-dossier-alumnat<\/a><\/p>\n<p><b>Acabats d\u2019arribar\u00a0<\/b><\/p>\n<p>Unitat 1 i unitat 2<\/p>\n<p><b>Cicle mitj\u00e0\u00a0<\/b><\/p>\n<p>Acabar unitats\u00a0 3 i 4<\/p>\n<p><b>Cicle superior\u00a0<\/b><\/p>\n<p>Acabar\u00a0 unitat 7 i 8<\/p>\n<p>&nbsp;<\/p>\n<p><b>CONTES\u00a0<\/b><\/p>\n<p>En aquest enlla\u00e7 hi ha un sortit de contes il.lustrats. Al llarg d&#8217;aquesta setmana en\u00a0 trieu dos, i els mireu i escolteu dues vegades<b>.<\/b><\/p>\n<p><a href=\"https:\/\/www.ccma.cat\/tv3\/super3\/una-ma-de-contes\/tots-els-contes\/\"><b>https:\/\/www.ccma.cat\/tv3\/super3\/una-ma-de-contes\/tots-els-contes\/<\/b><\/a><\/p>\n<p>&nbsp;<\/p>\n<p><a href=\"https:\/\/www.youtube.com\/playlist?list=PLfYXIo5iXYsj04jeWyKuYbsOpc3AgFyPz\">https:\/\/www.youtube.com\/playlist?list=PLfYXIo5iXYsj04jeWyKuYbsOpc3AgFyPz<\/a><\/p>\n<h1><span style=\"color: #ff9900;\"><strong>Primera setmana<\/strong><\/span><\/h1>\n<p><b>ALUMNAT NOUVINGUT,\u00a0<\/b><b>\u00a0D\u2019 AULA D\u2019 ACOLLIDA\u00a0<\/b><\/p>\n<p><span style=\"font-weight: 400;\">Es pot\u00a0 repassar la darrera unitat\u00a0 i anar avan\u00e7ant del dossier.\u00a0<\/span><\/p>\n<p><span style=\"font-weight: 400;\">En cas que no tinguin el seu material adaptat, a la seg\u00fcent adre\u00e7a hi ha les diferents unitats i temes:\u00a0<\/span><\/p>\n<p><a href=\"https:\/\/sites.google.com\/site\/materialdauladacollida\/home\/dossiers\/comencem-dossier-alumnat\"><span style=\"font-weight: 400;\">https:\/\/sites.google.com\/site\/materialdauladacollida\/home\/dossiers\/comencem-dossier-alumnat<\/span><\/a><\/p>\n<p><b>Acabats d\u2019arribar\u00a0<\/b><\/p>\n<p><span style=\"font-weight: 400;\">Comen\u00e7ar per la unitat 1 .\u00a0<\/span><\/p>\n<p><b>Cicle mitj\u00e0\u00a0<\/b><\/p>\n<p><span style=\"font-weight: 400;\">Repassar unitats 3 i 4 i anar avan\u00e7ant\u00a0<\/span><\/p>\n<p><b>Cicle superior\u00a0<\/b><\/p>\n<p><span style=\"font-weight: 400;\">Repassar unitat 7 i 8 i anar avan\u00e7ant\u00a0<\/span><\/p>\n","protected":false},"excerpt":{"rendered":"<p>TERCERA SETMANA (del 30 de mar\u00e7 al 5 d&#8217;abril) Es pot anar avan\u00e7ant del\u00a0 dossier. En cas que no el tingueu a la seg\u00fcent adre\u00e7a hi ha les diferents unitats i temes: https:\/\/sites.google.com\/site\/materialdauladacollida\/home\/dossiers\/comencem-dossier-alumnat Acabats d\u2019arribar\u00a0 Acabar la unitat 2 En aquest enlla\u00e7 hi ha un sortit de contes il.lustrats. Al llarg d&#8217;aquesta setmana\u00a0 mireu i [&hellip;]<\/p>\n","protected":false},"author":1,"featured_media":0,"parent":0,"menu_order":0,"comment_status":"closed","ping_status":"closed","template":"page-templates\/side-menu.php","meta":{"_bbp_topic_count":0,"_bbp_reply_count":0,"_bbp_total_topic_count":0,"_bbp_total_reply_count":0,"_bbp_voice_count":0,"_bbp_anonymous_reply_count":0,"_bbp_topic_count_hidden":0,"_bbp_reply_count_hidden":0,"_bbp_forum_subforum_count":0,"site-sidebar-layout":"default","site-content-layout":"","ast-site-content-layout":"","site-content-style":"default","site-sidebar-style":"default","ast-global-header-display":"","ast-banner-title-visibility":"","ast-main-header-display":"","ast-hfb-above-header-display":"","ast-hfb-below-header-display":"","ast-hfb-mobile-header-display":"","site-post-title":"","ast-breadcrumbs-content":"","ast-featured-img":"","footer-sml-layout":"","theme-transparent-header-meta":"","adv-header-id-meta":"","stick-header-meta":"","header-above-stick-meta":"","header-main-stick-meta":"","header-below-stick-meta":"","astra-migrate-meta-layouts":"default","ast-page-background-enabled":"default","ast-page-background-meta":{"desktop":{"background-color":"var(--ast-global-color-4)","background-image":"","background-repeat":"repeat","background-position":"center center","background-size":"auto","background-attachment":"scroll","background-type":"","background-media":"","overlay-type":"","overlay-color":"","overlay-opacity":"","overlay-gradient":""},"tablet":{"background-color":"","background-image":"","background-repeat":"repeat","background-position":"center center","background-size":"auto","background-attachment":"scroll","background-type":"","background-media":"","overlay-type":"","overlay-color":"","overlay-opacity":"","overlay-gradient":""},"mobile":{"background-color":"","background-image":"","background-repeat":"repeat","background-position":"center center","background-size":"auto","background-attachment":"scroll","background-type":"","background-media":"","overlay-type":"","overlay-color":"","overlay-opacity":"","overlay-gradient":""}},"ast-content-background-meta":{"desktop":{"background-color":"var(--ast-global-color-5)","background-image":"","background-repeat":"repeat","background-position":"center center","background-size":"auto","background-attachment":"scroll","background-type":"","background-media":"","overlay-type":"","overlay-color":"","overlay-opacity":"","overlay-gradient":""},"tablet":{"background-color":"var(--ast-global-color-5)","background-image":"","background-repeat":"repeat","background-position":"center center","background-size":"auto","background-attachment":"scroll","background-type":"","background-media":"","overlay-type":"","overlay-color":"","overlay-opacity":"","overlay-gradient":""},"mobile":{"background-color":"var(--ast-global-color-5)","background-image":"","background-repeat":"repeat","background-position":"center center","background-size":"auto","background-attachment":"scroll","background-type":"","background-media":"","overlay-type":"","overlay-color":"","overlay-opacity":"","overlay-gradient":""}},"footnotes":""},"class_list":["post-2165","page","type-page","status-publish","hentry"],"post_mailing_queue_ids":[],"_links":{"self":[{"href":"https:\/\/agora.xtec.cat\/escpfangles\/wp-json\/wp\/v2\/pages\/2165","targetHints":{"allow":["GET"]}}],"collection":[{"href":"https:\/\/agora.xtec.cat\/escpfangles\/wp-json\/wp\/v2\/pages"}],"about":[{"href":"https:\/\/agora.xtec.cat\/escpfangles\/wp-json\/wp\/v2\/types\/page"}],"author":[{"embeddable":true,"href":"https:\/\/agora.xtec.cat\/escpfangles\/wp-json\/wp\/v2\/users\/1"}],"replies":[{"embeddable":true,"href":"https:\/\/agora.xtec.cat\/escpfangles\/wp-json\/wp\/v2\/comments?post=2165"}],"version-history":[{"count":3,"href":"https:\/\/agora.xtec.cat\/escpfangles\/wp-json\/wp\/v2\/pages\/2165\/revisions"}],"predecessor-version":[{"id":2299,"href":"https:\/\/agora.xtec.cat\/escpfangles\/wp-json\/wp\/v2\/pages\/2165\/revisions\/2299"}],"wp:attachment":[{"href":"https:\/\/agora.xtec.cat\/escpfangles\/wp-json\/wp\/v2\/media?parent=2165"}],"curies":[{"name":"wp","href":"https:\/\/api.w.org\/{rel}","templated":true}]}}