{"id":2137,"date":"2020-03-16T13:46:21","date_gmt":"2020-03-16T12:46:21","guid":{"rendered":"https:\/\/agora.xtec.cat\/escpfangles\/?page_id=2137"},"modified":"2020-04-05T23:40:41","modified_gmt":"2020-04-05T21:40:41","slug":"deures-de-plastica","status":"publish","type":"page","link":"https:\/\/agora.xtec.cat\/escpfangles\/deures-de-plastica\/","title":{"rendered":"Deures de pl\u00e0stica"},"content":{"rendered":"<h1><span style=\"color: #ff0000;\">TERCERA SETMANA (del 30 de mar\u00e7 al 5 d&#8217;abril)<\/span><\/h1>\n<h2><span style=\"color: #99cc00;\"><b>3r i 4t curs<\/b><\/span><\/h2>\n<p>Hola nois i noies. S\u2019apropa Setmana Santa, aix\u00ed que enlloc de deures he pensat proposar-vos una activitat diferent. Us poso uns enlla\u00e7os per fer manualitats i dibuixos. La vostra tasca ser\u00e0 fer-ne una o dues o m\u00e9s i enviar-me una foto de cada manualitat que feu al meu correu. No tenen que ser ben iguals a les que jo us proposo, adapteu-les als vostres gustos o feu-ne alguna altra de ben diferent. M\u00e9s endavant mirarem com penjar-les perqu\u00e8 tothom les pugui veure.<\/p>\n<p>Si no teniu silicona, moltes vegades amb cola blanca enganxa igual. Si voleu, les podeu fer en fam\u00edlia.<\/p>\n<ul>\n<li><a href=\"https:\/\/www.youtube.com\/watch?v=etKYNLHKMjw\">https:\/\/www.youtube.com\/watch?v=etKYNLHKMjw<\/a><\/li>\n<li><a href=\"https:\/\/www.youtube.com\/watch?v=oY1NmFM103g\">https:\/\/www.youtube.com\/watch?v=oY1NmFM103g<\/a><\/li>\n<li><a href=\"https:\/\/www.youtube.com\/watch?v=_2hrSYiYPUM\">https:\/\/www.youtube.com\/watch?v=_2hrSYiYPUM<\/a><\/li>\n<li><a href=\"https:\/\/www.youtube.com\/watch?v=x9F91_KJWjc\">https:\/\/www.youtube.com\/watch?v=x9F91_KJWjc<\/a><\/li>\n<li><a href=\"https:\/\/www.youtube.com\/watch?v=peoUBx359oE\">https:\/\/www.youtube.com\/watch?v=peoUBx359oE<\/a><\/li>\n<li><a href=\"https:\/\/www.youtube.com\/watch?v=eKQH36-Xy48\">https:\/\/www.youtube.com\/watch?v=eKQH36-Xy48<\/a><\/li>\n<li><a href=\"https:\/\/www.youtube.com\/watch?v=NrVg3HYTHKU\">https:\/\/www.youtube.com\/watch?v=NrVg3HYTHKU<\/a><\/li>\n<li><a href=\"https:\/\/www.youtube.com\/watch?v=dskUsesDqEw\">https:\/\/www.youtube.com\/watch?v=dskUsesDqEw<\/a><\/li>\n<\/ul>\n<p>ATENCI\u00d3 ALUMNES DE 3r: aneu buscant un tros de cartr\u00f3 o cartolina de 20 x 20 cm m\u00e9s o menys per fer una activitat m\u00e9s endavant. Guardeu tamb\u00e9 alguna cartolina que tingueu per casa. No les utilitzeu totes amb aquestes manualitat.<\/p>\n<h2><span style=\"color: #99cc00;\"><b>5\u00e8 i 6\u00e8 curs<\/b><\/span><\/h2>\n<p>Hola a tots. Aquest cop us proposo als dos cursos la mateixa activitat: comencem a treballar la perspectiva. Per\u00f2 qu\u00e8 \u00e9s la perspectiva? Cada cop que feu un dibuix us intento explicar que el feu pla, sense volum i que la realitat t\u00e9 volum. En dibuix, dir\u00edem que dibuixeu en 2D quan la realitat \u00e9s en 3D. Ja s\u00e9 que seguiu sense entendre res. Tranquils. Us passo un enlla\u00e7 on ho trobareu molt ben explicat, tal i com jo us ho faria a classe. Fixeu-vos molt b\u00e9 en el punt de fuga (si teniu un germ\u00e0 o germana a 3r ells saben el qu\u00e8 \u00e9s perqu\u00e8 ho vam treballar a classe). Despr\u00e9s de l\u2019explicaci\u00f3 b\u00e9 com fer un paisatge d\u2019un carrer amb cases en un costat i arbres a l\u2019altre. aquesta ser\u00e0 la vostra tasca per aquesta quinzena: dibuixar un carrer seguint aquests passos.<\/p>\n<p><a href=\"http:\/\/expressem-artsioficis.blogspot.com\/2012\/11\/la-perspectiva-per-nens.html\">http:\/\/expressem-artsioficis.blogspot.com\/2012\/11\/la-perspectiva-per-nens.html<\/a><\/p>\n<p>Espero els vostres dibuixos amb molta il\u00b7lusi\u00f3. S\u00e9 que ho fareu molt b\u00e9. Els alumnes de 6\u00e8 fixeu-vos molt b\u00e9 perqu\u00e8 \u00e9s una de les coses que fareu a l\u2019IES. Penseu que \u00e9s una preparaci\u00f3 pel que fareu el proper curs.<\/p>\n<p>Qualsevol dubte que tingueu em podeu escriure al meu correu. Us donar\u00e9 un cop de m\u00e0 en tot all\u00f2 que necessiteu.<\/p>\n<p>Per Setmana Santa, podeu mirar els enlla\u00e7os de 3r i 4t, encara que no s\u00e9 si us agradaran, i, si voleu aprendre a dibuixar millor, aqu\u00ed us deixo un enlla\u00e7 que us pot anar molt b\u00e9:<\/p>\n<p><a href=\"https:\/\/www.youtube.com\/watch?v=UXhxTYacVVo\">https:\/\/www.youtube.com\/watch?v=UXhxTYacVVo<\/a><\/p>\n<p>Aqu\u00ed teniu un altre enlla\u00e7 on ensenya diferents formes de fer sanefes:<\/p>\n<p><a href=\"https:\/\/www.youtube.com\/watch?v=3qXWm0UR73M\">https:\/\/www.youtube.com\/watch?v=3qXWm0UR73M<\/a><\/p>\n<p>I aqu\u00ed en teniu un altre per treballar amb paci\u00e8ncia perqu\u00e8 les mides han de ser exactes i fer-ho poc a poc:<\/p>\n<p><a href=\"https:\/\/www.youtube.com\/watch?v=-0OostNoub8\">https:\/\/www.youtube.com\/watch?v=-0OostNoub8<\/a><\/p>\n<p>&nbsp;<\/p>\n<h2><span style=\"color: #99cc00;\"><b>***TOTS ELS CURSOS***<\/b><\/span><\/h2>\n<p><b>ACTIVITAT PER PASSAR L\u2019ESTONA DE FORMA DIFERENT: en el seg\u00fcent enlla\u00e7 podreu gaudir de visites virtuals a 10 museus del m\u00f3n. Podeu veure el que m\u00e9s us cridi l\u2019atenci\u00f3 o tots, sols o amb la fam\u00edlia. Segur que trobareu coses diferents a les que penseu. \u00c9s una altra manera de visitar un museu sense moure&#8217;s de casa.<\/b><\/p>\n<p><a href=\"https:\/\/www.theguardian.com\/travel\/2020\/mar\/23\/10-of-the-worlds-best-virtual-museum-and-art-gallery-tours\"><b>https:\/\/www.theguardian.com\/travel\/2020\/mar\/23\/10-of-the-worlds-best-virtual-museum-and-art-gallery-tours<\/b><\/a><\/p>\n<h1><\/h1>\n<h1><\/h1>\n<h1><\/h1>\n<h1><span style=\"color: #00ccff;\">Segona setmana (del 23 al 29 de mar\u00e7 20)<\/span><\/h1>\n<h6>La proposta de deures de pl\u00e0stica seran quinzenals, per aix\u00f2 aquesta setmana no n\u2019hi ha. Encara que no s\u00f3n obligatoris, s\u00ed que \u00e9s recomanable que els f\u00e9u per poder continuar amb normalitat quan\u00a0 tornem a l\u2019escola.<\/h6>\n<h6>Us agrairia que em f\u00e9ssiu arribar els vostres treballs, quan els aneu acabant, al correu <a href=\"mailto:martaribera@pfangles.cat\">martaribera@pfangles.cat<\/a> En el correu poseu-me, com sempre fem a la classe, el vostre nom, la classe i el n\u00famero de llista. Qualsevol pregunta que tingueu no dubteu a escriure\u2019m. No cal que sigui sobre els deures, tamb\u00e9 m\u2019agradaria saber com us va tot durant aquests dies tant estranys per a tots nosaltres. Gr\u00e0cies.<\/h6>\n<h1><\/h1>\n<h1><\/h1>\n<h1><\/h1>\n<h1><span style=\"color: #ff6600;\">Primera setmana del 16 al 22<\/span><\/h1>\n<p><b>3r curs<\/b><\/p>\n<p><span style=\"font-weight: 400;\">Dibuixar un paisatge de camps amb un punt de fuga. Recordeu que els objectes contra m\u00e9s lluny estiguin m\u00e9s petits es veuen. Es pot pintar amb la t\u00e8cnica que cadascun vulgui.<\/span><\/p>\n<p>&nbsp;<\/p>\n<p><b>4t curs<\/b><\/p>\n<p><span style=\"font-weight: 400;\">Dibuixar all\u00f2 que es veu per una finestra de casa vostra. Fixeu-vos que els objectes que estan m\u00e9s lluny es veuen molt m\u00e9s petits que els que estan a prop. Ho podeu pintar amb la t\u00e8cnica que volgueu.<\/span><\/p>\n<p>&nbsp;<\/p>\n<p><b>5\u00e8 curs<\/b><\/p>\n<p><span style=\"font-weight: 400;\">Agafar una foto vostre o d\u2019algun membre de la fam\u00edlia i dibuixar la seva cara en un full blanc dinA-4. Recordeu les proporcions que vam treballar a la classe. Si no les recordeu podreu trobar-les al seg\u00fcent enlla\u00e7:<\/span><\/p>\n<p><a href=\"https:\/\/santiroman.blogspot.com\/2011\/02\/com-dibuixar-una-cara-de-front.html\"><span style=\"font-weight: 400;\">https:\/\/santiroman.blogspot.com\/2011\/02\/com-dibuixar-una-cara-de-front.html<\/span><\/a><\/p>\n<p>&nbsp;<\/p>\n<p><a href=\"https:\/\/santiroman.blogspot.com\/2011\/03\/com-dibuixar-un-cos-huma-proporcionat.html\"><span style=\"font-weight: 400;\">https:\/\/santiroman.blogspot.com\/2011\/03\/com-dibuixar-un-cos-huma-proporcionat.html<\/span><\/a><\/p>\n<p><b>6\u00e8 curs<\/b><\/p>\n<p><span style=\"font-weight: 400;\">Dibuixar un home o una dona vestits amb tots els complements (sabates, corbata, barret, arrecades, collarets,&#8230;.) respectant les proporcions que hem estudiat a la classe. La teoria que vam estudiar la podeu trobar en els seg\u00fcents enlla\u00e7os (el primer \u00e9s per fer l\u2019home i el segon per fer la dona):\u00a0<\/span><\/p>\n<p><a href=\"https:\/\/santiroman.blogspot.com\/2011\/09\/com-dibuixar-un-cos-femeni-proporcionat.html\"><span style=\"font-weight: 400;\">https:\/\/santiroman.blogspot.com\/2011\/09\/com-dibuixar-un-cos-femeni-proporcionat.html<\/span><\/a><\/p>\n","protected":false},"excerpt":{"rendered":"<p>TERCERA SETMANA (del 30 de mar\u00e7 al 5 d&#8217;abril) 3r i 4t curs Hola nois i noies. S\u2019apropa Setmana Santa, aix\u00ed que enlloc de deures he pensat proposar-vos una activitat diferent. Us poso uns enlla\u00e7os per fer manualitats i dibuixos. La vostra tasca ser\u00e0 fer-ne una o dues o m\u00e9s i enviar-me una foto de [&hellip;]<\/p>\n","protected":false},"author":1,"featured_media":0,"parent":0,"menu_order":0,"comment_status":"closed","ping_status":"closed","template":"page-templates\/side-menu.php","meta":{"_bbp_topic_count":0,"_bbp_reply_count":0,"_bbp_total_topic_count":0,"_bbp_total_reply_count":0,"_bbp_voice_count":0,"_bbp_anonymous_reply_count":0,"_bbp_topic_count_hidden":0,"_bbp_reply_count_hidden":0,"_bbp_forum_subforum_count":0,"site-sidebar-layout":"default","site-content-layout":"","ast-site-content-layout":"","site-content-style":"default","site-sidebar-style":"default","ast-global-header-display":"","ast-banner-title-visibility":"","ast-main-header-display":"","ast-hfb-above-header-display":"","ast-hfb-below-header-display":"","ast-hfb-mobile-header-display":"","site-post-title":"","ast-breadcrumbs-content":"","ast-featured-img":"","footer-sml-layout":"","theme-transparent-header-meta":"","adv-header-id-meta":"","stick-header-meta":"","header-above-stick-meta":"","header-main-stick-meta":"","header-below-stick-meta":"","astra-migrate-meta-layouts":"default","ast-page-background-enabled":"default","ast-page-background-meta":{"desktop":{"background-color":"var(--ast-global-color-4)","background-image":"","background-repeat":"repeat","background-position":"center center","background-size":"auto","background-attachment":"scroll","background-type":"","background-media":"","overlay-type":"","overlay-color":"","overlay-opacity":"","overlay-gradient":""},"tablet":{"background-color":"","background-image":"","background-repeat":"repeat","background-position":"center center","background-size":"auto","background-attachment":"scroll","background-type":"","background-media":"","overlay-type":"","overlay-color":"","overlay-opacity":"","overlay-gradient":""},"mobile":{"background-color":"","background-image":"","background-repeat":"repeat","background-position":"center center","background-size":"auto","background-attachment":"scroll","background-type":"","background-media":"","overlay-type":"","overlay-color":"","overlay-opacity":"","overlay-gradient":""}},"ast-content-background-meta":{"desktop":{"background-color":"var(--ast-global-color-5)","background-image":"","background-repeat":"repeat","background-position":"center center","background-size":"auto","background-attachment":"scroll","background-type":"","background-media":"","overlay-type":"","overlay-color":"","overlay-opacity":"","overlay-gradient":""},"tablet":{"background-color":"var(--ast-global-color-5)","background-image":"","background-repeat":"repeat","background-position":"center center","background-size":"auto","background-attachment":"scroll","background-type":"","background-media":"","overlay-type":"","overlay-color":"","overlay-opacity":"","overlay-gradient":""},"mobile":{"background-color":"var(--ast-global-color-5)","background-image":"","background-repeat":"repeat","background-position":"center center","background-size":"auto","background-attachment":"scroll","background-type":"","background-media":"","overlay-type":"","overlay-color":"","overlay-opacity":"","overlay-gradient":""}},"footnotes":""},"class_list":["post-2137","page","type-page","status-publish","hentry"],"post_mailing_queue_ids":[],"_links":{"self":[{"href":"https:\/\/agora.xtec.cat\/escpfangles\/wp-json\/wp\/v2\/pages\/2137","targetHints":{"allow":["GET"]}}],"collection":[{"href":"https:\/\/agora.xtec.cat\/escpfangles\/wp-json\/wp\/v2\/pages"}],"about":[{"href":"https:\/\/agora.xtec.cat\/escpfangles\/wp-json\/wp\/v2\/types\/page"}],"author":[{"embeddable":true,"href":"https:\/\/agora.xtec.cat\/escpfangles\/wp-json\/wp\/v2\/users\/1"}],"replies":[{"embeddable":true,"href":"https:\/\/agora.xtec.cat\/escpfangles\/wp-json\/wp\/v2\/comments?post=2137"}],"version-history":[{"count":3,"href":"https:\/\/agora.xtec.cat\/escpfangles\/wp-json\/wp\/v2\/pages\/2137\/revisions"}],"predecessor-version":[{"id":2298,"href":"https:\/\/agora.xtec.cat\/escpfangles\/wp-json\/wp\/v2\/pages\/2137\/revisions\/2298"}],"wp:attachment":[{"href":"https:\/\/agora.xtec.cat\/escpfangles\/wp-json\/wp\/v2\/media?parent=2137"}],"curies":[{"name":"wp","href":"https:\/\/api.w.org\/{rel}","templated":true}]}}