{"id":2128,"date":"2020-03-16T13:31:04","date_gmt":"2020-03-16T12:31:04","guid":{"rendered":"https:\/\/agora.xtec.cat\/escpfangles\/?page_id=2128"},"modified":"2020-04-05T23:40:57","modified_gmt":"2020-04-05T21:40:57","slug":"deures-de-musica","status":"publish","type":"page","link":"https:\/\/agora.xtec.cat\/escpfangles\/deures-de-musica\/","title":{"rendered":"Deures de m\u00fasica"},"content":{"rendered":"<h1 style=\"text-align: left;\"><b>\u00a0\u00a0\u00a0<\/b><span style=\"color: #ff0000;\">TERCERA SETMANA (del 30 de mar\u00e7 al 5 d&#8217;abril)<\/span><\/h1>\n<h1 style=\"text-align: left;\"><b>\u00a0<\/b><\/h1>\n<p>&nbsp;<\/p>\n<p><b>\u00a0\u00a0\u00a0 <\/b><span style=\"color: #ff0000;\"><b>4t: <\/b><\/span>Mireu el curtmetratge \u201cMariza\u201d. Escriviu quina import\u00e0ncia t\u00e9 la m\u00fasica en aquesta hist\u00f2ria.<\/p>\n<p><a href=\"https:\/\/youtu.be\/DJ1dGv-eam8\">https:\/\/youtu.be\/DJ1dGv-eam8<\/a><\/p>\n<p>&nbsp;<\/p>\n<p><b><span style=\"color: #ff0000;\">5\u00e8<\/span>: <\/b>Veure el v\u00eddeo de l\u2019enlla\u00e7 que us passo.<\/p>\n<p><a href=\"https:\/\/youtu.be\/G4nX0Xrn-wo\">https:\/\/youtu.be\/G4nX0Xrn-wo<\/a><\/p>\n<p>Quin objecte acompanya l\u2019orquestra?<\/p>\n<p>Expliqueu qu\u00e8 us ha semblat.<\/p>\n<p>&nbsp;<\/p>\n<p><span style=\"color: #ff0000;\"><b>6\u00e8: <\/b><\/span>Com que durant uns dies no haurem pogut fer els treballs de m\u00fasica en grup que tant us agraden, us demano que en feu un individualment durant aquesta setmana.<\/p>\n<p>Recordeu que ha de ser molt senzill:<\/p>\n<ul>\n<li>Nom de la can\u00e7\u00f3.<\/li>\n<li>Nom del\/de la cantant o grup que l\u2019interpreta.<\/li>\n<li>Qu\u00e8 ens explica la can\u00e7\u00f3?<\/li>\n<li>Buscar alguna curiositat de la m\u00fasica que ens motivi a escoltar-la.<\/li>\n<\/ul>\n<h1><\/h1>\n<h1><\/h1>\n<p>&nbsp;<\/p>\n<p>&nbsp;<\/p>\n<p>&nbsp;<\/p>\n<p>&nbsp;<\/p>\n<p>&nbsp;<\/p>\n<p>&nbsp;<\/p>\n<p>&nbsp;<\/p>\n<p>&nbsp;<\/p>\n<p>&nbsp;<\/p>\n<p>&nbsp;<\/p>\n<h1><span style=\"color: #808080;\">Setmana del 16 al 22<\/span><\/h1>\n<p><b>4t curs<\/b><\/p>\n<p><span style=\"font-weight: 400;\">fer un llistat de 10 instruments de la fam\u00edlia de la corda pin\u00e7ada<\/span><\/p>\n<p><b>5\u00e8 curs<\/b><\/p>\n<p><b>\u00a0\u00a0\u00a0<\/b> <span style=\"font-weight: 400;\">estudiar amb flauta la can\u00e7\u00f3 &#8220;Ombres xineses&#8221;<\/span><\/p>\n<p><span style=\"font-weight: 400;\">\u00a0<\/span> <b>6\u00e8 curs<\/b><\/p>\n<p><b>\u00a0\u00a0\u00a0<\/b> <span style=\"font-weight: 400;\">aprendre molt b\u00e9 les notes del do greu al do agut<\/span><\/p>\n","protected":false},"excerpt":{"rendered":"<p>\u00a0\u00a0\u00a0TERCERA SETMANA (del 30 de mar\u00e7 al 5 d&#8217;abril) \u00a0 &nbsp; \u00a0\u00a0\u00a0 4t: Mireu el curtmetratge \u201cMariza\u201d. Escriviu quina import\u00e0ncia t\u00e9 la m\u00fasica en aquesta hist\u00f2ria. https:\/\/youtu.be\/DJ1dGv-eam8 &nbsp; 5\u00e8: Veure el v\u00eddeo de l\u2019enlla\u00e7 que us passo. https:\/\/youtu.be\/G4nX0Xrn-wo Quin objecte acompanya l\u2019orquestra? Expliqueu qu\u00e8 us ha semblat. &nbsp; 6\u00e8: Com que durant uns dies no [&hellip;]<\/p>\n","protected":false},"author":1,"featured_media":0,"parent":0,"menu_order":0,"comment_status":"closed","ping_status":"closed","template":"page-templates\/side-menu.php","meta":{"_bbp_topic_count":0,"_bbp_reply_count":0,"_bbp_total_topic_count":0,"_bbp_total_reply_count":0,"_bbp_voice_count":0,"_bbp_anonymous_reply_count":0,"_bbp_topic_count_hidden":0,"_bbp_reply_count_hidden":0,"_bbp_forum_subforum_count":0,"site-sidebar-layout":"default","site-content-layout":"","ast-site-content-layout":"","site-content-style":"default","site-sidebar-style":"default","ast-global-header-display":"","ast-banner-title-visibility":"","ast-main-header-display":"","ast-hfb-above-header-display":"","ast-hfb-below-header-display":"","ast-hfb-mobile-header-display":"","site-post-title":"","ast-breadcrumbs-content":"","ast-featured-img":"","footer-sml-layout":"","theme-transparent-header-meta":"","adv-header-id-meta":"","stick-header-meta":"","header-above-stick-meta":"","header-main-stick-meta":"","header-below-stick-meta":"","astra-migrate-meta-layouts":"default","ast-page-background-enabled":"default","ast-page-background-meta":{"desktop":{"background-color":"var(--ast-global-color-4)","background-image":"","background-repeat":"repeat","background-position":"center center","background-size":"auto","background-attachment":"scroll","background-type":"","background-media":"","overlay-type":"","overlay-color":"","overlay-opacity":"","overlay-gradient":""},"tablet":{"background-color":"","background-image":"","background-repeat":"repeat","background-position":"center center","background-size":"auto","background-attachment":"scroll","background-type":"","background-media":"","overlay-type":"","overlay-color":"","overlay-opacity":"","overlay-gradient":""},"mobile":{"background-color":"","background-image":"","background-repeat":"repeat","background-position":"center center","background-size":"auto","background-attachment":"scroll","background-type":"","background-media":"","overlay-type":"","overlay-color":"","overlay-opacity":"","overlay-gradient":""}},"ast-content-background-meta":{"desktop":{"background-color":"var(--ast-global-color-5)","background-image":"","background-repeat":"repeat","background-position":"center center","background-size":"auto","background-attachment":"scroll","background-type":"","background-media":"","overlay-type":"","overlay-color":"","overlay-opacity":"","overlay-gradient":""},"tablet":{"background-color":"var(--ast-global-color-5)","background-image":"","background-repeat":"repeat","background-position":"center center","background-size":"auto","background-attachment":"scroll","background-type":"","background-media":"","overlay-type":"","overlay-color":"","overlay-opacity":"","overlay-gradient":""},"mobile":{"background-color":"var(--ast-global-color-5)","background-image":"","background-repeat":"repeat","background-position":"center center","background-size":"auto","background-attachment":"scroll","background-type":"","background-media":"","overlay-type":"","overlay-color":"","overlay-opacity":"","overlay-gradient":""}},"footnotes":""},"class_list":["post-2128","page","type-page","status-publish","hentry"],"post_mailing_queue_ids":[],"_links":{"self":[{"href":"https:\/\/agora.xtec.cat\/escpfangles\/wp-json\/wp\/v2\/pages\/2128","targetHints":{"allow":["GET"]}}],"collection":[{"href":"https:\/\/agora.xtec.cat\/escpfangles\/wp-json\/wp\/v2\/pages"}],"about":[{"href":"https:\/\/agora.xtec.cat\/escpfangles\/wp-json\/wp\/v2\/types\/page"}],"author":[{"embeddable":true,"href":"https:\/\/agora.xtec.cat\/escpfangles\/wp-json\/wp\/v2\/users\/1"}],"replies":[{"embeddable":true,"href":"https:\/\/agora.xtec.cat\/escpfangles\/wp-json\/wp\/v2\/comments?post=2128"}],"version-history":[{"count":3,"href":"https:\/\/agora.xtec.cat\/escpfangles\/wp-json\/wp\/v2\/pages\/2128\/revisions"}],"predecessor-version":[{"id":2295,"href":"https:\/\/agora.xtec.cat\/escpfangles\/wp-json\/wp\/v2\/pages\/2128\/revisions\/2295"}],"wp:attachment":[{"href":"https:\/\/agora.xtec.cat\/escpfangles\/wp-json\/wp\/v2\/media?parent=2128"}],"curies":[{"name":"wp","href":"https:\/\/api.w.org\/{rel}","templated":true}]}}