{"id":2119,"date":"2020-03-16T13:13:09","date_gmt":"2020-03-16T12:13:09","guid":{"rendered":"https:\/\/agora.xtec.cat\/escpfangles\/?page_id=2119"},"modified":"2020-03-30T12:54:59","modified_gmt":"2020-03-30T10:54:59","slug":"deures-de-4t","status":"publish","type":"page","link":"https:\/\/agora.xtec.cat\/escpfangles\/deures-de-4t\/","title":{"rendered":"Deures de 4t"},"content":{"rendered":"<h1><span style=\"color: #ff0000;\">TERCERA SETMANA (del 30 de mar\u00e7 al 5 d&#8217;abril)<\/span><\/h1>\n<ul>\n<li>Ja has acabat de llegir el llibre de lectura? T\u2019ha agradat? Doncs ara completa la fitxa.<\/li>\n<\/ul>\n<p>&nbsp;<\/p>\n<ul>\n<li><b>\u00a0T\u00edtol:<\/b><\/li>\n<\/ul>\n<p>&nbsp;<\/p>\n<ul>\n<li><b>\u00a0\u00a0Autor\/a:<\/b><\/li>\n<\/ul>\n<ul>\n<li>\u00a0\u00a0Personatges principals.<\/li>\n<\/ul>\n<ul>\n<li>\u00a0\u00a0Resum del llibre:<\/li>\n<\/ul>\n<ul>\n<li>\u00a0Qu\u00e8 \u00e9s el que m\u00e9s t\u2019ha agradat d\u2019aquesta hist\u00f2ria?<\/li>\n<\/ul>\n<ul>\n<li>\u00a0\u00a0Recomanaries aquest llibre? Explica per qu\u00e8.<\/li>\n<\/ul>\n<p>&nbsp;<\/p>\n<p>&nbsp;<\/p>\n<p>&nbsp;<\/p>\n<ul>\n<li>\n<h2><span style=\"color: #993300;\"><b>Matem\u00e0tiques<\/b><\/span><\/h2>\n<\/li>\n<\/ul>\n<p>Continuem amb el compta i pensa. Aquesta setmana farem del 11 al 15.<\/p>\n<p><a href=\"https:\/\/www.barcanova.cat\/descargas\/barcanova\/propuestas\/1471389_RD_3024.pdf\">https:\/\/www.barcanova.cat\/descargas\/barcanova\/propuestas\/1471389_RD_3024.pdf<\/a><\/p>\n<p>Anem practicant les taules de multiplicar<\/p>\n<p><a href=\"https:\/\/www.tablasdemultiplicar.com\/\">https:\/\/www.tablasdemultiplicar.com\/<\/a><\/p>\n<p>&nbsp;<\/p>\n<ul>\n<li>\n<h2>\u00a0\u00a0<span style=\"color: #993300;\">\u00a0<b>Medi<\/b><\/span><\/h2>\n<\/li>\n<\/ul>\n<p>Seguim repassant el tema de l\u2019univers. Aquesta setmana aprendrem qu\u00e8 \u00e9s un eclipsi de lluna i un eclipsi solar. Mira els v\u00eddeos seg\u00fcents i despr\u00e9s explica en que consisteix l\u2019eclipsi de lluna i el solar.<\/p>\n<p><a href=\"https:\/\/www.youtube.com\/watch?v=LORLGccN93Y\">https:\/\/www.youtube.com\/watch?v=LORLGccN93Y<\/a><\/p>\n<p><a href=\"https:\/\/www.youtube.com\/watch?v=_zMk0NhycJQ\">https:\/\/www.youtube.com\/watch?v=_zMk0NhycJQ<\/a><\/p>\n<p>&nbsp;<\/p>\n<p><b>Us recordem diferents adreces d\u2019inter\u00e8s<\/b><\/p>\n<p><a href=\"https:\/\/lp.smartick.es\/matematicas-online\/\">https:\/\/lp.smartick.es\/matematicas-online\/<\/a>\u00a0 SMARTICK<\/p>\n<p><a href=\"https:\/\/llengua.gencat.cat\/ca\/serveis\/aprendre_catala\/recursos-per-al-professorat\/dictats-en-linia\/b1\/\">https:\/\/llengua.gencat.cat\/ca\/serveis\/aprendre_catala\/recursos-per-al-professorat\/dictats-en-linia\/b1\/<\/a>\u00a0 DICTATS EN L\u00cdNIA<\/p>\n<p><a href=\"http:\/\/www.edu365.cat\/primaria\/catala\/index.html\">http:\/\/www.edu365.cat\/primaria\/catala\/index.html<\/a>\u00a0 ACTIVITATS EDU365<\/p>\n<p><a href=\"http:\/\/www.cristic.com\/3o-y-4o-de-primaria\/?lang=ca\">http:\/\/www.cristic.com\/3o-y-4o-de-primaria\/?lang=ca<\/a> \u00a0JOCS EDUCATIUS<\/p>\n<p><a href=\"https:\/\/www.ccma.cat\/tv3\/super3\/avui_aprenem\/propostes-per-aquests-dies-que-no-pots-sortir-de-casa\/noticia\/2998422\/\">https:\/\/www.ccma.cat\/tv3\/super3\/avui_aprenem\/propostes-per-aquests-dies-que-no-pots-sortir-de-casa\/noticia\/2998422\/<\/a>\u00a0 Aprendre sense sortir de casa<\/p>\n<p><span style=\"color: #993300;\"><b>English:<\/b><\/span> Aquesta setmana us proposo dues fitxes per repassar conceptes que hem explicat al llarg del curs. Podeu imprimir-les o escriure les respostes a la llibreta. Tamb\u00e9 podeu obrir un Google Docs i compartir-me les respostes al meu correu (<a href=\"mailto:enricrius@pfangles.cat\">enricrius@pfangles.cat<\/a>)<\/p>\n<p>Fitxa 1: https:\/\/drive.google.com\/file\/d\/1ubVD-4cYS0dCJB38kX_PW5o08bKdmDQu\/view?usp=sharing<\/p>\n<p>Fitxa 2: https:\/\/drive.google.com\/file\/d\/1Z5psmT5OkqK49VUonXSd11otaOFqRjdY\/view?usp=sharing<\/p>\n<p>Recordeu que es pot seguir repassant vocabulari al portal <b>agendaweb.org<\/b>.<\/p>\n<p><b>Aquesta setmana proposar\u00e9 m\u00e9s activitats al Classroom de 4rt. Estigueu atents a les publicacions!!!!!<\/b><\/p>\n<p>&nbsp;<\/p>\n<p><span style=\"color: #993300;\"><b>VALORS &#8211; RELIGI\u00d3<\/b>\u00a0<\/span><\/p>\n<p>Per aquesta setmana, nom\u00e9s et proposem una activitat, per\u00f2 millor si la pots fer una miqueta cada dia.<\/p>\n<p>&nbsp;<\/p>\n<p><b>PER A TOTA LA FAM\u00cdLIA<\/b><\/p>\n<p>&nbsp;<\/p>\n<p>En algun moment, mentre fas algun dels \u00e0pats del dia, sigui esmorzar, dinar, berenar o sopar, et poses a fer tots els gestos molt molt lentament, a C\u00c0MERA LENTA.<\/p>\n<p>Fer-ho tot molt a poc a poc: agafar el cobert, agafar alguna cosa del plat, tassa,&#8230;posar-ho a la boca, mastegar&#8230;sobretot&#8230;mastegar molt a poc a poc, assaborint i sentint cada trosset que ens posem a la boca.<\/p>\n<p>&nbsp;<\/p>\n<p>La primera vegada ho pots fer durant un minut, aproximadament, i cada dia afegir-hi una mica m\u00e9s.<\/p>\n<p>&nbsp;<\/p>\n<p>Despr\u00e9s, es pot parlar de com ens hem sentit, qu\u00e8 hem descobert, si ha estat agradable o desagradable. El que hagis sentit \u00e9s perfecte.<\/p>\n<p>&nbsp;<\/p>\n<p><b>TRANQUIL\u00b7LITAT A LA RESPIRACI\u00d3, PAU EN EL COR.<\/b><\/p>\n<p>&nbsp;<\/p>\n<p>&nbsp;<\/p>\n<ul>\n<li><b>ACTIVITATS PELS ALUMNES QUE TENEN UN PLA INDIVIDUALITZAT:<\/b><\/li>\n<\/ul>\n<p>&nbsp;<\/p>\n<table>\n<tbody>\n<tr>\n<td>\n<h2><span style=\"color: #ff6600;\"><b>DEURES ADAPTATS \u00a0 <\/b><b>4t CURS<\/b><\/span><\/h2>\n<\/td>\n<\/tr>\n<\/tbody>\n<\/table>\n<p>&nbsp;<\/p>\n<h2><span style=\"color: #ff6600;\">CATAL\u00c0\u00a0<\/span><\/h2>\n<p>Comprensi\u00f3 lectora\u00a0 el quadern :<\/p>\n<ul>\n<li>Rubio, l\u2019art d\u2019aprendre 1. Compet\u00e8ncia lectora. M\u00f3n sensacions. Lectura 1\u00a0 : El gotim de ra\u00efm i les activitats.<\/li>\n<\/ul>\n<p>Lectura 2\u00a0 : El senyor Anacruso i les activitats<\/p>\n<p>&nbsp;<\/p>\n<h2><span style=\"color: #ff6600;\">MATEM\u00c0TIQUES\u00a0<\/span><\/h2>\n<p><a href=\"https:\/\/www.barcanova.cat\/descargas\/barcanova\/propuestas\/1471281_RF_5035.docx\">https:\/\/www.barcanova.cat\/descargas\/barcanova\/propuestas\/1471281_RF_5035.docx<\/a><\/p>\n<h1><\/h1>\n<h1><\/h1>\n<p>&nbsp;<\/p>\n<p>&nbsp;<\/p>\n<h1><\/h1>\n<h1><span style=\"color: #800080;\">Segona setmana (del 23 al 29 de mar\u00e7 20)<\/span><\/h1>\n<p><b>\u00a0<\/b><\/p>\n<p><b>&#8211;<\/b><b> \u00a0 <\/b><b>\u00a0\u00a0\u00a0 <\/b>Acabar de llegir\u00a0 el<b> llibre de lectura: \u00a0 <\/b>4t A Un pinyol farcit de fada<\/p>\n<p>4t B Un somni dins el mitj\u00f3<\/p>\n<ul>\n<li>\u00a0<span style=\"color: #ff0000;\">\u00a0<b>Matem\u00e0tiques<\/b>.\u00a0<\/span><\/li>\n<\/ul>\n<p>Continuem amb les activitats de la setmana passada de Compta i Pensa. Aquesta setmana farem a la llibreta del 6 al 10. Adjuntem el link.<\/p>\n<p><a href=\"https:\/\/www.barcanova.cat\/descargas\/barcanova\/propuestas\/1471389_RD_3024.pdf\">https:\/\/www.barcanova.cat\/descargas\/barcanova\/propuestas\/1471389_RD_3024.pdf<\/a><\/p>\n<p>&#8211; \u00a0 \u00a0 \u00a0 <span style=\"color: #ff0000;\"><b>Catal\u00e0<\/b>.<\/span><\/p>\n<p>M\u00f3n lector Quadern 4 Unitat 1 i 2. (S\u00f3n unes activitats molt divertides perqu\u00e8 feu en l\u00ednia). Adjuntem el link.<\/p>\n<p><a href=\"https:\/\/www.espaibarcanova.cat\/activitats-mon\/index.html\">https:\/\/www.espaibarcanova.cat\/activitats-mon\/index.html<\/a><\/p>\n<p>&nbsp;<\/p>\n<p>&#8211; <b>Expressi\u00f3 escrita.<\/b><\/p>\n<p>Mira el v\u00eddeo del link que t\u2019adjuntem i fes un petit resum de la hist\u00f2ria.<\/p>\n<p><a href=\"https:\/\/www.siguestu.cat\/ca\/recursos2\/l\/365-presto--empatia.html\">https:\/\/www.siguestu.cat\/ca\/recursos2\/l\/365-presto&#8211;empatia.html<\/a><\/p>\n<p>A continuaci\u00f3 respon les seg\u00fcents preguntes:<\/p>\n<ol>\n<li>Quin \u00e9s el missatge de la hist\u00f2ria?<\/li>\n<li>Com podria haver evitat el mag totes les desgr\u00e0cies que li passen?<\/li>\n<li>Per qu\u00e8 penseu que el conill s\u2019enfada tant?<\/li>\n<li>Us ha passat mai una cosa semblant?<\/li>\n<\/ol>\n<h1><\/h1>\n<p>&#8211; \u00a0 \u00a0 \u00a0 <b>Coneixement del medi.\u00a0<\/b><\/p>\n<p>Fem un rep\u00e0s del Sistema solar amb aquestes activitats Jclic.<\/p>\n<p><a href=\"https:\/\/clic.xtec.cat\/projects\/medinat5\/teruniv5\/jclic.js\/index.html\">https:\/\/clic.xtec.cat\/projects\/medinat5\/teruniv5\/jclic.js\/index.html<\/a><\/p>\n<h1><\/h1>\n<p><b>EP FAM\u00cdLIES!!! PROVEU-HO!!!<\/b><\/p>\n<p><b>Smartick<\/b> es un m\u00e8tode online perqu\u00e8 els nens aprenguin i dominin les matem\u00e0tiques, des de casa,\u00a0 dedicant 15 minuts al dia. Smartick va adaptant els exercicis al nivell del nen\/a per tal que ho puguin realitzar sols.<\/p>\n<p><a href=\"https:\/\/lp.smartick.es\/matematicas-online\/\">https:\/\/lp.smartick.es\/matematicas-online\/<\/a><\/p>\n<p><strong><span style=\"color: #ff0000;\">English<\/span><\/strong><\/p>\n<p>Durant aquesta segona setmana els alumnes han de:<\/p>\n<ol>\n<li>\u00a0 \u00a0 \u00a0 <b>Repassar<\/b> el vocabulari de la Unit 4 i <b>ampliar-lo<\/b>. Cal fer una llista de les feines que hem treballat a la unitat i buscar-ne i afegir-ne de noves a la llibreta d\u2019English (si la tenen a casa) o en un full a part (despr\u00e9s ja enganxarem a la llibreta quan tornem a l\u2019escola). Amb unes 10 paraules noves n\u2019hi ha suficient.<\/li>\n<li>\u00a0 \u00a0 \u00a0 <b>Repassar<\/b> la Grammar Box de la p\u00e1gina 70 del llibre. A continuaci\u00f3 us deixo una fitxa per practicar:<a href=\"https:\/\/drive.google.com\/file\/d\/1Ta1TvrYEOMw3S7k5BPPxCoi7Fw5EJWZr\/view?usp=sharing\"> https:\/\/drive.google.com\/file\/d\/1Ta1TvrYEOMw3S7k5BPPxCoi7Fw5EJWZr\/view?usp=sharing<\/a><\/li>\n<li>\u00a0 \u00a0 \u00a0 <b>Cal portar fetes<\/b> les activitats de Writing que us deixo a continuaci\u00f3:<a href=\"https:\/\/drive.google.com\/file\/d\/1TPvg9F6oWuoKBzJKzwTkZBd4tZ_AOGcD\/view?usp=sharing\"> https:\/\/drive.google.com\/file\/d\/1TPvg9F6oWuoKBzJKzwTkZBd4tZ_AOGcD\/view?usp=sharing<\/a><\/li>\n<li>Podeu continuar fent activitats online, jo aquesta setmana us plantejo les seg\u00fcents:<a href=\"https:\/\/agendaweb.org\/vocabulary\/people_jobs_personalities-exercises.html\"> https:\/\/agendaweb.org\/vocabulary\/people_jobs_personalities-exercises.html<\/a><\/li>\n<\/ol>\n<h6><strong><span style=\"color: #ff0000;\">INFORM\u00c0TICA:<\/span><span style=\"color: #ff9900;\"> Entreu al vostre correu de gmail i veureu un correu nou amb el t\u00edtol &#8220;Hola a tots&#8221;. Obriu-lo i seguiu les instruccions. Veureu que us convido a unir-vos a una classe per internet on ens hi trobarem tots. Si esteu en contacte entre volsaltres digueu-vos-ho uns als altres a veure si aconseguim trobar-nos-hi tots. Una abra\u00e7ada!<\/span><\/strong><\/h6>\n<p>&nbsp;<\/p>\n<p><strong><span style=\"color: #ff0000;\">Valors religi\u00f3<\/span><\/strong><\/p>\n<ol>\n<li>Veure la pel\u00b7l\u00edcula Azur i Asmar al seg\u00fcent enlla\u00e7:<\/li>\n<\/ol>\n<p><a href=\"https:\/\/www.youtube.com\/watch?v=QgYPkZnysRA\">https:\/\/www.youtube.com\/watch?v=QgYPkZnysRA<\/a><\/p>\n<ol>\n<li>Podries parar-te a <b>reflexionar sobre aquesta pel\u00b7l\u00edcula<\/b>. Per exemple:<\/li>\n<\/ol>\n<ol>\n<li>Intenta descriure les emocions que senten Azur i Asmar quan, de petits, s\u00f3n separats.<\/li>\n<li>Intenta posar-te al lloc del pare de l\u2019Azur. Per qu\u00e8 creus que el fa anar a estudiar lluny de casa seva?<\/li>\n<li>Qu\u00e8 en penses de la manera com el pare de l\u2019Azur acomiada a la dida?<\/li>\n<li>Per qu\u00e8 creus que l\u2019Azur decideix anar a con\u00e8ixer el pa\u00eds de l\u2019altre banda del mar?<\/li>\n<li>Per a quines raons l\u2019Azur decideix fer-se passar per cec?<\/li>\n<li>Per qu\u00e8 quan es troben per primer cop, ja de grans, l\u2019Asmar no vol saber res de l\u2019Azur? Qu\u00e8 en penses de la seva actitud?<\/li>\n<li>Qu\u00e8 opines del final de la pel\u00b7l\u00edcula?<\/li>\n<\/ol>\n<ol start=\"3\">\n<li><b> RECORDA QUE ARA TENS TEMPS PER FER I ENSENYAR <\/b><b>\u201cMOMENTS ESPECIALS\u201d (ja saps, respiracions i relaxacions&#8230;en saps molts &#8230;\u00e0nims!!). <\/b><b>TRANQUIL\u00b7LITAT A LA RESPIRACI\u00d3, PAU EN EL COR<\/b><b>..<\/b><\/li>\n<\/ol>\n<p><span style=\"color: #ff0000;\"><strong>M\u00fasica<\/strong><\/span><\/p>\n<p>Busqueu les principals caracter\u00edstiques dels 10 instruments de corda pin\u00e7ada que v\u00e0reu escriure la setmana passada (quantes cordes tenen, quina forma t\u00e9 la seva caixa de resson\u00e0ncia,&#8230;). Tamb\u00e9 podeu buscar v\u00eddeos per escoltar com sonen i veure com es toquen.<\/p>\n<h1><\/h1>\n<h1><span style=\"color: #ff6600;\">Setmana del 16 al 22<\/span><\/h1>\n<p><b>ACTIVITATS I DEURES ALUMNES 4t\u00a0 Setmana del 16 al 20 de mar\u00e7)<\/b><\/p>\n<p><span style=\"font-weight: 400;\">\u00a0&#8211;<\/span><span style=\"font-weight: 400;\">\u00a0 \u00a0 \u00a0 <\/span><span style=\"font-weight: 400;\">Exercicis de matem\u00e0tiques (posats a classe)<\/span><\/p>\n<p><span style=\"font-weight: 400;\">&#8211;<\/span><span style=\"font-weight: 400;\">\u00a0 <\/span> <span style=\"font-weight: 400;\">Comprensi\u00f3 lectora catal\u00e0 (posats a classe)<\/span><\/p>\n<p><span style=\"font-weight: 400;\">&#8211;<\/span><span style=\"font-weight: 400;\">\u00a0 <\/span> <span style=\"font-weight: 400;\">Comprensi\u00f3 lectora castell\u00e0 que adjuntem link.<\/span><\/p>\n<p><a href=\"https:\/\/drive.google.com\/file\/d\/0Bwb_kTdsSiD5WEo5OUJXOHl5d1U\/view\"><span style=\"font-weight: 400;\">https:\/\/drive.google.com\/file\/d\/0Bwb_kTdsSiD5WEo5OUJXOHl5d1U\/view<\/span><\/a><\/p>\n<p><span style=\"font-weight: 400;\">&#8211;<\/span><span style=\"font-weight: 400;\">\u00a0 <\/span> <span style=\"font-weight: 400;\">Activitats matem\u00e0tiques que adjuntem link.<\/span><\/p>\n<ul>\n<li><span style=\"font-weight: 400;\">( compta i pensa) fer a la llibreta del 1 al 5<\/span><\/li>\n<\/ul>\n<p><a href=\"https:\/\/www.barcanova.cat\/descargas\/barcanova\/propuestas\/1471389_RD_3024.pdf\"><span style=\"font-weight: 400;\">https:\/\/www.barcanova.cat\/descargas\/barcanova\/propuestas\/1471389_RD_3024.pdf<\/span><\/a><\/p>\n<ul>\n<li style=\"font-weight: 400;\"><span style=\"font-weight: 400;\">Exercicis English (posats a classe).<\/span><\/li>\n<\/ul>\n<p><span style=\"font-weight: 400;\">&#8211;<\/span><span style=\"font-weight: 400;\">\u00a0 <\/span> <span style=\"font-weight: 400;\">Llegir el llibre de lectura:<\/span><\/p>\n<ul>\n<li><span style=\"font-weight: 400;\"> \u00a0 \u00a0 \u00a0 <\/span><span style=\"font-weight: 400;\">4t A <\/span><span style=\"font-weight: 400;\">Un pinyol farcit de fada<\/span><span style=\"font-weight: 400;\"> (fins a\u00a0 la p\u00e0gina 51)<\/span><\/li>\n<\/ul>\n<p><span style=\"font-weight: 400;\">\u00a0\u00a0<\/span><\/p>\n<ul>\n<li><span style=\"font-weight: 400;\"> \u00a0 \u00a0 \u00a0 <\/span><span style=\"font-weight: 400;\">4t B <\/span><span style=\"font-weight: 400;\">Un somni dins el mitj\u00f3<\/span><span style=\"font-weight: 400;\"> (fins a la p\u00e0gina 50)<\/span><\/li>\n<\/ul>\n<p><b>\u00a0\u00a0\u00a0\u00a0\u00a0\u00a0\u00a0\u00a0\u00a0\u00a0\u00a0\u00a0\u00a0\u00a0\u00a0<\/b><\/p>\n<p><b>Adreces d\u2019inter\u00e8s per treballar matem\u00e0tiques i llengua<\/b><b>\u00a0<\/b><\/p>\n<p><a href=\"https:\/\/llengua.gencat.cat\/ca\/serveis\/aprendre_catala\/recursos-per-al-professorat\/dictats-en-linia\/b1\/\"><span style=\"font-weight: 400;\">https:\/\/llengua.gencat.cat\/ca\/serveis\/aprendre_catala\/recursos-per-al-professorat\/dictats-en-linia\/b1\/<\/span><\/a> <b>\u00a0<\/b><b>DICTATS EN L\u00cdNIA<\/b><\/p>\n<p><a href=\"https:\/\/www.tablasdemultiplicar.com\/\"><span style=\"font-weight: 400;\">https:\/\/www.tablasdemultiplicar.com\/<\/span><\/a> <b>\u00a0\u00a0<\/b><b>TAULES DE MULTIPLICAR<\/b><\/p>\n<p><b>\u00a0<\/b><\/p>\n<p><a href=\"http:\/\/www.edu365.cat\/primaria\/catala\/index.html\"><span style=\"font-weight: 400;\">http:\/\/www.edu365.cat\/primaria\/catala\/index.html<\/span><\/a><b>\u00a0 <\/b><b>ACTIVITATS EDU365<\/b><\/p>\n<p><b>\u00a0<\/b><\/p>\n<p><a href=\"http:\/\/www.cristic.com\/3o-y-4o-de-primaria\/?lang=ca\"><span style=\"font-weight: 400;\">http:\/\/www.cristic.com\/3o-y-4o-de-primaria\/?lang=ca<\/span><\/a><b>\u00a0 <\/b><b>JOCS EDUCATIUS<\/b><\/p>\n<p><b>\u00a0<\/b><\/p>\n<p><a href=\"https:\/\/www.espaibarcanova.cat\/\"><span style=\"font-weight: 400;\">https:\/\/www.espaibarcanova.cat\/<\/span><\/a><b>\u00a0 <\/b><b>ACTIVITATS M\u00d3N ( Activitats en l\u00ednia)<\/b><\/p>\n<p>&nbsp;<\/p>\n<p><b>English <\/b><span style=\"font-weight: 400;\">Des de l\u2019\u00e0rea de llengua estrangera de l\u2019escola, us deixem un llistat d\u2019activitats, eines i recursos online per tal que pugueu treballar la llengua anglesa des de casa. La primera web que us proposem \u00e9s l\u2019Agenda Web. En aquesta plataforma hi ha molt material, trobareu molt vocabulari a m\u00e9s a m\u00e9s de gram\u00e0tica. Recomanem escollir el vocabulari i la gram\u00e0tica que hem treballat durant el curs, per tal de fer-ne un rep\u00e0s i aprofundir encara m\u00e9s en el tema. <\/span><a href=\"https:\/\/agendaweb.org\/\"><span style=\"font-weight: 400;\">https:\/\/agendaweb.org\/<\/span><\/a><span style=\"font-weight: 400;\"> En aquestes webs tamb\u00e9 trobareu molt vocabulari, a m\u00e9s a m\u00e9s d\u2019explicacions i recursos que us poden ajudar a fer els deures:<\/span><\/p>\n<ul>\n<li style=\"font-weight: 400;\"><a href=\"https:\/\/www.ejerciciosinglesonline.com\/exercises-and-theory\/primaria\/\"><span style=\"font-weight: 400;\">https:\/\/www.ejerciciosinglesonline.com\/exercises-and-theory\/primaria\/<\/span><\/a><\/li>\n<li style=\"font-weight: 400;\"><a href=\"https:\/\/www.allthingsgrammar.com\"><span style=\"font-weight: 400;\">https:\/\/www.allthingsgrammar.com<\/span><\/a><span style=\"font-weight: 400;\">\u00a0<\/span><\/li>\n<li style=\"font-weight: 400;\"><a href=\"https:\/\/dictionary.cambridge.org\/es\/\"><span style=\"font-weight: 400;\">https:\/\/dictionary.cambridge.org\/es\/<\/span><\/a><\/li>\n<li style=\"font-weight: 400;\"><span style=\"font-weight: 400;\">Recull d\u2019activitats per a treballar totes les dimensions de la llengua: <\/span><a href=\"https:\/\/learnenglishkids.britishcouncil.org\"><span style=\"font-weight: 400;\">https:\/\/learnenglishkids.britishcouncil.org<\/span><\/a><span style=\"font-weight: 400;\">\u00a0\u00a0<\/span><\/li>\n<\/ul>\n<p>&nbsp;<\/p>\n<p><span style=\"font-weight: 400;\"> Adjuntem unes fitxes per repassar el que hem treballat fins ara a l\u2019escola. <\/span><b>Cal que les porteu fetes quan tornem a l\u2019escola. Per aquesta setmana:<\/b><\/p>\n<p>&nbsp;<\/p>\n<p><b>Extension Activities: <\/b><a href=\"https:\/\/drive.google.com\/file\/d\/1OJxAr8pM3Q-okORrYEDYguUgA9xtLvQW\/view?usp=sharing\"><b>https:\/\/drive.google.com\/file\/d\/1OJxAr8pM3Q-okORrYEDYguUgA9xtLvQW\/view?usp=sharing<\/b><\/a><\/p>\n<p>&nbsp;<\/p>\n<p><b>Grammar:<\/b><\/p>\n<p><a href=\"https:\/\/drive.google.com\/file\/d\/13mjl8NOeJ8UZagzPmmtkPoZ-yI9OB-RG\/view?usp=sharing\"><b>https:\/\/drive.google.com\/file\/d\/13mjl8NOeJ8UZagzPmmtkPoZ-yI9OB-RG\/view?usp=sharing<\/b><\/a><\/p>\n<p>&nbsp;<\/p>\n","protected":false},"excerpt":{"rendered":"<p>TERCERA SETMANA (del 30 de mar\u00e7 al 5 d&#8217;abril) Ja has acabat de llegir el llibre de lectura? T\u2019ha agradat? Doncs ara completa la fitxa. &nbsp; \u00a0T\u00edtol: &nbsp; \u00a0\u00a0Autor\/a: \u00a0\u00a0Personatges principals. \u00a0\u00a0Resum del llibre: \u00a0Qu\u00e8 \u00e9s el que m\u00e9s t\u2019ha agradat d\u2019aquesta hist\u00f2ria? \u00a0\u00a0Recomanaries aquest llibre? Explica per qu\u00e8. &nbsp; &nbsp; &nbsp; Matem\u00e0tiques Continuem amb [&hellip;]<\/p>\n","protected":false},"author":1,"featured_media":0,"parent":0,"menu_order":0,"comment_status":"closed","ping_status":"closed","template":"","meta":{"_bbp_topic_count":0,"_bbp_reply_count":0,"_bbp_total_topic_count":0,"_bbp_total_reply_count":0,"_bbp_voice_count":0,"_bbp_anonymous_reply_count":0,"_bbp_topic_count_hidden":0,"_bbp_reply_count_hidden":0,"_bbp_forum_subforum_count":0,"site-sidebar-layout":"default","site-content-layout":"","ast-site-content-layout":"","site-content-style":"default","site-sidebar-style":"default","ast-global-header-display":"","ast-banner-title-visibility":"","ast-main-header-display":"","ast-hfb-above-header-display":"","ast-hfb-below-header-display":"","ast-hfb-mobile-header-display":"","site-post-title":"","ast-breadcrumbs-content":"","ast-featured-img":"","footer-sml-layout":"","theme-transparent-header-meta":"","adv-header-id-meta":"","stick-header-meta":"","header-above-stick-meta":"","header-main-stick-meta":"","header-below-stick-meta":"","astra-migrate-meta-layouts":"default","ast-page-background-enabled":"default","ast-page-background-meta":{"desktop":{"background-color":"var(--ast-global-color-4)","background-image":"","background-repeat":"repeat","background-position":"center center","background-size":"auto","background-attachment":"scroll","background-type":"","background-media":"","overlay-type":"","overlay-color":"","overlay-opacity":"","overlay-gradient":""},"tablet":{"background-color":"","background-image":"","background-repeat":"repeat","background-position":"center center","background-size":"auto","background-attachment":"scroll","background-type":"","background-media":"","overlay-type":"","overlay-color":"","overlay-opacity":"","overlay-gradient":""},"mobile":{"background-color":"","background-image":"","background-repeat":"repeat","background-position":"center center","background-size":"auto","background-attachment":"scroll","background-type":"","background-media":"","overlay-type":"","overlay-color":"","overlay-opacity":"","overlay-gradient":""}},"ast-content-background-meta":{"desktop":{"background-color":"var(--ast-global-color-5)","background-image":"","background-repeat":"repeat","background-position":"center center","background-size":"auto","background-attachment":"scroll","background-type":"","background-media":"","overlay-type":"","overlay-color":"","overlay-opacity":"","overlay-gradient":""},"tablet":{"background-color":"var(--ast-global-color-5)","background-image":"","background-repeat":"repeat","background-position":"center center","background-size":"auto","background-attachment":"scroll","background-type":"","background-media":"","overlay-type":"","overlay-color":"","overlay-opacity":"","overlay-gradient":""},"mobile":{"background-color":"var(--ast-global-color-5)","background-image":"","background-repeat":"repeat","background-position":"center center","background-size":"auto","background-attachment":"scroll","background-type":"","background-media":"","overlay-type":"","overlay-color":"","overlay-opacity":"","overlay-gradient":""}},"footnotes":""},"class_list":["post-2119","page","type-page","status-publish","hentry"],"post_mailing_queue_ids":[],"_links":{"self":[{"href":"https:\/\/agora.xtec.cat\/escpfangles\/wp-json\/wp\/v2\/pages\/2119","targetHints":{"allow":["GET"]}}],"collection":[{"href":"https:\/\/agora.xtec.cat\/escpfangles\/wp-json\/wp\/v2\/pages"}],"about":[{"href":"https:\/\/agora.xtec.cat\/escpfangles\/wp-json\/wp\/v2\/types\/page"}],"author":[{"embeddable":true,"href":"https:\/\/agora.xtec.cat\/escpfangles\/wp-json\/wp\/v2\/users\/1"}],"replies":[{"embeddable":true,"href":"https:\/\/agora.xtec.cat\/escpfangles\/wp-json\/wp\/v2\/comments?post=2119"}],"version-history":[{"count":4,"href":"https:\/\/agora.xtec.cat\/escpfangles\/wp-json\/wp\/v2\/pages\/2119\/revisions"}],"predecessor-version":[{"id":2294,"href":"https:\/\/agora.xtec.cat\/escpfangles\/wp-json\/wp\/v2\/pages\/2119\/revisions\/2294"}],"wp:attachment":[{"href":"https:\/\/agora.xtec.cat\/escpfangles\/wp-json\/wp\/v2\/media?parent=2119"}],"curies":[{"name":"wp","href":"https:\/\/api.w.org\/{rel}","templated":true}]}}