{"id":2117,"date":"2020-03-16T13:12:50","date_gmt":"2020-03-16T12:12:50","guid":{"rendered":"https:\/\/agora.xtec.cat\/escpfangles\/?page_id=2117"},"modified":"2020-04-05T23:39:03","modified_gmt":"2020-04-05T21:39:03","slug":"deures-de-3r-2","status":"publish","type":"page","link":"https:\/\/agora.xtec.cat\/escpfangles\/deures-de-3r-2\/","title":{"rendered":"Deures de 3r"},"content":{"rendered":"<h1><span style=\"color: #ff0000;\">TERCERA SETMANA (del 30 de mar\u00e7 al 5 d&#8217;abril)<\/span><\/h1>\n<p>Hola a tots! Esperem que estigueu tots b\u00e9. Us deixem els deures per aquesta setmana. Us trobem molt a faltar.<\/p>\n<p>&nbsp;<\/p>\n<p><span style=\"color: #993300;\"><strong>Matem\u00e0tiques\u00a0<\/strong><\/span><\/p>\n<ul>\n<li>Continua repassant les taules de multiplicar.<\/li>\n<li>Continua amb el dossier de Suma i Pensa de Barcanova.<\/li>\n<li>A la p\u00e0gina web de l\u2019escola teniu penjats els v\u00eddeos de matem\u00e0tiques sobre com fer les restes amb la t\u00e8cnica de \u201cfer fora\u201d per poder practicar-les a casa aquests dies.<\/li>\n<\/ul>\n<p><b>*ATENCI\u00d3 PARES!!<\/b><\/p>\n<p>Si hi ha algun problema amb els alumnes que hi surten als v\u00eddeos, aviseu-nos al nostre correu i els treurem r\u00e0pidament.<\/p>\n<p>&nbsp;<\/p>\n<p><span style=\"color: #993300;\"><strong>Medi<\/strong><\/span><\/p>\n<ul>\n<li>Tria el mineral que m\u00e9s t\u2019agradi i escriu en un foli o llibreta el seu nom i les seves propietats. Si no te\u2019n recordes de quines eren les trobar\u00e0s a les fitxes del tema. Ha d\u2019estar ben presentat i net.<\/li>\n<\/ul>\n<p>&nbsp;<\/p>\n<ul>\n<li>Recull la temperatura que fa cada dia a la mateixa hora i escriu-la en un foli o llibreta perqu\u00e8 m\u00e9s endavant quan t\u2019ho diguem haur\u00e0s de fer un gr\u00e0fic amb totes les temperatures que hagis recollit.<\/li>\n<\/ul>\n<p>&nbsp;<\/p>\n<p><span style=\"color: #993300;\"><strong>Llengua<\/strong><\/span><\/p>\n<ul>\n<li>Escriu cada dia una cosa que hagis fet o que t\u2018hagi agradat molt. Ha de ser un petit text. Pensa a posar-hi la data i fer-ho sense faltes i ben presentat. Fes-ho un dia en catal\u00e0 i l\u2019altre en castell\u00e0. Hi pots fer un dibuix o posar-hi una foto.<\/li>\n<li>Aneu llegint cada dia una mica. Si ja heu acabat el llibre, en comenceu un altre que tingueu a casa. Podeu llegir una part cada un de la fam\u00edlia. Aix\u00ed llegiu tots alhora. \u00c9s molt divertit!!<\/li>\n<\/ul>\n<p>&nbsp;<\/p>\n<p>US RECORDEM DIFERENTS ADRECES D\u2019INTER\u00c8S<\/p>\n<p><a href=\"https:\/\/lp.smartick.es\/matematicas-online\/\">https:\/\/lp.smartick.es\/matematicas-online\/<\/a>\u00a0 SMARTICK<\/p>\n<p><a href=\"https:\/\/llengua.gencat.cat\/ca\/serveis\/aprendre_catala\/recursos-per-al-professorat\/dictats-en-linia\/b1\/\">https:\/\/llengua.gencat.cat\/ca\/serveis\/aprendre_catala\/recursos-per-al-professorat\/dictats-en-linia\/b1\/<\/a>\u00a0 DICTATS EN L\u00cdNIA<\/p>\n<p><a href=\"http:\/\/www.edu365.cat\/primaria\/catala\/index.html\">http:\/\/www.edu365.cat\/primaria\/catala\/index.html<\/a>\u00a0 ACTIVITATS EDU365<\/p>\n<p><a href=\"http:\/\/www.cristic.com\/3o-y-4o-de-primaria\/?lang=ca\">http:\/\/www.cristic.com\/3o-y-4o-de-primaria\/?lang=ca<\/a> \u00a0JOCS EDUCATIUS<\/p>\n<p><a href=\"https:\/\/www.ccma.cat\/tv3\/super3\/avui_aprenem\/propostes-per-aquests-dies-que-no-pots-sortir-de-casa\/noticia\/2998422\/\">https:\/\/www.ccma.cat\/tv3\/super3\/avui_aprenem\/propostes-per-aquests-dies-que-no-pots-sortir-de-casa\/noticia\/2998422\/<\/a>\u00a0 Aprendre sense sortir de casa<\/p>\n<p>&nbsp;<\/p>\n<p>English: Aquesta setmana us proposo dues fitxes per repassar conceptes que hem explicat al llarg del curs. Podeu imprimir-les o escriure les respostes a la llibreta. Tamb\u00e9 podeu obrir un Google Docs i compartir-me les respostes al meu correu (<a href=\"mailto:enricrius@pfangles.cat\">enricrius@pfangles.cat<\/a>)<\/p>\n<p>Fitxa 1:<a href=\"https:\/\/drive.google.com\/file\/d\/1HTW5n7DCNNjdvVpU9YE4MSIgKeEe_eun\/view?usp=sharing\"> https:\/\/drive.google.com\/file\/d\/1HTW5n7DCNNjdvVpU9YE4MSIgKeEe_eun\/view?usp=sharing<\/a><\/p>\n<p>Fitxa 2:<a href=\"https:\/\/drive.google.com\/file\/d\/1hzDwXh_IbZ3o0Rpjz3ApT6hlKPbpu8iC\/view?usp=sharing\"> https:\/\/drive.google.com\/file\/d\/1hzDwXh_IbZ3o0Rpjz3ApT6hlKPbpu8iC\/view?usp=sharing<\/a><\/p>\n<p>Recordeu que es pot seguir repassant vocabulari al portal <b>agendaweb.org<\/b>.<\/p>\n<p>Per qualsevol dubte, us podeu posar en contacte amb mi.<\/p>\n<p>&nbsp;<\/p>\n<p><span style=\"color: #993300;\"><strong>Valors-Religi\u00f3<\/strong><\/span><\/p>\n<p><b>Per aquesta setmana, nom\u00e9s et proposem una activitat, per\u00f2 millor si la pots fer una miqueta cada dia.<\/b><\/p>\n<p><b>\u00a0<\/b><\/p>\n<p><b>PER A TOTA LA FAM\u00cdLIA<\/b><\/p>\n<p><b>\u00a0<\/b><\/p>\n<p><b>En algun moment, mentre fas algun dels \u00e0pats del dia, sigui esmorzar, dinar, berenar o sopar, et poses a fer tots els gestos molt molt lentament, a C\u00c0MERA LENTA.<\/b><\/p>\n<p><b>Fer-ho tot molt a poc a poc: agafar el cobert, agafar alguna cosa del plat, tassa,&#8230;posar-ho a la boca, mastegar&#8230;sobretot&#8230;mastegar molt a poc a poc, assaborint i sentint cada trosset que ens posem a la boca.<\/b><\/p>\n<p><b>\u00a0<\/b><\/p>\n<p><b>La primera vegada ho pots fer durant un minut, aproximadament, i cada dia afegir-hi una mica m\u00e9s.<\/b><\/p>\n<p><b>\u00a0<\/b><\/p>\n<p><b>Despr\u00e9s, es pot parlar de com ens hem sentit, qu\u00e8 hem descobert, si ha estat agradable o desagradable. El que hagis sentit \u00e9s perfecte.<\/b><\/p>\n<p><b>\u00a0<\/b><\/p>\n<p><b>TRANQUIL\u00b7LITAT A LA RESPIRACI\u00d3, PAU EN EL COR.<\/b><\/p>\n<p>&nbsp;<\/p>\n<p>&nbsp;<\/p>\n<ul>\n<li><b>ACTIVITATS PELS ALUMNES QUE TENEN UN PLA INDIVIDUALITZAT:<\/b><\/li>\n<\/ul>\n<p>&nbsp;<\/p>\n<p>&nbsp;<\/p>\n<table>\n<tbody>\n<tr>\n<td>\n<h2><span style=\"color: #ff0000;\"><strong>DEURES ADAPTATS \u00a0 3r CURS<\/strong><\/span><\/h2>\n<\/td>\n<\/tr>\n<\/tbody>\n<\/table>\n<p>&nbsp;<\/p>\n<p>Us pengem les activitats alternatives per\u00a0 fer de catal\u00e0 i\/o matem\u00e0tiques; de les altres \u00e0rees podeu fer el mateix que el grup-classe<\/p>\n<p><span style=\"color: #99cc00;\"><strong>\u00a0CATAL\u00c0\u00a0<\/strong><\/span><\/p>\n<p>Comprensi\u00f3 lectora. Els quaderns personals\u00a0 marrons adaptats :<\/p>\n<p>&nbsp;<\/p>\n<ul>\n<li>Lectures. Comencem, continuem, acabem 1.1 Editorial Nadal acaba\u2019l tot \u00a0 TOTS. Si aquest ja est\u00e0 TOT acabat seguir amb el 1.2<\/li>\n<\/ul>\n<p>&nbsp;<\/p>\n<p>&nbsp;<\/p>\n<ul>\n<li><b>Lectures. Comencem, continuem, acabem 1.2 Lectures\u00a0 n\u00ba 1, 2 ,3 i 4\u00a0<\/b><\/li>\n<\/ul>\n<p>&nbsp;<\/p>\n<p>&nbsp;<\/p>\n<p>En el seg\u00fcent\u00a0 enlla\u00e7 hi ha un sortit de contes il.lustrats. Al llarg d&#8217;aquesta setmana\u00a0 mireu i escolteu els dos seg\u00fcents dues vegades<b>.<\/b><\/p>\n<p><a href=\"https:\/\/www.ccma.cat\/tv3\/super3\/una-ma-de-contes\/tots-els-contes\/\">https:\/\/www.ccma.cat\/tv3\/super3\/una-ma-de-contes\/tots-els-contes\/<\/a><\/p>\n<p>Ad\u00e9u Rodetes!\u00a0 i En Bernat, fort com un \u00f3s. Tot seguit escriviu 3 frases de cadascun.<\/p>\n<p>&nbsp;<\/p>\n<h1><\/h1>\n<p>&nbsp;<\/p>\n<p>&nbsp;<\/p>\n<p>&nbsp;<\/p>\n<h1><span style=\"color: #339966;\">Segona setmana (del 23 al 29 de mar\u00e7 20)<\/span><\/h1>\n<p><b>HOLA A TOTS!!\u00a0<\/b><\/p>\n<p><b>Us posem activitats per fer aquesta segona setmana.<\/b><\/p>\n<p><span style=\"color: #ff0000;\"><b>MATES<\/b><\/span><\/p>\n<p>Anar fent el dossier de matem\u00e0tiques de Barcanova. Suma i pensa<\/p>\n<p>Estudiar les taules de multiplicar<\/p>\n<p>Tamb\u00e9 fer activitats d\u2019ampliaci\u00f3 del tema 3<\/p>\n<h1><\/h1>\n<p><a href=\"https:\/\/www.barcanova.cat\/descargas\/barcanova\/propuestas\/1471281_RF.docx\"><b>https:\/\/www.barcanova.cat\/descargas\/barcanova\/propuestas\/1471281_RF.docx<\/b><\/a><\/p>\n<p>ATENCI\u00d3:<\/p>\n<p><b>Smartick: <\/b>Smartick \u00e9s un web on aprendre i dominar les matem\u00e0tiques des de casa dedicant 15 minuts al dia. Smartick adapta els exercicis al nivel de cada nen o nena per tal que els puguin realizar sols. Aqu\u00ed teniu l\u2019enlla\u00e7:<\/p>\n<p><a href=\"https:\/\/lp.smartick.es\/matematicas-online\/\"><b>https:\/\/lp.smartick.es\/matematicas-online\/<\/b><\/a><\/p>\n<h1><\/h1>\n<p><span style=\"color: #ff0000;\"><b>CATAL\u00c0<\/b><\/span><\/p>\n<p>Anar fent dictats\u00a0 del link que us vam enviar la setmana passada.<\/p>\n<p>Fer un poema sobre les Olimp\u00edades o sobre un esport. L\u2019haurieu de fer sols, els pares us poden orientar, per\u00f2 l\u2019heu de fer vosaltres. Tamb\u00e9 podeu fer un dibuix relacionat amb el poema. (Els pares, si voleu tamb\u00e9 en podeu fer un!!!)<\/p>\n<h1><\/h1>\n<p>Escriure una recepta d\u2019algun \u201ccuinat\u201d que h\u00e0giu fet aquests dies o que us agradi fer, tamb\u00e9 el podeu acompanyar amb un dibuix o una imatge.<\/p>\n<h1><\/h1>\n<p><span style=\"color: #ff0000;\"><b>MEDI<\/b><\/span><\/p>\n<p>Podeu entrar a la p\u00e0gina web de la motxilla i fer diferents activitats de medi de 3r.<\/p>\n<p><a href=\"http:\/\/www.ceip-diputacio.com\/la%20motxilla.htm\">http:\/\/www.ceip-diputacio.com\/la%20motxilla.htm<\/a><\/p>\n<h1><\/h1>\n<p>English: Durant la segona setmana, els i les alumnes han de:<\/p>\n<ol>\n<li>\u00a0 \u00a0 \u00a0 <b>Repassar<\/b> el vocabulari de la Unit 4 i <b>ampliar-lo<\/b>. Cal fer una llista dels aliments i menjars que hem treballat a la unitat i buscar-ne i afegir-ne de nous a la llibreta d\u2019English (si la tenen a casa) o en un full a part (despr\u00e9s ja enganxarem a la llibreta quan tornem a l\u2019escola). Amb unes 10 paraules noves n\u2019hi ha suficient.<\/li>\n<li>\u00a0 \u00a0 \u00a0 <b>Cal portar fetes <\/b>les activitats de Writing que us deixo a continuaci\u00f3:<a href=\"https:\/\/drive.google.com\/file\/d\/1xWon9EFAdLf7rQy-yf4Nd5Qq63On_PyZ\/view?usp=sharing\"> https:\/\/drive.google.com\/file\/d\/1xWon9EFAdLf7rQy-yf4Nd5Qq63On_PyZ\/view?usp=sharing<\/a><\/li>\n<li>\u00a0 \u00a0 \u00a0 Podeu continuar fent activitats online, jo aquesta setmana us plantejo les seg\u00fcents :<a href=\"https:\/\/agendaweb.org\/vocabulary\/food-exercises.html\"> https:\/\/agendaweb.org\/vocabulary\/food-exercises.html<\/a><\/li>\n<\/ol>\n<p><span style=\"color: #ff0000;\"><strong>Valors religi\u00f3<\/strong><\/span><\/p>\n<ol>\n<li>Veure la pel\u00b7l\u00edcula Azur i Asmar al seg\u00fcent enlla\u00e7:<\/li>\n<\/ol>\n<p><a href=\"https:\/\/www.youtube.com\/watch?v=QgYPkZnysRA\">https:\/\/www.youtube.com\/watch?v=QgYPkZnysRA<\/a><\/p>\n<ol>\n<li>Per qu\u00e8 creus que l\u2019Azur decideix anar a con\u00e8ixer el pa\u00eds de l\u2019altre banda del mar?<\/li>\n<li>Per a quines raons l\u2019Azur decideix fer-se passar per cec?<\/li>\n<li>Per qu\u00e8 quan es troben per primer cop, ja de grans, l\u2019Asmar no vol saber res de l\u2019Azur? Qu\u00e8 en penses de la seva actitud?<\/li>\n<li>Qu\u00e8 opines del final de la pel\u00b7l\u00edcula?<\/li>\n<\/ol>\n<ol start=\"2\">\n<li><b> RECORDA QUE ARA TENS TEMPS PER FER I ENSENYAR <\/b><b>\u201cMOMENTS ESPECIALS\u201d (ja saps, respiracions i relaxacions, que ens saps molts&#8230;\u00e0nims!!). <\/b><b>TRANQUIL\u00b7LITAT A LA RESPIRACI\u00d3, PAU EN EL COR<\/b><b>..<\/b><\/li>\n<\/ol>\n<h1><\/h1>\n<h1><span style=\"color: #ff9900;\">Setmana del 16 al 22<\/span><\/h1>\n<p><span style=\"font-weight: 400;\">Hola a tots!!!<\/span><\/p>\n<p><span style=\"font-weight: 400;\">Us anotem els deures que v\u00e0rem posar el dijous i us adjuntem alguna cosa m\u00e9s perqu\u00e8 podeu anar treballant. Mireu de fer-ho tant b\u00e9 com sabeu. I si hi ha alguna cosa que no sabeu fer, la deixeu i ja ho farem a l\u2019escola.<\/span><\/p>\n<ul>\n<li style=\"font-weight: 400;\"><span style=\"font-weight: 400;\">Lectura del llibre de la biblioteca i la fitxa.<\/span><\/li>\n<li style=\"font-weight: 400;\"><span style=\"font-weight: 400;\">Exercicis d\u2019<\/span><b>Angl\u00e8s<\/b><span style=\"font-weight: 400;\"> que us va posar l\u2019 Enric. Eren dues p\u00e0gines.<\/span><\/li>\n<li style=\"font-weight: 400;\"><span style=\"font-weight: 400;\">Estudiar el tema de <\/span><b>Medi<\/b><span style=\"font-weight: 400;\"> i acabar el dibuix del cicle de l\u2019aigua si no el vau acabar.<\/span><\/li>\n<li style=\"font-weight: 400;\"><span style=\"font-weight: 400;\">Aquesta setmana hav\u00edem de fer prova de<\/span><b> catal\u00e0 i castell\u00e0<\/b><span style=\"font-weight: 400;\"> dels temes 5 i 6. Teniu el llibre i la llibreta. Podeu estudiar els requadres de gram\u00e0tica i fer algun exercici per repassar. Tamb\u00e9 us passem un link per fer dictats: <\/span><a href=\"https:\/\/llengua.gencat.cat\/ca\/serveis\/aprendre_catala\/recursos-per-al-professorat\/dictats-en-linia\/aspectes-ortografics\/\"><span style=\"font-weight: 400;\">https:\/\/llengua.gencat.cat\/ca\/serveis\/aprendre_catala\/recursos-per-al-professorat\/dictats-en-linia\/aspectes-ortografics\/<\/span><\/a><\/li>\n<\/ul>\n<p>&nbsp;<\/p>\n<ul>\n<li style=\"font-weight: 400;\"><span style=\"font-weight: 400;\">De <\/span><b>matem\u00e0tiques<\/b><span style=\"font-weight: 400;\"> heu d\u2019estudiar les taules de multiplicar. Tamb\u00e9 us passem un pdf en el que hi trobareu diferents exercicis per repassar. Ho podeu imprimir i sin\u00f3 fer-ho en una llibreta.<\/span><\/li>\n<\/ul>\n<p>&nbsp;<\/p>\n<p><a href=\"https:\/\/www.barcanova.cat\/descargas\/barcanova\/propuestas\/1471281_RD.pdf\"><b>https:\/\/www.barcanova.cat\/descargas\/barcanova\/propuestas\/1471281_RD.pdf<\/b><\/a><\/p>\n<p>&nbsp;<\/p>\n<p><b>English <\/b><span style=\"font-weight: 400;\">Des de l\u2019\u00e0rea de llengua estrangera de l\u2019escola, us deixem un llistat d\u2019activitats, eines i recursos online per tal que pugueu treballar la llengua anglesa des de casa. La primera web que us proposem \u00e9s l\u2019Agenda Web. En aquesta plataforma hi ha molt material, trobareu molt vocabulari a m\u00e9s a m\u00e9s de gram\u00e0tica. Recomanem escollir el vocabulari i la gram\u00e0tica que hem treballat durant el curs, per tal de fer-ne un rep\u00e0s i aprofundir encara m\u00e9s en el tema. <\/span><a href=\"https:\/\/agendaweb.org\/\"><span style=\"font-weight: 400;\">https:\/\/agendaweb.org\/<\/span><\/a><span style=\"font-weight: 400;\"> En aquestes webs tamb\u00e9 trobareu molt vocabulari, a m\u00e9s a m\u00e9s d\u2019explicacions i recursos que us poden ajudar a fer els deures:<\/span><\/p>\n<ul>\n<li style=\"font-weight: 400;\"><a href=\"https:\/\/www.ejerciciosinglesonline.com\/exercises-and-theory\/primaria\/\"><span style=\"font-weight: 400;\">https:\/\/www.ejerciciosinglesonline.com\/exercises-and-theory\/primaria\/<\/span><\/a><\/li>\n<li style=\"font-weight: 400;\"><a href=\"https:\/\/www.allthingsgrammar.com\"><span style=\"font-weight: 400;\">https:\/\/www.allthingsgrammar.com<\/span><\/a><span style=\"font-weight: 400;\">\u00a0<\/span><\/li>\n<li style=\"font-weight: 400;\"><a href=\"https:\/\/dictionary.cambridge.org\/es\/\"><span style=\"font-weight: 400;\">https:\/\/dictionary.cambridge.org\/es\/<\/span><\/a><\/li>\n<li style=\"font-weight: 400;\"><span style=\"font-weight: 400;\">Recull d\u2019activitats per a treballar totes les dimensions de la llengua: <\/span><a href=\"https:\/\/learnenglishkids.britishcouncil.org\"><span style=\"font-weight: 400;\">https:\/\/learnenglishkids.britishcouncil.org<\/span><\/a><span style=\"font-weight: 400;\">\u00a0\u00a0<\/span><\/li>\n<\/ul>\n<p>&nbsp;<\/p>\n<p><span style=\"font-weight: 400;\"> Adjuntem unes fitxes per repassar el que hem treballat fins ara a l\u2019escola. <\/span><b>Cal que les porteu fetes quan tornem a l\u2019escola. Per aquesta setmana:<\/b><\/p>\n<p>&nbsp;<\/p>\n<p><b>Extension activities: <\/b><a href=\"https:\/\/drive.google.com\/file\/d\/1DEOb2eUbK-qPh6Fm2A1wCJxlZTbukk2D\/view?usp=sharing\"><b>https:\/\/drive.google.com\/file\/d\/1DEOb2eUbK-qPh6Fm2A1wCJxlZTbukk2D\/view?usp=sharing<\/b><\/a><\/p>\n<p>&nbsp;<\/p>\n<p><b>Grammar:\u00a0<\/b><\/p>\n<p><a href=\"https:\/\/drive.google.com\/file\/d\/1qm2xL0MYV6AVd8Za1wmQUKdtQwCwhu_o\/view?usp=sharing\"><b>https:\/\/drive.google.com\/file\/d\/1qm2xL0MYV6AVd8Za1wmQUKdtQwCwhu_o\/view?usp=sharing<\/b><\/a><\/p>\n<p>&nbsp;<\/p>\n","protected":false},"excerpt":{"rendered":"<p>TERCERA SETMANA (del 30 de mar\u00e7 al 5 d&#8217;abril) Hola a tots! Esperem que estigueu tots b\u00e9. Us deixem els deures per aquesta setmana. Us trobem molt a faltar. &nbsp; Matem\u00e0tiques\u00a0 Continua repassant les taules de multiplicar. Continua amb el dossier de Suma i Pensa de Barcanova. A la p\u00e0gina web de l\u2019escola teniu penjats [&hellip;]<\/p>\n","protected":false},"author":1,"featured_media":0,"parent":0,"menu_order":0,"comment_status":"closed","ping_status":"closed","template":"page-templates\/side-menu.php","meta":{"_bbp_topic_count":0,"_bbp_reply_count":0,"_bbp_total_topic_count":0,"_bbp_total_reply_count":0,"_bbp_voice_count":0,"_bbp_anonymous_reply_count":0,"_bbp_topic_count_hidden":0,"_bbp_reply_count_hidden":0,"_bbp_forum_subforum_count":0,"site-sidebar-layout":"default","site-content-layout":"","ast-site-content-layout":"","site-content-style":"default","site-sidebar-style":"default","ast-global-header-display":"","ast-banner-title-visibility":"","ast-main-header-display":"","ast-hfb-above-header-display":"","ast-hfb-below-header-display":"","ast-hfb-mobile-header-display":"","site-post-title":"","ast-breadcrumbs-content":"","ast-featured-img":"","footer-sml-layout":"","theme-transparent-header-meta":"","adv-header-id-meta":"","stick-header-meta":"","header-above-stick-meta":"","header-main-stick-meta":"","header-below-stick-meta":"","astra-migrate-meta-layouts":"default","ast-page-background-enabled":"default","ast-page-background-meta":{"desktop":{"background-color":"var(--ast-global-color-4)","background-image":"","background-repeat":"repeat","background-position":"center center","background-size":"auto","background-attachment":"scroll","background-type":"","background-media":"","overlay-type":"","overlay-color":"","overlay-opacity":"","overlay-gradient":""},"tablet":{"background-color":"","background-image":"","background-repeat":"repeat","background-position":"center center","background-size":"auto","background-attachment":"scroll","background-type":"","background-media":"","overlay-type":"","overlay-color":"","overlay-opacity":"","overlay-gradient":""},"mobile":{"background-color":"","background-image":"","background-repeat":"repeat","background-position":"center center","background-size":"auto","background-attachment":"scroll","background-type":"","background-media":"","overlay-type":"","overlay-color":"","overlay-opacity":"","overlay-gradient":""}},"ast-content-background-meta":{"desktop":{"background-color":"var(--ast-global-color-5)","background-image":"","background-repeat":"repeat","background-position":"center center","background-size":"auto","background-attachment":"scroll","background-type":"","background-media":"","overlay-type":"","overlay-color":"","overlay-opacity":"","overlay-gradient":""},"tablet":{"background-color":"var(--ast-global-color-5)","background-image":"","background-repeat":"repeat","background-position":"center center","background-size":"auto","background-attachment":"scroll","background-type":"","background-media":"","overlay-type":"","overlay-color":"","overlay-opacity":"","overlay-gradient":""},"mobile":{"background-color":"var(--ast-global-color-5)","background-image":"","background-repeat":"repeat","background-position":"center center","background-size":"auto","background-attachment":"scroll","background-type":"","background-media":"","overlay-type":"","overlay-color":"","overlay-opacity":"","overlay-gradient":""}},"footnotes":""},"class_list":["post-2117","page","type-page","status-publish","hentry"],"post_mailing_queue_ids":[],"_links":{"self":[{"href":"https:\/\/agora.xtec.cat\/escpfangles\/wp-json\/wp\/v2\/pages\/2117","targetHints":{"allow":["GET"]}}],"collection":[{"href":"https:\/\/agora.xtec.cat\/escpfangles\/wp-json\/wp\/v2\/pages"}],"about":[{"href":"https:\/\/agora.xtec.cat\/escpfangles\/wp-json\/wp\/v2\/types\/page"}],"author":[{"embeddable":true,"href":"https:\/\/agora.xtec.cat\/escpfangles\/wp-json\/wp\/v2\/users\/1"}],"replies":[{"embeddable":true,"href":"https:\/\/agora.xtec.cat\/escpfangles\/wp-json\/wp\/v2\/comments?post=2117"}],"version-history":[{"count":3,"href":"https:\/\/agora.xtec.cat\/escpfangles\/wp-json\/wp\/v2\/pages\/2117\/revisions"}],"predecessor-version":[{"id":2293,"href":"https:\/\/agora.xtec.cat\/escpfangles\/wp-json\/wp\/v2\/pages\/2117\/revisions\/2293"}],"wp:attachment":[{"href":"https:\/\/agora.xtec.cat\/escpfangles\/wp-json\/wp\/v2\/media?parent=2117"}],"curies":[{"name":"wp","href":"https:\/\/api.w.org\/{rel}","templated":true}]}}