{"id":2111,"date":"2020-03-16T13:11:37","date_gmt":"2020-03-16T12:11:37","guid":{"rendered":"https:\/\/agora.xtec.cat\/escpfangles\/?page_id=2111"},"modified":"2020-04-05T23:38:43","modified_gmt":"2020-04-05T21:38:43","slug":"deures-de-2n","status":"publish","type":"page","link":"https:\/\/agora.xtec.cat\/escpfangles\/deures-de-2n\/","title":{"rendered":"Deures de 2n"},"content":{"rendered":"<h1><span style=\"color: #ff0000;\">TERCERA SETMANA (del 30 de mar\u00e7 al 5 d&#8217;abril)<\/span><\/h1>\n<p>Hola fam\u00edlies! Totes les propostes que us fem cada setmana les podeu realitzar: imprimint la tasca, en un full en blanc o una llibreta; fins i tot hi ha tasques que si ho considereu les podeu fer oralment. Feu-ho de la manera que us vagi millor! Totes les feines fetes se les poden guardar a la seva carpeta o llibreta on les facin.<\/p>\n<p>&nbsp;<\/p>\n<p><span style=\"color: #ff6600;\"><b>MEDI<\/b><\/span><\/p>\n<p>El joc del reciclatge: http:\/\/www.arc.cat\/ca\/publicacions\/exe\/reciclatge\/index.html?_ga=2.143315445.1337715308.1585220568-180397834.1513532062<\/p>\n<p>&nbsp;<\/p>\n<p><span style=\"color: #ff6600;\"><b>MATEM\u00c0TIQUES<\/b><\/span><\/p>\n<p>Repassa les taules de multiplicar.<\/p>\n<p><a href=\"https:\/\/drive.google.com\/file\/d\/1lbY7APAFFDSdFdvWv6-6Zm2c1UYX3gre\/view?usp=sharing\">Tasca matem\u00e0tiques 1.<\/a><\/p>\n<p><a href=\"https:\/\/drive.google.com\/file\/d\/1Br0BtehxmrmIrHgwOupM_joR5fNPCHEs\/view?usp=sharing\">Tasca matem\u00e0tiques 2.<\/a><\/p>\n<p>&nbsp;<\/p>\n<p><span style=\"color: #ff6600;\"><b>CATAL\u00c0<\/b><\/span><\/p>\n<p>Segur que t\u2019est\u00e0s llegint un llibre! Si no en llegeixes cap, comen\u00e7a\u2019n un. Quan l\u2019hagis acabat, escriu:<\/p>\n<p>T\u00edtol:<\/p>\n<p>Autor\/a:<\/p>\n<p>Personatges:<\/p>\n<p>Explica qu\u00e8 passa a la hist\u00f2ria:<\/p>\n<p>&nbsp;<\/p>\n<p><span style=\"color: #ff6600;\"><b>CASTELL\u00c0 I PL\u00c0STICA<\/b><\/span><\/p>\n<p>Et proposem fer titelles amb pinces d\u2019estendre roba. Despr\u00e9s inventa\u2019t una hist\u00f2ria en castell\u00e0 i representa-la a la fam\u00edlia.<\/p>\n<p>&nbsp;<\/p>\n<p><a href=\"https:\/\/drive.google.com\/file\/d\/1_v08F5XK8ognGaDKJbOxc_bVhB0-XkJ3\/view?usp=sharing\">Exemple de titelles<\/a>.<\/p>\n<p><a href=\"https:\/\/drive.google.com\/file\/d\/1rIHnYsUCj1Np7M699vYQPw7rNZ91JHsl\/view?usp=sharing\">Plantilla per fer els titelles.<\/a> (Si no ho pots imprimir, NO ET PREOCUPIS! Pots dibuixar els animals en un full en blanc i fer els teus titelles igualment).<\/p>\n<p>&nbsp;<\/p>\n<p>Web amb activitats din\u00e0miques i divertides que podeu fer a casa.<\/p>\n<p><a href=\"http:\/\/www.edu365.cat\">http:\/\/www.edu365.cat<\/a><\/p>\n<p>&nbsp;<\/p>\n<p><span style=\"color: #ff6600;\"><b>ANGL\u00c8S<\/b><\/span><\/p>\n<p>SONGS<\/p>\n<p>Pirates:<a href=\"https:\/\/www.youtube.com\/watch?v=Fe9bnYRzFvk\"> https:\/\/www.youtube.com\/watch?v=Fe9bnYRzFvk<\/a><\/p>\n<p>Days of the week:<a href=\"https:\/\/www.youtube.com\/watch?v=mXMofxtDPUQ\"> https:\/\/www.youtube.com\/watch?v=mXMofxtDPUQ<\/a><\/p>\n<p>Months of the year:<a href=\"https:\/\/www.youtube.com\/watch?v=Fe9bnYRzFvk\"> https:\/\/www.youtube.com\/watch?v=Fe9bnYRzFvk<\/a><\/p>\n<p>Numbers from 1 to 100:<a href=\"https:\/\/www.youtube.com\/watch?v=bGetqbqDVaA\"> https:\/\/www.youtube.com\/watch?v=bGetqbqDVaA<\/a><\/p>\n<p>I have a pet: <a href=\"https:\/\/www.youtube.com\/watch?v=pWepfJ-8XU0\">https:\/\/www.youtube.com\/watch?v=pWepfJ-8XU0<\/a><\/p>\n<p>&nbsp;<\/p>\n<p>Fitxes per fer<\/p>\n<p><a href=\"https:\/\/drive.google.com\/file\/d\/1RVPbwqsVlHe43mtsQTmlpR_LD8M26Zet\/view?usp=sharing\">Worksheet 1: Animals<\/a><\/p>\n<p><a href=\"https:\/\/drive.google.com\/file\/d\/1WWIqY9-9YP7twoXMGgKz0g_-wOUUh3mE\/view?usp=sharing\">Worksheet 2: Animals<\/a><\/p>\n<p>&nbsp;<\/p>\n<p>TO PLAY<\/p>\n<p><a href=\"https:\/\/learnenglishkids.britishcouncil.org\">https:\/\/learnenglishkids.britishcouncil.org<\/a><\/p>\n<p><a href=\"https:\/\/www.eslgamesplus.com\">https:\/\/www.eslgamesplus.com<\/a><\/p>\n<p>&nbsp;<\/p>\n<p><span style=\"color: #ff6600;\"><b>VALORS-RELIGI\u00d3<\/b><\/span><\/p>\n<p><b>JUGUEM A FER EL LLE\u00d3<\/b><\/p>\n<p><b>\u00a0<\/b><\/p>\n<p><b>Em pinto la cara de lle\u00f3 o em faig una careta de lle\u00f3. EEEPPPPP tamb\u00e9 ho puc fer sense res a la cara.<\/b><\/p>\n<p><b>\u00a0<\/b><\/p>\n<p><b>M\u2019assec a terra, sobre els talons i poso les mans a terra. Tamb\u00e9 es pot fer asseguts en una cadira.<\/b><\/p>\n<p><b>\u00a0<\/b><\/p>\n<p><b>Agafo aire pel nas i el trec per la boca mentre trec la llengua tant com puc. Imito el rugit del lle\u00f3.<\/b><\/p>\n<p><b>\u00a0<\/b><\/p>\n<p><b>Mentre ho faig, puc obrir els dits de les mans com si fossin les urpes d\u2019un lle\u00f3. Puc anar voltant per la casa, mentre ho vaig fent.<\/b><\/p>\n<p><b>\u00a0<\/b><\/p>\n<p><b>\u00a0<\/b><\/p>\n<p><b>ENS AJUDA A<\/b><b>: enfortir el coll, prevenir refredats, netejar la llengua, donar seguretat i for\u00e7a.<\/b><\/p>\n<p><b>\u00a0<\/b><\/p>\n<p><b>A VEURE, A VEURE, QUANTS LLEONS HI HAUR\u00c0 PER CASA?<\/b><\/p>\n<p><b>\u00a0<\/b><\/p>\n<p><b>\u00a0<\/b><\/p>\n<p><b>TRANQUIL\u00b7LITAT A LA RESPIRACI\u00d3, PAU EN EL COR<\/b><b>.<\/b><\/p>\n<p>&nbsp;<\/p>\n<p>&nbsp;<\/p>\n<ul>\n<li><span style=\"color: #ff6600;\"><b>ACTIVITATS PELS ALUMNES QUE TENEN UN PLA INDIVIDUALITZAT:<\/b><\/span><\/li>\n<\/ul>\n<p>&nbsp;<\/p>\n<p>Us pengem les activitats alternatives que podeu fer de catal\u00e0 i matem\u00e0tiques.\u00a0 i tamb\u00e9 podeu fer les altres activitats de medi i pl\u00e0stica igual que el grup-classe.<\/p>\n<p>Si no teniu impressora les podeu copiar en un paper.<\/p>\n<p><span style=\"color: #99cc00;\"><b>CATAL\u00c0<\/b><\/span><\/p>\n<p>&nbsp;<\/p>\n<p>Fes les fitxes:<\/p>\n<ul>\n<li><a href=\"https:\/\/drive.google.com\/file\/d\/1e-_zT0G8l8KbZ-ej_3XVPiG0mSvo6W88\/view?usp=sharing\">Lectura i comprensi\u00f3 lectora<\/a><\/li>\n<li><a href=\"https:\/\/drive.google.com\/file\/d\/1kIERYeXR23JEb6RAsqGY3dPRJQzi25fR\/view?usp=sharing\">Expressi\u00f3 escrita<\/a><\/li>\n<\/ul>\n<p>&nbsp;<\/p>\n<p><span style=\"color: #99cc00;\"><b>MATEM\u00c0TIQUES<\/b><\/span><\/p>\n<p>&nbsp;<\/p>\n<ul>\n<li><a href=\"https:\/\/drive.google.com\/file\/d\/1hpHF5-uaTpy570YcHs3QIdKET46V7hL0\/view?usp=sharing\">N\u00fameros de 10-19 (1)<\/a><\/li>\n<li><a href=\"https:\/\/drive.google.com\/file\/d\/1ECt_ixHOBB2Xjd8kQiWlBHffnwyi2LGk\/view?usp=sharing\">N\u00fameros del 10-19 (2)<\/a><\/li>\n<li><a href=\"https:\/\/drive.google.com\/file\/d\/1oOFtWjoglobHX19AkY_BGPlTqTZz-3ue\/view?usp=sharing\">Numeraci\u00f3 fins el 19<\/a><\/li>\n<li><a href=\"https:\/\/drive.google.com\/file\/d\/1tIqecaeXmouCkeMP7iISzDayxkuk_19o\/view?usp=sharing\">https:\/\/drive.google.com\/file\/d\/1tIqecaeXmouCkeMP7iISzDayxkuk_19o\/view?usp=sharing<\/a><\/li>\n<\/ul>\n<p>&nbsp;<\/p>\n<p><span style=\"color: #99cc00;\"><b>ANGL\u00c8S<\/b><\/span><\/p>\n<p>De llengua anglesa, podeu escoltar les can\u00e7ons proposades i fer jocs online dels links que us hem compartit.<\/p>\n<p>&nbsp;<\/p>\n<p>&nbsp;<\/p>\n<p>&nbsp;<\/p>\n<p>&nbsp;<\/p>\n<p>&nbsp;<\/p>\n<h1><span style=\"color: #cc99ff;\">Segona setmana (del 23 al 29 de mar\u00e7 20)<\/span><\/h1>\n<p><strong><span style=\"color: #ff0000;\">MEDI<\/span><\/strong><\/p>\n<p><b>EL CICLE DE L\u2019AIGUA<\/b><\/p>\n<p>El Ciclo del Agua:<a href=\"https:\/\/www.youtube.com\/watch?v=QDCohXW6blg&amp;t=106s\"> https:\/\/www.youtube.com\/watch?v=QDCohXW6blg&amp;t=106s<\/a><\/p>\n<p>El cami de l\u2019Ota:<a href=\"https:\/\/www.youtube.com\/watch?v=yJByaqJWAYM\"> https:\/\/www.youtube.com\/watch?v=yJByaqJWAYM<\/a><\/p>\n<p>El Cicle de l\u2019aigua:<a href=\"https:\/\/es.slideshare.net\/maroaman\/laigua-cicle-inicial\"> https:\/\/es.slideshare.net\/maroaman\/laigua-cicle-inicial<\/a><\/p>\n<p>&nbsp;<\/p>\n<p><span style=\"color: #ff0000;\"><b>MATEM\u00c0TIQUES<\/b><\/span><\/p>\n<ol>\n<li>Estudiar la taula del 5 i la del 10. Demana a alg\u00fa de la fam\u00edlia que te les pregunti del dret, del rev\u00e9s i saltades.<\/li>\n<\/ol>\n<p>&nbsp;<\/p>\n<ol>\n<li>Fes les sumes seg\u00fcents, fixa\u2019t en les estrat\u00e8gies de c\u00e0lcul:<\/li>\n<\/ol>\n<p>&nbsp;<\/p>\n<table>\n<tbody>\n<tr>\n<td>50 + 20 = <b>7<\/b>0<\/p>\n<p>50 + 23 = <b>7<\/b>3<\/td>\n<td>70 + 20 =<\/p>\n<p>70 + 27 =<\/td>\n<td>20 + 30 =<\/p>\n<p>20 + 31=<\/td>\n<td>20 + 40 =<\/p>\n<p>27 + 43 =<\/td>\n<\/tr>\n<tr>\n<td>60 + 30 =<\/p>\n<p>60 + 35 =<\/td>\n<td>30 + 10 =<\/p>\n<p>30 + 19 =<\/td>\n<td>10 + 50 =<\/p>\n<p>12 + 51 =<\/td>\n<td>50 + 50 =<\/p>\n<p>55 + 55 =<\/td>\n<\/tr>\n<tr>\n<td>40 + 40 =<\/p>\n<p>40 + 46 =<\/td>\n<td>90 + 10 =<\/p>\n<p>90 + 14 =<\/td>\n<td>80 + 20 =<\/p>\n<p>84 + 22 =<\/td>\n<td>40 + 30 =<\/p>\n<p>42 + 35 =<\/td>\n<\/tr>\n<\/tbody>\n<\/table>\n<p>&nbsp;<\/p>\n<ol>\n<li>Escriu problemes que es puguin resoldre utilitzant les operacions seg\u00fcents:<\/li>\n<\/ol>\n<p>&nbsp;<\/p>\n<p>25 + 32\u00a0\u00a0\u00a0 42 &#8211; 14\u00a0\u00a0\u00a0 \u00a0\u00a0\u00a0 2 x 6<\/p>\n<p>&nbsp;<\/p>\n<ol>\n<li>Continua aquestes series:<\/li>\n<\/ol>\n<p>&nbsp;<\/p>\n<p>Fins a 50 -&gt; 11 &#8211; 13 &#8211; 15 &#8211;<\/p>\n<p>&nbsp;<\/p>\n<p>Fins a 150 -&gt; 120 &#8211; 121 &#8211; 122 &#8211; 123 &#8211;<\/p>\n<p>&nbsp;<\/p>\n<p>Fins a 120 -&gt; 52 &#8211; 54 &#8211; 56 &#8211; 58 &#8211;<\/p>\n<p>&nbsp;<\/p>\n<p><span style=\"color: #ff0000;\"><b>CATAL\u00c0<\/b><\/span><\/p>\n<ol>\n<li>Explica quin dia de la setmana passada t\u2019ho vas passar millor, qu\u00e8 vas fer? Fes el mateix que faries a la Llibreta creativa.<\/li>\n<li>Ordena les frases de pirates:<\/li>\n<\/ol>\n<p>&nbsp;<\/p>\n<p>Els\u00a0 el busc\u00e0ven\u00a0 tresor. pirates<\/p>\n<p>&nbsp;<\/p>\n<p>dels\u00a0 vent les\u00a0 El veles vaixells.\u00a0 empenyia<\/p>\n<p>&nbsp;<\/p>\n<p>pirates\u00a0 Els anaven\u00a0 sempre i pudor.\u00a0 feien bruts<\/p>\n<p>&nbsp;<\/p>\n<p>cama\u00a0 posaven\u00a0 Quan una es una pota pal. perdien\u00a0 de<\/p>\n<p>&nbsp;<\/p>\n<p>El\u00a0 un portava l\u2019espatlla.\u00a0 capit\u00e0 lloro a<\/p>\n<p>&nbsp;<\/p>\n<ol>\n<li>Fes una frase amb cada paraula:<\/li>\n<\/ol>\n<p>&nbsp;<\/p>\n<p>pegat:<\/p>\n<p>&nbsp;<\/p>\n<p>garfi:<\/p>\n<p>&nbsp;<\/p>\n<p>vaixell:<\/p>\n<p>&nbsp;<\/p>\n<p>illa:<\/p>\n<p>&nbsp;<\/p>\n<p>espasa:<\/p>\n<p>&nbsp;<\/p>\n<p>Llegir cada dia.<\/p>\n<p>Estudiar obra de teatre.<\/p>\n<p>&nbsp;<\/p>\n<p><span style=\"color: #ff0000;\"><b>CASTELL\u00c0<\/b><\/span><\/p>\n<p>Llegir i respondre les preguntes del poema \u201cMeses del a\u00f1o\u201d.<\/p>\n<p>Apr\u00e8n el poema de mem\u00f2ria.<\/p>\n<p>Ordena aquestes s\u00edl\u00b7labes per formar paraules:<\/p>\n<p>dor-or-na-de\u00a0\u00a0\u00a0 \u00a0\u00a0\u00a0 \u00a0\u00a0\u00a0 ven-na-ta<\/p>\n<p>llo-ca-ba\u00a0\u00a0\u00a0 \u00a0\u00a0\u00a0 \u00a0\u00a0\u00a0 ma-ja-pi<\/p>\n<p>bi-ta-ci-cle\u00a0\u00a0\u00a0 \u00a0\u00a0\u00a0 \u00a0\u00a0\u00a0 res-de-be<\/p>\n<p>ra-z\u00f3n-co\u00a0\u00a0\u00a0 \u00a0\u00a0\u00a0 \u00a0\u00a0\u00a0 che-co<\/p>\n<p>ci-co-na\u00a0\u00a0\u00a0 \u00a0\u00a0\u00a0 \u00a0\u00a0\u00a0 ri-da-man-na<\/p>\n<p>cho-te-co-la\u00a0\u00a0\u00a0 \u00a0\u00a0\u00a0 \u00a0\u00a0\u00a0 te-car-ro-pin<\/p>\n<p>rro-ta\u00a0\u00a0\u00a0 \u00a0\u00a0\u00a0 \u00a0\u00a0\u00a0 \u00a0\u00a0\u00a0 ne-dor-te<\/p>\n<p>&nbsp;<\/p>\n<p>Web amb activitats din\u00e0miques i divertides que podeu fer a casa.<\/p>\n<p><a href=\"http:\/\/www.edu365.cat\">http:\/\/www.edu365.cat<\/a><\/p>\n<p>&nbsp;<\/p>\n<p><strong><span style=\"color: #ff0000;\">ANGL\u00c8S<\/span><\/strong><\/p>\n<p>SONGS<\/p>\n<p>Pirates:<a href=\"https:\/\/www.youtube.com\/watch?v=Fe9bnYRzFvk\"> https:\/\/www.youtube.com\/watch?v=Fe9bnYRzFvk<\/a><\/p>\n<p>Days of the week:<a href=\"https:\/\/www.youtube.com\/watch?v=mXMofxtDPUQ\"> https:\/\/www.youtube.com\/watch?v=mXMofxtDPUQ<\/a><\/p>\n<p>Months of the year:<a href=\"https:\/\/www.youtube.com\/watch?v=Fe9bnYRzFvk\"> https:\/\/www.youtube.com\/watch?v=Fe9bnYRzFvk<\/a><\/p>\n<p>Numbers from 1 to 100:<a href=\"https:\/\/www.youtube.com\/watch?v=bGetqbqDVaA\"> https:\/\/www.youtube.com\/watch?v=bGetqbqDVaA<\/a><\/p>\n<p>Put on your\u2026: <a href=\"https:\/\/www.youtube.com\/watch?v=-jBfb33_KHU\">https:\/\/www.youtube.com\/watch?v=-jBfb33_KHU<\/a><\/p>\n<p>Rock scissors paper: <a href=\"https:\/\/www.youtube.com\/watch?v=P65yE_EXLd8\">https:\/\/www.youtube.com\/watch?v=P65yE_EXLd8<\/a><\/p>\n<p>&nbsp;<\/p>\n<p>Fitxes per fer:<\/p>\n<p><a href=\"https:\/\/drive.google.com\/file\/d\/1W8VnyawxwgLAigXVAi13wLPUVhdSyo71\/view?usp=sharing\">Worksheet 1: Days of the week.<\/a><\/p>\n<p><a href=\"https:\/\/drive.google.com\/file\/d\/1C6oE4hSGa0mY4gi52qumIFxrNn6npxG5\/view?usp=sharing\">Worksheet 2: Clothes<\/a><\/p>\n<p>&nbsp;<\/p>\n<p>TO PLAY<\/p>\n<p><a href=\"https:\/\/learnenglishkids.britishcouncil.org\">https:\/\/learnenglishkids.britishcouncil.org<\/a><\/p>\n<p><a href=\"https:\/\/www.eslgamesplus.com\">https:\/\/www.eslgamesplus.com<\/a><\/p>\n<p>&nbsp;<\/p>\n<p><span style=\"color: #ff0000;\"><b>M\u00daSICA A CICLE INICIAL<\/b><\/span><\/p>\n<p>&nbsp;<\/p>\n<p>Al seg\u00fcent enlla\u00e7 trobareu m\u00fasiques per practicar ritmes amb els instruments de percussi\u00f3 corporal i amb objectes:<\/p>\n<p><a href=\"https:\/\/docs.google.com\/presentation\/d\/1qZPcBsNeEmhSzBam_tgkTKijgStFpdG3CCDAB-575SU\">https:\/\/docs.google.com\/presentation\/d\/1qZPcBsNeEmhSzBam_tgkTKijgStFpdG3CCDAB-575SU<\/a><\/p>\n<p>&nbsp;<\/p>\n<p><span style=\"color: #ff0000;\"><strong>Valors-Religi\u00f3<\/strong><\/span><\/p>\n<p>Seegurament recordes els <b>MOMENTS ESPECIALS<\/b> que f\u00e8iem a primer, el curs passat. Mira de fer-los cada dia una estoneta. Segur que te\u2019n pots inventar molts altres<\/p>\n<ul>\n<li>M\u00e0 al front i al clatell<\/li>\n<li>La muntanya<\/li>\n<li>Botons del badall<\/li>\n<li>La flor<\/li>\n<li>El vaixell<\/li>\n<\/ul>\n<p>&nbsp;<\/p>\n<p><b>RECORDA<\/b> , quan els facis, d\u2019imaginar-te un <b>globus<\/b> ben gran i ben bonic a la panxa que s\u2019infla quan agafes aire i es desinfla quan el treus.<\/p>\n<p>&nbsp;<\/p>\n<p><b>POTS ENSENYAR-HO TAMB\u00c9 A LA RESTA DE LA FAM\u00cdLIA QUE ESTIGUI A CASA. <\/b><b>TRANQUIL\u00b7LITAT A LA RESPIRACI\u00d3, PAU EN EL COR<\/b><b>..<\/b><\/p>\n<p>&nbsp;<\/p>\n<p><b>US TROBEM MOLT A FALTAR! UNA ABRA\u00c7ADA MOLT GRAN!<\/b><\/p>\n<h1><\/h1>\n<h1><span style=\"color: #ff9900;\">Primera Setmana (del 16 al 22)<\/span><\/h1>\n<p><b>MEDI<\/b><\/p>\n<p><b>El RECICLATGE<\/b><\/p>\n<p><span style=\"font-weight: 400;\">El Reciclatge:<\/span><a href=\"https:\/\/www.youtube.com\/watch?v=TVAnUjo-GcE\"> <span style=\"font-weight: 400;\">https:\/\/www.youtube.com\/watch?v=TVAnUjo-GcE<\/span><\/a><\/p>\n<p><span style=\"font-weight: 400;\">El Reciclatge (can\u00e7\u00f3):<\/span><a href=\"https:\/\/www.youtube.com\/watch?v=Sc2bJ6X55vg\"> <span style=\"font-weight: 400;\">https:\/\/www.youtube.com\/watch?v=Sc2bJ6X55vg<\/span><\/a><\/p>\n<p><span style=\"font-weight: 400;\">Les Tres Erres &#8211; El Pot Petit:<\/span><a href=\"https:\/\/www.youtube.com\/watch?v=gNC9nrQ5aQA\"> <span style=\"font-weight: 400;\">https:\/\/www.youtube.com\/watch?v=gNC9nrQ5aQA<\/span><\/a><\/p>\n<p>&nbsp;<\/p>\n<p><b>EL CICLE DE LA MAT\u00c8RIA ORG\u00c0NICA<\/b><\/p>\n<p><span style=\"font-weight: 400;\">El cicle de la mat\u00e8ria org\u00e0nica:<\/span><a href=\"https:\/\/www.youtube.com\/watch?v=kmdcXIXQY9c\"> <span style=\"font-weight: 400;\">https:\/\/www.youtube.com\/watch?v=kmdcXIXQY9c<\/span><\/a><\/p>\n<p>&nbsp;<\/p>\n<p><b>MATEM\u00c0TIQUES<\/b><\/p>\n<p><span style=\"font-weight: 400;\">Repassar les taules de multiplicar. (0, 1, 2, 3, 4 i 6)<\/span><\/p>\n<p><span style=\"font-weight: 400;\">Fer les fitxes de matem\u00e0tiques que vam posar a la classe.\u00a0<\/span><\/p>\n<p>&nbsp;<\/p>\n<p><b>CATAL\u00c0<\/b><\/p>\n<p><span style=\"font-weight: 400;\">Fer les p\u00e0gines del quadern de catal\u00e0 que vam escriure a l\u2019agenda.<\/span><\/p>\n<p><span style=\"font-weight: 400;\">Llegir cada dia.\u00a0<\/span><\/p>\n<p>&nbsp;<\/p>\n<p><b>CASTELL\u00c0<\/b><\/p>\n<p><span style=\"font-weight: 400;\">Acabar el lector de castell\u00e0.<\/span><\/p>\n<p>&nbsp;<\/p>\n<p><span style=\"font-weight: 400;\">Hi trobareu moltes activitats din\u00e0miques i divertides que els vostres fills\/es poden fer des de casa.\u00a0<\/span><\/p>\n<p><a href=\"http:\/\/www.edu365.cat\"><span style=\"font-weight: 400;\">http:\/\/www.edu365.cat<\/span><\/a><span style=\"font-weight: 400;\">\u00a0<\/span><\/p>\n<p>&nbsp;<\/p>\n<p><span style=\"font-weight: 400;\">* Els alumnes amb P.I. caldr\u00e0 que vagin fent les feines que vam donar a classe i fer activitats online d\u2019aquest enlla\u00e7 (de l\u2019apartat d\u2019educaci\u00f3 infantil).<\/span><\/p>\n<p><a href=\"http:\/\/www.edu365.cat\/\"><span style=\"font-weight: 400;\">http:\/\/www.edu365.cat\/<\/span><\/a><\/p>\n<p>&nbsp;<\/p>\n<p><b>ANGL\u00c8S<\/b><\/p>\n<p><span style=\"font-weight: 400;\">SONGS<\/span><\/p>\n<p><span style=\"font-weight: 400;\">Pirates:<\/span><a href=\"https:\/\/www.youtube.com\/watch?v=Fe9bnYRzFvk\"> <span style=\"font-weight: 400;\">https:\/\/www.youtube.com\/watch?v=Fe9bnYRzFvk<\/span><\/a><\/p>\n<p><span style=\"font-weight: 400;\">Days of the week:<\/span><a href=\"https:\/\/www.youtube.com\/watch?v=mXMofxtDPUQ\"> <span style=\"font-weight: 400;\">https:\/\/www.youtube.com\/watch?v=mXMofxtDPUQ<\/span><\/a><\/p>\n<p><span style=\"font-weight: 400;\">Months of the year:<\/span><a href=\"https:\/\/www.youtube.com\/watch?v=Fe9bnYRzFvk\"> <span style=\"font-weight: 400;\">https:\/\/www.youtube.com\/watch?v=Fe9bnYRzFvk<\/span><\/a><\/p>\n<p><span style=\"font-weight: 400;\">Numbers from 1 to 100:<\/span><a href=\"https:\/\/www.youtube.com\/watch?v=bGetqbqDVaA\"> <span style=\"font-weight: 400;\">https:\/\/www.youtube.com\/watch?v=bGetqbqDVaA<\/span><\/a><\/p>\n<p><span style=\"font-weight: 400;\">Super Simple Songs (hi ha moltes can\u00e7ons):<\/span><a href=\"https:\/\/www.youtube.com\/user\/SuperSimpleSongs\"> <span style=\"font-weight: 400;\">https:\/\/www.youtube.com\/user\/SuperSimpleSongs<\/span><\/a><\/p>\n<p>&nbsp;<\/p>\n<p><span style=\"font-weight: 400;\">TO PLAY<\/span><\/p>\n<p><a href=\"https:\/\/learnenglishkids.britishcouncil.org\"><span style=\"font-weight: 400;\">https:\/\/learnenglishkids.britishcouncil.org<\/span><\/a><\/p>\n<p><a href=\"https:\/\/www.eslgamesplus.com\"><span style=\"font-weight: 400;\">https:\/\/www.eslgamesplus.com<\/span><\/a><\/p>\n<p>&nbsp;<\/p>\n<p><span style=\"font-weight: 400;\">Fer les fitxes seg\u00fcents:<\/span><\/p>\n<p>&nbsp;<\/p>\n<p><span style=\"font-weight: 400;\">Fitxa 1: <\/span><a href=\"https:\/\/drive.google.com\/file\/d\/1c9p00Et9H9Zx3FZwVjn7VBgByCQk1JQx\/view?usp=sharing\"><span style=\"font-weight: 400;\">https:\/\/drive.google.com\/file\/d\/1c9p00Et9H9Zx3FZwVjn7VBgByCQk1JQx\/view?usp=sharing<\/span><\/a><\/p>\n<p>&nbsp;<\/p>\n<p><span style=\"font-weight: 400;\">Fitxa 2: <\/span><a href=\"https:\/\/drive.google.com\/file\/d\/1BRO7_C-JdvuUz4qexq4ZMzDfZdswnu4l\/view?usp=sharing\"><span style=\"font-weight: 400;\">https:\/\/drive.google.com\/file\/d\/1BRO7_C-JdvuUz4qexq4ZMzDfZdswnu4l\/view?usp=sharing<\/span><\/a><\/p>\n<p>&nbsp;<\/p>\n","protected":false},"excerpt":{"rendered":"<p>TERCERA SETMANA (del 30 de mar\u00e7 al 5 d&#8217;abril) Hola fam\u00edlies! Totes les propostes que us fem cada setmana les podeu realitzar: imprimint la tasca, en un full en blanc o una llibreta; fins i tot hi ha tasques que si ho considereu les podeu fer oralment. Feu-ho de la manera que us vagi millor! [&hellip;]<\/p>\n","protected":false},"author":1,"featured_media":0,"parent":0,"menu_order":0,"comment_status":"closed","ping_status":"closed","template":"page-templates\/side-menu.php","meta":{"_bbp_topic_count":0,"_bbp_reply_count":0,"_bbp_total_topic_count":0,"_bbp_total_reply_count":0,"_bbp_voice_count":0,"_bbp_anonymous_reply_count":0,"_bbp_topic_count_hidden":0,"_bbp_reply_count_hidden":0,"_bbp_forum_subforum_count":0,"site-sidebar-layout":"default","site-content-layout":"","ast-site-content-layout":"","site-content-style":"default","site-sidebar-style":"default","ast-global-header-display":"","ast-banner-title-visibility":"","ast-main-header-display":"","ast-hfb-above-header-display":"","ast-hfb-below-header-display":"","ast-hfb-mobile-header-display":"","site-post-title":"","ast-breadcrumbs-content":"","ast-featured-img":"","footer-sml-layout":"","theme-transparent-header-meta":"","adv-header-id-meta":"","stick-header-meta":"","header-above-stick-meta":"","header-main-stick-meta":"","header-below-stick-meta":"","astra-migrate-meta-layouts":"default","ast-page-background-enabled":"default","ast-page-background-meta":{"desktop":{"background-color":"var(--ast-global-color-4)","background-image":"","background-repeat":"repeat","background-position":"center center","background-size":"auto","background-attachment":"scroll","background-type":"","background-media":"","overlay-type":"","overlay-color":"","overlay-opacity":"","overlay-gradient":""},"tablet":{"background-color":"","background-image":"","background-repeat":"repeat","background-position":"center center","background-size":"auto","background-attachment":"scroll","background-type":"","background-media":"","overlay-type":"","overlay-color":"","overlay-opacity":"","overlay-gradient":""},"mobile":{"background-color":"","background-image":"","background-repeat":"repeat","background-position":"center center","background-size":"auto","background-attachment":"scroll","background-type":"","background-media":"","overlay-type":"","overlay-color":"","overlay-opacity":"","overlay-gradient":""}},"ast-content-background-meta":{"desktop":{"background-color":"var(--ast-global-color-5)","background-image":"","background-repeat":"repeat","background-position":"center center","background-size":"auto","background-attachment":"scroll","background-type":"","background-media":"","overlay-type":"","overlay-color":"","overlay-opacity":"","overlay-gradient":""},"tablet":{"background-color":"var(--ast-global-color-5)","background-image":"","background-repeat":"repeat","background-position":"center center","background-size":"auto","background-attachment":"scroll","background-type":"","background-media":"","overlay-type":"","overlay-color":"","overlay-opacity":"","overlay-gradient":""},"mobile":{"background-color":"var(--ast-global-color-5)","background-image":"","background-repeat":"repeat","background-position":"center center","background-size":"auto","background-attachment":"scroll","background-type":"","background-media":"","overlay-type":"","overlay-color":"","overlay-opacity":"","overlay-gradient":""}},"footnotes":""},"class_list":["post-2111","page","type-page","status-publish","hentry"],"post_mailing_queue_ids":[],"_links":{"self":[{"href":"https:\/\/agora.xtec.cat\/escpfangles\/wp-json\/wp\/v2\/pages\/2111","targetHints":{"allow":["GET"]}}],"collection":[{"href":"https:\/\/agora.xtec.cat\/escpfangles\/wp-json\/wp\/v2\/pages"}],"about":[{"href":"https:\/\/agora.xtec.cat\/escpfangles\/wp-json\/wp\/v2\/types\/page"}],"author":[{"embeddable":true,"href":"https:\/\/agora.xtec.cat\/escpfangles\/wp-json\/wp\/v2\/users\/1"}],"replies":[{"embeddable":true,"href":"https:\/\/agora.xtec.cat\/escpfangles\/wp-json\/wp\/v2\/comments?post=2111"}],"version-history":[{"count":4,"href":"https:\/\/agora.xtec.cat\/escpfangles\/wp-json\/wp\/v2\/pages\/2111\/revisions"}],"predecessor-version":[{"id":2301,"href":"https:\/\/agora.xtec.cat\/escpfangles\/wp-json\/wp\/v2\/pages\/2111\/revisions\/2301"}],"wp:attachment":[{"href":"https:\/\/agora.xtec.cat\/escpfangles\/wp-json\/wp\/v2\/media?parent=2111"}],"curies":[{"name":"wp","href":"https:\/\/api.w.org\/{rel}","templated":true}]}}