{"id":2109,"date":"2020-03-16T13:11:17","date_gmt":"2020-03-16T12:11:17","guid":{"rendered":"https:\/\/agora.xtec.cat\/escpfangles\/?page_id=2109"},"modified":"2020-04-05T23:38:23","modified_gmt":"2020-04-05T21:38:23","slug":"deures-de-1r","status":"publish","type":"page","link":"https:\/\/agora.xtec.cat\/escpfangles\/deures-de-1r\/","title":{"rendered":"Deures de 1r"},"content":{"rendered":"<h1><span style=\"color: #ff0000;\">TERCERA SETMANA (del 30 de mar\u00e7 al 5 d&#8217;abril)<\/span><\/h1>\n<h2><span style=\"color: #99cc00;\">Medi<\/span><\/h2>\n<ul>\n<li>Busquem un mapa d&#8217;Angl\u00e8s (pot ser a partir del Google maps) i ens situem. Busquem\u00a0 l&#8217;escola, casa nostra, la fleca, la fruiteria&#8230;<\/li>\n<li>Intentem seguir el recorregut de casa fins\u00a0 l&#8217;escola.<\/li>\n<\/ul>\n<p>&nbsp;<\/p>\n<p>Matem\u00e0tiques<\/p>\n<ul>\n<li>Fer la fitxa\u00a0 seg\u00fcent.<\/li>\n<\/ul>\n<p><a href=\"https:\/\/drive.google.com\/file\/d\/1LkJUJ8H0O8M2y7IUa9IdvGOF6eJf6YFX\/view?usp=sharing\">https:\/\/drive.google.com\/file\/d\/1LkJUJ8H0O8M2y7IUa9IdvGOF6eJf6YFX\/view?usp=sharing<\/a><\/p>\n<ul>\n<li>Repassar els n\u00fameros del 0 al 100.<\/li>\n<li>Anar fent activitats de la web <a href=\"http:\/\/www.smartick.es\">www.smartick.es<\/a> si us hi heu registrat.<\/li>\n<\/ul>\n<p>&nbsp;<\/p>\n<h2><span style=\"color: #99cc00;\">Catal\u00e0<\/span><\/h2>\n<ul>\n<li>Llegir a diari.<\/li>\n<li>Explicar en un full de paper\u00a0 quines activitats feu a casa durant aquests dies.<\/li>\n<li>Activitats a escollir del seg\u00fcent enlla\u00e7 <a href=\"http:\/\/www.cristic.com\/1o-y-2o-de-primaria\/catala\/?lang=ca\">http:\/\/www.cristic.com\/1o-y-2o-de-primaria\/catala\/?lang=ca<\/a><\/li>\n<li>Llegir cada dia.<\/li>\n<\/ul>\n<p>&nbsp;<\/p>\n<h2><span style=\"color: #99cc00;\">Castell\u00e0<\/span><\/h2>\n<ul>\n<li>Seguir amb els quaderns lectors 2 i 3 del LECTOR.<\/li>\n<li>Podeu fer la seg\u00fcent activitat de castell\u00e0 i pl\u00e0stica. <a href=\"https:\/\/drive.google.com\/file\/d\/1rIHnYsUCj1Np7M699vYQPw7rNZ91JHsl\/view?usp=sharing\">https:\/\/drive.google.com\/file\/d\/1rIHnYsUCj1Np7M699vYQPw7rNZ91JHsl\/view?usp=sharing<\/a><\/li>\n<li><a href=\"https:\/\/drive.google.com\/file\/d\/1_v08F5XK8ognGaDKJbOxc_bVhB0-XkJ3\/view?usp=sharing\">https:\/\/drive.google.com\/file\/d\/1_v08F5XK8ognGaDKJbOxc_bVhB0-XkJ3\/view?usp=sharing<\/a><\/li>\n<\/ul>\n<p>&nbsp;<\/p>\n<h2><span style=\"color: #99cc00;\">Angl\u00e8s<\/span><\/h2>\n<p>SONGS<\/p>\n<p>Pirates:<a href=\"https:\/\/www.youtube.com\/watch?v=Fe9bnYRzFvk\"> https:\/\/www.youtube.com\/watch?v=Fe9bnYRzFvk<\/a><\/p>\n<p>Days of the week:<a href=\"https:\/\/www.youtube.com\/watch?v=mXMofxtDPUQ\"> https:\/\/www.youtube.com\/watch?v=mXMofxtDPUQ<\/a><\/p>\n<p>Months of the year:<a href=\"https:\/\/www.youtube.com\/watch?v=Fe9bnYRzFvk\"> https:\/\/www.youtube.com\/watch?v=Fe9bnYRzFvk<\/a><\/p>\n<p>Numbers from 1 to 20:<a href=\"https:\/\/www.youtube.com\/watch?v=D0Ajq682yrA\"> https:\/\/www.youtube.com\/watch?v=D0Ajq682yrA<\/a><\/p>\n<p>Head, shoulders, knees and toes: <a href=\"https:\/\/www.youtube.com\/watch?v=WX8HmogNyCY\">https:\/\/www.youtube.com\/watch?v=WX8HmogNyCY<\/a><\/p>\n<p>This is me: <a href=\"https:\/\/www.youtube.com\/watch?v=QkHQ0CYwjaI\">https:\/\/www.youtube.com\/watch?v=QkHQ0CYwjaI<\/a><\/p>\n<p>&nbsp;<\/p>\n<p>Fitxes per fer:<\/p>\n<p><a href=\"https:\/\/drive.google.com\/file\/d\/1t3Acodvs1OCDeuD1vRyQcBKYJKnNRP3N\/view?usp=sharing\">Worksheet 1: Body parts<\/a><\/p>\n<p><a href=\"https:\/\/drive.google.com\/file\/d\/11Hr8hqow9ASqO27ROWo2PE90B5QaRhHO\/view?usp=sharing\">Worksheet 2: 5 senses<\/a><\/p>\n<p>&nbsp;<\/p>\n<p>TO PLAY<\/p>\n<p><a href=\"https:\/\/learnenglishkids.britishcouncil.org\">https:\/\/learnenglishkids.britishcouncil.org<\/a><\/p>\n<p><a href=\"https:\/\/www.eslgamesplus.com\">https:\/\/www.eslgamesplus.com<\/a><\/p>\n<p>&nbsp;<\/p>\n<p>De llengua anglesa, podeu escoltar les can\u00e7ons proposades i fer jocs online del link que us hem compartit.<\/p>\n<p>&nbsp;<\/p>\n<h2><span style=\"color: #99cc00;\">Valors-Religi\u00f3<\/span><\/h2>\n<p>&nbsp;<\/p>\n<p><b>JUGUEM A FER EL LLE\u00d3<\/b><\/p>\n<p>Em pinto la cara de lle\u00f3 o em faig una careta de lle\u00f3. EEEPPPPP tamb\u00e9 ho puc fer sense res a la cara.<\/p>\n<p>&nbsp;<\/p>\n<p>M\u2019assec a terra, sobre els talons i poso les mans a terra. Tamb\u00e9 es pot fer asseguts en una cadira.<\/p>\n<p>&nbsp;<\/p>\n<p>Agafo aire pel nas i el trec per la boca mentre trec la llengua tant com puc. Imito el rugit del lle\u00f3.<\/p>\n<p>&nbsp;<\/p>\n<p>Mentre ho faig, puc obrir els dits de les mans com si fossin les urpes d\u2019un lle\u00f3. Puc anar voltant per la casa, mentre ho vaig fent.<\/p>\n<p><b>ENS AJUDA A<\/b>: enfortir el coll, prevenir refredats, netejar la llengua, donar seguretat i for\u00e7a.<\/p>\n<p>&nbsp;<\/p>\n<p><b>A VEURE, A VEURE, QUANTS LLEONS HI HAUR\u00c0 PER CASA?<\/b><\/p>\n<p><b>TRANQUIL\u00b7LITAT A LA RESPIRACI\u00d3, PAU EN EL COR<\/b><b>.<\/b><\/p>\n<p>&nbsp;<\/p>\n<p>&nbsp;<\/p>\n<ul>\n<li><span style=\"color: #ff6600;\"><b>ACTIVITATS PELS ALUMNES QUE TENEN UN PLA INDIVIDUALITZAT:<\/b><\/span><\/li>\n<\/ul>\n<p>&nbsp;<\/p>\n<p>Us pengem les activitats que podeu fer de catal\u00e0 i matem\u00e0tiques, i tamb\u00e9 podeu fer les altres activitats de medi i pl\u00e0stica igual que el grup-classe.<\/p>\n<p>Si no teniu impressora les podeu copiar en un paper.<\/p>\n<p>&nbsp;<\/p>\n<p><span style=\"color: #ffcc00;\"><strong>Catal\u00e0<\/strong><\/span><\/p>\n<p>Fes les fitxes:<\/p>\n<ul>\n<li><a href=\"https:\/\/drive.google.com\/file\/d\/1OKQHJ2vsIWKPuSn42Nfmfi3BcoMgKT21\/view?usp=sharing\">Imatges<\/a><\/li>\n<li><a href=\"https:\/\/drive.google.com\/file\/d\/1zycaEOUGa2VergVG70vSB1k43xP_pb2i\/view?usp=sharing\">Escriure paraules de dues s\u00edl.labes<\/a><\/li>\n<\/ul>\n<p>Agafeu un paper, feu el dibuix i escriviu el nom de les imatges que us envio.<\/p>\n<p>En el segon document hi ha la imatge amb el nom, aix\u00ed els nens i les nenes poden comprovar si ho han fet b\u00e9.<\/p>\n<p><strong><span style=\"color: #ffcc00;\">Matem\u00e0tiques<\/span><\/strong><\/p>\n<p>Fes les fitxes:<\/p>\n<ul>\n<li><a href=\"https:\/\/drive.google.com\/file\/d\/1V9TdDczNMMhqt39slzshUhAOcBHy3a5T\/view?usp=sharing\">Ressegueix i pinta<\/a><\/li>\n<li><a href=\"https:\/\/drive.google.com\/file\/d\/1hRW3oPawh3vSAHtOgstUUa4G6Y5cIhb3\/view?usp=sharing\">Relaciona i pinta<\/a><\/li>\n<li><a href=\"https:\/\/drive.google.com\/file\/d\/1jDtRhYmWP2TFgQeB0oVw1vGDNJlpfUS3\/view?usp=sharing\">Posa rodones<\/a><\/li>\n<\/ul>\n<p>&nbsp;<\/p>\n<p>A m\u00e9s de totes aquestes feinetes, tamb\u00e9 podeu fer jocs tipus memorys, puzzles,..<\/p>\n<p>&nbsp;<\/p>\n<p><span style=\"color: #ff9900;\"><b>ANGL\u00c8S<\/b><\/span><\/p>\n<p>De llengua anglesa, podeu escoltar les can\u00e7ons proposades i fer jocs online dels links que us hem compartit.<\/p>\n<p>&nbsp;<\/p>\n<p>Us deixem enlla\u00e7os on hi trobareu jocs:<\/p>\n<p>&nbsp;<\/p>\n<p><b>edu365: <\/b><a href=\"http:\/\/www.edu365.cat\/infantil\/index.html\"><b>http:\/\/www.edu365.cat\/infantil\/index.html<\/b><\/a><\/p>\n<p><b>Una m\u00e0 de contes: <\/b><a href=\"https:\/\/www.ccma.cat\/tv3\/super3\/una-ma-de-contes\/\"><b>https:\/\/www.ccma.cat\/tv3\/super3\/una-ma-de-contes\/<\/b><\/a><\/p>\n<p><b>Infok: <\/b><a href=\"https:\/\/www.ccma.cat\/tv3\/super3\/infok\/\"><b>https:\/\/www.ccma.cat\/tv3\/super3\/infok\/<\/b><\/a><\/p>\n<h1><\/h1>\n<h1><\/h1>\n<h1><span style=\"color: #666699;\">Segona setmana (del 23 al 29 de mar\u00e7 20)<\/span><\/h1>\n<p><strong><span style=\"color: #ff0000;\">Medi<\/span><\/strong><\/p>\n<ul>\n<li>Pensar i dibuixar un recorregut pel teu poble: on vas a comprar el pa, el peix, la carn, on compres els medicaments,&#8230;<\/li>\n<\/ul>\n<p>Matem\u00e0tiques<\/p>\n<ul>\n<li>Fer problemes senzills de suma i resta de manera oral amb les coses quotidianes de casa.<\/li>\n<li>Si voleu\u00a0 podeu registrar al vostre fill\/a durant 15 dies de manera gratu\u00efta a la web <a href=\"http:\/\/www.smartick.es\">www.smartick.es<\/a>, els ajudar\u00e0 a practicar matem\u00e0tiques.<\/li>\n<\/ul>\n<p><span style=\"color: #ff0000;\"><strong>Catal\u00e0<\/strong><\/span><\/p>\n<ul>\n<li>\u00a0Entrar a Edu365 i fes exercicis Aventura&#8217;t amb l&#8217;ortografia.<\/li>\n<li>Activitats online d&#8217;aquest enlla\u00e7:<\/li>\n<\/ul>\n<p><a href=\"https:\/\/sites.google.com\/a\/xtec.cat\/rdzereral\/c-i-catala\/expressio-escrita\">https:\/\/sites.google.com\/a\/xtec.cat\/rdzereral\/c-i-catala\/expressio-escrita<\/a><\/p>\n<ul>\n<li>Llegir cada dia.<\/li>\n<\/ul>\n<p>&nbsp;<\/p>\n<p><span style=\"color: #ff0000;\"><strong>Castell\u00e0<\/strong><\/span><\/p>\n<ul>\n<li>\u00a0Seguir amb els quaderns lectors 2 i 3 de castell\u00e0.<\/li>\n<li>Activitats online d\u2019aquest enlla\u00e7<\/li>\n<\/ul>\n<p><a href=\"https:\/\/sites.google.com\/a\/xtec.cat\/rdzereral\/c-i-castella\">https:\/\/sites.google.com\/a\/xtec.cat\/rdzereral\/c-i-castella<\/a><\/p>\n<p>&nbsp;<\/p>\n<p><span style=\"color: #ff0000;\"><strong>ANGL\u00c8S<\/strong><\/span><\/p>\n<p>SONGS<\/p>\n<p>Pirates:<a href=\"https:\/\/www.youtube.com\/watch?v=Fe9bnYRzFvk\"> https:\/\/www.youtube.com\/watch?v=Fe9bnYRzFvk<\/a><\/p>\n<p>Days of the week:<a href=\"https:\/\/www.youtube.com\/watch?v=mXMofxtDPUQ\"> https:\/\/www.youtube.com\/watch?v=mXMofxtDPUQ<\/a><\/p>\n<p>Months of the year:<a href=\"https:\/\/www.youtube.com\/watch?v=Fe9bnYRzFvk\"> https:\/\/www.youtube.com\/watch?v=Fe9bnYRzFvk<\/a><\/p>\n<p>Numbers from 1 to 20:<a href=\"https:\/\/www.youtube.com\/watch?v=D0Ajq682yrA\"> https:\/\/www.youtube.com\/watch?v=D0Ajq682yrA<\/a><\/p>\n<p>Baby Shark: <a href=\"https:\/\/www.youtube.com\/watch?v=XqZsoesa55w\">https:\/\/www.youtube.com\/watch?v=XqZsoesa55w<\/a><\/p>\n<p>Do you like\u2026?: <a href=\"https:\/\/www.youtube.com\/watch?v=frN3nvhIHUk\">https:\/\/www.youtube.com\/watch?v=frN3nvhIHUk<\/a><\/p>\n<p>&nbsp;<\/p>\n<p>Fitxes per fer:<\/p>\n<p><a href=\"https:\/\/drive.google.com\/file\/d\/1a9cUCzrS-s-Kl-UuWI7hrZsfBJ0PQMhq\/view?usp=sharing\">Worksheet 1: Family<\/a><\/p>\n<p><a href=\"https:\/\/drive.google.com\/file\/d\/1URaJfpIsvZ3MAyPXeF8ysuO2zKfqkXJP\/view?usp=sharing\">Worksheet 2: Family<\/a><\/p>\n<p>&nbsp;<\/p>\n<p>TO PLAY<\/p>\n<p><a href=\"https:\/\/learnenglishkids.britishcouncil.org\">https:\/\/learnenglishkids.britishcouncil.org<\/a><\/p>\n<p><a href=\"https:\/\/www.eslgamesplus.com\">https:\/\/www.eslgamesplus.com<\/a><\/p>\n<p>&nbsp;<\/p>\n<p><strong>INFORM\u00c0TICA<\/strong>.- <a href=\"https:\/\/clic.xtec.cat\/projects\/lectinfa\/jclic.js\/index.html\">Jclic de lectura de lletra lligada<\/a><\/p>\n<h2><span style=\"color: #ff0000;\">Valors-Religi\u00f3<\/span><\/h2>\n<p>Dedica una estona cada dia a fer els <b>MOMENTS ESPECIALS<\/b> que ja saps i d\u2019altres que et puguis inventar:<\/p>\n<ul>\n<li>M\u00e0 al front i al clatell<\/li>\n<li>La muntanya<\/li>\n<li>Botons del badall<\/li>\n<li>La flor<\/li>\n<li>El vaixell (estirats a terra amb un peluix, sentint com la panxa puja i baixa al ritme de la respiraci\u00f3)<\/li>\n<li>Jo m\u2019estimo, tu m\u2019estimes<\/li>\n<\/ul>\n<p><b>RECORDA<\/b> , quan els facis, d\u2019imaginar-te un <b>globus<\/b> ben gran i ben bonic a la panxa que s\u2019infla quan agafes aire i es desinfla quan el treus.<\/p>\n<h1><\/h1>\n<p><b>POTS ENSENYAR-HO TAMB\u00c9 A LA RESTA DE LA FAM\u00cdLIA QUE ESTIGUI A CASA. <\/b><b>TRANQUIL\u00b7LITAT A LA RESPIRACI\u00d3, PAU EN EL COR<\/b><b>..<\/b><\/p>\n<h1><\/h1>\n<h1><span style=\"color: #ff6600;\">Setmana del 16 al 22<\/span><\/h1>\n<p><b>MEDI<\/b><\/p>\n<p><span style=\"font-weight: 400;\">ELS ANIMALS<\/span><b>\u00a0<\/b><\/p>\n<p><span style=\"font-weight: 400;\">Veure el v\u00eddeo:<\/span> <a href=\"https:\/\/www.youtube.com\/watch?v=U0Xd4ncssfA\"><span style=\"font-weight: 400;\">https:\/\/www.youtube.com\/watch?v=U0Xd4ncssfA<\/span><\/a><\/p>\n<p><span style=\"font-weight: 400;\">Activitat 1: El meu animal preferit (Explicar quin \u00e9s el vostre animal preferit i fer-ne un dibuix).<\/span><\/p>\n<p>&nbsp;<\/p>\n<p><b>MATEM\u00c0TIQUES<\/b><\/p>\n<p><span style=\"font-weight: 400;\">Fer les fitxes de matem\u00e0tiques que vam posar a la classe.\u00a0<\/span><\/p>\n<p>&nbsp;<\/p>\n<p><b>CATAL\u00c0<\/b><\/p>\n<p>&nbsp;<\/p>\n<p><span style=\"font-weight: 400;\">Fer la fitxa donada a classe on cal fer una explicaci\u00f3 del dibuix.\u00a0<\/span><\/p>\n<p><span style=\"font-weight: 400;\">Escriure frases utilitzant HI HA, VAIG ANAR. Cal recordar que comencem les frases en maj\u00fascules i les acabem\u00a0 amb un punt. (ex: Hi ha un nen al parc. Vaig anar a la granja.).\u00a0<\/span><\/p>\n<p><span style=\"font-weight: 400;\">Activitats online d&#8217;aquest enlla\u00e7<\/span><\/p>\n<p><a href=\"https:\/\/sites.google.com\/a\/xtec.cat\/rdzereral\/c-i-catala\/expressio-escrita\"><span style=\"font-weight: 400;\">https:\/\/sites.google.com\/a\/xtec.cat\/rdzereral\/c-i-catala\/expressio-escrita<\/span><\/a><\/p>\n<p><span style=\"font-weight: 400;\">Llegir cada dia.\u00a0<\/span><\/p>\n<p>&nbsp;<\/p>\n<p><b>CASTELL\u00c0<\/b><\/p>\n<p><span style=\"font-weight: 400;\">Continuar treballant a casa el quadern LECTOR 2.<\/span><\/p>\n<p><span style=\"font-weight: 400;\">Activitats online d\u2019aquest enlla\u00e7<\/span><\/p>\n<p><a href=\"https:\/\/sites.google.com\/a\/xtec.cat\/rdzereral\/c-i-castella\"><span style=\"font-weight: 400;\">https:\/\/sites.google.com\/a\/xtec.cat\/rdzereral\/c-i-castella<\/span><\/a><\/p>\n<p>&nbsp;<\/p>\n<p><span style=\"font-weight: 400;\">* Els alumnes amb P.I. caldr\u00e0 que vagin fent les feines que vam donar a classe i fer activitats online d\u2019aquest enlla\u00e7 (de l\u2019apartat d\u2019educaci\u00f3 infantil).<\/span><\/p>\n<p><a href=\"http:\/\/www.edu365.cat\/\"><span style=\"font-weight: 400;\">http:\/\/www.edu365.cat\/<\/span><\/a><\/p>\n<p>&nbsp;<\/p>\n<p><b>ANGL\u00c8S<\/b><\/p>\n<p>&nbsp;<\/p>\n<p><span style=\"font-weight: 400;\">SONGS<\/span><\/p>\n<p><span style=\"font-weight: 400;\">Pirates:<\/span><a href=\"https:\/\/www.youtube.com\/watch?v=Fe9bnYRzFvk\"> <span style=\"font-weight: 400;\">https:\/\/www.youtube.com\/watch?v=Fe9bnYRzFvk<\/span><\/a><\/p>\n<p><span style=\"font-weight: 400;\">Days of the week:<\/span><a href=\"https:\/\/www.youtube.com\/watch?v=mXMofxtDPUQ\"> <span style=\"font-weight: 400;\">https:\/\/www.youtube.com\/watch?v=mXMofxtDPUQ<\/span><\/a><\/p>\n<p><span style=\"font-weight: 400;\">Months of the year:<\/span><a href=\"https:\/\/www.youtube.com\/watch?v=Fe9bnYRzFvk\"> <span style=\"font-weight: 400;\">https:\/\/www.youtube.com\/watch?v=Fe9bnYRzFvk<\/span><\/a><\/p>\n<p><span style=\"font-weight: 400;\">Numbers from 1 to 20:<\/span><a href=\"https:\/\/www.youtube.com\/watch?v=D0Ajq682yrA\"> <span style=\"font-weight: 400;\">https:\/\/www.youtube.com\/watch?v=D0Ajq682yrA<\/span><\/a><\/p>\n<p><span style=\"font-weight: 400;\">Super Simple Songs (hi ha moltes can\u00e7ons):<\/span><a href=\"https:\/\/www.youtube.com\/user\/SuperSimpleSongs\"> <span style=\"font-weight: 400;\">https:\/\/www.youtube.com\/user\/SuperSimpleSongs<\/span><\/a><\/p>\n<p>&nbsp;<\/p>\n<p><span style=\"font-weight: 400;\">TO PLAY<\/span><\/p>\n<p><a href=\"https:\/\/learnenglishkids.britishcouncil.org\"><span style=\"font-weight: 400;\">https:\/\/learnenglishkids.britishcouncil.org<\/span><\/a><\/p>\n<p><a href=\"https:\/\/www.eslgamesplus.com\"><span style=\"font-weight: 400;\">https:\/\/www.eslgamesplus.com<\/span><\/a><\/p>\n<p>&nbsp;<\/p>\n<p><span style=\"font-weight: 400;\">Fer les fitxes seg\u00fcents:<\/span><\/p>\n<p>&nbsp;<\/p>\n<p><span style=\"font-weight: 400;\">Fitxa 1: <\/span><a href=\"https:\/\/drive.google.com\/file\/d\/1vRiFPvghkBLb2Ijz9yXfuFpkVD2hg-2o\/view?usp=sharing\"><span style=\"font-weight: 400;\">https:\/\/drive.google.com\/file\/d\/1vRiFPvghkBLb2Ijz9yXfuFpkVD2hg-2o\/view?usp=sharing<\/span><\/a><\/p>\n<p>&nbsp;<\/p>\n<p><span style=\"font-weight: 400;\">Fitxa 2:<\/span><\/p>\n<p><a href=\"https:\/\/drive.google.com\/file\/d\/1nYD_KaPprpotxX9KaG_JC2dd31bYh4VI\/view?usp=sharing\"><span style=\"font-weight: 400;\">https:\/\/drive.google.com\/file\/d\/1nYD_KaPprpotxX9KaG_JC2dd31bYh4VI\/view?usp=sharing<\/span><\/a><\/p>\n<p>&nbsp;<\/p>\n<p>&nbsp;<\/p>\n<p>&nbsp;<\/p>\n","protected":false},"excerpt":{"rendered":"<p>TERCERA SETMANA (del 30 de mar\u00e7 al 5 d&#8217;abril) Medi Busquem un mapa d&#8217;Angl\u00e8s (pot ser a partir del Google maps) i ens situem. Busquem\u00a0 l&#8217;escola, casa nostra, la fleca, la fruiteria&#8230; Intentem seguir el recorregut de casa fins\u00a0 l&#8217;escola. &nbsp; Matem\u00e0tiques Fer la fitxa\u00a0 seg\u00fcent. https:\/\/drive.google.com\/file\/d\/1LkJUJ8H0O8M2y7IUa9IdvGOF6eJf6YFX\/view?usp=sharing Repassar els n\u00fameros del 0 al 100. Anar [&hellip;]<\/p>\n","protected":false},"author":1,"featured_media":0,"parent":0,"menu_order":0,"comment_status":"closed","ping_status":"closed","template":"page-templates\/side-menu.php","meta":{"_bbp_topic_count":0,"_bbp_reply_count":0,"_bbp_total_topic_count":0,"_bbp_total_reply_count":0,"_bbp_voice_count":0,"_bbp_anonymous_reply_count":0,"_bbp_topic_count_hidden":0,"_bbp_reply_count_hidden":0,"_bbp_forum_subforum_count":0,"site-sidebar-layout":"default","site-content-layout":"","ast-site-content-layout":"","site-content-style":"default","site-sidebar-style":"default","ast-global-header-display":"","ast-banner-title-visibility":"","ast-main-header-display":"","ast-hfb-above-header-display":"","ast-hfb-below-header-display":"","ast-hfb-mobile-header-display":"","site-post-title":"","ast-breadcrumbs-content":"","ast-featured-img":"","footer-sml-layout":"","theme-transparent-header-meta":"","adv-header-id-meta":"","stick-header-meta":"","header-above-stick-meta":"","header-main-stick-meta":"","header-below-stick-meta":"","astra-migrate-meta-layouts":"default","ast-page-background-enabled":"default","ast-page-background-meta":{"desktop":{"background-color":"var(--ast-global-color-4)","background-image":"","background-repeat":"repeat","background-position":"center center","background-size":"auto","background-attachment":"scroll","background-type":"","background-media":"","overlay-type":"","overlay-color":"","overlay-opacity":"","overlay-gradient":""},"tablet":{"background-color":"","background-image":"","background-repeat":"repeat","background-position":"center center","background-size":"auto","background-attachment":"scroll","background-type":"","background-media":"","overlay-type":"","overlay-color":"","overlay-opacity":"","overlay-gradient":""},"mobile":{"background-color":"","background-image":"","background-repeat":"repeat","background-position":"center center","background-size":"auto","background-attachment":"scroll","background-type":"","background-media":"","overlay-type":"","overlay-color":"","overlay-opacity":"","overlay-gradient":""}},"ast-content-background-meta":{"desktop":{"background-color":"var(--ast-global-color-5)","background-image":"","background-repeat":"repeat","background-position":"center center","background-size":"auto","background-attachment":"scroll","background-type":"","background-media":"","overlay-type":"","overlay-color":"","overlay-opacity":"","overlay-gradient":""},"tablet":{"background-color":"var(--ast-global-color-5)","background-image":"","background-repeat":"repeat","background-position":"center center","background-size":"auto","background-attachment":"scroll","background-type":"","background-media":"","overlay-type":"","overlay-color":"","overlay-opacity":"","overlay-gradient":""},"mobile":{"background-color":"var(--ast-global-color-5)","background-image":"","background-repeat":"repeat","background-position":"center center","background-size":"auto","background-attachment":"scroll","background-type":"","background-media":"","overlay-type":"","overlay-color":"","overlay-opacity":"","overlay-gradient":""}},"footnotes":""},"class_list":["post-2109","page","type-page","status-publish","hentry"],"post_mailing_queue_ids":[],"_links":{"self":[{"href":"https:\/\/agora.xtec.cat\/escpfangles\/wp-json\/wp\/v2\/pages\/2109","targetHints":{"allow":["GET"]}}],"collection":[{"href":"https:\/\/agora.xtec.cat\/escpfangles\/wp-json\/wp\/v2\/pages"}],"about":[{"href":"https:\/\/agora.xtec.cat\/escpfangles\/wp-json\/wp\/v2\/types\/page"}],"author":[{"embeddable":true,"href":"https:\/\/agora.xtec.cat\/escpfangles\/wp-json\/wp\/v2\/users\/1"}],"replies":[{"embeddable":true,"href":"https:\/\/agora.xtec.cat\/escpfangles\/wp-json\/wp\/v2\/comments?post=2109"}],"version-history":[{"count":4,"href":"https:\/\/agora.xtec.cat\/escpfangles\/wp-json\/wp\/v2\/pages\/2109\/revisions"}],"predecessor-version":[{"id":2143,"href":"https:\/\/agora.xtec.cat\/escpfangles\/wp-json\/wp\/v2\/pages\/2109\/revisions\/2143"}],"wp:attachment":[{"href":"https:\/\/agora.xtec.cat\/escpfangles\/wp-json\/wp\/v2\/media?parent=2109"}],"curies":[{"name":"wp","href":"https:\/\/api.w.org\/{rel}","templated":true}]}}