{"id":1419,"date":"2019-05-17T11:15:22","date_gmt":"2019-05-17T09:15:22","guid":{"rendered":"https:\/\/agora.xtec.cat\/escpfangles\/?page_id=1419"},"modified":"2019-05-17T11:19:53","modified_gmt":"2019-05-17T09:19:53","slug":"consciencia-fonologica-a-e-i","status":"publish","type":"page","link":"https:\/\/agora.xtec.cat\/escpfangles\/projectes\/consciencia-fonologica-a-e-i\/","title":{"rendered":"Consci\u00e8ncia Fonol\u00f2gica E.I."},"content":{"rendered":"<p align=\"JUSTIFY\"><span style=\"font-family: Century Gothic, sans-serif;\"><span style=\"font-size: small;\"><b>LA CONSCI\u00c8NCIA FONOL\u00d2GICA A L\u2019ESCOLA POMPEU FABRA<\/b><\/span><\/span><\/p>\n<p align=\"JUSTIFY\"><span style=\"font-family: Century Gothic, sans-serif;\"><span style=\"font-size: small;\">El treball de consci\u00e8ncia fonol\u00f2gica \u00e9s b\u00e0sic a l\u2019etapa d\u2019educaci\u00f3 infantil, abans i durant l\u2019adquisici\u00f3 de la lectoescriptura. Estudis recents demostren la relaci\u00f3 que hi ha entre tenir una bona consci\u00e8ncia fonol\u00f2gica i l\u2019aprenentatge de la lectoescriptura. <\/span><\/span><\/p>\n<p align=\"JUSTIFY\"><span style=\"font-family: Century Gothic, sans-serif;\"><span style=\"font-size: small;\">La nostra escola ja fa uns cursos que ha incorporat el treball de consci\u00e8ncia fonol\u00f2gica a les aules d\u2019infantil, ja que \u00e9s fonamental i necessari per a desenvolupar correctament el proc\u00e9s de lectoescriptura. D\u2019aqu\u00ed la import\u00e0ncia que donem a aquest treball que s\u2019inicia a P3 i finalitza al cicle inicial. <\/span><\/span><\/p>\n<p align=\"JUSTIFY\"><a href=\"https:\/\/agora.xtec.cat\/escpfangles\/wp-content\/uploads\/usu1937\/2019\/05\/cons.-fonologica1.png\"><img loading=\"lazy\" decoding=\"async\" class=\"aligncenter size-full wp-image-1420\" src=\"https:\/\/agora.xtec.cat\/escpfangles\/wp-content\/uploads\/usu1937\/2019\/05\/cons.-fonologica1.png\" alt=\"\" width=\"471\" height=\"350\" srcset=\"https:\/\/agora.xtec.cat\/escpfangles\/wp-content\/uploads\/usu1937\/2019\/05\/cons.-fonologica1.png 471w, https:\/\/agora.xtec.cat\/escpfangles\/wp-content\/uploads\/usu1937\/2019\/05\/cons.-fonologica1-300x223.png 300w, https:\/\/agora.xtec.cat\/escpfangles\/wp-content\/uploads\/usu1937\/2019\/05\/cons.-fonologica1-200x150.png 200w\" sizes=\"auto, (max-width: 471px) 100vw, 471px\" \/><\/a><\/p>\n<p align=\"JUSTIFY\"><span style=\"font-family: Century Gothic, sans-serif;\"><span style=\"font-size: small;\">L\u2019objectiu principal \u00e9s que els alumnes posin atenci\u00f3 als aspectes fonol\u00f2gics de la parla, ajudar-los a escoltar i descobrir els fonemes en les paraules.<\/span><\/span><\/p>\n<p align=\"JUSTIFY\"><span style=\"font-family: Century Gothic, sans-serif;\"><span style=\"font-size: small;\">La consci\u00e8ncia fonol\u00f2gica abarca les habilitats d\u2019identificar i manipular les paraules de les frases, les s\u00edl.labes de les paraules, fins arribar a manipular les unitats m\u00e9s petites de parla, els fonemes. <\/span><\/span><\/p>\n<p align=\"JUSTIFY\"><span style=\"font-family: Century Gothic, sans-serif;\"><span style=\"font-size: small;\">Les activitats que realitzem s\u00f3n diverses: escoltar amb atenci\u00f3, mem\u00f2ria auditiva, poemes i can\u00e7ons per descobrir o predir les paraules que formen una rima, analitzar paraules en s\u00edl\u00b7labes: comptar i picar, com sonen els fonemes que formen part de les paraules en diferents posicions,\u2026.. Els nens\/es desenvolupen la consci\u00e8ncia fonol\u00f2gica quan se n\u2019adonen dels sons del llenguatge, i s\u00f3n capa\u00e7os de jugar amb ells.<\/span><\/span><\/p>\n<p align=\"JUSTIFY\"><span style=\"font-family: Century Gothic, sans-serif;\"><span style=\"font-size: small;\">El fet de realitzar aquest aprenentatge de manera l\u00fadica fa que els alumnes s\u2019impliquin en el joc, es desinhibeixen de la pressi\u00f3 que suposa fer un exercici i tinguin ganes d\u2019aprendre.<\/span><\/span><\/p>\n","protected":false},"excerpt":{"rendered":"<p>LA CONSCI\u00c8NCIA FONOL\u00d2GICA A L\u2019ESCOLA POMPEU FABRA El treball de consci\u00e8ncia fonol\u00f2gica \u00e9s b\u00e0sic a l\u2019etapa d\u2019educaci\u00f3 infantil, abans i durant l\u2019adquisici\u00f3 de la lectoescriptura. Estudis recents demostren la relaci\u00f3 que hi ha entre tenir una bona consci\u00e8ncia fonol\u00f2gica i l\u2019aprenentatge de la lectoescriptura. La nostra escola ja fa uns cursos que ha incorporat el [&hellip;]<\/p>\n","protected":false},"author":1,"featured_media":0,"parent":505,"menu_order":0,"comment_status":"closed","ping_status":"closed","template":"page-templates\/side-menu.php","meta":{"_bbp_topic_count":0,"_bbp_reply_count":0,"_bbp_total_topic_count":0,"_bbp_total_reply_count":0,"_bbp_voice_count":0,"_bbp_anonymous_reply_count":0,"_bbp_topic_count_hidden":0,"_bbp_reply_count_hidden":0,"_bbp_forum_subforum_count":0,"site-sidebar-layout":"default","site-content-layout":"","ast-site-content-layout":"","site-content-style":"default","site-sidebar-style":"default","ast-global-header-display":"","ast-banner-title-visibility":"","ast-main-header-display":"","ast-hfb-above-header-display":"","ast-hfb-below-header-display":"","ast-hfb-mobile-header-display":"","site-post-title":"","ast-breadcrumbs-content":"","ast-featured-img":"","footer-sml-layout":"","theme-transparent-header-meta":"","adv-header-id-meta":"","stick-header-meta":"","header-above-stick-meta":"","header-main-stick-meta":"","header-below-stick-meta":"","astra-migrate-meta-layouts":"default","ast-page-background-enabled":"default","ast-page-background-meta":{"desktop":{"background-color":"var(--ast-global-color-4)","background-image":"","background-repeat":"repeat","background-position":"center center","background-size":"auto","background-attachment":"scroll","background-type":"","background-media":"","overlay-type":"","overlay-color":"","overlay-opacity":"","overlay-gradient":""},"tablet":{"background-color":"","background-image":"","background-repeat":"repeat","background-position":"center center","background-size":"auto","background-attachment":"scroll","background-type":"","background-media":"","overlay-type":"","overlay-color":"","overlay-opacity":"","overlay-gradient":""},"mobile":{"background-color":"","background-image":"","background-repeat":"repeat","background-position":"center center","background-size":"auto","background-attachment":"scroll","background-type":"","background-media":"","overlay-type":"","overlay-color":"","overlay-opacity":"","overlay-gradient":""}},"ast-content-background-meta":{"desktop":{"background-color":"var(--ast-global-color-5)","background-image":"","background-repeat":"repeat","background-position":"center center","background-size":"auto","background-attachment":"scroll","background-type":"","background-media":"","overlay-type":"","overlay-color":"","overlay-opacity":"","overlay-gradient":""},"tablet":{"background-color":"var(--ast-global-color-5)","background-image":"","background-repeat":"repeat","background-position":"center center","background-size":"auto","background-attachment":"scroll","background-type":"","background-media":"","overlay-type":"","overlay-color":"","overlay-opacity":"","overlay-gradient":""},"mobile":{"background-color":"var(--ast-global-color-5)","background-image":"","background-repeat":"repeat","background-position":"center center","background-size":"auto","background-attachment":"scroll","background-type":"","background-media":"","overlay-type":"","overlay-color":"","overlay-opacity":"","overlay-gradient":""}},"footnotes":""},"class_list":["post-1419","page","type-page","status-publish","hentry"],"post_mailing_queue_ids":[],"_links":{"self":[{"href":"https:\/\/agora.xtec.cat\/escpfangles\/wp-json\/wp\/v2\/pages\/1419","targetHints":{"allow":["GET"]}}],"collection":[{"href":"https:\/\/agora.xtec.cat\/escpfangles\/wp-json\/wp\/v2\/pages"}],"about":[{"href":"https:\/\/agora.xtec.cat\/escpfangles\/wp-json\/wp\/v2\/types\/page"}],"author":[{"embeddable":true,"href":"https:\/\/agora.xtec.cat\/escpfangles\/wp-json\/wp\/v2\/users\/1"}],"replies":[{"embeddable":true,"href":"https:\/\/agora.xtec.cat\/escpfangles\/wp-json\/wp\/v2\/comments?post=1419"}],"version-history":[{"count":2,"href":"https:\/\/agora.xtec.cat\/escpfangles\/wp-json\/wp\/v2\/pages\/1419\/revisions"}],"predecessor-version":[{"id":1423,"href":"https:\/\/agora.xtec.cat\/escpfangles\/wp-json\/wp\/v2\/pages\/1419\/revisions\/1423"}],"up":[{"embeddable":true,"href":"https:\/\/agora.xtec.cat\/escpfangles\/wp-json\/wp\/v2\/pages\/505"}],"wp:attachment":[{"href":"https:\/\/agora.xtec.cat\/escpfangles\/wp-json\/wp\/v2\/media?parent=1419"}],"curies":[{"name":"wp","href":"https:\/\/api.w.org\/{rel}","templated":true}]}}