{"id":87,"date":"2014-09-18T14:28:12","date_gmt":"2014-09-18T13:28:12","guid":{"rendered":"http:\/\/agora.xtec.cat\/escpepventura\/?page_id=87"},"modified":"2026-04-22T10:22:51","modified_gmt":"2026-04-22T08:22:51","slug":"nivells","status":"publish","type":"page","link":"https:\/\/agora.xtec.cat\/escpepventura\/nivells\/","title":{"rendered":"Nivells"},"content":{"rendered":"<p class=\"isSelectedEnd\">Els continguts del web s\u2019organitzen per nivells, des d\u2019<strong>I3 fins a 6\u00e8 de prim\u00e0ria<\/strong>, i cada nivell t\u00e9 la seva pr\u00f2pia p\u00e0gina.<\/p>\n<p class=\"isSelectedEnd\">Aquestes p\u00e0gines es creen a partir de <strong>categories del blog<\/strong>, que permeten classificar les entrades i mostrar-les autom\u00e0ticament al lloc corresponent.<\/p>\n<p class=\"isSelectedEnd\">Les categories es gestionen des del <strong>men\u00fa d\u2019entrades<\/strong> i, a m\u00e9s dels nivells, tamb\u00e9 es poden crear altres categories segons les necessitats.<\/p>\n<p>Actualment, ja estan definides les categories d\u2019<strong>Educaci\u00f3 infantil, I3, I4, I5, Educaci\u00f3 prim\u00e0ria, 1r, 2n, 3r, 4t, 5\u00e8 i 6\u00e8<\/strong>, fet que facilita una navegaci\u00f3 clara i ordenada.<\/p>\n","protected":false},"excerpt":{"rendered":"<p>Els continguts del web s\u2019organitzen per nivells, des d\u2019I3 fins a 6\u00e8 de prim\u00e0ria, i cada nivell t\u00e9 la seva pr\u00f2pia p\u00e0gina. Aquestes p\u00e0gines es creen a partir de categories del blog, que permeten classificar les entrades i mostrar-les autom\u00e0ticament al lloc corresponent. Les categories es gestionen des del men\u00fa d\u2019entrades i, a m\u00e9s dels [&hellip;]<\/p>\n","protected":false},"author":1,"featured_media":0,"parent":0,"menu_order":0,"comment_status":"closed","ping_status":"closed","template":"","meta":{"_bbp_topic_count":0,"_bbp_reply_count":0,"_bbp_total_topic_count":0,"_bbp_total_reply_count":0,"_bbp_voice_count":0,"_bbp_anonymous_reply_count":0,"_bbp_topic_count_hidden":0,"_bbp_reply_count_hidden":0,"_bbp_forum_subforum_count":0,"site-sidebar-layout":"default","site-content-layout":"","ast-site-content-layout":"default","site-content-style":"default","site-sidebar-style":"default","ast-global-header-display":"","ast-banner-title-visibility":"","ast-main-header-display":"","ast-hfb-above-header-display":"","ast-hfb-below-header-display":"","ast-hfb-mobile-header-display":"","site-post-title":"","ast-breadcrumbs-content":"","ast-featured-img":"","footer-sml-layout":"","theme-transparent-header-meta":"default","adv-header-id-meta":"","stick-header-meta":"","header-above-stick-meta":"","header-main-stick-meta":"","header-below-stick-meta":"","astra-migrate-meta-layouts":"set","ast-page-background-enabled":"default","ast-page-background-meta":{"desktop":{"background-color":"var(--ast-global-color-5)","background-image":"","background-repeat":"repeat","background-position":"center center","background-size":"auto","background-attachment":"scroll","background-type":"","background-media":"","overlay-type":"","overlay-color":"","overlay-opacity":"","overlay-gradient":""},"tablet":{"background-color":"","background-image":"","background-repeat":"repeat","background-position":"center center","background-size":"auto","background-attachment":"scroll","background-type":"","background-media":"","overlay-type":"","overlay-color":"","overlay-opacity":"","overlay-gradient":""},"mobile":{"background-color":"","background-image":"","background-repeat":"repeat","background-position":"center center","background-size":"auto","background-attachment":"scroll","background-type":"","background-media":"","overlay-type":"","overlay-color":"","overlay-opacity":"","overlay-gradient":""}},"ast-content-background-meta":{"desktop":{"background-color":"var(--ast-global-color-4)","background-image":"","background-repeat":"repeat","background-position":"center center","background-size":"auto","background-attachment":"scroll","background-type":"","background-media":"","overlay-type":"","overlay-color":"","overlay-opacity":"","overlay-gradient":""},"tablet":{"background-color":"var(--ast-global-color-4)","background-image":"","background-repeat":"repeat","background-position":"center center","background-size":"auto","background-attachment":"scroll","background-type":"","background-media":"","overlay-type":"","overlay-color":"","overlay-opacity":"","overlay-gradient":""},"mobile":{"background-color":"var(--ast-global-color-4)","background-image":"","background-repeat":"repeat","background-position":"center center","background-size":"auto","background-attachment":"scroll","background-type":"","background-media":"","overlay-type":"","overlay-color":"","overlay-opacity":"","overlay-gradient":""}},"footnotes":""},"class_list":["post-87","page","type-page","status-publish","hentry"],"post_mailing_queue_ids":[],"_links":{"self":[{"href":"https:\/\/agora.xtec.cat\/escpepventura\/wp-json\/wp\/v2\/pages\/87","targetHints":{"allow":["GET"]}}],"collection":[{"href":"https:\/\/agora.xtec.cat\/escpepventura\/wp-json\/wp\/v2\/pages"}],"about":[{"href":"https:\/\/agora.xtec.cat\/escpepventura\/wp-json\/wp\/v2\/types\/page"}],"author":[{"embeddable":true,"href":"https:\/\/agora.xtec.cat\/escpepventura\/wp-json\/wp\/v2\/users\/1"}],"replies":[{"embeddable":true,"href":"https:\/\/agora.xtec.cat\/escpepventura\/wp-json\/wp\/v2\/comments?post=87"}],"version-history":[{"count":2,"href":"https:\/\/agora.xtec.cat\/escpepventura\/wp-json\/wp\/v2\/pages\/87\/revisions"}],"predecessor-version":[{"id":2068,"href":"https:\/\/agora.xtec.cat\/escpepventura\/wp-json\/wp\/v2\/pages\/87\/revisions\/2068"}],"wp:attachment":[{"href":"https:\/\/agora.xtec.cat\/escpepventura\/wp-json\/wp\/v2\/media?parent=87"}],"curies":[{"name":"wp","href":"https:\/\/api.w.org\/{rel}","templated":true}]}}