{"id":7,"date":"2014-09-17T15:07:41","date_gmt":"2014-09-17T13:07:41","guid":{"rendered":"http:\/\/agora.xtec.cat\/escpepventura\/?page_id=7"},"modified":"2026-04-29T16:10:17","modified_gmt":"2026-04-29T14:10:17","slug":"pagines-dinici","status":"publish","type":"page","link":"https:\/\/agora.xtec.cat\/escpepventura\/","title":{"rendered":"NOVETATS"},"content":{"rendered":"<p><a href=\"http:\/\/INFORME_BAREM_DEFINITIU_BAREM\"><img loading=\"lazy\" decoding=\"async\" class=\" wp-image-2106 alignnone\" src=\"https:\/\/agora.xtec.cat\/escpepventura\/wp-content\/uploads\/usu1819\/2026\/04\/Back-to-School-English-Syllabus-Presentation-in-Colourful-Pastel-Doodle-Style-2-1024x576.png\" alt=\"\" width=\"1388\" height=\"781\" srcset=\"https:\/\/agora.xtec.cat\/escpepventura\/wp-content\/uploads\/usu1819\/2026\/04\/Back-to-School-English-Syllabus-Presentation-in-Colourful-Pastel-Doodle-Style-2-1024x576.png 1024w, https:\/\/agora.xtec.cat\/escpepventura\/wp-content\/uploads\/usu1819\/2026\/04\/Back-to-School-English-Syllabus-Presentation-in-Colourful-Pastel-Doodle-Style-2-300x169.png 300w, https:\/\/agora.xtec.cat\/escpepventura\/wp-content\/uploads\/usu1819\/2026\/04\/Back-to-School-English-Syllabus-Presentation-in-Colourful-Pastel-Doodle-Style-2-768x432.png 768w, https:\/\/agora.xtec.cat\/escpepventura\/wp-content\/uploads\/usu1819\/2026\/04\/Back-to-School-English-Syllabus-Presentation-in-Colourful-Pastel-Doodle-Style-2-1536x864.png 1536w, https:\/\/agora.xtec.cat\/escpepventura\/wp-content\/uploads\/usu1819\/2026\/04\/Back-to-School-English-Syllabus-Presentation-in-Colourful-Pastel-Doodle-Style-2.png 1680w\" sizes=\"auto, (max-width: 1388px) 100vw, 1388px\" \/><\/a><\/p>\n<p><span style=\"color: #33a1a3;\">Accediu al web de <a style=\"color: #33a1a3;\" href=\"https:\/\/preinscripcio.gencat.cat\/ca\/inici\/index.html\">preinscripci\u00f3 curs 2026-2027<\/a> per con\u00e8ixer tots els detalls.<\/span><\/p>\n<ul style=\"list-style-type: circle;\">\n<li style=\"text-align: justify;\"><span style=\"color: #33a1a3;\"><span style=\"text-decoration: underline;\">PUBLICACI\u00d3 OFERTA INCICIAL DE PLACES QUE S&#8217;OFERTEN<\/span>\u00a0<\/span><\/li>\n<li style=\"text-align: justify;\"><span style=\"color: #33a1a3;\"><a style=\"color: #33a1a3;\" href=\"https:\/\/agora.xtec.cat\/escpepventura\/wp-content\/uploads\/usu1819\/2026\/03\/INFORME_OFERTA_OME_INFORME_OFERTA.pdf\">INFORME_OFERTA_OME_INFORME_OFERTA<\/a><\/span><\/li>\n<li style=\"text-align: justify;\"><span style=\"color: #33a1a3;\"><span style=\"text-decoration: underline;\">PUBLICACI\u00d3 LLISTES BAREM PROVISSIONAL:\u00a0 <\/span>15 d&#8217;abril\u00a0<\/span><\/li>\n<li style=\"text-align: justify;\"><span style=\"color: #33a1a3;\"><a style=\"color: #33a1a3;\" href=\"https:\/\/agora.xtec.cat\/escpepventura\/wp-content\/uploads\/usu1819\/2026\/04\/INFORME_BAREM_PROVISIONAL_BAREM.pdf\">INFORME_BAREM_PROVISIONAL_BAREM<\/a><\/span><\/li>\n<li style=\"text-align: justify;\"><span style=\"color: #33a1a3;\"><span style=\"text-decoration: underline;\">PER\u00cdODE PER PRESENTAR RECLAMACIONS EN EL BAREM PROVISSIONAL: <\/span>del 15 al 20 d&#8217;abril<\/span><\/li>\n<li style=\"text-align: justify;\"><span style=\"color: #33a1a3;\"><span style=\"text-decoration: underline;\">PUBLICACI\u00d3 LLISTES BAREM DEFINITIU, UN COP RESOLTES LES RECLAMACIONS:<\/span> 23 d&#8217;abril<\/span><\/li>\n<li style=\"text-align: justify;\"><span style=\"color: #33a1a3;\"><a style=\"color: #33a1a3;\" href=\"https:\/\/agora.xtec.cat\/escpepventura\/wp-content\/uploads\/usu1819\/2026\/04\/INFORME_BAREM_RESOLTES_BAREM.pdf\">INFORME_BAREM_RESOLTES_BAREM<\/a><\/span><\/li>\n<li style=\"text-align: justify;\"><span style=\"color: #33a1a3;\"><a style=\"color: #33a1a3;\" href=\"https:\/\/agora.xtec.cat\/escpepventura\/wp-content\/uploads\/usu1819\/2026\/04\/INFORME_BAREM_DEFINITIU_BAREM.pdf\"><strong>INFORME_BAREM_DEFINITIU_BAREM<\/strong><\/a><\/span><\/li>\n<\/ul>\n","protected":false},"excerpt":{"rendered":"<p>Accediu al web de preinscripci\u00f3 curs 2026-2027 per con\u00e8ixer tots els detalls. PUBLICACI\u00d3 OFERTA INCICIAL DE PLACES QUE S&#8217;OFERTEN\u00a0 INFORME_OFERTA_OME_INFORME_OFERTA PUBLICACI\u00d3 LLISTES BAREM PROVISSIONAL:\u00a0 15 d&#8217;abril\u00a0 INFORME_BAREM_PROVISIONAL_BAREM PER\u00cdODE PER PRESENTAR RECLAMACIONS EN EL BAREM PROVISSIONAL: del 15 al 20 d&#8217;abril PUBLICACI\u00d3 LLISTES BAREM DEFINITIU, UN COP RESOLTES LES RECLAMACIONS: 23 d&#8217;abril INFORME_BAREM_RESOLTES_BAREM INFORME_BAREM_DEFINITIU_BAREM<\/p>\n","protected":false},"author":1,"featured_media":0,"parent":899,"menu_order":2,"comment_status":"closed","ping_status":"closed","template":"","meta":{"_bbp_topic_count":0,"_bbp_reply_count":0,"_bbp_total_topic_count":0,"_bbp_total_reply_count":0,"_bbp_voice_count":0,"_bbp_anonymous_reply_count":0,"_bbp_topic_count_hidden":0,"_bbp_reply_count_hidden":0,"_bbp_forum_subforum_count":0,"site-sidebar-layout":"left-sidebar","site-content-layout":"","ast-site-content-layout":"full-width-container","site-content-style":"boxed","site-sidebar-style":"boxed","ast-global-header-display":"","ast-banner-title-visibility":"","ast-main-header-display":"","ast-hfb-above-header-display":"","ast-hfb-below-header-display":"","ast-hfb-mobile-header-display":"","site-post-title":"","ast-breadcrumbs-content":"","ast-featured-img":"","footer-sml-layout":"","theme-transparent-header-meta":"default","adv-header-id-meta":"","stick-header-meta":"","header-above-stick-meta":"","header-main-stick-meta":"","header-below-stick-meta":"","astra-migrate-meta-layouts":"set","ast-page-background-enabled":"default","ast-page-background-meta":{"desktop":{"background-color":"var(--ast-global-color-5)","background-image":"","background-repeat":"repeat","background-position":"center center","background-size":"auto","background-attachment":"scroll","background-type":"","background-media":"","overlay-type":"","overlay-color":"","overlay-opacity":"","overlay-gradient":""},"tablet":{"background-color":"","background-image":"","background-repeat":"repeat","background-position":"center center","background-size":"auto","background-attachment":"scroll","background-type":"","background-media":"","overlay-type":"","overlay-color":"","overlay-opacity":"","overlay-gradient":""},"mobile":{"background-color":"","background-image":"","background-repeat":"repeat","background-position":"center center","background-size":"auto","background-attachment":"scroll","background-type":"","background-media":"","overlay-type":"","overlay-color":"","overlay-opacity":"","overlay-gradient":""}},"ast-content-background-meta":{"desktop":{"background-color":"var(--ast-global-color-4)","background-image":"","background-repeat":"repeat","background-position":"center center","background-size":"auto","background-attachment":"scroll","background-type":"","background-media":"","overlay-type":"","overlay-color":"","overlay-opacity":"","overlay-gradient":""},"tablet":{"background-color":"var(--ast-global-color-4)","background-image":"","background-repeat":"repeat","background-position":"center center","background-size":"auto","background-attachment":"scroll","background-type":"","background-media":"","overlay-type":"","overlay-color":"","overlay-opacity":"","overlay-gradient":""},"mobile":{"background-color":"var(--ast-global-color-4)","background-image":"","background-repeat":"repeat","background-position":"center center","background-size":"auto","background-attachment":"scroll","background-type":"","background-media":"","overlay-type":"","overlay-color":"","overlay-opacity":"","overlay-gradient":""}},"footnotes":""},"class_list":["post-7","page","type-page","status-publish","hentry"],"post_mailing_queue_ids":[],"_links":{"self":[{"href":"https:\/\/agora.xtec.cat\/escpepventura\/wp-json\/wp\/v2\/pages\/7","targetHints":{"allow":["GET"]}}],"collection":[{"href":"https:\/\/agora.xtec.cat\/escpepventura\/wp-json\/wp\/v2\/pages"}],"about":[{"href":"https:\/\/agora.xtec.cat\/escpepventura\/wp-json\/wp\/v2\/types\/page"}],"author":[{"embeddable":true,"href":"https:\/\/agora.xtec.cat\/escpepventura\/wp-json\/wp\/v2\/users\/1"}],"replies":[{"embeddable":true,"href":"https:\/\/agora.xtec.cat\/escpepventura\/wp-json\/wp\/v2\/comments?post=7"}],"version-history":[{"count":6,"href":"https:\/\/agora.xtec.cat\/escpepventura\/wp-json\/wp\/v2\/pages\/7\/revisions"}],"predecessor-version":[{"id":2108,"href":"https:\/\/agora.xtec.cat\/escpepventura\/wp-json\/wp\/v2\/pages\/7\/revisions\/2108"}],"up":[{"embeddable":true,"href":"https:\/\/agora.xtec.cat\/escpepventura\/wp-json\/wp\/v2\/pages\/899"}],"wp:attachment":[{"href":"https:\/\/agora.xtec.cat\/escpepventura\/wp-json\/wp\/v2\/media?parent=7"}],"curies":[{"name":"wp","href":"https:\/\/api.w.org\/{rel}","templated":true}]}}