{"id":34,"date":"2014-09-18T12:32:18","date_gmt":"2014-09-18T11:32:18","guid":{"rendered":"http:\/\/agora.xtec.cat\/escpepventura\/?page_id=34"},"modified":"2026-04-22T10:12:56","modified_gmt":"2026-04-22T08:12:56","slug":"oferta-educativa","status":"publish","type":"page","link":"https:\/\/agora.xtec.cat\/escpepventura\/lescola\/oferta-educativa\/","title":{"rendered":"Oferta educativa"},"content":{"rendered":"<p class=\"isSelectedEnd\">La nostra escola ofereix una <strong>oferta educativa integral<\/strong> orientada al desenvolupament global de l\u2019alumnat, combinant experi\u00e8ncies d\u2019aprenentatge significatives amb metodologies actives i innovadores. Treballem per crear un entorn on cada infant pugui cr\u00e9ixer, descobrir i construir el seu propi aprenentatge de manera respectuosa i motivadora.<\/p>\n<p class=\"isSelectedEnd\">A l\u2019etapa d\u2019infantil, destaquen especialment els <strong>espais d\u2019aprenentatge pensats per fomentar la curiositat i l\u2019autonomia<\/strong>. Les aules es conceben com ambients vius, amb <strong>racons i materials accessibles<\/strong> que conviden a l\u2019exploraci\u00f3, el joc i la descoberta. Aquests espais afavoreixen el desenvolupament emocional, social i cognitiu dels infants, respectant els seus ritmes i interessos.<\/p>\n<p class=\"isSelectedEnd\">Al llarg de tota l\u2019escola, donem un paper central a les <strong>activitats manipulatives com a base de l\u2019aprenentatge<\/strong>. Creiem que l\u2019experimentaci\u00f3 directa \u00e9s clau per a la comprensi\u00f3, per aix\u00f2 l\u2019alumnat treballa amb materials concrets, jocs i propostes vivencials que faciliten l\u2019assimilaci\u00f3 de conceptes i fomenten un aprenentatge profund i significatiu.<\/p>\n<p class=\"isSelectedEnd\">A m\u00e9s, integrem les tecnologies de manera transversal mitjan\u00e7ant l\u2019\u00fas d\u2019<strong>eines digitals orientades al desenvolupament del pensament computacional i la rob\u00f2tica<\/strong>. Aquest treball s\u2019introdueix progressivament i de forma adaptada a cada etapa, permetent que l\u2019alumnat desenvolupi habilitats com la l\u00f2gica, la creativitat i la resoluci\u00f3 de problemes, tot utilitzant la tecnologia com una eina per aprendre, crear i innovar.<\/p>\n<p>Aquesta proposta educativa configura un model coherent que combina <strong>espais estimulants, aprenentatge actiu i compet\u00e8ncies digitals<\/strong>, preparant l\u2019alumnat per afrontar els reptes del present i del futur.<\/p>\n","protected":false},"excerpt":{"rendered":"<p>La nostra escola ofereix una oferta educativa integral orientada al desenvolupament global de l\u2019alumnat, combinant experi\u00e8ncies d\u2019aprenentatge significatives amb metodologies actives i innovadores. Treballem per crear un entorn on cada infant pugui cr\u00e9ixer, descobrir i construir el seu propi aprenentatge de manera respectuosa i motivadora. A l\u2019etapa d\u2019infantil, destaquen especialment els espais d\u2019aprenentatge pensats per [&hellip;]<\/p>\n","protected":false},"author":1,"featured_media":0,"parent":22,"menu_order":60,"comment_status":"closed","ping_status":"closed","template":"","meta":{"_bbp_topic_count":0,"_bbp_reply_count":0,"_bbp_total_topic_count":0,"_bbp_total_reply_count":0,"_bbp_voice_count":0,"_bbp_anonymous_reply_count":0,"_bbp_topic_count_hidden":0,"_bbp_reply_count_hidden":0,"_bbp_forum_subforum_count":0,"site-sidebar-layout":"default","site-content-layout":"","ast-site-content-layout":"default","site-content-style":"default","site-sidebar-style":"default","ast-global-header-display":"","ast-banner-title-visibility":"","ast-main-header-display":"","ast-hfb-above-header-display":"","ast-hfb-below-header-display":"","ast-hfb-mobile-header-display":"","site-post-title":"","ast-breadcrumbs-content":"","ast-featured-img":"","footer-sml-layout":"","theme-transparent-header-meta":"default","adv-header-id-meta":"","stick-header-meta":"","header-above-stick-meta":"","header-main-stick-meta":"","header-below-stick-meta":"","astra-migrate-meta-layouts":"set","ast-page-background-enabled":"default","ast-page-background-meta":{"desktop":{"background-color":"var(--ast-global-color-5)","background-image":"","background-repeat":"repeat","background-position":"center center","background-size":"auto","background-attachment":"scroll","background-type":"","background-media":"","overlay-type":"","overlay-color":"","overlay-opacity":"","overlay-gradient":""},"tablet":{"background-color":"","background-image":"","background-repeat":"repeat","background-position":"center center","background-size":"auto","background-attachment":"scroll","background-type":"","background-media":"","overlay-type":"","overlay-color":"","overlay-opacity":"","overlay-gradient":""},"mobile":{"background-color":"","background-image":"","background-repeat":"repeat","background-position":"center center","background-size":"auto","background-attachment":"scroll","background-type":"","background-media":"","overlay-type":"","overlay-color":"","overlay-opacity":"","overlay-gradient":""}},"ast-content-background-meta":{"desktop":{"background-color":"var(--ast-global-color-4)","background-image":"","background-repeat":"repeat","background-position":"center center","background-size":"auto","background-attachment":"scroll","background-type":"","background-media":"","overlay-type":"","overlay-color":"","overlay-opacity":"","overlay-gradient":""},"tablet":{"background-color":"var(--ast-global-color-4)","background-image":"","background-repeat":"repeat","background-position":"center center","background-size":"auto","background-attachment":"scroll","background-type":"","background-media":"","overlay-type":"","overlay-color":"","overlay-opacity":"","overlay-gradient":""},"mobile":{"background-color":"var(--ast-global-color-4)","background-image":"","background-repeat":"repeat","background-position":"center center","background-size":"auto","background-attachment":"scroll","background-type":"","background-media":"","overlay-type":"","overlay-color":"","overlay-opacity":"","overlay-gradient":""}},"footnotes":""},"class_list":["post-34","page","type-page","status-publish","hentry"],"post_mailing_queue_ids":[],"_links":{"self":[{"href":"https:\/\/agora.xtec.cat\/escpepventura\/wp-json\/wp\/v2\/pages\/34","targetHints":{"allow":["GET"]}}],"collection":[{"href":"https:\/\/agora.xtec.cat\/escpepventura\/wp-json\/wp\/v2\/pages"}],"about":[{"href":"https:\/\/agora.xtec.cat\/escpepventura\/wp-json\/wp\/v2\/types\/page"}],"author":[{"embeddable":true,"href":"https:\/\/agora.xtec.cat\/escpepventura\/wp-json\/wp\/v2\/users\/1"}],"replies":[{"embeddable":true,"href":"https:\/\/agora.xtec.cat\/escpepventura\/wp-json\/wp\/v2\/comments?post=34"}],"version-history":[{"count":1,"href":"https:\/\/agora.xtec.cat\/escpepventura\/wp-json\/wp\/v2\/pages\/34\/revisions"}],"predecessor-version":[{"id":2066,"href":"https:\/\/agora.xtec.cat\/escpepventura\/wp-json\/wp\/v2\/pages\/34\/revisions\/2066"}],"up":[{"embeddable":true,"href":"https:\/\/agora.xtec.cat\/escpepventura\/wp-json\/wp\/v2\/pages\/22"}],"wp:attachment":[{"href":"https:\/\/agora.xtec.cat\/escpepventura\/wp-json\/wp\/v2\/media?parent=34"}],"curies":[{"name":"wp","href":"https:\/\/api.w.org\/{rel}","templated":true}]}}