{"id":4806,"date":"2026-03-11T19:14:06","date_gmt":"2026-03-11T18:14:06","guid":{"rendered":"https:\/\/agora.xtec.cat\/escpaucasals\/?page_id=4806"},"modified":"2026-03-11T19:17:18","modified_gmt":"2026-03-11T18:17:18","slug":"gestio-economica-del-centre","status":"publish","type":"page","link":"https:\/\/agora.xtec.cat\/escpaucasals\/lescola\/gestio-economica-del-centre\/","title":{"rendered":"Gesti\u00f3 econ\u00f2mica del centre"},"content":{"rendered":"<p data-start=\"483\" data-end=\"816\">Un centre educatiu p\u00fablic ha de gestionar els seus recursos econ\u00f2mics d\u2019acord amb els principis de transpar\u00e8ncia, responsabilitat i control. La gesti\u00f3 econ\u00f2mica ha d\u2019afavorir el desenvolupament del projecte educatiu del centre i garantir una utilitzaci\u00f3 eficient dels recursos disponibles.<\/p>\n<p data-start=\"818\" data-end=\"1233\">La transpar\u00e8ncia i la fiabilitat de la gesti\u00f3 econ\u00f2mica es garanteixen mitjan\u00e7ant l\u2019elaboraci\u00f3 del pressupost i la comptabilitat del centre. El control i la participaci\u00f3 de la comunitat educativa es vehiculen a trav\u00e9s del consell escolar, que \u00e9s l\u2019\u00f2rgan col\u00b7legiat de participaci\u00f3 en el govern del centre i que ha de ser consultat abans de l\u2019aprovaci\u00f3 del pressupost.<\/p>\n<p data-start=\"1235\" data-end=\"1599\">La responsabilitat de la gesti\u00f3 econ\u00f2mica correspon a la direcci\u00f3 del centre, que ha de gestionar tots els ingressos rebuts pel centre, tant els assignats pel Departament d\u2019Educaci\u00f3 com els provinents d\u2019altres administracions, aportacions de les fam\u00edlies, donacions o altres ingressos derivats de l\u2019activitat del centre.<\/p>\n<p data-start=\"1601\" data-end=\"1792\">El pressupost i la comptabilitat no s\u2019han d\u2019entendre nom\u00e9s com un requisit administratiu, sin\u00f3 tamb\u00e9 com una eina de planificaci\u00f3, seguiment i control de l\u2019activitat econ\u00f2mica del centre.<\/p>\n<h6 data-section-id=\"k6pkd6\" data-start=\"1799\" data-end=\"1817\">1. El pressupost<\/h6>\n<p data-start=\"1819\" data-end=\"1974\">El pressupost \u00e9s el document que recull la previsi\u00f3 d\u2019ingressos i el l\u00edmit m\u00e0xim de despeses que el centre pot realitzar durant un exercici econ\u00f2mic.<\/p>\n<p data-start=\"1976\" data-end=\"2056\">El pressupost \u00e9s \u00fanic i la seva vig\u00e8ncia coincideix amb l\u2019any natural.<\/p>\n<p data-start=\"2058\" data-end=\"2094\">El cicle pressupostari inclou:<\/p>\n<ul data-start=\"2095\" data-end=\"2337\">\n<li data-section-id=\"92im1e\" data-start=\"2095\" data-end=\"2139\">\n<p data-start=\"2097\" data-end=\"2139\">l\u2019elaboraci\u00f3 i aprovaci\u00f3 del pressupost,<\/p>\n<\/li>\n<li data-section-id=\"3qbpal\" data-start=\"2140\" data-end=\"2190\">\n<p data-start=\"2142\" data-end=\"2190\">les possibles modificacions durant l\u2019exercici,<\/p>\n<\/li>\n<li data-section-id=\"1s26oco\" data-start=\"2191\" data-end=\"2260\">\n<p data-start=\"2193\" data-end=\"2260\">l\u2019execuci\u00f3 del pressupost mitjan\u00e7ant la comptabilitat del centre,<\/p>\n<\/li>\n<li data-section-id=\"nc0lnd\" data-start=\"2261\" data-end=\"2337\">\n<p data-start=\"2263\" data-end=\"2337\">i la liquidaci\u00f3 i avaluaci\u00f3 final.<\/p>\n<\/li>\n<\/ul>\n<hr data-start=\"2339\" data-end=\"2342\" \/>\n<h6 data-section-id=\"zkifsi\" data-start=\"2344\" data-end=\"2374\">2. Elaboraci\u00f3 del pressupost<\/h6>\n<p data-start=\"2376\" data-end=\"2659\">El director o directora del centre elabora el pressupost a l\u2019inici de l\u2019exercici pressupostari i el presenta al consell escolar perqu\u00e8 el valori abans de la seva aprovaci\u00f3. Aquesta aprovaci\u00f3 s\u2019ha de realitzar abans del 31 de gener.<\/p>\n<p data-start=\"2661\" data-end=\"2704\">El pressupost del centre est\u00e0 format per:<\/p>\n<ul data-start=\"2706\" data-end=\"2765\">\n<li data-section-id=\"19orhx0\" data-start=\"2706\" data-end=\"2736\">\n<p data-start=\"2708\" data-end=\"2736\">Pressupost d\u2019ingressos<\/p>\n<\/li>\n<li data-section-id=\"1bsx63l\" data-start=\"2737\" data-end=\"2765\">\n<p data-start=\"2739\" data-end=\"2765\">Pressupost de despeses<\/p>\n<\/li>\n<\/ul>\n<p data-start=\"2767\" data-end=\"2818\">El pressupost d\u2019ingressos inclou, entre d\u2019altres:<\/p>\n<ul data-start=\"2820\" data-end=\"3234\">\n<li data-section-id=\"q8698s\" data-start=\"2820\" data-end=\"2874\">\n<p data-start=\"2822\" data-end=\"2874\">el romanent del pressupost de l\u2019exercici anterior,<\/p>\n<\/li>\n<li data-section-id=\"1ux1dad\" data-start=\"2875\" data-end=\"2922\">\n<p data-start=\"2877\" data-end=\"2922\">les aportacions del Departament d\u2019Educaci\u00f3,<\/p>\n<\/li>\n<li data-section-id=\"3a48sv\" data-start=\"2923\" data-end=\"2977\">\n<p data-start=\"2925\" data-end=\"2977\">els ingressos provinents d\u2019altres administracions,<\/p>\n<\/li>\n<li data-section-id=\"mtencl\" data-start=\"2978\" data-end=\"3033\">\n<p data-start=\"2980\" data-end=\"3033\">els ingressos afectats a una finalitat determinada,<\/p>\n<\/li>\n<li data-section-id=\"1mmspf0\" data-start=\"3034\" data-end=\"3106\">\n<p data-start=\"3036\" data-end=\"3106\">les aportacions de les fam\u00edlies per activitats, sortides o material,<\/p>\n<\/li>\n<li data-section-id=\"mi8xer\" data-start=\"3107\" data-end=\"3234\">\n<p data-start=\"3109\" data-end=\"3234\">altres ingressos derivats de l\u2019activitat del centre o indemnitzacions d\u2019assegurances.<\/p>\n<\/li>\n<\/ul>\n<hr data-start=\"3236\" data-end=\"3239\" \/>\n<h6 data-section-id=\"ytqbaj\" data-start=\"3241\" data-end=\"3269\">3. Execuci\u00f3 del pressupost<\/h6>\n<p data-start=\"3271\" data-end=\"3577\">Durant l\u2019exercici econ\u00f2mic, el pressupost s\u2019ha d\u2019adaptar a les necessitats i actuacions del centre. En cas necessari, es poden fer modificacions pressupost\u00e0ries, sempre garantint l\u2019equilibri entre ingressos i despeses i la coher\u00e8ncia amb les previsions inicials.<\/p>\n<p data-start=\"3579\" data-end=\"3652\">La gesti\u00f3 econ\u00f2mica del centre ha d\u2019incloure actuacions de control com:<\/p>\n<ul data-start=\"3654\" data-end=\"3837\">\n<li data-section-id=\"joxpg0\" data-start=\"3654\" data-end=\"3694\">\n<p data-start=\"3656\" data-end=\"3694\">conciliacions banc\u00e0ries peri\u00f2diques,<\/p>\n<\/li>\n<li data-section-id=\"1yjieq6\" data-start=\"3695\" data-end=\"3730\">\n<p data-start=\"3697\" data-end=\"3730\">arquejos de la caixa d\u2019efectiu,<\/p>\n<\/li>\n<li data-section-id=\"yejwfc\" data-start=\"3731\" data-end=\"3783\">\n<p data-start=\"3733\" data-end=\"3783\">revisi\u00f3 dels comptes de prove\u00efdors i aportadors,<\/p>\n<\/li>\n<li data-section-id=\"10yl8v1\" data-start=\"3784\" data-end=\"3837\">\n<p data-start=\"3786\" data-end=\"3837\">registre i cust\u00f2dia de la documentaci\u00f3 comptable.<\/p>\n<\/li>\n<\/ul>\n<p data-start=\"3839\" data-end=\"4020\">Aquestes actuacions tenen com a objectiu garantir la correcci\u00f3 dels registres comptables i el control dels recursos econ\u00f2mics del centre.<\/p>\n<hr data-start=\"4022\" data-end=\"4025\" \/>\n<h6 data-section-id=\"f1pl7z\" data-start=\"4027\" data-end=\"4057\">4. Liquidaci\u00f3 del pressupost<\/h6>\n<p data-start=\"4059\" data-end=\"4222\">Un cop finalitzat l\u2019exercici econ\u00f2mic, la direcci\u00f3 del centre ha de preparar la liquidaci\u00f3 del pressupost i la proposta de romanent per a l\u2019exercici seg\u00fcent.<\/p>\n<p data-start=\"4224\" data-end=\"4432\">Aquesta liquidaci\u00f3 s\u2019ha de presentar al consell escolar, preferentment durant el mes de mar\u00e7, i s\u2019ha de trametre al Departament d\u2019Educaci\u00f3 abans del 31 de mar\u00e7.<\/p>\n<p data-start=\"4434\" data-end=\"4502\">Entre la documentaci\u00f3 de la liquidaci\u00f3 hi consten, entre d\u2019altres:<\/p>\n<ul data-start=\"4504\" data-end=\"4826\">\n<li data-section-id=\"1vby7it\" data-start=\"4504\" data-end=\"4549\">\n<p data-start=\"4506\" data-end=\"4549\">l\u2019acta d\u2019arqueig amb data 31 de desembre,<\/p>\n<\/li>\n<li data-section-id=\"1lrgiup\" data-start=\"4550\" data-end=\"4612\">\n<p data-start=\"4552\" data-end=\"4612\">el certificat del saldo de cada compte bancari del centre,<\/p>\n<\/li>\n<li data-section-id=\"idea97\" data-start=\"4613\" data-end=\"4665\">\n<p data-start=\"4615\" data-end=\"4665\">el certificat del saldo de les caixes d\u2019efectiu,<\/p>\n<\/li>\n<li data-section-id=\"byucns\" data-start=\"4666\" data-end=\"4826\">\n<p data-start=\"4668\" data-end=\"4826\">el certificat del director o directora conforme la gesti\u00f3 econ\u00f2mica s\u2019ha realitzat d\u2019acord amb la legislaci\u00f3 vigent.<\/p>\n<\/li>\n<\/ul>\n<p data-start=\"4828\" data-end=\"4983\">La liquidaci\u00f3 permet avaluar el grau d\u2019execuci\u00f3 del pressupost i analitzar si les previsions inicials s\u2019han ajustat a la realitat econ\u00f2mica del centre.<\/p>\n<p data-start=\"4828\" data-end=\"4983\">______________________________________________________________________________________________________________________<\/p>\n<h5 style=\"text-align: center;\"><span style=\"color: #800080;\">LIQUIDACI\u00d3 DEL PRESSUPOST 2025:\u00a0<a style=\"color: #800080;\" href=\"https:\/\/drive.google.com\/file\/d\/1X_sTAZ_A8znOHphV49M72H2g4Len6Dmy\/view?usp=drive_link\"> ENLLA\u00c7<\/a><\/span><\/h5>\n<h5 style=\"text-align: center;\"><span style=\"color: #800080;\">PRESSUPOST DEL 2026: <a style=\"color: #800080;\" href=\"https:\/\/drive.google.com\/file\/d\/1DZmMLmdL5gWAau0X6ng8trUIg6wXvHo6\/view?usp=sharing\">ENLLA\u00c7\u00a0<\/a><\/span><\/h5>\n<p>______________________________________________________________________________________________________________________<\/p>\n","protected":false},"excerpt":{"rendered":"<p>Un centre educatiu p\u00fablic ha de gestionar els seus recursos econ\u00f2mics d\u2019acord amb els principis de transpar\u00e8ncia, responsabilitat i control. La gesti\u00f3 econ\u00f2mica ha d\u2019afavorir el desenvolupament del projecte educatiu del centre i garantir una utilitzaci\u00f3 eficient dels recursos disponibles.<br \/>\nLa transpar\u00e8ncia i la fiabilitat de&hellip;  <a href=\"https:\/\/agora.xtec.cat\/escpaucasals\/lescola\/gestio-economica-del-centre\/\" title=\"Read Gesti\u00f3 econ\u00f2mica del centre\">Llegeix m\u00e9s\u00bb<\/a><\/p>\n","protected":false},"author":1,"featured_media":0,"parent":22,"menu_order":11,"comment_status":"closed","ping_status":"closed","template":"page-templates\/side-menu.php","meta":{"_bbp_topic_count":0,"_bbp_reply_count":0,"_bbp_total_topic_count":0,"_bbp_total_reply_count":0,"_bbp_voice_count":0,"_bbp_anonymous_reply_count":0,"_bbp_topic_count_hidden":0,"_bbp_reply_count_hidden":0,"_bbp_forum_subforum_count":0,"footnotes":""},"class_list":["post-4806","page","type-page","status-publish","hentry"],"post_mailing_queue_ids":[],"_links":{"self":[{"href":"https:\/\/agora.xtec.cat\/escpaucasals\/wp-json\/wp\/v2\/pages\/4806","targetHints":{"allow":["GET"]}}],"collection":[{"href":"https:\/\/agora.xtec.cat\/escpaucasals\/wp-json\/wp\/v2\/pages"}],"about":[{"href":"https:\/\/agora.xtec.cat\/escpaucasals\/wp-json\/wp\/v2\/types\/page"}],"author":[{"embeddable":true,"href":"https:\/\/agora.xtec.cat\/escpaucasals\/wp-json\/wp\/v2\/users\/1"}],"replies":[{"embeddable":true,"href":"https:\/\/agora.xtec.cat\/escpaucasals\/wp-json\/wp\/v2\/comments?post=4806"}],"version-history":[{"count":2,"href":"https:\/\/agora.xtec.cat\/escpaucasals\/wp-json\/wp\/v2\/pages\/4806\/revisions"}],"predecessor-version":[{"id":4810,"href":"https:\/\/agora.xtec.cat\/escpaucasals\/wp-json\/wp\/v2\/pages\/4806\/revisions\/4810"}],"up":[{"embeddable":true,"href":"https:\/\/agora.xtec.cat\/escpaucasals\/wp-json\/wp\/v2\/pages\/22"}],"wp:attachment":[{"href":"https:\/\/agora.xtec.cat\/escpaucasals\/wp-json\/wp\/v2\/media?parent=4806"}],"curies":[{"name":"wp","href":"https:\/\/api.w.org\/{rel}","templated":true}]}}