{"id":4052,"date":"2022-09-14T21:03:25","date_gmt":"2022-09-14T19:03:25","guid":{"rendered":"https:\/\/agora.xtec.cat\/escpaucasals\/?page_id=4052"},"modified":"2026-03-11T14:12:41","modified_gmt":"2026-03-11T13:12:41","slug":"estrategia-digital-de-centre","status":"publish","type":"page","link":"https:\/\/agora.xtec.cat\/escpaucasals\/estrategia-digital-de-centre\/","title":{"rendered":"ESTRAT\u00c8GIA DIGITAL DE CENTRE"},"content":{"rendered":"<p>Google sites per a la presentaci\u00f3 de l&#8217;Estrat\u00e8gia Digital de Centre de l&#8217;Escola Pau Casals. <a href=\"https:\/\/sites.google.com\/xtec.cat\/edcpaucasals\/presentaci%C3%B3-edc\">GOOGLE SITES EN PROC\u00c9S DE CREACI\u00d3.<\/a><\/p>\n<p>El document definitiu est\u00e0 en proc\u00e9s d&#8217;elaboraci\u00f3.<\/p>\n<p>Equip directiu i Comissi\u00f3 digital de l&#8217;escola.<\/p>\n","protected":false},"excerpt":{"rendered":"<p>Google sites per a la presentaci\u00f3 de l&#8217;Estrat\u00e8gia Digital de Centre de l&#8217;Escola Pau Casals. <a href=\"https:\/\/sites.google.com\/xtec.cat\/edcpaucasals\/presentaci%C3%B3-edc\">GOOGLE SITES EN PROC\u00c9S DE CREACI\u00d3.<\/a><br \/>\nEl document definitiu est\u00e0 en proc\u00e9s d&#8217;elaboraci\u00f3.<br \/>\nEquip directiu i Comissi\u00f3 digital de l&#8217;escola.<\/p>\n","protected":false},"author":2,"featured_media":0,"parent":0,"menu_order":0,"comment_status":"closed","ping_status":"closed","template":"","meta":{"_bbp_topic_count":0,"_bbp_reply_count":0,"_bbp_total_topic_count":0,"_bbp_total_reply_count":0,"_bbp_voice_count":0,"_bbp_anonymous_reply_count":0,"_bbp_topic_count_hidden":0,"_bbp_reply_count_hidden":0,"_bbp_forum_subforum_count":0,"footnotes":""},"class_list":["post-4052","page","type-page","status-publish","hentry"],"post_mailing_queue_ids":[],"_links":{"self":[{"href":"https:\/\/agora.xtec.cat\/escpaucasals\/wp-json\/wp\/v2\/pages\/4052","targetHints":{"allow":["GET"]}}],"collection":[{"href":"https:\/\/agora.xtec.cat\/escpaucasals\/wp-json\/wp\/v2\/pages"}],"about":[{"href":"https:\/\/agora.xtec.cat\/escpaucasals\/wp-json\/wp\/v2\/types\/page"}],"author":[{"embeddable":true,"href":"https:\/\/agora.xtec.cat\/escpaucasals\/wp-json\/wp\/v2\/users\/2"}],"replies":[{"embeddable":true,"href":"https:\/\/agora.xtec.cat\/escpaucasals\/wp-json\/wp\/v2\/comments?post=4052"}],"version-history":[{"count":2,"href":"https:\/\/agora.xtec.cat\/escpaucasals\/wp-json\/wp\/v2\/pages\/4052\/revisions"}],"predecessor-version":[{"id":4799,"href":"https:\/\/agora.xtec.cat\/escpaucasals\/wp-json\/wp\/v2\/pages\/4052\/revisions\/4799"}],"wp:attachment":[{"href":"https:\/\/agora.xtec.cat\/escpaucasals\/wp-json\/wp\/v2\/media?parent=4052"}],"curies":[{"name":"wp","href":"https:\/\/api.w.org\/{rel}","templated":true}]}}