{"id":34,"date":"2014-09-18T12:32:18","date_gmt":"2014-09-18T11:32:18","guid":{"rendered":"http:\/\/agora.xtec.cat\/escpaucasals\/?page_id=34"},"modified":"2024-09-20T16:01:51","modified_gmt":"2024-09-20T14:01:51","slug":"oferta-educativa","status":"publish","type":"page","link":"https:\/\/agora.xtec.cat\/escpaucasals\/lescola\/oferta-educativa\/","title":{"rendered":"Oferta educativa"},"content":{"rendered":"<p><b>A LA NOSTRA ESCOLA OFERIM ELS SEG\u00dcENTS SERVEIS:<\/b><\/p>\n<ul>\n<li>Segon cicle d&#8217;Educaci\u00f3 infantil i Educaci\u00f3 prim\u00e0ria.<\/li>\n<li>Ensenyament globalitzat, tenint en compte els diferents ritmes d\u2019aprenentatge.<\/li>\n<li>Professorat especialista de m\u00fasica, religi\u00f3, educaci\u00f3 f\u00edsica i angl\u00e8s.<\/li>\n<li>Aules de psicomotricitat, m\u00fasica, experimentaci\u00f3, biblioteca i joc simb\u00f2lic.<\/li>\n<li>\u00das de tecnologies de la informaci\u00f3, port\u00e0tils a l&#8217;aula, tauletes, material de rob\u00f2tica, ordinadors i pissarres digitals a totes les d&#8217;aules .<\/li>\n<li>Menjador escolar, gestionat per l&#8217;AFA. Tamb\u00e9 s&#8217;ofereix servei d&#8217;acollida matinera de 8:00 h a 9:00 h.<\/li>\n<li>La Secci\u00f3 Esportiva del Pau Casals organitza activitats extraescolars esportives i casal d&#8217;estiu esportiu amb la col\u00b7laboraci\u00f3 de l&#8217;AFA.<\/li>\n<li>l&#8217;AFA ofereix l&#8217;extraescolar d&#8217;angl\u00e8s.<\/li>\n<li>Casal d\u2019estiu al mes de juliol, gestionat per l\u2019ajuntament.<\/li>\n<\/ul>\n","protected":false},"excerpt":{"rendered":"<p>A LA NOSTRA ESCOLA OFERIM ELS SEG\u00dcENTS SERVEIS:<\/p>\n<ul>\n<li>Segon cicle d&#8217;Educaci\u00f3 infantil i Educaci\u00f3 prim\u00e0ria.<\/li>\n<li>Ensenyament globalitzat, tenint en compte els diferents ritmes d\u2019aprenentatge.<\/li>\n<li>Professorat especialista de m\u00fasica, religi\u00f3, educaci\u00f3 f\u00edsica i angl\u00e8s.<\/li>\n<li>Aules de psicomotricitat, m\u00fasica, experimentaci\u00f3, biblioteca i joc simb\u00f2lic.<\/li>\n<li>\u00das de tecnologies de la informaci\u00f3, port\u00e0tils a&hellip;  <a href=\"https:\/\/agora.xtec.cat\/escpaucasals\/lescola\/oferta-educativa\/\" title=\"Read Oferta educativa\">Llegeix m\u00e9s\u00bb<\/a><br \/>\n","protected":false},"author":1,"featured_media":0,"parent":22,"menu_order":60,"comment_status":"closed","ping_status":"closed","template":"page-templates\/side-menu.php","meta":{"_bbp_topic_count":0,"_bbp_reply_count":0,"_bbp_total_topic_count":0,"_bbp_total_reply_count":0,"_bbp_voice_count":0,"_bbp_anonymous_reply_count":0,"_bbp_topic_count_hidden":0,"_bbp_reply_count_hidden":0,"_bbp_forum_subforum_count":0,"footnotes":""},"class_list":["post-34","page","type-page","status-publish","hentry"],"post_mailing_queue_ids":[],"_links":{"self":[{"href":"https:\/\/agora.xtec.cat\/escpaucasals\/wp-json\/wp\/v2\/pages\/34","targetHints":{"allow":["GET"]}}],"collection":[{"href":"https:\/\/agora.xtec.cat\/escpaucasals\/wp-json\/wp\/v2\/pages"}],"about":[{"href":"https:\/\/agora.xtec.cat\/escpaucasals\/wp-json\/wp\/v2\/types\/page"}],"author":[{"embeddable":true,"href":"https:\/\/agora.xtec.cat\/escpaucasals\/wp-json\/wp\/v2\/users\/1"}],"replies":[{"embeddable":true,"href":"https:\/\/agora.xtec.cat\/escpaucasals\/wp-json\/wp\/v2\/comments?post=34"}],"version-history":[{"count":5,"href":"https:\/\/agora.xtec.cat\/escpaucasals\/wp-json\/wp\/v2\/pages\/34\/revisions"}],"predecessor-version":[{"id":4429,"href":"https:\/\/agora.xtec.cat\/escpaucasals\/wp-json\/wp\/v2\/pages\/34\/revisions\/4429"}],"up":[{"embeddable":true,"href":"https:\/\/agora.xtec.cat\/escpaucasals\/wp-json\/wp\/v2\/pages\/22"}],"wp:attachment":[{"href":"https:\/\/agora.xtec.cat\/escpaucasals\/wp-json\/wp\/v2\/media?parent=34"}],"curies":[{"name":"wp","href":"https:\/\/api.w.org\/{rel}","templated":true}]}}