{"id":30,"date":"2014-09-18T12:30:23","date_gmt":"2014-09-18T11:30:23","guid":{"rendered":"http:\/\/agora.xtec.cat\/escpaucasals\/?page_id=30"},"modified":"2021-07-15T09:52:43","modified_gmt":"2021-07-15T07:52:43","slug":"instal%c2%b7lacions","status":"publish","type":"page","link":"https:\/\/agora.xtec.cat\/escpaucasals\/lescola\/instal%c2%b7lacions\/","title":{"rendered":"Instal\u00b7lacions"},"content":{"rendered":"<p>Actualment l\u2019escola consta de diferents edificis:<\/p>\n<p>L\u2019escola antiga, formada per tres petites aules, situades al pati de prim\u00e0ria, que actualment s\u2019utilitzen com a aula de joc simb\u00f2lic, com a sala de psicomotricitat i per algunes activitats d\u2019Educaci\u00f3 F\u00edsica i l\u2019altra com a magatzem.<\/p>\n<p>L\u2019escola m\u00e9s nova (l\u2019edifici central) inaugurada l\u2019any 1992 i posteriorment ampliat en el pis inferior, consta de dos pisos. En el pis principal hi trobem una aula d\u2019Ed. Infantil (P5), una aula d\u2019experimentaci\u00f3, quatre aules de prim\u00e0ria (CI i CM), una petita aula d\u2019Ed. Especial, l\u2019aula d\u2019Ed. Musical, dos lavabos d&#8217;alumnat i dos de mestres, el menjador\/ludoteca, el despatx de Direcci\u00f3, el despatx de secretaria, la sala de mestres i un petit espai reservat per la fotocopiadora, arxius i \u00fas de l\u2019AMPA i el menjador escolar. En el pis inferior hi trobem dues aules de prim\u00e0ria (CS), lavabos, la biblioteca i l\u2019aula d\u2019inform\u00e0tica.<\/p>\n<p>Tamb\u00e9 comptem amb dos m\u00f2duls prefabricats per Educaci\u00f3 Infantil situats en el mateix pati d\u2019infantil (P3 i P4).<\/p>\n<p>L&#8217;escola t\u00e9 4 patis on realitzem activitats diverses: pati d&#8217;Educaci\u00f3 Infantil, pati de Prim\u00e0ria, pati de l&#8217;hort i pati del mig.<\/p>\n","protected":false},"excerpt":{"rendered":"<p>Actualment l\u2019escola consta de diferents edificis:<br \/>\nL\u2019escola antiga, formada per tres petites aules, situades al pati de prim\u00e0ria, que actualment s\u2019utilitzen com a aula de joc simb\u00f2lic, com a sala de psicomotricitat i per algunes activitats d\u2019Educaci\u00f3 F\u00edsica i l\u2019altra com a magatzem.<br \/>\nL\u2019escola m\u00e9s nova (l\u2019edifici&hellip;  <a href=\"https:\/\/agora.xtec.cat\/escpaucasals\/lescola\/instal%c2%b7lacions\/\" title=\"Read Instal\u00b7lacions\">Llegeix m\u00e9s\u00bb<\/a><\/p>\n","protected":false},"author":1,"featured_media":0,"parent":22,"menu_order":40,"comment_status":"closed","ping_status":"closed","template":"page-templates\/side-menu.php","meta":{"_bbp_topic_count":0,"_bbp_reply_count":0,"_bbp_total_topic_count":0,"_bbp_total_reply_count":0,"_bbp_voice_count":0,"_bbp_anonymous_reply_count":0,"_bbp_topic_count_hidden":0,"_bbp_reply_count_hidden":0,"_bbp_forum_subforum_count":0,"footnotes":""},"class_list":["post-30","page","type-page","status-publish","hentry"],"post_mailing_queue_ids":[],"_links":{"self":[{"href":"https:\/\/agora.xtec.cat\/escpaucasals\/wp-json\/wp\/v2\/pages\/30","targetHints":{"allow":["GET"]}}],"collection":[{"href":"https:\/\/agora.xtec.cat\/escpaucasals\/wp-json\/wp\/v2\/pages"}],"about":[{"href":"https:\/\/agora.xtec.cat\/escpaucasals\/wp-json\/wp\/v2\/types\/page"}],"author":[{"embeddable":true,"href":"https:\/\/agora.xtec.cat\/escpaucasals\/wp-json\/wp\/v2\/users\/1"}],"replies":[{"embeddable":true,"href":"https:\/\/agora.xtec.cat\/escpaucasals\/wp-json\/wp\/v2\/comments?post=30"}],"version-history":[{"count":3,"href":"https:\/\/agora.xtec.cat\/escpaucasals\/wp-json\/wp\/v2\/pages\/30\/revisions"}],"predecessor-version":[{"id":3821,"href":"https:\/\/agora.xtec.cat\/escpaucasals\/wp-json\/wp\/v2\/pages\/30\/revisions\/3821"}],"up":[{"embeddable":true,"href":"https:\/\/agora.xtec.cat\/escpaucasals\/wp-json\/wp\/v2\/pages\/22"}],"wp:attachment":[{"href":"https:\/\/agora.xtec.cat\/escpaucasals\/wp-json\/wp\/v2\/media?parent=30"}],"curies":[{"name":"wp","href":"https:\/\/api.w.org\/{rel}","templated":true}]}}