{"id":904,"date":"2015-09-23T11:20:22","date_gmt":"2015-09-23T10:20:22","guid":{"rendered":"http:\/\/agora.xtec.cat\/escpardinyes\/?page_id=904"},"modified":"2023-04-26T22:19:37","modified_gmt":"2023-04-26T20:19:37","slug":"grups-interactius","status":"publish","type":"page","link":"https:\/\/agora.xtec.cat\/escpardinyes\/grups-interactius\/","title":{"rendered":"GRUPS INTERACTIUS"},"content":{"rendered":"<p>Els grups interactius \u00e9s una forma d&#8217;organitzaci\u00f3 d&#8217;aula que d\u00f3na molt bons resultats quant a la millora de l&#8217;aprenentatge i la conviv\u00e8ncia. A trav\u00e9s dels grups interactius, es multipliquen i diversifiquen les interaccions, a la vegada que s&#8217;augmenta el temps de treball efectiu. Es caracteritzen per ser una organitzaci\u00f3 <em><strong>inclusora\u00a0<\/strong><\/em>de l&#8217;alumnat en la que es compte amb l&#8217;ajuda de m\u00e9s persones adultes a m\u00e9s del\/la mestre\/a responsable de l&#8217;aula. En els grups interactius s&#8217;aconsegueix desenvolupar, en una mateixa din\u00e0mica, l&#8217;<em><strong>acceleraci\u00f3 de l&#8217;aprenentatge<\/strong><\/em> per tot l&#8217;alumnat en totes les mat\u00e8ries, els valors, les emocions i els sentiments<\/p>\n<p>&nbsp;<\/p>\n<p><a href=\"http:\/\/agora.xtec.cat\/escpardinyes\/wp-content\/uploads\/usu193\/2015\/09\/grups-interactius-5e.jpg\"><img loading=\"lazy\" decoding=\"async\" class=\" wp-image-920 aligncenter\" src=\"http:\/\/agora.xtec.cat\/escpardinyes\/wp-content\/uploads\/usu193\/2015\/09\/grups-interactius-5e-300x225.jpg\" alt=\"grups interactius 5e\" width=\"383\" height=\"287\" srcset=\"https:\/\/agora.xtec.cat\/escpardinyes\/wp-content\/uploads\/usu193\/2015\/09\/grups-interactius-5e-300x225.jpg 300w, https:\/\/agora.xtec.cat\/escpardinyes\/wp-content\/uploads\/usu193\/2015\/09\/grups-interactius-5e.jpg 1024w, https:\/\/agora.xtec.cat\/escpardinyes\/wp-content\/uploads\/usu193\/2015\/09\/grups-interactius-5e-200x150.jpg 200w\" sizes=\"auto, (max-width: 383px) 100vw, 383px\" \/><\/a><\/p>\n<p>&nbsp;<\/p>\n<p><span style=\"text-decoration: underline;\">Fonts d&#8217;informaci\u00f3<\/span>:<\/p>\n<ul style=\"list-style-type: circle;\">\n<li><a href=\"http:\/\/www.xtec.cat\/web\/projectes\/comunitats\/actuacionsexit\" target=\"_blank\" rel=\"noopener\">http:\/\/www.xtec.cat\/web\/projectes\/comunitats\/actuacionsexit<\/a><\/li>\n<li><a href=\"http:\/\/utopiadream.info\/ca\/actuaciones-de-exito\/grupos-interactivos\/\" target=\"_blank\" rel=\"noopener\">http:\/\/utopiadream.info\/ca\/actuaciones-de-exito\/grupos-interactivos\/<\/a><\/li>\n<\/ul>\n<p>&nbsp;<\/p>\n","protected":false},"excerpt":{"rendered":"<p>Els grups interactius \u00e9s una forma d&#8217;organitzaci\u00f3 d&#8217;aula que d\u00f3na molt bons resultats quant a la millora de l&#8217;aprenentatge i la conviv\u00e8ncia. A trav\u00e9s dels grups interactius, es multipliquen i diversifiquen les interaccions, a la vegada que s&#8217;augmenta el temps de treball efectiu. Es caracteritzen&hellip;  <a href=\"https:\/\/agora.xtec.cat\/escpardinyes\/grups-interactius\/\" title=\"Read GRUPS INTERACTIUS\">Llegeix m\u00e9s\u00bb<\/a><\/p>\n","protected":false},"author":1,"featured_media":0,"parent":0,"menu_order":0,"comment_status":"closed","ping_status":"closed","template":"","meta":{"_bbp_topic_count":0,"_bbp_reply_count":0,"_bbp_total_topic_count":0,"_bbp_total_reply_count":0,"_bbp_voice_count":0,"_bbp_anonymous_reply_count":0,"_bbp_topic_count_hidden":0,"_bbp_reply_count_hidden":0,"_bbp_forum_subforum_count":0,"footnotes":""},"class_list":["post-904","page","type-page","status-publish","hentry"],"post_mailing_queue_ids":[],"_links":{"self":[{"href":"https:\/\/agora.xtec.cat\/escpardinyes\/wp-json\/wp\/v2\/pages\/904","targetHints":{"allow":["GET"]}}],"collection":[{"href":"https:\/\/agora.xtec.cat\/escpardinyes\/wp-json\/wp\/v2\/pages"}],"about":[{"href":"https:\/\/agora.xtec.cat\/escpardinyes\/wp-json\/wp\/v2\/types\/page"}],"author":[{"embeddable":true,"href":"https:\/\/agora.xtec.cat\/escpardinyes\/wp-json\/wp\/v2\/users\/1"}],"replies":[{"embeddable":true,"href":"https:\/\/agora.xtec.cat\/escpardinyes\/wp-json\/wp\/v2\/comments?post=904"}],"version-history":[{"count":3,"href":"https:\/\/agora.xtec.cat\/escpardinyes\/wp-json\/wp\/v2\/pages\/904\/revisions"}],"predecessor-version":[{"id":14624,"href":"https:\/\/agora.xtec.cat\/escpardinyes\/wp-json\/wp\/v2\/pages\/904\/revisions\/14624"}],"wp:attachment":[{"href":"https:\/\/agora.xtec.cat\/escpardinyes\/wp-json\/wp\/v2\/media?parent=904"}],"curies":[{"name":"wp","href":"https:\/\/api.w.org\/{rel}","templated":true}]}}