{"id":239,"date":"2015-02-10T10:57:10","date_gmt":"2015-02-10T09:57:10","guid":{"rendered":"http:\/\/agora.xtec.cat\/escpardinyes\/?page_id=239"},"modified":"2025-10-05T10:08:02","modified_gmt":"2025-10-05T08:08:02","slug":"projectes","status":"publish","type":"page","link":"https:\/\/agora.xtec.cat\/escpardinyes\/que-fem\/projectes\/","title":{"rendered":"Projectes"},"content":{"rendered":"<p>&nbsp;<\/p>\n<table style=\"height: 1720px;\" border=\"1\" width=\"676\" align=\"center\">\n<tbody>\n<tr>\n<td colspan=\"2\" bgcolor=\"#33FF99\">\n<h6 class=\"Estilo5\" align=\"center\">Escoles Sostenibles<\/h6>\n<\/td>\n<\/tr>\n<tr bgcolor=\"#FFFFCC\">\n<td width=\"160\">\n<div align=\"center\"><a href=\"http:\/\/sostenibilitat.paeria.cat\/perfils\/agenda-21\/agenda-21\"><img loading=\"lazy\" decoding=\"async\" src=\"http:\/\/www.xtec.cat\/centres\/c5002106\/imatges\/agenda21logo.gif\" alt=\"\" width=\"120\" height=\"70\" \/><\/a><\/div>\n<\/td>\n<td bgcolor=\"#FFFFCC\" width=\"306\">\n<p class=\"Estilo6\" align=\"justify\">El programa d&#8217;escoles sostenibles vol facilitar la implicaci\u00f3 dels centres escolars en l&#8217;ambici\u00f3s projecte planetari de construir un m\u00f3n m\u00e9s sostenible, comen\u00e7ant per la intervenci\u00f3 en el nostre entorn m\u00e9s immediat.<\/p>\n<\/td>\n<\/tr>\n<tr>\n<td colspan=\"2\" bgcolor=\"#33FF99\">\n<h6 class=\"Estilo7\" align=\"center\"><a href=\"http:\/\/www20.gencat.cat\/portal\/site\/sge\/menuitem.80eb802a809c621b21740d63b0c0e1a0\/?vgnextoid=8e2a93508962f110VgnVCM1000000b0c1e0aRCRD&amp;vgnextchannel=8e2a93508962f110VgnVCM1000000b0c1e0aRCRD&amp;vgnextfmt=default\">Pla Catal\u00e0 d&#8217;Esport a l&#8217;Escola (PCEE)<\/a><\/h6>\n<\/td>\n<\/tr>\n<tr>\n<td bgcolor=\"#FFFFCC\">\n<div align=\"center\"><a href=\"http:\/\/www20.gencat.cat\/portal\/site\/sge\/menuitem.80eb802a809c621b21740d63b0c0e1a0\/?vgnextoid=8e2a93508962f110VgnVCM1000000b0c1e0aRCRD&amp;vgnextchannel=8e2a93508962f110VgnVCM1000000b0c1e0aRCRD&amp;vgnextfmt=default\"><img loading=\"lazy\" decoding=\"async\" src=\"http:\/\/www.xtec.cat\/centres\/c5002106\/imatges\/PCEE.JPG\" alt=\"\" width=\"118\" height=\"81\" \/><\/a><\/div>\n<\/td>\n<td bgcolor=\"#FFFFCC\">\n<div align=\"justify\"><a href=\"http:\/\/www20.gencat.cat\/portal\/site\/sge\/menuitem.80eb802a809c621b21740d63b0c0e1a0\/?vgnextoid=8e2a93508962f110VgnVCM1000000b0c1e0aRCRD&amp;vgnextchannel=8e2a93508962f110VgnVCM1000000b0c1e0aRCRD&amp;vgnextfmt=default\"><span class=\"Estilo6\">Els anteriors departaments d&#8217;Educaci\u00f3 i de Vicepresid\u00e8ncia de la Generalitat de Catalunya, aquest \u00faltim mitjan\u00e7ant la Secretaria General de l&#8217;Esport, van acordar a finals del 2004 impulsar el Pla Catal\u00e0 d&#8217;Esport a l&#8217;Escola, adre\u00e7at principalment a incrementar la participaci\u00f3 dels infants i joves en activitats f\u00edsiques i esportives en horari no lectiu en el propi centre educatiu i, alhora, emprar aquestes pr\u00e0ctiques per a la difusi\u00f3 i educaci\u00f3 en valors i per a l&#8217;adquisici\u00f3 d&#8217;h\u00e0bits saludables.<\/span><\/a><\/div>\n<\/td>\n<\/tr>\n<tr>\n<td colspan=\"2\" bgcolor=\"#33FF99\">\n<h6 class=\"Estilo7\" align=\"center\"><a href=\"http:\/\/www2.esplai.org\/aventuravida\/present.htm\">L&#8217;aventura de la vida<\/a><\/h6>\n<\/td>\n<\/tr>\n<tr>\n<td bgcolor=\"#FFFFCC\">\n<div align=\"center\"><a href=\"http:\/\/www2.esplai.org\/aventuravida\/present.htm\"><img loading=\"lazy\" decoding=\"async\" src=\"http:\/\/www.xtec.cat\/centres\/c5002106\/imatges\/aventura%20de%20la%20vida.jpg\" alt=\"\" width=\"132\" height=\"98\" \/><\/a><\/div>\n<\/td>\n<td bgcolor=\"#FFFFCC\">\n<div align=\"justify\"><a href=\"http:\/\/www2.esplai.org\/aventuravida\/present.htm\"><span class=\"Estilo6\"><strong>L&#8217;Aventura de la Vida<\/strong>\u00a0\u00e9s una intervenci\u00f3 educativa que s&#8217;emmarca dins de\u00a0<strong>l&#8217;educaci\u00f3 per a la salut<\/strong>, com a eix transversal del curr\u00edculum escolar, i s&#8217;inspira en un concepte de salut com a manera de viure aut\u00f2noma, joiosa i solid\u00e0ria. Es tracta d&#8217;un programa creat al Pa\u00eds Basc per EDEX.<\/span><\/a><\/div>\n<\/td>\n<\/tr>\n<tr>\n<td colspan=\"2\" bgcolor=\"#33FF99\">\n<h6 class=\"Estilo7\" align=\"center\"><a href=\"http:\/\/ime.paeria.cat\/dinamicaeducativa\/pla_entorn_pardinyes\/\">Pla Educatiu d&#8217;Entorn<\/a><\/h6>\n<\/td>\n<\/tr>\n<tr>\n<td bgcolor=\"#FFFFCC\" height=\"270\">\n<div align=\"center\"><a href=\"http:\/\/ime.paeria.cat\/dinamicaeducativa\/pla_entorn_pardinyes\/\"><img loading=\"lazy\" decoding=\"async\" src=\"http:\/\/www.xtec.cat\/centres\/c5002106\/imatges\/pla%20educatiu%20d'entorn.jpg\" alt=\"\" width=\"120\" height=\"90\" \/><\/a><\/div>\n<\/td>\n<td bgcolor=\"#FFFFCC\">\n<div class=\"Estilo6\" align=\"justify\">\n<p><a href=\"http:\/\/ime.paeria.cat\/dinamicaeducativa\/pla_entorn_pardinyes\/\">El\u00a0<strong>Pla Educatiu d&#8217;entorn<\/strong>\u00a0\u00e9s un projecte de car\u00e0cter institucional que aglutina els esfor\u00e7os del Departament d&#8217;Educaci\u00f3 i de l&#8217;Ajuntament de la ciutat de Lleida amb els objectius seg\u00fcents:<\/a><\/p>\n<ul>\n<li><a href=\"http:\/\/ime.paeria.cat\/dinamicaeducativa\/pla_entorn_pardinyes\/\">Promoure la cohesi\u00f3 social a trav\u00e9s de l&#8217;educaci\u00f3 intercultural i l&#8217;\u00fas de la llengua en un marc pluriling\u00fce.<br \/>\n<\/a><\/li>\n<li><a href=\"http:\/\/ime.paeria.cat\/dinamicaeducativa\/pla_entorn_pardinyes\/\">Aconseguir una educaci\u00f3 integral per a tot l&#8217;alumnat.<\/a><\/li>\n<\/ul>\n<\/div>\n<\/td>\n<\/tr>\n<tr>\n<td colspan=\"2\" bgcolor=\"#33FF99\">\n<div align=\"center\"><a class=\"Estilo8\" href=\"http:\/\/www.xtec.cat\/~mgilart\/\">Pla experimental de Lleng\u00fces estrangeres<\/a><\/div>\n<\/td>\n<\/tr>\n<tr>\n<td bgcolor=\"#FFFFCC\">\n<div align=\"center\"><a href=\"http:\/\/www.xtec.cat\/~mgilart\/\"><img loading=\"lazy\" decoding=\"async\" src=\"http:\/\/www.xtec.cat\/centres\/c5002106\/imatges\/projecteangles.jpg\" alt=\" \" width=\"150\" height=\"112\" border=\"0\" \/><\/a><\/div>\n<\/td>\n<td class=\"Estilo6\" bgcolor=\"#FFFFCC\">\n<div align=\"justify\"><a href=\"http:\/\/www.xtec.cat\/~mgilart\/\">Activitats de ci\u00e8ncies en llengua anglesa pensades per a \u00e9sser utilitzades amb alumnes que aprenen l&#8217;angl\u00e8s com a llengua estrangera. Els temes treballats s\u00f3n les plantes (parts de la planta, funcions&#8230;)i la mat\u00e8ria (\u00e0toms i mol\u00b7l\u00e8cules, estats de la mat\u00e8ria, canvis d&#8217;estat i propietats).<\/a><\/div>\n<\/td>\n<\/tr>\n<tr>\n<td colspan=\"2\" bgcolor=\"#33FF99\">\n<div align=\"center\"><a class=\"Estilo8\" href=\"http:\/\/ime.paeria.cat\/dinamicaeducativa\/pla_entorn_pardinyes\/\">Obrim els patis<\/a><\/div>\n<\/td>\n<\/tr>\n<tr>\n<td bgcolor=\"#FFFFCC\">\n<div align=\"center\"><img loading=\"lazy\" decoding=\"async\" src=\"http:\/\/www.xtec.cat\/centres\/c5002106\/imatges\/pati%20obert.JPG\" alt=\" \" width=\"137\" height=\"148\" \/><\/div>\n<\/td>\n<td class=\"Estilo6\" bgcolor=\"#FFFFCC\">\n<div align=\"justify\">Els caps de setmana, la nostra escola obre els patis a la comunitat per tal de que puguin gaudir de les instal\u00b7lacions del centre.<\/div>\n<\/td>\n<\/tr>\n<tr>\n<td colspan=\"2\" bgcolor=\"#33FF99\">\n<div align=\"center\">\n<h6 class=\"Estilo7\"><a href=\"http:\/\/www.5aldia.es\/\">5 al dia<\/a><\/h6>\n<\/div>\n<\/td>\n<\/tr>\n<tr>\n<td bgcolor=\"#FFFFCC\">\n<div align=\"center\"><a href=\"http:\/\/www.5aldia.es\/\"><img loading=\"lazy\" decoding=\"async\" src=\"http:\/\/www.xtec.cat\/centres\/c5002106\/imatges\/5.gif\" alt=\"\" width=\"128\" height=\"124\" \/><\/a><\/div>\n<\/td>\n<td bgcolor=\"#FFFFCC\">\n<div class=\"Estilo6\" align=\"justify\"><a href=\"http:\/\/www.5aldia.es\/\">Projecte d&#8217;alimentaci\u00f3 que pret\u00e9n fomentar el consum familiar de fruites, verdures i hortalisses i aconseguir un m\u00ednim de cinc ingestes di\u00e0ries.<\/a><\/div>\n<\/td>\n<\/tr>\n<\/tbody>\n<\/table>\n","protected":false},"excerpt":{"rendered":"<p>&nbsp;<\/p>\n<p>Escoles Sostenibles<\/p>\n<p><a href=\"http:\/\/sostenibilitat.paeria.cat\/perfils\/agenda-21\/agenda-21\"><\/a><\/p>\n<p>El programa d&#8217;escoles sostenibles vol facilitar la implicaci\u00f3 dels centres escolars en l&#8217;ambici\u00f3s projecte planetari de construir un m\u00f3n m\u00e9s sostenible, comen\u00e7ant per la intervenci\u00f3 en el nostre entorn m\u00e9s immediat.<\/p>\n<p><a href=\"http:\/\/www20.gencat.cat\/portal\/site\/sge\/menuitem.80eb802a809c621b21740d63b0c0e1a0\/?vgnextoid=8e2a93508962f110VgnVCM1000000b0c1e0aRCRD&amp;vgnextchannel=8e2a93508962f110VgnVCM1000000b0c1e0aRCRD&amp;vgnextfmt=default\">Pla Catal\u00e0 d&#8217;Esport a l&#8217;Escola (PCEE)<\/a><\/p>\n<p><a href=\"http:\/\/www20.gencat.cat\/portal\/site\/sge\/menuitem.80eb802a809c621b21740d63b0c0e1a0\/?vgnextoid=8e2a93508962f110VgnVCM1000000b0c1e0aRCRD&amp;vgnextchannel=8e2a93508962f110VgnVCM1000000b0c1e0aRCRD&amp;vgnextfmt=default\"><\/a><\/p>\n<p><a href=\"http:\/\/www20.gencat.cat\/portal\/site\/sge\/menuitem.80eb802a809c621b21740d63b0c0e1a0\/?vgnextoid=8e2a93508962f110VgnVCM1000000b0c1e0aRCRD&amp;vgnextchannel=8e2a93508962f110VgnVCM1000000b0c1e0aRCRD&amp;vgnextfmt=default\">Els anteriors departaments d&#8217;Educaci\u00f3 i&hellip;  <a href=\"https:\/\/agora.xtec.cat\/escpardinyes\/que-fem\/projectes\/\" title=\"Read Projectes\">Llegeix m\u00e9s\u00bb<\/a><\/p>\n","protected":false},"author":1,"featured_media":0,"parent":237,"menu_order":0,"comment_status":"closed","ping_status":"closed","template":"","meta":{"_bbp_topic_count":0,"_bbp_reply_count":0,"_bbp_total_topic_count":0,"_bbp_total_reply_count":0,"_bbp_voice_count":0,"_bbp_anonymous_reply_count":0,"_bbp_topic_count_hidden":0,"_bbp_reply_count_hidden":0,"_bbp_forum_subforum_count":0,"footnotes":""},"class_list":["post-239","page","type-page","status-publish","hentry"],"post_mailing_queue_ids":[],"_links":{"self":[{"href":"https:\/\/agora.xtec.cat\/escpardinyes\/wp-json\/wp\/v2\/pages\/239","targetHints":{"allow":["GET"]}}],"collection":[{"href":"https:\/\/agora.xtec.cat\/escpardinyes\/wp-json\/wp\/v2\/pages"}],"about":[{"href":"https:\/\/agora.xtec.cat\/escpardinyes\/wp-json\/wp\/v2\/types\/page"}],"author":[{"embeddable":true,"href":"https:\/\/agora.xtec.cat\/escpardinyes\/wp-json\/wp\/v2\/users\/1"}],"replies":[{"embeddable":true,"href":"https:\/\/agora.xtec.cat\/escpardinyes\/wp-json\/wp\/v2\/comments?post=239"}],"version-history":[{"count":3,"href":"https:\/\/agora.xtec.cat\/escpardinyes\/wp-json\/wp\/v2\/pages\/239\/revisions"}],"predecessor-version":[{"id":16386,"href":"https:\/\/agora.xtec.cat\/escpardinyes\/wp-json\/wp\/v2\/pages\/239\/revisions\/16386"}],"up":[{"embeddable":true,"href":"https:\/\/agora.xtec.cat\/escpardinyes\/wp-json\/wp\/v2\/pages\/237"}],"wp:attachment":[{"href":"https:\/\/agora.xtec.cat\/escpardinyes\/wp-json\/wp\/v2\/media?parent=239"}],"curies":[{"name":"wp","href":"https:\/\/api.w.org\/{rel}","templated":true}]}}