{"id":235,"date":"2015-02-10T10:55:19","date_gmt":"2015-02-10T09:55:19","guid":{"rendered":"http:\/\/agora.xtec.cat\/escpardinyes\/?page_id=235"},"modified":"2016-05-07T22:40:45","modified_gmt":"2016-05-07T21:40:45","slug":"escola-magnet","status":"publish","type":"page","link":"https:\/\/agora.xtec.cat\/escpardinyes\/escola-magnet\/","title":{"rendered":"Escola Magnet"},"content":{"rendered":"<div style=\"text-align: center;\">\n<p>&nbsp;<\/p>\n<p><span style=\"font-size: x-large;\"><b>Programa Magnet. Aliances per a l\u2019\u00e8xit educatiu.<\/b><\/span><\/p>\n<\/div>\n<div><span style=\"color: #1f497d; font-size: xx-large;\">\u00a0<\/span><\/div>\n<div>\n<p><iframe loading=\"lazy\" title=\"Projecte Magnet: Escola Pardinyes, IRTA i ETSEA UdL\" width=\"500\" height=\"281\" src=\"https:\/\/www.youtube.com\/embed\/u2ehamwKj8I?feature=oembed\" frameborder=\"0\" allow=\"accelerometer; autoplay; clipboard-write; encrypted-media; gyroscope; picture-in-picture; web-share\" referrerpolicy=\"strict-origin-when-cross-origin\" allowfullscreen><\/iframe><\/p>\n<\/div>\n<div><\/div>\n<div><\/div>\n<div><\/div>\n<div><\/div>\n<div align=\"left\"><\/div>\n<p align=\"left\">\u201c<i>MAGNET. Aliances per a l\u2019\u00e8xit educatiu<\/i>\u201d \u00e9s un programa que involucra centres educatius i institucions de refer\u00e8ncia en projectes educatius innovadors i de qualitat. L\u2019objectiu \u00e9s acompanyar els centres educatius en el desenvolupament de projectes portats a terme en alian\u00e7a amb una instituci\u00f3 de refer\u00e8ncia.<\/p>\n<div align=\"left\"><\/div>\n<div align=\"left\"><\/div>\n<div align=\"left\"><\/div>\n<div align=\"left\"><\/div>\n<div align=\"left\">\n<p><iframe loading=\"lazy\" title=\"Magnet. Aliances per a l&#039;\u00e8xit educatiu\" width=\"500\" height=\"281\" src=\"https:\/\/www.youtube.com\/embed\/eOgi5Puu_Jg?feature=oembed\" frameborder=\"0\" allow=\"accelerometer; autoplay; clipboard-write; encrypted-media; gyroscope; picture-in-picture; web-share\" referrerpolicy=\"strict-origin-when-cross-origin\" allowfullscreen><\/iframe><\/p>\n<\/div>\n<div align=\"left\"><\/div>\n<p align=\"left\">Les institucions que hi participen s\u00f3n institucions capdavanteres en un camp de coneixement espec\u00edfic (ci\u00e8ncia, tecnologia, art, comunicaci\u00f3 audiovisual, etc.) que tenen un comprom\u00eds educatiu amb la societat, i una gran capacitat de transferir innovaci\u00f3 i coneixement.<\/p>\n<div align=\"left\"><\/div>\n<p><a href=\"http:\/\/agora.xtec.cat\/escpardinyes\/wp-content\/uploads\/usu193\/2015\/02\/B_-O8RsXEAAeMaY.jpg\"><img loading=\"lazy\" decoding=\"async\" class=\"alignnone wp-image-512 size-full\" src=\"http:\/\/agora.xtec.cat\/escpardinyes\/wp-content\/uploads\/usu193\/2015\/02\/B_-O8RsXEAAeMaY.jpg\" alt=\"B_-O8RsXEAAeMaY\" width=\"599\" height=\"427\" srcset=\"https:\/\/agora.xtec.cat\/escpardinyes\/wp-content\/uploads\/usu193\/2015\/02\/B_-O8RsXEAAeMaY.jpg 599w, https:\/\/agora.xtec.cat\/escpardinyes\/wp-content\/uploads\/usu193\/2015\/02\/B_-O8RsXEAAeMaY-300x213.jpg 300w\" sizes=\"auto, (max-width: 599px) 100vw, 599px\" \/><\/a><a href=\"http:\/\/agora.xtec.cat\/escpardinyes\/wp-content\/uploads\/usu193\/2015\/02\/B_-O8XIWEAAbrOD.jpg\"><img loading=\"lazy\" decoding=\"async\" class=\"alignnone wp-image-513 size-full\" src=\"http:\/\/agora.xtec.cat\/escpardinyes\/wp-content\/uploads\/usu193\/2015\/02\/B_-O8XIWEAAbrOD.jpg\" alt=\"B_-O8XIWEAAbrOD\" width=\"599\" height=\"414\" srcset=\"https:\/\/agora.xtec.cat\/escpardinyes\/wp-content\/uploads\/usu193\/2015\/02\/B_-O8XIWEAAbrOD.jpg 599w, https:\/\/agora.xtec.cat\/escpardinyes\/wp-content\/uploads\/usu193\/2015\/02\/B_-O8XIWEAAbrOD-300x207.jpg 300w\" sizes=\"auto, (max-width: 599px) 100vw, 599px\" \/><\/a><\/p>\n<p><span style=\"text-decoration: underline;\">Enlla\u00e7os d&#8217;inter\u00e8s<\/span><\/p>\n<ul style=\"list-style-type: circle;\">\n<li><a href=\"http:\/\/www.fbofill.cat\/projectes\/magnet-aliances-lexit-educatiu\" target=\"_blank\">http:\/\/www.fbofill.cat\/projectes\/magnet-aliances-lexit-educatiu<\/a><\/li>\n<li><a href=\"https:\/\/sites.google.com\/site\/crpsegrialleida\/innovacio\/magnet\" target=\"_blank\">https:\/\/sites.google.com\/site\/crpsegrialleida\/innovacio\/magnet<\/a><\/li>\n<\/ul>\n","protected":false},"excerpt":{"rendered":"<p>&nbsp;<br \/>\nPrograma Magnet. Aliances per a l\u2019\u00e8xit educatiu.<\/p>\n<p>\u00a0<\/p>\n<p>\u201cMAGNET. Aliances per a l\u2019\u00e8xit educatiu\u201d \u00e9s un programa que involucra centres educatius i institucions de refer\u00e8ncia en projectes educatius innovadors i de qualitat. L\u2019objectiu \u00e9s acompanyar els centres educatius en el desenvolupament de projectes portats a terme en&hellip;  <a href=\"https:\/\/agora.xtec.cat\/escpardinyes\/escola-magnet\/\" title=\"Read Escola Magnet\">Llegeix m\u00e9s\u00bb<\/a><\/p>\n","protected":false},"author":1,"featured_media":0,"parent":0,"menu_order":0,"comment_status":"closed","ping_status":"closed","template":"","meta":{"_bbp_topic_count":0,"_bbp_reply_count":0,"_bbp_total_topic_count":0,"_bbp_total_reply_count":0,"_bbp_voice_count":0,"_bbp_anonymous_reply_count":0,"_bbp_topic_count_hidden":0,"_bbp_reply_count_hidden":0,"_bbp_forum_subforum_count":0,"footnotes":""},"class_list":["post-235","page","type-page","status-publish","hentry"],"post_mailing_queue_ids":[],"_links":{"self":[{"href":"https:\/\/agora.xtec.cat\/escpardinyes\/wp-json\/wp\/v2\/pages\/235","targetHints":{"allow":["GET"]}}],"collection":[{"href":"https:\/\/agora.xtec.cat\/escpardinyes\/wp-json\/wp\/v2\/pages"}],"about":[{"href":"https:\/\/agora.xtec.cat\/escpardinyes\/wp-json\/wp\/v2\/types\/page"}],"author":[{"embeddable":true,"href":"https:\/\/agora.xtec.cat\/escpardinyes\/wp-json\/wp\/v2\/users\/1"}],"replies":[{"embeddable":true,"href":"https:\/\/agora.xtec.cat\/escpardinyes\/wp-json\/wp\/v2\/comments?post=235"}],"version-history":[{"count":4,"href":"https:\/\/agora.xtec.cat\/escpardinyes\/wp-json\/wp\/v2\/pages\/235\/revisions"}],"predecessor-version":[{"id":2058,"href":"https:\/\/agora.xtec.cat\/escpardinyes\/wp-json\/wp\/v2\/pages\/235\/revisions\/2058"}],"wp:attachment":[{"href":"https:\/\/agora.xtec.cat\/escpardinyes\/wp-json\/wp\/v2\/media?parent=235"}],"curies":[{"name":"wp","href":"https:\/\/api.w.org\/{rel}","templated":true}]}}