{"id":229,"date":"2015-02-10T10:51:42","date_gmt":"2015-02-10T09:51:42","guid":{"rendered":"http:\/\/agora.xtec.cat\/escpardinyes\/?page_id=229"},"modified":"2025-03-12T13:22:30","modified_gmt":"2025-03-12T12:22:30","slug":"pla-educatiu-dentorn","status":"publish","type":"page","link":"https:\/\/agora.xtec.cat\/escpardinyes\/trets-didentitat\/pla-educatiu-dentorn\/","title":{"rendered":"Pla educatiu d&#8217;entorn"},"content":{"rendered":"<p align=\"justify\">El <b>Pla Educatiu d&#8217;entorn<\/b> \u00e9s un projecte de car\u00e0cter institucional que aglutina els esfor\u00e7os del Departament d&#8217;Ensenyament i de l&#8217;Ajuntament de la ciutat de Lleida amb els objectius seg\u00fcents:<\/p>\n<ul>\n<li>Promoure la cohesi\u00f3 social a trav\u00e9s de l&#8217;educaci\u00f3 intercultural i l&#8217;\u00fas de la llengua en un marc pluriling\u00fce.<\/li>\n<li>Aconseguir una educaci\u00f3 integral per a tot l&#8217;alumnat.<img loading=\"lazy\" decoding=\"async\" class=\"alignright\" src=\"https:\/\/encrypted-tbn0.gstatic.com\/images?q=tbn:ANd9GcQ5bjMp-oYhxC6k5uKXiDlWTeZefhXcpCyKrA&amp;s\" alt=\"Pla Educatiu d'Entorn | Servei Educatiu Hospitalet de Llobregat\" width=\"282\" height=\"179\" \/><\/li>\n<\/ul>\n","protected":false},"excerpt":{"rendered":"<p>El Pla Educatiu d&#8217;entorn \u00e9s un projecte de car\u00e0cter institucional que aglutina els esfor\u00e7os del Departament d&#8217;Ensenyament i de l&#8217;Ajuntament de la ciutat de Lleida amb els objectius seg\u00fcents:<\/p>\n<ul>\n<li>Promoure la cohesi\u00f3 social a trav\u00e9s de l&#8217;educaci\u00f3 intercultural i l&#8217;\u00fas de la llengua en un marc&hellip;  <a href=\"https:\/\/agora.xtec.cat\/escpardinyes\/trets-didentitat\/pla-educatiu-dentorn\/\" title=\"Read Pla educatiu d&#8217;entorn\">Llegeix m\u00e9s\u00bb<\/a><br \/>\n","protected":false},"author":1,"featured_media":0,"parent":223,"menu_order":0,"comment_status":"closed","ping_status":"closed","template":"","meta":{"_bbp_topic_count":0,"_bbp_reply_count":0,"_bbp_total_topic_count":0,"_bbp_total_reply_count":0,"_bbp_voice_count":0,"_bbp_anonymous_reply_count":0,"_bbp_topic_count_hidden":0,"_bbp_reply_count_hidden":0,"_bbp_forum_subforum_count":0,"footnotes":""},"class_list":["post-229","page","type-page","status-publish","hentry"],"post_mailing_queue_ids":[],"_links":{"self":[{"href":"https:\/\/agora.xtec.cat\/escpardinyes\/wp-json\/wp\/v2\/pages\/229","targetHints":{"allow":["GET"]}}],"collection":[{"href":"https:\/\/agora.xtec.cat\/escpardinyes\/wp-json\/wp\/v2\/pages"}],"about":[{"href":"https:\/\/agora.xtec.cat\/escpardinyes\/wp-json\/wp\/v2\/types\/page"}],"author":[{"embeddable":true,"href":"https:\/\/agora.xtec.cat\/escpardinyes\/wp-json\/wp\/v2\/users\/1"}],"replies":[{"embeddable":true,"href":"https:\/\/agora.xtec.cat\/escpardinyes\/wp-json\/wp\/v2\/comments?post=229"}],"version-history":[{"count":3,"href":"https:\/\/agora.xtec.cat\/escpardinyes\/wp-json\/wp\/v2\/pages\/229\/revisions"}],"predecessor-version":[{"id":16068,"href":"https:\/\/agora.xtec.cat\/escpardinyes\/wp-json\/wp\/v2\/pages\/229\/revisions\/16068"}],"up":[{"embeddable":true,"href":"https:\/\/agora.xtec.cat\/escpardinyes\/wp-json\/wp\/v2\/pages\/223"}],"wp:attachment":[{"href":"https:\/\/agora.xtec.cat\/escpardinyes\/wp-json\/wp\/v2\/media?parent=229"}],"curies":[{"name":"wp","href":"https:\/\/api.w.org\/{rel}","templated":true}]}}