{"id":227,"date":"2015-02-10T10:51:09","date_gmt":"2015-02-10T09:51:09","guid":{"rendered":"http:\/\/agora.xtec.cat\/escpardinyes\/?page_id=227"},"modified":"2025-03-12T13:18:22","modified_gmt":"2025-03-12T12:18:22","slug":"comunitat-daprenentatge","status":"publish","type":"page","link":"https:\/\/agora.xtec.cat\/escpardinyes\/trets-didentitat\/comunitat-daprenentatge\/","title":{"rendered":"Comunitat d&#8217;aprenentatge"},"content":{"rendered":"<p align=\"justify\">La comunitat d&#8217;aprenentatge \u00e9s un projecte de transformaci\u00f3 social i cultural d&#8217;un centre educatiu i del seu entorn per garantir l&#8217;abast a la Societat de la Informaci\u00f3 per a totes les persones.<\/p>\n<p align=\"justify\">Es basa en l&#8217;Aprenentatge Di\u00e0logic, consistent en una educaci\u00f3 participativa de la comunitat per tal d&#8217;aconseguir un doble objectiu: els millors resultats en l&#8217;aprenentatge dels alumnes i una bona conviv\u00e8ncia.<\/p>\n<p>Les ACTUACIONS EDUCATIVES D&#8217;\u00c8XIT en les que es basa s\u00f3n:<\/p>\n<table style=\"width: 52.9685%; height: 397px;\" border=\"1\" width=\"385\">\n<tbody>\n<tr style=\"height: 119px;\">\n<td style=\"height: 119px;\" width=\"185\">\n<div align=\"center\">\n<p>&nbsp;<\/p>\n<ol>\n<li><strong>GRUPS INTERACTIUS<\/strong><\/li>\n<\/ol>\n<\/div>\n<\/td>\n<td style=\"height: 119px;\" width=\"184\">\n<div align=\"center\">\n<p>&nbsp;<\/p>\n<p><strong>2. FORMACI\u00d3 DIAL\u00d2GICA PROFESSORAT<\/strong><\/p>\n<\/div>\n<\/td>\n<\/tr>\n<tr style=\"height: 119px;\">\n<td style=\"height: 119px;\">\n<div align=\"center\">\n<p>&nbsp;<\/p>\n<p><strong>3. TERT\u00daLIES LITER\u00c0RIES<\/strong><\/p>\n<\/div>\n<\/td>\n<td style=\"height: 119px;\">\n<div align=\"center\"><strong>4. BIBLIOTECA TUTORITZADA<\/strong><\/div>\n<\/td>\n<\/tr>\n<tr style=\"height: 159px;\">\n<td style=\"height: 159px;\" colspan=\"2\">\n<div align=\"center\">\n<p><strong>5. COMISSIONS MIXTES<\/strong><\/p>\n<p>6.<strong> MODEL DIAL\u00d2GIC DE PREVENCI\u00d3 I RESOLUCI\u00d3 DE CONFLICTES<\/strong><\/p>\n<p>7. <strong>FORMACI\u00d3 DE FAMILIARS<\/strong><\/p>\n<\/div>\n<\/td>\n<\/tr>\n<\/tbody>\n<\/table>\n<p>&nbsp;<\/p>\n","protected":false},"excerpt":{"rendered":"<p>La comunitat d&#8217;aprenentatge \u00e9s un projecte de transformaci\u00f3 social i cultural d&#8217;un centre educatiu i del seu entorn per garantir l&#8217;abast a la Societat de la Informaci\u00f3 per a totes les persones.<br \/>\nEs basa en l&#8217;Aprenentatge Di\u00e0logic, consistent en una educaci\u00f3 participativa de la comunitat per&hellip;  <a href=\"https:\/\/agora.xtec.cat\/escpardinyes\/trets-didentitat\/comunitat-daprenentatge\/\" title=\"Read Comunitat d&#8217;aprenentatge\">Llegeix m\u00e9s\u00bb<\/a><\/p>\n","protected":false},"author":1,"featured_media":0,"parent":223,"menu_order":0,"comment_status":"closed","ping_status":"closed","template":"","meta":{"_bbp_topic_count":0,"_bbp_reply_count":0,"_bbp_total_topic_count":0,"_bbp_total_reply_count":0,"_bbp_voice_count":0,"_bbp_anonymous_reply_count":0,"_bbp_topic_count_hidden":0,"_bbp_reply_count_hidden":0,"_bbp_forum_subforum_count":0,"footnotes":""},"class_list":["post-227","page","type-page","status-publish","hentry"],"post_mailing_queue_ids":[],"_links":{"self":[{"href":"https:\/\/agora.xtec.cat\/escpardinyes\/wp-json\/wp\/v2\/pages\/227","targetHints":{"allow":["GET"]}}],"collection":[{"href":"https:\/\/agora.xtec.cat\/escpardinyes\/wp-json\/wp\/v2\/pages"}],"about":[{"href":"https:\/\/agora.xtec.cat\/escpardinyes\/wp-json\/wp\/v2\/types\/page"}],"author":[{"embeddable":true,"href":"https:\/\/agora.xtec.cat\/escpardinyes\/wp-json\/wp\/v2\/users\/1"}],"replies":[{"embeddable":true,"href":"https:\/\/agora.xtec.cat\/escpardinyes\/wp-json\/wp\/v2\/comments?post=227"}],"version-history":[{"count":5,"href":"https:\/\/agora.xtec.cat\/escpardinyes\/wp-json\/wp\/v2\/pages\/227\/revisions"}],"predecessor-version":[{"id":16067,"href":"https:\/\/agora.xtec.cat\/escpardinyes\/wp-json\/wp\/v2\/pages\/227\/revisions\/16067"}],"up":[{"embeddable":true,"href":"https:\/\/agora.xtec.cat\/escpardinyes\/wp-json\/wp\/v2\/pages\/223"}],"wp:attachment":[{"href":"https:\/\/agora.xtec.cat\/escpardinyes\/wp-json\/wp\/v2\/media?parent=227"}],"curies":[{"name":"wp","href":"https:\/\/api.w.org\/{rel}","templated":true}]}}