{"id":215,"date":"2015-02-10T10:34:54","date_gmt":"2015-02-10T09:34:54","guid":{"rendered":"http:\/\/agora.xtec.cat\/escpardinyes\/?page_id=215"},"modified":"2018-05-16T00:37:19","modified_gmt":"2018-05-15T22:37:19","slug":"serveis-que-oferim","status":"publish","type":"page","link":"https:\/\/agora.xtec.cat\/escpardinyes\/ampa\/serveis-que-oferim\/","title":{"rendered":"Serveis que oferim"},"content":{"rendered":"<table border=\"1\" width=\"592\">\n<tbody>\n<tr>\n<td width=\"254\">\n<p class=\"Estilo4\" align=\"center\">ACOLLIDA MATINAL<\/p>\n<p class=\"Estilo5\" align=\"center\">(De 8 a 9 del mat\u00ed)<\/p>\n<\/td>\n<td width=\"322\">\n<p class=\"Estilo4\" align=\"center\">SERVEI DE MENJADOR:<\/p>\n<p class=\"Estilo5\" align=\"center\">(De 13&#8217;30 a 15&#8217;30)<\/p>\n<\/td>\n<\/tr>\n<tr>\n<td>\n<p class=\"Estilo4\" align=\"center\">ACTIVITATS EXTRAESCOLARS:<\/p>\n<p class=\"Estilo5\" align=\"center\">&#8211; Activitats esportives del Pla Catal\u00e0 d&#8217;Esport a l&#8217;Escola (B\u00e0dminton, Patinatge, Escacs, Hip-Hop, Multiesports, B\u00e0squet i d&#8217;altres).<\/p>\n<p class=\"Estilo5\" align=\"center\">&#8211; Activitats depenents del Pla d&#8217;Entorn (Refor\u00e7 escolar, Inform\u00e0tica, Pl\u00e0stica i Angl\u00e8s).<\/p>\n<\/td>\n<td class=\"Estilo2\">\n<div class=\"Estilo4\" align=\"center\">\n<p>CURSOS I TALLERS DE FORMACI\u00d3 PER A FAM\u00cdLIES<\/p>\n<p class=\"Estilo6\">(Inform\u00e0tica, Catal\u00e0, Gimn\u00e0stica)<\/p>\n<\/div>\n<\/td>\n<\/tr>\n<\/tbody>\n<\/table>\n","protected":false},"excerpt":{"rendered":"<p>ACOLLIDA MATINAL<br \/>\n(De 8 a 9 del mat\u00ed)<\/p>\n<p>SERVEI DE MENJADOR:<br \/>\n(De 13&#8217;30 a 15&#8217;30)<\/p>\n<p>ACTIVITATS EXTRAESCOLARS:<br \/>\n&#8211; Activitats esportives del Pla Catal\u00e0 d&#8217;Esport a l&#8217;Escola (B\u00e0dminton, Patinatge, Escacs, Hip-Hop, Multiesports, B\u00e0squet i d&#8217;altres).<br \/>\n&#8211; Activitats depenents del Pla d&#8217;Entorn (Refor\u00e7 escolar, Inform\u00e0tica, Pl\u00e0stica i Angl\u00e8s).<\/p>\n<p>CURSOS I TALLERS DE FORMACI\u00d3 PER&hellip;  <a href=\"https:\/\/agora.xtec.cat\/escpardinyes\/ampa\/serveis-que-oferim\/\" title=\"Read Serveis que oferim\">Llegeix m\u00e9s\u00bb<\/a><\/p>\n","protected":false},"author":1,"featured_media":0,"parent":208,"menu_order":0,"comment_status":"closed","ping_status":"closed","template":"","meta":{"_bbp_topic_count":0,"_bbp_reply_count":0,"_bbp_total_topic_count":0,"_bbp_total_reply_count":0,"_bbp_voice_count":0,"_bbp_anonymous_reply_count":0,"_bbp_topic_count_hidden":0,"_bbp_reply_count_hidden":0,"_bbp_forum_subforum_count":0,"footnotes":""},"class_list":["post-215","page","type-page","status-publish","hentry"],"post_mailing_queue_ids":[],"_links":{"self":[{"href":"https:\/\/agora.xtec.cat\/escpardinyes\/wp-json\/wp\/v2\/pages\/215","targetHints":{"allow":["GET"]}}],"collection":[{"href":"https:\/\/agora.xtec.cat\/escpardinyes\/wp-json\/wp\/v2\/pages"}],"about":[{"href":"https:\/\/agora.xtec.cat\/escpardinyes\/wp-json\/wp\/v2\/types\/page"}],"author":[{"embeddable":true,"href":"https:\/\/agora.xtec.cat\/escpardinyes\/wp-json\/wp\/v2\/users\/1"}],"replies":[{"embeddable":true,"href":"https:\/\/agora.xtec.cat\/escpardinyes\/wp-json\/wp\/v2\/comments?post=215"}],"version-history":[{"count":3,"href":"https:\/\/agora.xtec.cat\/escpardinyes\/wp-json\/wp\/v2\/pages\/215\/revisions"}],"predecessor-version":[{"id":10411,"href":"https:\/\/agora.xtec.cat\/escpardinyes\/wp-json\/wp\/v2\/pages\/215\/revisions\/10411"}],"up":[{"embeddable":true,"href":"https:\/\/agora.xtec.cat\/escpardinyes\/wp-json\/wp\/v2\/pages\/208"}],"wp:attachment":[{"href":"https:\/\/agora.xtec.cat\/escpardinyes\/wp-json\/wp\/v2\/media?parent=215"}],"curies":[{"name":"wp","href":"https:\/\/api.w.org\/{rel}","templated":true}]}}