{"id":11009,"date":"2019-03-06T13:25:09","date_gmt":"2019-03-06T12:25:09","guid":{"rendered":"http:\/\/agora.xtec.cat\/escpardinyes\/?page_id=11009"},"modified":"2019-03-06T13:31:06","modified_gmt":"2019-03-06T12:31:06","slug":"p5-sortida-al-centre-dart-la-panera","status":"publish","type":"page","link":"https:\/\/agora.xtec.cat\/escpardinyes\/p5-sortida-al-centre-dart-la-panera\/","title":{"rendered":"P5 SORTIDA  AL CENTRE D&#8217;ART LA PANERA"},"content":{"rendered":"<p>Hola pares i mares. Avui hem anat al Centre d&#8217;Art la Panera i hem gaudit d&#8217;una exposici\u00f3 molt interessant que es diu &#8220;Un elefant a l&#8217;habitaci\u00f3&#8221; de l&#8217;artista Ella Littwitz. La J\u00falia, que ha estat la nostra guia, ens ha fet observar que el mar Mediterrani conjuntament amb l&#8217;estret de Gibraltar, Espanya i Marroc fan la forma d&#8217;un elefant i ens han explicat moltes coses envers el material de rebuig i el reciclatge.<\/p>\n<p>A la sortida ens acompanyat la mare de Romayssaa i el pare de Tatiana. Aqu\u00ed us deixem unes fotos!!!<\/p>\n<p><a href=\"https:\/\/agora.xtec.cat\/escpardinyes\/wp-content\/uploads\/usu193\/2019\/03\/IMG_2707.jpg\"><img loading=\"lazy\" decoding=\"async\" class=\"alignnone size-medium wp-image-11010\" src=\"https:\/\/agora.xtec.cat\/escpardinyes\/wp-content\/uploads\/usu193\/2019\/03\/IMG_2707-300x225.jpg\" alt=\"\" width=\"300\" height=\"225\" srcset=\"https:\/\/agora.xtec.cat\/escpardinyes\/wp-content\/uploads\/usu193\/2019\/03\/IMG_2707-300x225.jpg 300w, https:\/\/agora.xtec.cat\/escpardinyes\/wp-content\/uploads\/usu193\/2019\/03\/IMG_2707-200x150.jpg 200w, https:\/\/agora.xtec.cat\/escpardinyes\/wp-content\/uploads\/usu193\/2019\/03\/IMG_2707.jpg 448w\" sizes=\"auto, (max-width: 300px) 100vw, 300px\" \/><\/a> <a href=\"https:\/\/agora.xtec.cat\/escpardinyes\/wp-content\/uploads\/usu193\/2019\/03\/IMG_2708.jpg\"><img loading=\"lazy\" decoding=\"async\" class=\"alignnone size-medium wp-image-11011\" src=\"https:\/\/agora.xtec.cat\/escpardinyes\/wp-content\/uploads\/usu193\/2019\/03\/IMG_2708-300x225.jpg\" alt=\"\" width=\"300\" height=\"225\" srcset=\"https:\/\/agora.xtec.cat\/escpardinyes\/wp-content\/uploads\/usu193\/2019\/03\/IMG_2708-300x225.jpg 300w, https:\/\/agora.xtec.cat\/escpardinyes\/wp-content\/uploads\/usu193\/2019\/03\/IMG_2708-200x150.jpg 200w, https:\/\/agora.xtec.cat\/escpardinyes\/wp-content\/uploads\/usu193\/2019\/03\/IMG_2708.jpg 448w\" sizes=\"auto, (max-width: 300px) 100vw, 300px\" \/><\/a> <a href=\"https:\/\/agora.xtec.cat\/escpardinyes\/wp-content\/uploads\/usu193\/2019\/03\/IMG_2709.jpg\"><img loading=\"lazy\" decoding=\"async\" class=\"alignnone size-medium wp-image-11012\" src=\"https:\/\/agora.xtec.cat\/escpardinyes\/wp-content\/uploads\/usu193\/2019\/03\/IMG_2709-300x225.jpg\" alt=\"\" width=\"300\" height=\"225\" srcset=\"https:\/\/agora.xtec.cat\/escpardinyes\/wp-content\/uploads\/usu193\/2019\/03\/IMG_2709-300x225.jpg 300w, https:\/\/agora.xtec.cat\/escpardinyes\/wp-content\/uploads\/usu193\/2019\/03\/IMG_2709-200x150.jpg 200w, https:\/\/agora.xtec.cat\/escpardinyes\/wp-content\/uploads\/usu193\/2019\/03\/IMG_2709.jpg 448w\" sizes=\"auto, (max-width: 300px) 100vw, 300px\" \/><\/a> <a href=\"https:\/\/agora.xtec.cat\/escpardinyes\/wp-content\/uploads\/usu193\/2019\/03\/IMG_2710.jpg\"><img loading=\"lazy\" decoding=\"async\" class=\"alignnone size-medium wp-image-11013\" src=\"https:\/\/agora.xtec.cat\/escpardinyes\/wp-content\/uploads\/usu193\/2019\/03\/IMG_2710-300x225.jpg\" alt=\"\" width=\"300\" height=\"225\" srcset=\"https:\/\/agora.xtec.cat\/escpardinyes\/wp-content\/uploads\/usu193\/2019\/03\/IMG_2710-300x225.jpg 300w, https:\/\/agora.xtec.cat\/escpardinyes\/wp-content\/uploads\/usu193\/2019\/03\/IMG_2710-200x150.jpg 200w, https:\/\/agora.xtec.cat\/escpardinyes\/wp-content\/uploads\/usu193\/2019\/03\/IMG_2710.jpg 448w\" sizes=\"auto, (max-width: 300px) 100vw, 300px\" \/><\/a> <a href=\"https:\/\/agora.xtec.cat\/escpardinyes\/wp-content\/uploads\/usu193\/2019\/03\/IMG_2711.jpg\"><img loading=\"lazy\" decoding=\"async\" class=\"alignnone size-medium wp-image-11014\" src=\"https:\/\/agora.xtec.cat\/escpardinyes\/wp-content\/uploads\/usu193\/2019\/03\/IMG_2711-300x225.jpg\" alt=\"\" width=\"300\" height=\"225\" srcset=\"https:\/\/agora.xtec.cat\/escpardinyes\/wp-content\/uploads\/usu193\/2019\/03\/IMG_2711-300x225.jpg 300w, https:\/\/agora.xtec.cat\/escpardinyes\/wp-content\/uploads\/usu193\/2019\/03\/IMG_2711-200x150.jpg 200w, https:\/\/agora.xtec.cat\/escpardinyes\/wp-content\/uploads\/usu193\/2019\/03\/IMG_2711.jpg 448w\" sizes=\"auto, (max-width: 300px) 100vw, 300px\" \/><\/a> <a href=\"https:\/\/agora.xtec.cat\/escpardinyes\/wp-content\/uploads\/usu193\/2019\/03\/IMG_2712.jpg\"><img loading=\"lazy\" decoding=\"async\" class=\"alignnone size-medium wp-image-11015\" src=\"https:\/\/agora.xtec.cat\/escpardinyes\/wp-content\/uploads\/usu193\/2019\/03\/IMG_2712-300x225.jpg\" alt=\"\" width=\"300\" height=\"225\" srcset=\"https:\/\/agora.xtec.cat\/escpardinyes\/wp-content\/uploads\/usu193\/2019\/03\/IMG_2712-300x225.jpg 300w, https:\/\/agora.xtec.cat\/escpardinyes\/wp-content\/uploads\/usu193\/2019\/03\/IMG_2712-200x150.jpg 200w, https:\/\/agora.xtec.cat\/escpardinyes\/wp-content\/uploads\/usu193\/2019\/03\/IMG_2712.jpg 448w\" sizes=\"auto, (max-width: 300px) 100vw, 300px\" \/><\/a> <a href=\"https:\/\/agora.xtec.cat\/escpardinyes\/wp-content\/uploads\/usu193\/2019\/03\/IMG_2713.jpg\"><img loading=\"lazy\" decoding=\"async\" class=\"alignnone size-medium wp-image-11016\" src=\"https:\/\/agora.xtec.cat\/escpardinyes\/wp-content\/uploads\/usu193\/2019\/03\/IMG_2713-300x225.jpg\" alt=\"\" width=\"300\" height=\"225\" srcset=\"https:\/\/agora.xtec.cat\/escpardinyes\/wp-content\/uploads\/usu193\/2019\/03\/IMG_2713-300x225.jpg 300w, https:\/\/agora.xtec.cat\/escpardinyes\/wp-content\/uploads\/usu193\/2019\/03\/IMG_2713-200x150.jpg 200w, https:\/\/agora.xtec.cat\/escpardinyes\/wp-content\/uploads\/usu193\/2019\/03\/IMG_2713.jpg 448w\" sizes=\"auto, (max-width: 300px) 100vw, 300px\" \/><\/a> <a href=\"https:\/\/agora.xtec.cat\/escpardinyes\/wp-content\/uploads\/usu193\/2019\/03\/IMG_2714.jpg\"><img loading=\"lazy\" decoding=\"async\" class=\"alignnone size-medium wp-image-11017\" src=\"https:\/\/agora.xtec.cat\/escpardinyes\/wp-content\/uploads\/usu193\/2019\/03\/IMG_2714-300x225.jpg\" alt=\"\" width=\"300\" height=\"225\" srcset=\"https:\/\/agora.xtec.cat\/escpardinyes\/wp-content\/uploads\/usu193\/2019\/03\/IMG_2714-300x225.jpg 300w, https:\/\/agora.xtec.cat\/escpardinyes\/wp-content\/uploads\/usu193\/2019\/03\/IMG_2714-200x150.jpg 200w, https:\/\/agora.xtec.cat\/escpardinyes\/wp-content\/uploads\/usu193\/2019\/03\/IMG_2714.jpg 448w\" sizes=\"auto, (max-width: 300px) 100vw, 300px\" \/><\/a> <a href=\"https:\/\/agora.xtec.cat\/escpardinyes\/wp-content\/uploads\/usu193\/2019\/03\/IMG_2715.jpg\"><img loading=\"lazy\" decoding=\"async\" class=\"alignnone size-medium wp-image-11018\" src=\"https:\/\/agora.xtec.cat\/escpardinyes\/wp-content\/uploads\/usu193\/2019\/03\/IMG_2715-300x225.jpg\" alt=\"\" width=\"300\" height=\"225\" srcset=\"https:\/\/agora.xtec.cat\/escpardinyes\/wp-content\/uploads\/usu193\/2019\/03\/IMG_2715-300x225.jpg 300w, https:\/\/agora.xtec.cat\/escpardinyes\/wp-content\/uploads\/usu193\/2019\/03\/IMG_2715-200x150.jpg 200w, https:\/\/agora.xtec.cat\/escpardinyes\/wp-content\/uploads\/usu193\/2019\/03\/IMG_2715.jpg 448w\" sizes=\"auto, (max-width: 300px) 100vw, 300px\" \/><\/a> <a href=\"https:\/\/agora.xtec.cat\/escpardinyes\/wp-content\/uploads\/usu193\/2019\/03\/IMG_2716.jpg\"><img loading=\"lazy\" decoding=\"async\" class=\"alignnone size-medium wp-image-11019\" src=\"https:\/\/agora.xtec.cat\/escpardinyes\/wp-content\/uploads\/usu193\/2019\/03\/IMG_2716-225x300.jpg\" alt=\"\" width=\"225\" height=\"300\" srcset=\"https:\/\/agora.xtec.cat\/escpardinyes\/wp-content\/uploads\/usu193\/2019\/03\/IMG_2716-225x300.jpg 225w, https:\/\/agora.xtec.cat\/escpardinyes\/wp-content\/uploads\/usu193\/2019\/03\/IMG_2716.jpg 336w\" sizes=\"auto, (max-width: 225px) 100vw, 225px\" \/><\/a> <a href=\"https:\/\/agora.xtec.cat\/escpardinyes\/wp-content\/uploads\/usu193\/2019\/03\/IMG_2717.jpg\"><img loading=\"lazy\" decoding=\"async\" class=\"alignnone size-medium wp-image-11020\" src=\"https:\/\/agora.xtec.cat\/escpardinyes\/wp-content\/uploads\/usu193\/2019\/03\/IMG_2717-225x300.jpg\" alt=\"\" width=\"225\" height=\"300\" srcset=\"https:\/\/agora.xtec.cat\/escpardinyes\/wp-content\/uploads\/usu193\/2019\/03\/IMG_2717-225x300.jpg 225w, https:\/\/agora.xtec.cat\/escpardinyes\/wp-content\/uploads\/usu193\/2019\/03\/IMG_2717.jpg 336w\" sizes=\"auto, (max-width: 225px) 100vw, 225px\" \/><\/a> <a href=\"https:\/\/agora.xtec.cat\/escpardinyes\/wp-content\/uploads\/usu193\/2019\/03\/IMG_2718.jpg\"><img loading=\"lazy\" decoding=\"async\" class=\"alignnone size-medium wp-image-11021\" src=\"https:\/\/agora.xtec.cat\/escpardinyes\/wp-content\/uploads\/usu193\/2019\/03\/IMG_2718-225x300.jpg\" alt=\"\" width=\"225\" height=\"300\" srcset=\"https:\/\/agora.xtec.cat\/escpardinyes\/wp-content\/uploads\/usu193\/2019\/03\/IMG_2718-225x300.jpg 225w, https:\/\/agora.xtec.cat\/escpardinyes\/wp-content\/uploads\/usu193\/2019\/03\/IMG_2718.jpg 336w\" sizes=\"auto, (max-width: 225px) 100vw, 225px\" \/><\/a> <a href=\"https:\/\/agora.xtec.cat\/escpardinyes\/wp-content\/uploads\/usu193\/2019\/03\/IMG_2720.jpg\"><img loading=\"lazy\" decoding=\"async\" class=\"alignnone size-medium wp-image-11022\" src=\"https:\/\/agora.xtec.cat\/escpardinyes\/wp-content\/uploads\/usu193\/2019\/03\/IMG_2720-225x300.jpg\" alt=\"\" width=\"225\" height=\"300\" srcset=\"https:\/\/agora.xtec.cat\/escpardinyes\/wp-content\/uploads\/usu193\/2019\/03\/IMG_2720-225x300.jpg 225w, https:\/\/agora.xtec.cat\/escpardinyes\/wp-content\/uploads\/usu193\/2019\/03\/IMG_2720.jpg 336w\" sizes=\"auto, (max-width: 225px) 100vw, 225px\" \/><\/a> <a href=\"https:\/\/agora.xtec.cat\/escpardinyes\/wp-content\/uploads\/usu193\/2019\/03\/IMG_2721.jpg\"><img loading=\"lazy\" decoding=\"async\" class=\"alignnone size-medium wp-image-11023\" src=\"https:\/\/agora.xtec.cat\/escpardinyes\/wp-content\/uploads\/usu193\/2019\/03\/IMG_2721-300x225.jpg\" alt=\"\" width=\"300\" height=\"225\" srcset=\"https:\/\/agora.xtec.cat\/escpardinyes\/wp-content\/uploads\/usu193\/2019\/03\/IMG_2721-300x225.jpg 300w, https:\/\/agora.xtec.cat\/escpardinyes\/wp-content\/uploads\/usu193\/2019\/03\/IMG_2721-200x150.jpg 200w, https:\/\/agora.xtec.cat\/escpardinyes\/wp-content\/uploads\/usu193\/2019\/03\/IMG_2721.jpg 448w\" sizes=\"auto, (max-width: 300px) 100vw, 300px\" \/><\/a> <a href=\"https:\/\/agora.xtec.cat\/escpardinyes\/wp-content\/uploads\/usu193\/2019\/03\/IMG_2723.jpg\"><img loading=\"lazy\" decoding=\"async\" class=\"alignnone size-medium wp-image-11024\" src=\"https:\/\/agora.xtec.cat\/escpardinyes\/wp-content\/uploads\/usu193\/2019\/03\/IMG_2723-225x300.jpg\" alt=\"\" width=\"225\" height=\"300\" srcset=\"https:\/\/agora.xtec.cat\/escpardinyes\/wp-content\/uploads\/usu193\/2019\/03\/IMG_2723-225x300.jpg 225w, https:\/\/agora.xtec.cat\/escpardinyes\/wp-content\/uploads\/usu193\/2019\/03\/IMG_2723.jpg 336w\" sizes=\"auto, (max-width: 225px) 100vw, 225px\" \/><\/a> <a href=\"https:\/\/agora.xtec.cat\/escpardinyes\/wp-content\/uploads\/usu193\/2019\/03\/IMG_2724.jpg\"><img loading=\"lazy\" decoding=\"async\" class=\"alignnone size-medium wp-image-11025\" src=\"https:\/\/agora.xtec.cat\/escpardinyes\/wp-content\/uploads\/usu193\/2019\/03\/IMG_2724-300x225.jpg\" alt=\"\" width=\"300\" height=\"225\" srcset=\"https:\/\/agora.xtec.cat\/escpardinyes\/wp-content\/uploads\/usu193\/2019\/03\/IMG_2724-300x225.jpg 300w, https:\/\/agora.xtec.cat\/escpardinyes\/wp-content\/uploads\/usu193\/2019\/03\/IMG_2724-200x150.jpg 200w, https:\/\/agora.xtec.cat\/escpardinyes\/wp-content\/uploads\/usu193\/2019\/03\/IMG_2724.jpg 448w\" sizes=\"auto, (max-width: 300px) 100vw, 300px\" \/><\/a> <a href=\"https:\/\/agora.xtec.cat\/escpardinyes\/wp-content\/uploads\/usu193\/2019\/03\/IMG_2725.jpg\"><img loading=\"lazy\" decoding=\"async\" class=\"alignnone size-medium wp-image-11026\" src=\"https:\/\/agora.xtec.cat\/escpardinyes\/wp-content\/uploads\/usu193\/2019\/03\/IMG_2725-300x225.jpg\" alt=\"\" width=\"300\" height=\"225\" srcset=\"https:\/\/agora.xtec.cat\/escpardinyes\/wp-content\/uploads\/usu193\/2019\/03\/IMG_2725-300x225.jpg 300w, https:\/\/agora.xtec.cat\/escpardinyes\/wp-content\/uploads\/usu193\/2019\/03\/IMG_2725-200x150.jpg 200w, https:\/\/agora.xtec.cat\/escpardinyes\/wp-content\/uploads\/usu193\/2019\/03\/IMG_2725.jpg 448w\" sizes=\"auto, (max-width: 300px) 100vw, 300px\" \/><\/a> <a href=\"https:\/\/agora.xtec.cat\/escpardinyes\/wp-content\/uploads\/usu193\/2019\/03\/IMG_2726.jpg\"><img loading=\"lazy\" decoding=\"async\" class=\"alignnone size-medium wp-image-11027\" src=\"https:\/\/agora.xtec.cat\/escpardinyes\/wp-content\/uploads\/usu193\/2019\/03\/IMG_2726-300x225.jpg\" alt=\"\" width=\"300\" height=\"225\" srcset=\"https:\/\/agora.xtec.cat\/escpardinyes\/wp-content\/uploads\/usu193\/2019\/03\/IMG_2726-300x225.jpg 300w, https:\/\/agora.xtec.cat\/escpardinyes\/wp-content\/uploads\/usu193\/2019\/03\/IMG_2726-200x150.jpg 200w, https:\/\/agora.xtec.cat\/escpardinyes\/wp-content\/uploads\/usu193\/2019\/03\/IMG_2726.jpg 448w\" sizes=\"auto, (max-width: 300px) 100vw, 300px\" \/><\/a> <a href=\"https:\/\/agora.xtec.cat\/escpardinyes\/wp-content\/uploads\/usu193\/2019\/03\/IMG_2727.jpg\"><img loading=\"lazy\" decoding=\"async\" class=\"alignnone size-medium wp-image-11028\" src=\"https:\/\/agora.xtec.cat\/escpardinyes\/wp-content\/uploads\/usu193\/2019\/03\/IMG_2727-300x225.jpg\" alt=\"\" width=\"300\" height=\"225\" srcset=\"https:\/\/agora.xtec.cat\/escpardinyes\/wp-content\/uploads\/usu193\/2019\/03\/IMG_2727-300x225.jpg 300w, https:\/\/agora.xtec.cat\/escpardinyes\/wp-content\/uploads\/usu193\/2019\/03\/IMG_2727-200x150.jpg 200w, https:\/\/agora.xtec.cat\/escpardinyes\/wp-content\/uploads\/usu193\/2019\/03\/IMG_2727.jpg 448w\" sizes=\"auto, (max-width: 300px) 100vw, 300px\" \/><\/a> <a href=\"https:\/\/agora.xtec.cat\/escpardinyes\/wp-content\/uploads\/usu193\/2019\/03\/IMG_2734.jpg\"><img loading=\"lazy\" decoding=\"async\" class=\"alignnone size-medium wp-image-11029\" src=\"https:\/\/agora.xtec.cat\/escpardinyes\/wp-content\/uploads\/usu193\/2019\/03\/IMG_2734-300x225.jpg\" alt=\"\" width=\"300\" height=\"225\" srcset=\"https:\/\/agora.xtec.cat\/escpardinyes\/wp-content\/uploads\/usu193\/2019\/03\/IMG_2734-300x225.jpg 300w, https:\/\/agora.xtec.cat\/escpardinyes\/wp-content\/uploads\/usu193\/2019\/03\/IMG_2734-200x150.jpg 200w, https:\/\/agora.xtec.cat\/escpardinyes\/wp-content\/uploads\/usu193\/2019\/03\/IMG_2734.jpg 448w\" sizes=\"auto, (max-width: 300px) 100vw, 300px\" \/><\/a> <a href=\"https:\/\/agora.xtec.cat\/escpardinyes\/wp-content\/uploads\/usu193\/2019\/03\/IMG_2739.jpg\"><img loading=\"lazy\" decoding=\"async\" class=\"alignnone size-medium wp-image-11030\" src=\"https:\/\/agora.xtec.cat\/escpardinyes\/wp-content\/uploads\/usu193\/2019\/03\/IMG_2739-300x225.jpg\" alt=\"\" width=\"300\" height=\"225\" srcset=\"https:\/\/agora.xtec.cat\/escpardinyes\/wp-content\/uploads\/usu193\/2019\/03\/IMG_2739-300x225.jpg 300w, https:\/\/agora.xtec.cat\/escpardinyes\/wp-content\/uploads\/usu193\/2019\/03\/IMG_2739-200x150.jpg 200w, https:\/\/agora.xtec.cat\/escpardinyes\/wp-content\/uploads\/usu193\/2019\/03\/IMG_2739.jpg 448w\" sizes=\"auto, (max-width: 300px) 100vw, 300px\" \/><\/a> <a href=\"https:\/\/agora.xtec.cat\/escpardinyes\/wp-content\/uploads\/usu193\/2019\/03\/IMG_2740.jpg\"><img loading=\"lazy\" decoding=\"async\" class=\"alignnone size-medium wp-image-11031\" src=\"https:\/\/agora.xtec.cat\/escpardinyes\/wp-content\/uploads\/usu193\/2019\/03\/IMG_2740-300x225.jpg\" alt=\"\" width=\"300\" height=\"225\" srcset=\"https:\/\/agora.xtec.cat\/escpardinyes\/wp-content\/uploads\/usu193\/2019\/03\/IMG_2740-300x225.jpg 300w, https:\/\/agora.xtec.cat\/escpardinyes\/wp-content\/uploads\/usu193\/2019\/03\/IMG_2740-200x150.jpg 200w, https:\/\/agora.xtec.cat\/escpardinyes\/wp-content\/uploads\/usu193\/2019\/03\/IMG_2740.jpg 448w\" sizes=\"auto, (max-width: 300px) 100vw, 300px\" \/><\/a> <a href=\"https:\/\/agora.xtec.cat\/escpardinyes\/wp-content\/uploads\/usu193\/2019\/03\/IMG_2741.jpg\"><img loading=\"lazy\" decoding=\"async\" class=\"alignnone size-medium wp-image-11032\" src=\"https:\/\/agora.xtec.cat\/escpardinyes\/wp-content\/uploads\/usu193\/2019\/03\/IMG_2741-300x225.jpg\" alt=\"\" width=\"300\" height=\"225\" srcset=\"https:\/\/agora.xtec.cat\/escpardinyes\/wp-content\/uploads\/usu193\/2019\/03\/IMG_2741-300x225.jpg 300w, https:\/\/agora.xtec.cat\/escpardinyes\/wp-content\/uploads\/usu193\/2019\/03\/IMG_2741-200x150.jpg 200w, https:\/\/agora.xtec.cat\/escpardinyes\/wp-content\/uploads\/usu193\/2019\/03\/IMG_2741.jpg 448w\" sizes=\"auto, (max-width: 300px) 100vw, 300px\" \/><\/a> <a href=\"https:\/\/agora.xtec.cat\/escpardinyes\/wp-content\/uploads\/usu193\/2019\/03\/IMG_2742.jpg\"><img loading=\"lazy\" decoding=\"async\" class=\"alignnone size-medium wp-image-11033\" src=\"https:\/\/agora.xtec.cat\/escpardinyes\/wp-content\/uploads\/usu193\/2019\/03\/IMG_2742-225x300.jpg\" alt=\"\" width=\"225\" height=\"300\" srcset=\"https:\/\/agora.xtec.cat\/escpardinyes\/wp-content\/uploads\/usu193\/2019\/03\/IMG_2742-225x300.jpg 225w, https:\/\/agora.xtec.cat\/escpardinyes\/wp-content\/uploads\/usu193\/2019\/03\/IMG_2742.jpg 336w\" sizes=\"auto, (max-width: 225px) 100vw, 225px\" \/><\/a> <a href=\"https:\/\/agora.xtec.cat\/escpardinyes\/wp-content\/uploads\/usu193\/2019\/03\/IMG_2743.jpg\"><img loading=\"lazy\" decoding=\"async\" class=\"alignnone size-medium wp-image-11034\" src=\"https:\/\/agora.xtec.cat\/escpardinyes\/wp-content\/uploads\/usu193\/2019\/03\/IMG_2743-300x225.jpg\" alt=\"\" width=\"300\" height=\"225\" srcset=\"https:\/\/agora.xtec.cat\/escpardinyes\/wp-content\/uploads\/usu193\/2019\/03\/IMG_2743-300x225.jpg 300w, https:\/\/agora.xtec.cat\/escpardinyes\/wp-content\/uploads\/usu193\/2019\/03\/IMG_2743-200x150.jpg 200w, https:\/\/agora.xtec.cat\/escpardinyes\/wp-content\/uploads\/usu193\/2019\/03\/IMG_2743.jpg 448w\" sizes=\"auto, (max-width: 300px) 100vw, 300px\" \/><\/a> <a href=\"https:\/\/agora.xtec.cat\/escpardinyes\/wp-content\/uploads\/usu193\/2019\/03\/IMG_2745.jpg\"><img loading=\"lazy\" decoding=\"async\" class=\"alignnone size-medium wp-image-11035\" src=\"https:\/\/agora.xtec.cat\/escpardinyes\/wp-content\/uploads\/usu193\/2019\/03\/IMG_2745-300x225.jpg\" alt=\"\" width=\"300\" height=\"225\" srcset=\"https:\/\/agora.xtec.cat\/escpardinyes\/wp-content\/uploads\/usu193\/2019\/03\/IMG_2745-300x225.jpg 300w, https:\/\/agora.xtec.cat\/escpardinyes\/wp-content\/uploads\/usu193\/2019\/03\/IMG_2745-200x150.jpg 200w, https:\/\/agora.xtec.cat\/escpardinyes\/wp-content\/uploads\/usu193\/2019\/03\/IMG_2745.jpg 448w\" sizes=\"auto, (max-width: 300px) 100vw, 300px\" \/><\/a><\/p>\n","protected":false},"excerpt":{"rendered":"<p>Hola pares i mares. Avui hem anat al Centre d&#8217;Art la Panera i hem gaudit d&#8217;una exposici\u00f3 molt interessant que es diu &#8220;Un elefant a l&#8217;habitaci\u00f3&#8221; de l&#8217;artista Ella Littwitz. La J\u00falia, que ha estat la nostra guia, ens ha fet observar que el mar&hellip;  <a href=\"https:\/\/agora.xtec.cat\/escpardinyes\/p5-sortida-al-centre-dart-la-panera\/\" title=\"Read P5 SORTIDA  AL CENTRE D&#8217;ART LA PANERA\">Llegeix m\u00e9s\u00bb<\/a><\/p>\n","protected":false},"author":3,"featured_media":0,"parent":0,"menu_order":0,"comment_status":"closed","ping_status":"closed","template":"","meta":{"_bbp_topic_count":0,"_bbp_reply_count":0,"_bbp_total_topic_count":0,"_bbp_total_reply_count":0,"_bbp_voice_count":0,"_bbp_anonymous_reply_count":0,"_bbp_topic_count_hidden":0,"_bbp_reply_count_hidden":0,"_bbp_forum_subforum_count":0,"footnotes":""},"class_list":["post-11009","page","type-page","status-publish","hentry"],"post_mailing_queue_ids":[],"_links":{"self":[{"href":"https:\/\/agora.xtec.cat\/escpardinyes\/wp-json\/wp\/v2\/pages\/11009","targetHints":{"allow":["GET"]}}],"collection":[{"href":"https:\/\/agora.xtec.cat\/escpardinyes\/wp-json\/wp\/v2\/pages"}],"about":[{"href":"https:\/\/agora.xtec.cat\/escpardinyes\/wp-json\/wp\/v2\/types\/page"}],"author":[{"embeddable":true,"href":"https:\/\/agora.xtec.cat\/escpardinyes\/wp-json\/wp\/v2\/users\/3"}],"replies":[{"embeddable":true,"href":"https:\/\/agora.xtec.cat\/escpardinyes\/wp-json\/wp\/v2\/comments?post=11009"}],"version-history":[{"count":2,"href":"https:\/\/agora.xtec.cat\/escpardinyes\/wp-json\/wp\/v2\/pages\/11009\/revisions"}],"predecessor-version":[{"id":11037,"href":"https:\/\/agora.xtec.cat\/escpardinyes\/wp-json\/wp\/v2\/pages\/11009\/revisions\/11037"}],"wp:attachment":[{"href":"https:\/\/agora.xtec.cat\/escpardinyes\/wp-json\/wp\/v2\/media?parent=11009"}],"curies":[{"name":"wp","href":"https:\/\/api.w.org\/{rel}","templated":true}]}}