{"id":1030,"date":"2015-10-06T09:20:46","date_gmt":"2015-10-06T08:20:46","guid":{"rendered":"http:\/\/agora.xtec.cat\/escpardinyes\/?page_id=1030"},"modified":"2023-04-26T22:09:39","modified_gmt":"2023-04-26T20:09:39","slug":"tertulies-dialogiques","status":"publish","type":"page","link":"https:\/\/agora.xtec.cat\/escpardinyes\/tertulies-dialogiques\/","title":{"rendered":"Tert\u00falies dial\u00f2giques"},"content":{"rendered":"<p>Les tert\u00falies liter\u00e0ries dial\u00f2giques consisteixen en el fet que un grup d&#8217;alumnes es reuneixen setmanalment\u00a0al voltant d\u2019un llibre per a reflexionar i dialogar a partir d\u2019ell.<\/p>\n<p>Aquestes tert\u00falies permeten que els nens i nenes :<\/p>\n<ul style=\"list-style-type: disc;\">\n<li>Accedeixin a la lectura i al debat dels cl\u00e0ssics universals<\/li>\n<li>Participin de la construcci\u00f3 del coneixement a partir del di\u00e0leg igualitari<\/li>\n<li>Millorin notablement les habilitats relacionades amb la lectura i a expressar-se en p\u00fablic.<\/li>\n<li>Adquireixin una visi\u00f3 m\u00e9s \u00e0mplia i rica del m\u00f3n a trav\u00e9s dels cl\u00e0ssic<\/li>\n<\/ul>\n<p>La metodologia \u00a0\u00e9s molt senzilla, primerament, en escollir un llibre de la literatura cl\u00e0ssica (i catalana i castellana) universal, i a programar els cap\u00edtols a llegir a cada sessi\u00f3. Un cop llegits individualment, cada nen o nena ha d\u2019escollir un par\u00e0graf d\u2019aquest cap\u00edtol que li hagi agradat o captat l\u2019atenci\u00f3. De forma rotativa, i amb l\u2019ajuda del o la mestre -que actua com a moderador- un dels alumnes llegeix el par\u00e0graf que ha escollit en veu alta i explica a la resta de companys per qu\u00e8 l\u2019ha escollit. A partir d\u2019aquest moment comen\u00e7a un debat en grup per opinar sobre la trama o motiu del par\u00e0graf, o per enlla\u00e7ar amb l\u2018explicaci\u00f3 donada pel company. D\u2019aquesta manera es dialoga sobre els continguts o temes de l\u2019obra, es comparteixen interpretacions, es realitzen reflexions sobre l\u2019argument, s\u2019intercanvien punts de vista, es vincula el text amb experi\u00e8ncies personals o grupals, etc.<\/p>\n<p>&nbsp;<\/p>\n<p><a href=\"http:\/\/agora.xtec.cat\/escpardinyes\/wp-content\/uploads\/usu193\/2015\/10\/FotorCreated.jpg\"><img loading=\"lazy\" decoding=\"async\" class=\" wp-image-1038 aligncenter\" src=\"http:\/\/agora.xtec.cat\/escpardinyes\/wp-content\/uploads\/usu193\/2015\/10\/FotorCreated-300x169.jpg\" alt=\"FotorCreated\" width=\"440\" height=\"248\" srcset=\"https:\/\/agora.xtec.cat\/escpardinyes\/wp-content\/uploads\/usu193\/2015\/10\/FotorCreated-300x169.jpg 300w, https:\/\/agora.xtec.cat\/escpardinyes\/wp-content\/uploads\/usu193\/2015\/10\/FotorCreated-1024x576.jpg 1024w, https:\/\/agora.xtec.cat\/escpardinyes\/wp-content\/uploads\/usu193\/2015\/10\/FotorCreated.jpg 1366w\" sizes=\"auto, (max-width: 440px) 100vw, 440px\" \/><\/a><\/p>\n<p>&nbsp;<\/p>\n<p><span style=\"text-decoration: underline;\">Fonts d&#8217;informaci\u00f3:<\/span><\/p>\n<ul style=\"list-style-type: circle;\">\n<li><a href=\"http:\/\/utopiadream.info\/ca\/actuaciones-de-exito\/tertulias-literarias-dialogicas\/\" target=\"_blank\" rel=\"noopener\">http:\/\/utopiadream.info\/ca\/actuaciones-de-exito\/tertulias-literarias-dialogicas\/\u00a0<\/a><\/li>\n<li><a href=\"http:\/\/www.xtec.cat\/web\/projectes\/comunitats\/actuacionsexit\" target=\"_blank\" rel=\"noopener\">http:\/\/www.xtec.cat\/web\/projectes\/comunitats\/actuacionsexit\u00a0<\/a><\/li>\n<\/ul>\n","protected":false},"excerpt":{"rendered":"<p>Les tert\u00falies liter\u00e0ries dial\u00f2giques consisteixen en el fet que un grup d&#8217;alumnes es reuneixen setmanalment\u00a0al voltant d\u2019un llibre per a reflexionar i dialogar a partir d\u2019ell.<br \/>\nAquestes tert\u00falies permeten que els nens i nenes :<\/p>\n<ul style=\"list-style-type: disc;\">\n<li>Accedeixin a la lectura i al debat dels cl\u00e0ssics universals<\/li>\n<li>Participin&hellip;  <a href=\"https:\/\/agora.xtec.cat\/escpardinyes\/tertulies-dialogiques\/\" title=\"Read Tert\u00falies dial\u00f2giques\">Llegeix m\u00e9s\u00bb<\/a><br \/>\n","protected":false},"author":1,"featured_media":0,"parent":0,"menu_order":0,"comment_status":"closed","ping_status":"closed","template":"","meta":{"_bbp_topic_count":0,"_bbp_reply_count":0,"_bbp_total_topic_count":0,"_bbp_total_reply_count":0,"_bbp_voice_count":0,"_bbp_anonymous_reply_count":0,"_bbp_topic_count_hidden":0,"_bbp_reply_count_hidden":0,"_bbp_forum_subforum_count":0,"footnotes":""},"class_list":["post-1030","page","type-page","status-publish","hentry"],"post_mailing_queue_ids":[],"_links":{"self":[{"href":"https:\/\/agora.xtec.cat\/escpardinyes\/wp-json\/wp\/v2\/pages\/1030","targetHints":{"allow":["GET"]}}],"collection":[{"href":"https:\/\/agora.xtec.cat\/escpardinyes\/wp-json\/wp\/v2\/pages"}],"about":[{"href":"https:\/\/agora.xtec.cat\/escpardinyes\/wp-json\/wp\/v2\/types\/page"}],"author":[{"embeddable":true,"href":"https:\/\/agora.xtec.cat\/escpardinyes\/wp-json\/wp\/v2\/users\/1"}],"replies":[{"embeddable":true,"href":"https:\/\/agora.xtec.cat\/escpardinyes\/wp-json\/wp\/v2\/comments?post=1030"}],"version-history":[{"count":4,"href":"https:\/\/agora.xtec.cat\/escpardinyes\/wp-json\/wp\/v2\/pages\/1030\/revisions"}],"predecessor-version":[{"id":14625,"href":"https:\/\/agora.xtec.cat\/escpardinyes\/wp-json\/wp\/v2\/pages\/1030\/revisions\/14625"}],"wp:attachment":[{"href":"https:\/\/agora.xtec.cat\/escpardinyes\/wp-json\/wp\/v2\/media?parent=1030"}],"curies":[{"name":"wp","href":"https:\/\/api.w.org\/{rel}","templated":true}]}}