{"id":4995,"date":"2022-12-19T21:10:01","date_gmt":"2022-12-19T20:10:01","guid":{"rendered":"https:\/\/agora.xtec.cat\/escparcdelsaladar\/?page_id=4995"},"modified":"2025-11-14T16:17:54","modified_gmt":"2025-11-14T15:17:54","slug":"projecte-faig","status":"publish","type":"page","link":"https:\/\/agora.xtec.cat\/escparcdelsaladar\/projectes\/projecte-faig\/","title":{"rendered":"FAIG: Projecte Fent per Aprendre Imaginant Globalment"},"content":{"rendered":"<p>El curs\u00a0 2022-23 la nostra escola va formar part de les 35 escoles pilot del projecte FAIG. L&#8217;escola participar\u00e0 en aquest projecte durant els propers 4 cursos.<\/p>\n<p>Aquest programa FAIG, que lidera el CESIRE (Centre de recursos pedag\u00f2gics espec\u00edfics de suport a la innovaci\u00f3 i la recerca educativa) , compta amb els fons europeus (MRR) i pret\u00e9n impulsar canvis profunds en el sistema, on la tecnologia al servei de l\u2019educaci\u00f3 posi el focus en les persones i les col\u00b7laboracions amb la comunitat.<\/p>\n<p>El programa FAIG \u00e9s una oportunitat per crear entorns d\u2019aprenentatge amb sentit, on posar l\u2019alumnat al centre, sentint la seva veu per a crear un m\u00f3n millor on viure i conviure. Els objectius del programa FAIG s\u00f3n:<\/p>\n<ul>\n<li><strong>Aprofundir i consolidar el treball per projectes al centre<\/strong>\u00a0com a l\u00ednia d\u2019escola.<\/li>\n<li><strong>Vincular els projectes de treball amb els\u00a0<span class=\"green medium\">desafiaments socials de les persones i el planeta<\/span><\/strong>, perqu\u00e8 esdevinguin Projectes d\u2019Aprenentatge amb Sentit per a l\u2019alumnat.<\/li>\n<li><strong>Integrar el\u00a0<span class=\"green medium\">\u201cmaker\u201d<\/span>\u00a0i les possibilitats creatives de la\u00a0<span class=\"green medium\">fabricaci\u00f3 digital<\/span> en els Projectes d\u2019Aprenentatge amb Sentit.<\/strong><\/li>\n<\/ul>\n<p>La nostra escola forma part de l&#8217;Itinerari 1 amb una durada de 3 cursos i un darrer curs d\u2019acompanyament a la consolidaci\u00f3 (2023-2027). Al llarg d&#8217;aquest itinerari rebrem l&#8217;assessorament de la <em><strong>Zulema Josa<\/strong><\/em>, t\u00e8cnica del Cesire, que ser\u00e0 l&#8217;encarregada d&#8217;acompanyar el Claustre i l&#8217;equip motor durant aquests anys.<a style=\"color: #2795b6;\" href=\"https:\/\/agora.xtec.cat\/escparcdelsaladar\/wp-content\/uploads\/usu1024\/2022\/12\/LOGO.jpg\"><img loading=\"lazy\" decoding=\"async\" class=\" wp-image-4987 aligncenter\" src=\"https:\/\/agora.xtec.cat\/escparcdelsaladar\/wp-content\/uploads\/usu1024\/2022\/12\/LOGO.jpg\" alt=\"\" width=\"271\" height=\"271\" srcset=\"https:\/\/agora.xtec.cat\/escparcdelsaladar\/wp-content\/uploads\/usu1024\/2022\/12\/LOGO.jpg 640w, https:\/\/agora.xtec.cat\/escparcdelsaladar\/wp-content\/uploads\/usu1024\/2022\/12\/LOGO-300x300.jpg 300w, https:\/\/agora.xtec.cat\/escparcdelsaladar\/wp-content\/uploads\/usu1024\/2022\/12\/LOGO-150x150.jpg 150w\" sizes=\"auto, (max-width: 271px) 100vw, 271px\" \/><\/a><\/p>\n<p><strong>El programa FAIG implica:<\/strong><\/p>\n<ul>\n<li>La creaci\u00f3 d\u2019un espai &#8220;maker&#8221; (anomenat FAIGLab) obert a la comunitat educativa.<\/li>\n<li><span style=\"font-family: inherit; font-size: 1em;\">L\u2019acompanyament i formaci\u00f3 pedag\u00f2gica necess\u00e0ria per a consolidar l\u2019aprenentatge per projectes des d\u2019un enfocament globalitzat com a l\u00ednia pedag\u00f2gica de centre.<\/span><\/li>\n<li>La realitzaci\u00f3 de projectes interdisciplinaris que connectin l\u2019alumnat amb problemes socialment rellevants, perqu\u00e8 esdevinguin projectes d\u2019aprenentatge amb sentit.<\/li>\n<li>La capacitaci\u00f3 tecnol\u00f2gica necess\u00e0ria per a integrar el \u201cmaker\u201d i les possibilitats creatives de la fabricaci\u00f3 digital en els projectes d\u2019aprenentatge amb sentit, possibilitant que l&#8217;alumnat doni respostes innovadores a les necessitats de l\u2019entorn.<\/li>\n<li>La col\u00b7laboraci\u00f3 amb agents externs capdavanters en la recerca i la creaci\u00f3 de solucions davant els desafiaments socials actuals i reptes de futur.<\/li>\n<li>La participaci\u00f3 activa en la xarxa de centres FAIG de Catalunya.<\/li>\n<li>La creaci\u00f3 d\u2019una comunitat activa d\u2019aprenentatge al voltant del FAIGLab que possibiliti la seva obertura a l\u2019entorn.<\/li>\n<\/ul>\n<p>Al llarg de tot el curs, tot el claustre hem rebut formaci\u00f3 i fet din\u00e0miques que ens han ajudat a reflexionar per millorar en la nostra pr\u00e0ctica sobre l&#8217;aprenentatge per projectes:<\/p>\n<p><iframe loading=\"lazy\" src=\"https:\/\/drive.google.com\/file\/d\/1LiOc_BYCkPk_NGerS6RUvEti81_K1NRh\/preview\" width=\"640\" height=\"480\"><\/iframe><\/p>\n<p><iframe loading=\"lazy\" title=\"YouTube video player\" src=\"\/\/www.youtube.com\/embed\/e-C3bNIJuyw?si=iqARQPujql9O2axD\" width=\"560\" height=\"315\" frameborder=\"0\" allowfullscreen=\"allowfullscreen\"><\/iframe><\/p>\n<p>&nbsp;<\/p>\n<p><a href=\"https:\/\/drive.google.com\/file\/d\/1q5MNrz7M9jjLx8LcFc-GC9r9VTohNnff\/view\"><img loading=\"lazy\" decoding=\"async\" class=\"alignnone size-full wp-image-7593\" src=\"https:\/\/agora.xtec.cat\/escparcdelsaladar\/wp-content\/uploads\/usu1024\/2025\/10\/adrian.png\" alt=\"\" width=\"535\" height=\"331\" srcset=\"https:\/\/agora.xtec.cat\/escparcdelsaladar\/wp-content\/uploads\/usu1024\/2025\/10\/adrian.png 535w, https:\/\/agora.xtec.cat\/escparcdelsaladar\/wp-content\/uploads\/usu1024\/2025\/10\/adrian-300x186.png 300w\" sizes=\"auto, (max-width: 535px) 100vw, 535px\" \/><\/a><\/p>\n<p><a href=\"https:\/\/drive.google.com\/file\/d\/1q5MNrz7M9jjLx8LcFc-GC9r9VTohNnff\/view?usp=drive_link\">Aqu\u00ed teniu la c\u00e0psula sobre la creaci\u00f3 d&#8217;obres amb impacte. CLIQUEU AQU\u00cd<\/a><\/p>\n<p>La nostra escola forma part de la Xarxa 44 de centres FAIG juntament amb les escoles Tonucci i Parc de l&#8217;Aigua, de Lleida i l&#8217;Institut d&#8217;Alpicat.<\/p>\n<p><a href=\"https:\/\/agora.xtec.cat\/escparcdelsaladar\/wp-content\/uploads\/usu1024\/2024\/04\/IMG-20240415-WA0015-1.jpg\"><img loading=\"lazy\" decoding=\"async\" class=\"alignnone size-large wp-image-6439\" src=\"https:\/\/agora.xtec.cat\/escparcdelsaladar\/wp-content\/uploads\/usu1024\/2024\/04\/IMG-20240415-WA0015-1-1024x768.jpg\" alt=\"\" width=\"1024\" height=\"768\" srcset=\"https:\/\/agora.xtec.cat\/escparcdelsaladar\/wp-content\/uploads\/usu1024\/2024\/04\/IMG-20240415-WA0015-1-1024x768.jpg 1024w, https:\/\/agora.xtec.cat\/escparcdelsaladar\/wp-content\/uploads\/usu1024\/2024\/04\/IMG-20240415-WA0015-1-300x225.jpg 300w, https:\/\/agora.xtec.cat\/escparcdelsaladar\/wp-content\/uploads\/usu1024\/2024\/04\/IMG-20240415-WA0015-1-768x576.jpg 768w, https:\/\/agora.xtec.cat\/escparcdelsaladar\/wp-content\/uploads\/usu1024\/2024\/04\/IMG-20240415-WA0015-1-1536x1152.jpg 1536w, https:\/\/agora.xtec.cat\/escparcdelsaladar\/wp-content\/uploads\/usu1024\/2024\/04\/IMG-20240415-WA0015-1-200x150.jpg 200w, https:\/\/agora.xtec.cat\/escparcdelsaladar\/wp-content\/uploads\/usu1024\/2024\/04\/IMG-20240415-WA0015-1.jpg 1600w\" sizes=\"auto, (max-width: 1024px) 100vw, 1024px\" \/><\/a><\/p>\n<p>&nbsp;<\/p>\n","protected":false},"excerpt":{"rendered":"<p>El curs\u00a0 2022-23 la nostra escola va formar part de les 35 escoles pilot del projecte FAIG. L&#8217;escola participar\u00e0 en aquest projecte durant els propers 4 cursos. Aquest programa FAIG, que lidera el CESIRE (Centre de recursos pedag\u00f2gics espec\u00edfics de suport a la innovaci\u00f3 i la recerca educativa) , compta amb els fons europeus (MRR) [&hellip;]<\/p>\n","protected":false},"author":3,"featured_media":0,"parent":5023,"menu_order":0,"comment_status":"closed","ping_status":"closed","template":"","meta":{"_bbp_topic_count":0,"_bbp_reply_count":0,"_bbp_total_topic_count":0,"_bbp_total_reply_count":0,"_bbp_voice_count":0,"_bbp_anonymous_reply_count":0,"_bbp_topic_count_hidden":0,"_bbp_reply_count_hidden":0,"_bbp_forum_subforum_count":0,"site-sidebar-layout":"default","site-content-layout":"","ast-site-content-layout":"","site-content-style":"default","site-sidebar-style":"default","ast-global-header-display":"","ast-banner-title-visibility":"","ast-main-header-display":"","ast-hfb-above-header-display":"","ast-hfb-below-header-display":"","ast-hfb-mobile-header-display":"","site-post-title":"","ast-breadcrumbs-content":"","ast-featured-img":"","footer-sml-layout":"","theme-transparent-header-meta":"","adv-header-id-meta":"","stick-header-meta":"","header-above-stick-meta":"","header-main-stick-meta":"","header-below-stick-meta":"","astra-migrate-meta-layouts":"default","ast-page-background-enabled":"default","ast-page-background-meta":{"desktop":{"background-color":"var(--ast-global-color-4)","background-image":"","background-repeat":"repeat","background-position":"center center","background-size":"auto","background-attachment":"scroll","background-type":"","background-media":"","overlay-type":"","overlay-color":"","overlay-opacity":"","overlay-gradient":""},"tablet":{"background-color":"","background-image":"","background-repeat":"repeat","background-position":"center center","background-size":"auto","background-attachment":"scroll","background-type":"","background-media":"","overlay-type":"","overlay-color":"","overlay-opacity":"","overlay-gradient":""},"mobile":{"background-color":"","background-image":"","background-repeat":"repeat","background-position":"center center","background-size":"auto","background-attachment":"scroll","background-type":"","background-media":"","overlay-type":"","overlay-color":"","overlay-opacity":"","overlay-gradient":""}},"ast-content-background-meta":{"desktop":{"background-color":"var(--ast-global-color-5)","background-image":"","background-repeat":"repeat","background-position":"center center","background-size":"auto","background-attachment":"scroll","background-type":"","background-media":"","overlay-type":"","overlay-color":"","overlay-opacity":"","overlay-gradient":""},"tablet":{"background-color":"var(--ast-global-color-5)","background-image":"","background-repeat":"repeat","background-position":"center center","background-size":"auto","background-attachment":"scroll","background-type":"","background-media":"","overlay-type":"","overlay-color":"","overlay-opacity":"","overlay-gradient":""},"mobile":{"background-color":"var(--ast-global-color-5)","background-image":"","background-repeat":"repeat","background-position":"center center","background-size":"auto","background-attachment":"scroll","background-type":"","background-media":"","overlay-type":"","overlay-color":"","overlay-opacity":"","overlay-gradient":""}},"footnotes":""},"class_list":["post-4995","page","type-page","status-publish","hentry"],"post_mailing_queue_ids":[],"_links":{"self":[{"href":"https:\/\/agora.xtec.cat\/escparcdelsaladar\/wp-json\/wp\/v2\/pages\/4995","targetHints":{"allow":["GET"]}}],"collection":[{"href":"https:\/\/agora.xtec.cat\/escparcdelsaladar\/wp-json\/wp\/v2\/pages"}],"about":[{"href":"https:\/\/agora.xtec.cat\/escparcdelsaladar\/wp-json\/wp\/v2\/types\/page"}],"author":[{"embeddable":true,"href":"https:\/\/agora.xtec.cat\/escparcdelsaladar\/wp-json\/wp\/v2\/users\/3"}],"replies":[{"embeddable":true,"href":"https:\/\/agora.xtec.cat\/escparcdelsaladar\/wp-json\/wp\/v2\/comments?post=4995"}],"version-history":[{"count":6,"href":"https:\/\/agora.xtec.cat\/escparcdelsaladar\/wp-json\/wp\/v2\/pages\/4995\/revisions"}],"predecessor-version":[{"id":7594,"href":"https:\/\/agora.xtec.cat\/escparcdelsaladar\/wp-json\/wp\/v2\/pages\/4995\/revisions\/7594"}],"up":[{"embeddable":true,"href":"https:\/\/agora.xtec.cat\/escparcdelsaladar\/wp-json\/wp\/v2\/pages\/5023"}],"wp:attachment":[{"href":"https:\/\/agora.xtec.cat\/escparcdelsaladar\/wp-json\/wp\/v2\/media?parent=4995"}],"curies":[{"name":"wp","href":"https:\/\/api.w.org\/{rel}","templated":true}]}}