{"id":1466,"date":"2020-03-26T13:54:52","date_gmt":"2020-03-26T12:54:52","guid":{"rendered":"https:\/\/agora.xtec.cat\/escparcdelsaladar\/?page_id=1466"},"modified":"2020-05-25T08:45:17","modified_gmt":"2020-05-25T06:45:17","slug":"aula-acollida","status":"publish","type":"page","link":"https:\/\/agora.xtec.cat\/escparcdelsaladar\/aula-acollida\/","title":{"rendered":"Aula Acollida"},"content":{"rendered":"<p><a href=\"https:\/\/agora.xtec.cat\/escparcdelsaladar\/wp-content\/uploads\/usu1024\/2020\/04\/Llegenda-de-Sant-Jordi.pdf\">Llegenda de Sant Jordi<\/a><\/p>\n<p>LLEGEIX LA LLEGENDA DE SANT JORDI.<\/p>\n<p>ESCRIU LES RESPOSTES EN UN FULL DE PAPER.<\/p>\n<p>FES UNA FOTO A LES RESPOSTES I ENVIA LA FOTO AL CORREU ELECTR\u00d2NIC DEL TEU TUTOR O DE LA TEVA TUTORA.<\/p>\n<p>evalios@escolaparcdelsaladar.cat<\/p>\n<p>mfarregu@escolaparcdelsaladar.cat<\/p>\n<p>&nbsp;<\/p>\n<p><a href=\"https:\/\/agora.xtec.cat\/escparcdelsaladar\/wp-content\/uploads\/usu1024\/2020\/04\/RECEPTA-1.pdf\">RECEPTA<\/a><\/p>\n<p>TREBALLEM LA RECEPTA DE CUINA!!<\/p>\n<p>CLICA A L&#8217;ENLLA\u00c7 BLAU DE DALT I LLEGEIX LA RECEPTA.<\/p>\n<p>BUSCA UNA RECEPTA QUE T&#8217;AGRADI I ESCRIU-LA EN UN FULL, SEGUINT ELS PASSOS: T\u00cdTOL DE LA RECEPTA, INGREDIENTS I PREPARACI\u00d3.<\/p>\n<p>FES UNA FOTO A LES RESPOSTES I ENVIA-LA AL CORREU ELECTR\u00d2NIC DEL TEU TUTOR O TUTORA.<\/p>\n<p>evalios@escolaparcdelsaladar.cat<\/p>\n<p>mfarregu@escolaparcdelsaladar.cat<\/p>\n<p>SI T&#8217;ANIMES A FER LA RECEPTA&#8230; ENVIA TAMB\u00c9 LA FOTO DEL PLAT!<\/p>\n<p>&nbsp;<\/p>\n<p><a href=\"https:\/\/agora.xtec.cat\/escparcdelsaladar\/wp-content\/uploads\/usu1024\/2020\/05\/Casa-meva.pdf\">Casa meva<\/a><\/p>\n<p>TASCA 1 (Merc\u00e8): FES UN DIBUIX O DE CASA TEVA I ESCRIU ELS NOMS DE LES PARTS<\/p>\n<p>TASCA 2 (Eduard): ESCRIU UNA DESCRIPCI\u00d3 DE CASA TEVA (POTS FER TAMB\u00c9 EL DIBUIX)<\/p>\n<p>FES UNA FOTO I ENVIA-LA AL CORREU DEL TEU TUTOR O TUTORA<\/p>\n<p>evalios@escolaparcdelsaladar.cat<\/p>\n<p>mfarregu@escolaparcdelsaladar.cat<\/p>\n<p>&nbsp;<\/p>\n<p><a href=\"https:\/\/agora.xtec.cat\/escparcdelsaladar\/wp-content\/uploads\/usu1024\/2020\/05\/EL-GEGANT-EGOISTA.pdf\">EL GEGANT EGOISTA<\/a><\/p>\n<p>MIRA I ESCOLTA AMB ATENCI\u00d3 EL CONTE.<\/p>\n<p>RESPON LES PREGUNTES EN UN PAPER, FES UNA FOTO I ENVIA-LA AL TUTOR O TUTORA.<\/p>\n<p>FES UNA GRAVACI\u00d3 DE VEU EXPLICANT EL CONTE, ENVIA-LA.<\/p>\n<p>evalios@escolaparcdelsaladar.cat<\/p>\n<p>mfarregu@escolaparcdelsaladar.cat<\/p>\n<p>&nbsp;<\/p>\n<p><a href=\"https:\/\/agora.xtec.cat\/escparcdelsaladar\/wp-content\/uploads\/usu1024\/2020\/05\/La-fam\u00edlia-1.pdf\">La fam\u00edlia<\/a><\/p>\n<p>Tasca 1 i 2 (Merc\u00e8): DIBUIXA LA TEVA FAM\u00cdLIA I ESCRIU QUI S\u00d3N<\/p>\n<p>Tasca 3 (Eduard): ESCRIU UNA DESCRIPCI\u00d3 DE LA TEVA FAM\u00cdLIA<\/p>\n<p>FES UNA FOTO QUAN ACABIS I ENVIA-LA AL TEU TUTOR O TUTORA:<\/p>\n<p>mfarregu@escolaparcdelsaladar.cat<\/p>\n<p>evalios@escolaparcdelsaladar.cat<\/p>\n<p>&nbsp;<\/p>\n<p><a href=\"https:\/\/agora.xtec.cat\/escparcdelsaladar\/wp-content\/uploads\/usu1024\/2020\/05\/SOPA-DE-LLETRES-AA.pdf\">SOPA DE LLETRES AA<\/a><\/p>\n<p>1- Clica l&#8217;enlla\u00e7 blau i busca a la sopa de lletres les paraules que apareixen dibuixades.<\/p>\n<p>2- Fes una frase amb cada una de les paraules que has trobat.<\/p>\n<p>Envia una foto al teu tutor o tutora.<\/p>\n<p>&nbsp;<\/p>\n","protected":false},"excerpt":{"rendered":"<p>Llegenda de Sant Jordi LLEGEIX LA LLEGENDA DE SANT JORDI. ESCRIU LES RESPOSTES EN UN FULL DE PAPER. FES UNA FOTO A LES RESPOSTES I ENVIA LA FOTO AL CORREU ELECTR\u00d2NIC DEL TEU TUTOR O DE LA TEVA TUTORA. evalios@escolaparcdelsaladar.cat mfarregu@escolaparcdelsaladar.cat &nbsp; RECEPTA TREBALLEM LA RECEPTA DE CUINA!! CLICA A L&#8217;ENLLA\u00c7 BLAU DE DALT I [&hellip;]<\/p>\n","protected":false},"author":1,"featured_media":0,"parent":0,"menu_order":0,"comment_status":"closed","ping_status":"closed","template":"","meta":{"_bbp_topic_count":0,"_bbp_reply_count":0,"_bbp_total_topic_count":0,"_bbp_total_reply_count":0,"_bbp_voice_count":0,"_bbp_anonymous_reply_count":0,"_bbp_topic_count_hidden":0,"_bbp_reply_count_hidden":0,"_bbp_forum_subforum_count":0,"site-sidebar-layout":"default","site-content-layout":"","ast-site-content-layout":"","site-content-style":"default","site-sidebar-style":"default","ast-global-header-display":"","ast-banner-title-visibility":"","ast-main-header-display":"","ast-hfb-above-header-display":"","ast-hfb-below-header-display":"","ast-hfb-mobile-header-display":"","site-post-title":"","ast-breadcrumbs-content":"","ast-featured-img":"","footer-sml-layout":"","theme-transparent-header-meta":"","adv-header-id-meta":"","stick-header-meta":"","header-above-stick-meta":"","header-main-stick-meta":"","header-below-stick-meta":"","astra-migrate-meta-layouts":"default","ast-page-background-enabled":"default","ast-page-background-meta":{"desktop":{"background-color":"var(--ast-global-color-4)","background-image":"","background-repeat":"repeat","background-position":"center center","background-size":"auto","background-attachment":"scroll","background-type":"","background-media":"","overlay-type":"","overlay-color":"","overlay-opacity":"","overlay-gradient":""},"tablet":{"background-color":"","background-image":"","background-repeat":"repeat","background-position":"center center","background-size":"auto","background-attachment":"scroll","background-type":"","background-media":"","overlay-type":"","overlay-color":"","overlay-opacity":"","overlay-gradient":""},"mobile":{"background-color":"","background-image":"","background-repeat":"repeat","background-position":"center center","background-size":"auto","background-attachment":"scroll","background-type":"","background-media":"","overlay-type":"","overlay-color":"","overlay-opacity":"","overlay-gradient":""}},"ast-content-background-meta":{"desktop":{"background-color":"var(--ast-global-color-5)","background-image":"","background-repeat":"repeat","background-position":"center center","background-size":"auto","background-attachment":"scroll","background-type":"","background-media":"","overlay-type":"","overlay-color":"","overlay-opacity":"","overlay-gradient":""},"tablet":{"background-color":"var(--ast-global-color-5)","background-image":"","background-repeat":"repeat","background-position":"center center","background-size":"auto","background-attachment":"scroll","background-type":"","background-media":"","overlay-type":"","overlay-color":"","overlay-opacity":"","overlay-gradient":""},"mobile":{"background-color":"var(--ast-global-color-5)","background-image":"","background-repeat":"repeat","background-position":"center center","background-size":"auto","background-attachment":"scroll","background-type":"","background-media":"","overlay-type":"","overlay-color":"","overlay-opacity":"","overlay-gradient":""}},"footnotes":""},"class_list":["post-1466","page","type-page","status-publish","hentry"],"post_mailing_queue_ids":[],"_links":{"self":[{"href":"https:\/\/agora.xtec.cat\/escparcdelsaladar\/wp-json\/wp\/v2\/pages\/1466","targetHints":{"allow":["GET"]}}],"collection":[{"href":"https:\/\/agora.xtec.cat\/escparcdelsaladar\/wp-json\/wp\/v2\/pages"}],"about":[{"href":"https:\/\/agora.xtec.cat\/escparcdelsaladar\/wp-json\/wp\/v2\/types\/page"}],"author":[{"embeddable":true,"href":"https:\/\/agora.xtec.cat\/escparcdelsaladar\/wp-json\/wp\/v2\/users\/1"}],"replies":[{"embeddable":true,"href":"https:\/\/agora.xtec.cat\/escparcdelsaladar\/wp-json\/wp\/v2\/comments?post=1466"}],"version-history":[{"count":3,"href":"https:\/\/agora.xtec.cat\/escparcdelsaladar\/wp-json\/wp\/v2\/pages\/1466\/revisions"}],"predecessor-version":[{"id":2175,"href":"https:\/\/agora.xtec.cat\/escparcdelsaladar\/wp-json\/wp\/v2\/pages\/1466\/revisions\/2175"}],"wp:attachment":[{"href":"https:\/\/agora.xtec.cat\/escparcdelsaladar\/wp-json\/wp\/v2\/media?parent=1466"}],"curies":[{"name":"wp","href":"https:\/\/api.w.org\/{rel}","templated":true}]}}