{"id":84,"date":"2014-09-18T14:11:31","date_gmt":"2014-09-18T13:11:31","guid":{"rendered":"http:\/\/agora.xtec.cat\/escpalmademallorca\/?page_id=84"},"modified":"2025-09-12T11:51:22","modified_gmt":"2025-09-12T09:51:22","slug":"activitats-extraescolars","status":"publish","type":"page","link":"https:\/\/agora.xtec.cat\/escpalmademallorca\/serveis\/activitats-extraescolars\/","title":{"rendered":"Activitats extraescolars"},"content":{"rendered":"<p><strong>B\u00e0squet a c\u00e0rrec de B\u00e0squet Nou Barris<\/strong><\/p>\n<p><a href=\"https:\/\/basquetnoubarris.jimdofree.com\/\" target=\"_blank\" rel=\"noopener\"><img loading=\"lazy\" decoding=\"async\" class=\"alignleft wp-image-19237\" src=\"https:\/\/agora.xtec.cat\/escpalmademallorca\/wp-content\/uploads\/usu839\/2021\/09\/8IYL5UTDpk72FyjF.png\" alt=\"\" width=\"138\" height=\"124\" \/><\/a><\/p>\n<p>\u00a0<\/p>\n<p>Dimarts i dijous de 17:00h a 18:15h, d&#8217; I4 a 6\u00e8.<\/p>\n<p>\u00a0<\/p>\n<p>\u00a0<\/p>\n<p><strong>Atletisme a c\u00e0rrec del Club d&#8217;Atletisme Nou Barris<\/strong><\/p>\n<p><a href=\"http:\/\/www.canb.cat\/web\/index.php\" target=\"_blank\" rel=\"noopener\"><img loading=\"lazy\" decoding=\"async\" class=\"alignleft wp-image-19239\" src=\"https:\/\/agora.xtec.cat\/escpalmademallorca\/wp-content\/uploads\/usu839\/2021\/09\/descarga.png\" alt=\"\" width=\"142\" height=\"142\" srcset=\"https:\/\/agora.xtec.cat\/escpalmademallorca\/wp-content\/uploads\/usu839\/2021\/09\/descarga.png 180w, https:\/\/agora.xtec.cat\/escpalmademallorca\/wp-content\/uploads\/usu839\/2021\/09\/descarga-150x150.png 150w\" sizes=\"auto, (max-width: 142px) 100vw, 142px\" \/><\/a><\/p>\n<p>\u00a0<\/p>\n<p>Dilluns i dimecres de 17:00h a 18:00h.<\/p>\n<p>\u00a0<\/p>\n<p>\u00a0<\/p>\n<p>\u00a0<\/p>\n<p><strong>Gimn\u00e0stica R\u00edtimica a c\u00e0rrec d&#8217;AsoGym<\/strong><\/p>\n<p><a href=\"http:\/\/asogym.com\/\" target=\"_blank\" rel=\"noopener\"><img loading=\"lazy\" decoding=\"async\" class=\"alignleft wp-image-19240 size-full\" src=\"https:\/\/agora.xtec.cat\/escpalmademallorca\/wp-content\/uploads\/usu839\/2021\/09\/unnamed.png\" alt=\"\" width=\"512\" height=\"230\" srcset=\"https:\/\/agora.xtec.cat\/escpalmademallorca\/wp-content\/uploads\/usu839\/2021\/09\/unnamed.png 512w, https:\/\/agora.xtec.cat\/escpalmademallorca\/wp-content\/uploads\/usu839\/2021\/09\/unnamed-300x135.png 300w\" sizes=\"auto, (max-width: 512px) 100vw, 512px\" \/><\/a><\/p>\n<p>\u00a0<\/p>\n<p>Dilluns i dimecres, de 17:00h a 18:00h.<\/p>\n<p>1r, 2n, 3r, 4t, 5\u00e8 i 6\u00e8 de prim\u00e0ria.<\/p>\n<p>\u00a0<\/p>\n<p>\u00a0<\/p>\n<p>\u00a0<\/p>\n<p><strong>Nataci\u00f3 a Duet Sports<\/strong><\/p>\n<p>L&#8217;AFA organitza activitats de nataci\u00f3 al <strong>Duet Sports<\/strong>.<\/p>\n<p><a href=\"https:\/\/www.duetsports.com\/\" target=\"_blank\" rel=\"noopener\"><img loading=\"lazy\" decoding=\"async\" class=\"wp-image-20301 alignleft\" src=\"https:\/\/agora.xtec.cat\/escpalmademallorca\/wp-content\/uploads\/usu839\/2022\/03\/1648046127474_logo_cotxeresborbo-08.jpg\" alt=\"\" width=\"269\" height=\"269\" srcset=\"https:\/\/agora.xtec.cat\/escpalmademallorca\/wp-content\/uploads\/usu839\/2022\/03\/1648046127474_logo_cotxeresborbo-08.jpg 215w, https:\/\/agora.xtec.cat\/escpalmademallorca\/wp-content\/uploads\/usu839\/2022\/03\/1648046127474_logo_cotxeresborbo-08-150x150.jpg 150w\" sizes=\"auto, (max-width: 269px) 100vw, 269px\" \/><\/a><\/p>\n<div dir=\"auto\">\u00a0<\/div>\n<div dir=\"auto\">\u00a0<\/div>\n<div dir=\"auto\">Whatsapp AFA: 624532338<\/div>\n<div dir=\"auto\">\u00a0<\/div>\n<div dir=\"auto\">Correu electr\u00f2nic: afa@escolapalma.cat<\/div>\n<div dir=\"auto\">\u00a0<\/div>\n<div dir=\"auto\">\u00a0<\/div>\n<p>\u00a0<\/p>\n<p>\u00a0<\/p>\n<p>\u00a0<\/p>\n<p>La nostra escola col\u00b7labora amb la <strong>Ludoteca S\u00f3ller<\/strong> que organtiza activitats extraescolars al mateix centre.<\/p>\n<p>Direcci\u00f3:Pg Ciutat de Mallorca, 31 Barcelona<a href=\"https:\/\/www.instagram.com\/ludoteca.soller\/\" target=\"_blank\" rel=\"noopener\"><img loading=\"lazy\" decoding=\"async\" class=\"alignleft wp-image-19238 size-full\" src=\"https:\/\/agora.xtec.cat\/escpalmademallorca\/wp-content\/uploads\/usu839\/2021\/09\/descarga-1.jpg\" alt=\"\" width=\"225\" height=\"225\" srcset=\"https:\/\/agora.xtec.cat\/escpalmademallorca\/wp-content\/uploads\/usu839\/2021\/09\/descarga-1.jpg 225w, https:\/\/agora.xtec.cat\/escpalmademallorca\/wp-content\/uploads\/usu839\/2021\/09\/descarga-1-150x150.jpg 150w\" sizes=\"auto, (max-width: 225px) 100vw, 225px\" \/><\/a><br \/>Tel\u00e8fono: 933538039<br \/>Correu electr\u00f2nic: ludosoller@hotmail.com<br \/>Titularitat: P\u00fablica<br \/>Horaris<br \/>De dilluns a divendres de 17:00h a 20:00h.<\/p>\n<p>\u00a0<\/p>\n<p>\u00a0<\/p>\n\n\n<p><\/p>\n","protected":false},"excerpt":{"rendered":"<p>B\u00e0squet a c\u00e0rrec de B\u00e0squet Nou Barris \u00a0 Dimarts i dijous de 17:00h a 18:15h, d&#8217; I4 a 6\u00e8. \u00a0 [&hellip;]<\/p>\n","protected":false},"author":1,"featured_media":0,"parent":66,"menu_order":60,"comment_status":"closed","ping_status":"closed","template":"","meta":{"_bbp_topic_count":0,"_bbp_reply_count":0,"_bbp_total_topic_count":0,"_bbp_total_reply_count":0,"_bbp_voice_count":0,"_bbp_anonymous_reply_count":0,"_bbp_topic_count_hidden":0,"_bbp_reply_count_hidden":0,"_bbp_forum_subforum_count":0,"site-sidebar-layout":"default","site-content-layout":"","ast-site-content-layout":"default","site-content-style":"default","site-sidebar-style":"default","ast-global-header-display":"","ast-banner-title-visibility":"","ast-main-header-display":"","ast-hfb-above-header-display":"","ast-hfb-below-header-display":"","ast-hfb-mobile-header-display":"","site-post-title":"","ast-breadcrumbs-content":"","ast-featured-img":"","footer-sml-layout":"","theme-transparent-header-meta":"","adv-header-id-meta":"","stick-header-meta":"","header-above-stick-meta":"","header-main-stick-meta":"","header-below-stick-meta":"","astra-migrate-meta-layouts":"set","ast-page-background-enabled":"default","ast-page-background-meta":{"desktop":{"background-color":"var(--ast-global-color-4)","background-image":"","background-repeat":"repeat","background-position":"center center","background-size":"auto","background-attachment":"scroll","background-type":"","background-media":"","overlay-type":"","overlay-color":"","overlay-opacity":"","overlay-gradient":""},"tablet":{"background-color":"","background-image":"","background-repeat":"repeat","background-position":"center center","background-size":"auto","background-attachment":"scroll","background-type":"","background-media":"","overlay-type":"","overlay-color":"","overlay-opacity":"","overlay-gradient":""},"mobile":{"background-color":"","background-image":"","background-repeat":"repeat","background-position":"center center","background-size":"auto","background-attachment":"scroll","background-type":"","background-media":"","overlay-type":"","overlay-color":"","overlay-opacity":"","overlay-gradient":""}},"ast-content-background-meta":{"desktop":{"background-color":"var(--ast-global-color-5)","background-image":"","background-repeat":"repeat","background-position":"center center","background-size":"auto","background-attachment":"scroll","background-type":"","background-media":"","overlay-type":"","overlay-color":"","overlay-opacity":"","overlay-gradient":""},"tablet":{"background-color":"var(--ast-global-color-5)","background-image":"","background-repeat":"repeat","background-position":"center center","background-size":"auto","background-attachment":"scroll","background-type":"","background-media":"","overlay-type":"","overlay-color":"","overlay-opacity":"","overlay-gradient":""},"mobile":{"background-color":"var(--ast-global-color-5)","background-image":"","background-repeat":"repeat","background-position":"center center","background-size":"auto","background-attachment":"scroll","background-type":"","background-media":"","overlay-type":"","overlay-color":"","overlay-opacity":"","overlay-gradient":""}},"footnotes":""},"class_list":["post-84","page","type-page","status-publish","hentry"],"post_mailing_queue_ids":[],"_links":{"self":[{"href":"https:\/\/agora.xtec.cat\/escpalmademallorca\/wp-json\/wp\/v2\/pages\/84","targetHints":{"allow":["GET"]}}],"collection":[{"href":"https:\/\/agora.xtec.cat\/escpalmademallorca\/wp-json\/wp\/v2\/pages"}],"about":[{"href":"https:\/\/agora.xtec.cat\/escpalmademallorca\/wp-json\/wp\/v2\/types\/page"}],"author":[{"embeddable":true,"href":"https:\/\/agora.xtec.cat\/escpalmademallorca\/wp-json\/wp\/v2\/users\/1"}],"replies":[{"embeddable":true,"href":"https:\/\/agora.xtec.cat\/escpalmademallorca\/wp-json\/wp\/v2\/comments?post=84"}],"version-history":[{"count":6,"href":"https:\/\/agora.xtec.cat\/escpalmademallorca\/wp-json\/wp\/v2\/pages\/84\/revisions"}],"predecessor-version":[{"id":23083,"href":"https:\/\/agora.xtec.cat\/escpalmademallorca\/wp-json\/wp\/v2\/pages\/84\/revisions\/23083"}],"up":[{"embeddable":true,"href":"https:\/\/agora.xtec.cat\/escpalmademallorca\/wp-json\/wp\/v2\/pages\/66"}],"wp:attachment":[{"href":"https:\/\/agora.xtec.cat\/escpalmademallorca\/wp-json\/wp\/v2\/media?parent=84"}],"curies":[{"name":"wp","href":"https:\/\/api.w.org\/{rel}","templated":true}]}}