{"id":7993,"date":"2021-09-05T23:46:18","date_gmt":"2021-09-05T21:46:18","guid":{"rendered":"https:\/\/agora.xtec.cat\/escpalmademallorca\/?page_id=7993"},"modified":"2022-01-31T01:23:59","modified_gmt":"2022-01-31T00:23:59","slug":"el-nostre-barri","status":"publish","type":"page","link":"https:\/\/agora.xtec.cat\/escpalmademallorca\/escola\/el-nostre-barri\/","title":{"rendered":"El nostre barri"},"content":{"rendered":"<h2 style=\"text-align: center;\"><iframe loading=\"lazy\" style=\"border: 0;\" src=\"https:\/\/www.google.com\/maps\/embed?pb=!1m18!1m12!1m3!1d23924.932159887318!2d2.1548184762200364!3d41.44754184046502!2m3!1f0!2f0!3f0!3m2!1i1024!2i768!4f13.1!3m3!1m2!1s0x12a4bd22aab46b59%3A0xf938973446729876!2sNou%20Barris%2C%20Barcelona!5e0!3m2!1sca!2ses!4v1568642712676!5m2!1sca!2ses\" width=\"600\" height=\"450\" frameborder=\"0\" allowfullscreen=\"allowfullscreen\"><\/iframe><\/h2>\n<h2 style=\"text-align: center;\">RELLIGANT NOU BARRIS<\/h2>\n<p>Relligant Nou Barris \u00e9s un projecte que vol apropar la hist\u00f2ria del districte a tots els ve\u00efns. Una xarxa que ens permetr\u00e0 descobrir a la vegada el patrimoni material de Nou Barris i el seu ric teixit comercial des dels mateixos carrers i places gr\u00e0cies al nostre smartphone.<\/p>\n<p><a href=\"http:\/\/www.noubarris.net\/relligantnb\/\" target=\"_blank\" rel=\"noopener noreferrer\"><img loading=\"lazy\" decoding=\"async\" class=\"aligncenter wp-image-1616 size-full\" src=\"http:\/\/agora.xtec.cat\/escolasantiagorusinol\/wp-content\/uploads\/usu1729\/2018\/04\/image2.jpeg\" sizes=\"auto, (max-width: 900px) 100vw, 900px\" srcset=\"https:\/\/agora.xtec.cat\/escolasantiagorusinol\/wp-content\/uploads\/usu1729\/2018\/04\/image2.jpeg 900w, https:\/\/agora.xtec.cat\/escolasantiagorusinol\/wp-content\/uploads\/usu1729\/2018\/04\/image2-300x60.jpeg 300w, https:\/\/agora.xtec.cat\/escolasantiagorusinol\/wp-content\/uploads\/usu1729\/2018\/04\/image2-768x154.jpeg 768w\" alt=\"\" width=\"900\" height=\"180\" \/><\/a><\/p>\n<h2 style=\"text-align: center;\">AJUNTAMENT DE BCN \u2013 DISTRICTE DE NOU BARRIS<\/h2>\n<p>Web del districte de Nou Barris de l\u2019Ajuntament de Barcelona. Hi trobareu not\u00edcies, Agenda cultural i enlla\u00e7os d\u2019inter\u00e8s.<\/p>\n<p><a href=\"http:\/\/ajuntament.barcelona.cat\/noubarris\/ca\/home-ca\" target=\"_blank\" rel=\"noopener noreferrer\"><img loading=\"lazy\" decoding=\"async\" class=\"aligncenter wp-image-1618\" src=\"http:\/\/agora.xtec.cat\/escolasantiagorusinol\/wp-content\/uploads\/usu1729\/2018\/04\/admin-ajax.php_.jpg\" alt=\"\" width=\"424\" height=\"268\" \/><\/a><\/p>\n<p>&nbsp;<\/p>\n<h2 style=\"text-align: center;\">PORTAL D\u2019ENTITATS DEL DISTRICTE<\/h2>\n<p>Nou Barris Net \u00e9s la xarxa ciutadana del districte de Nou Barris de Barcelona. Un mitj\u00e0 de relaci\u00f3 per potenciar l\u2019entrada dels ciutadans a la societat de la informaci\u00f3, sense exclusions, obert i participatiu.<\/p>\n<p><a href=\"http:\/\/www.noubarris.net\/web40\/\" target=\"_blank\" rel=\"noopener noreferrer\"><img loading=\"lazy\" decoding=\"async\" class=\"aligncenter wp-image-1620\" src=\"http:\/\/agora.xtec.cat\/escolasantiagorusinol\/wp-content\/uploads\/usu1729\/2018\/04\/noubarris_net_cast.png\" sizes=\"auto, (max-width: 209px) 100vw, 209px\" srcset=\"https:\/\/agora.xtec.cat\/escolasantiagorusinol\/wp-content\/uploads\/usu1729\/2018\/04\/noubarris_net_cast.png 177w, https:\/\/agora.xtec.cat\/escolasantiagorusinol\/wp-content\/uploads\/usu1729\/2018\/04\/noubarris_net_cast-150x150.png 150w\" alt=\"\" width=\"209\" height=\"210\" \/><\/a><\/p>\n<p>&nbsp;<\/p>\n<div class=\"addtoany_share_save_container addtoany_content_bottom\">\n<div class=\"a2a_kit a2a_kit_size_32 addtoany_list\" data-a2a-url=\"https:\/\/agora.xtec.cat\/escolasantiagorusinol\/lescola\/el-nostre-barri\/\" data-a2a-title=\"El nostre barri\">\n<p>&nbsp;<\/p>\n<h2 style=\"text-align: center;\">BIBLIOTECA DE NOU BARRIS<\/h2>\n<p>La Biblioteca Nou Barris est\u00e0 situada en una de les parts de l\u2019antic Institut Mental de la Santa Creu, que va fundar el doctor Pi i Molist cap al final del segle XIX i que va tancar les portes cap a finals dels anys vuitanta del segle XX. Actualment, disposa de diferents serveis, m\u00e9s enll\u00e0 del pr\u00e9stec de llibres.<\/p>\n<p><a href=\"http:\/\/ajuntament.barcelona.cat\/biblioteques\/bibnoubarris\/ca#\" target=\"_blank\" rel=\"noopener noreferrer\"><img loading=\"lazy\" decoding=\"async\" class=\"wp-image-1026 aligncenter\" src=\"https:\/\/agora.xtec.cat\/ceip-timbaler\/wp-content\/uploads\/usu1734\/2019\/09\/baixa.jpg\" alt=\"\" width=\"369\" height=\"207\" \/><\/a><\/p>\n<p>&nbsp;<\/p>\n<\/div>\n<h2 style=\"text-align: center;\">BIBLIOTECA DE VILAPICINA I TORRE LLOBETA<\/h2>\n<p>La Biblioteca Vilapicina i la Torre Llobeta va obrir les portes el 9 de desembre de 2011 per donar servei i oferir recursos als ve\u00efns i les ve\u00efnes del barri i la seva \u00e0rea d\u2019influ\u00e8ncia, fruit del trasllat de l\u2019antiga Biblioteca Torre Llobeta. Est\u00e0 situada a la pla\u00e7a de Carmen Laforet, al sud del districte de Nou Barris, a tocar dels barris del Guinard\u00f3 (Horta) i el Congr\u00e9s i els Indians (Sant Andreu).<\/p>\n<p><a href=\"http:\/\/ajuntament.barcelona.cat\/biblioteques\/bibvilapicina\/ca\" target=\"_blank\" rel=\"noopener noreferrer\"><img loading=\"lazy\" decoding=\"async\" class=\"aligncenter wp-image-19262 size-full\" src=\"https:\/\/agora.xtec.cat\/ceip-timbaler\/wp-content\/uploads\/usu1734\/2019\/10\/0.jpg\" sizes=\"auto, (max-width: 480px) 100vw, 480px\" srcset=\"https:\/\/agora.xtec.cat\/ceip-timbaler\/wp-content\/uploads\/usu1734\/2019\/10\/0.jpg 480w, https:\/\/agora.xtec.cat\/ceip-timbaler\/wp-content\/uploads\/usu1734\/2019\/10\/0-300x225.jpg 300w, https:\/\/agora.xtec.cat\/ceip-timbaler\/wp-content\/uploads\/usu1734\/2019\/10\/0-200x150.jpg 200w\" alt=\"\" width=\"480\" height=\"360\" \/><\/a><\/p>\n<p>&nbsp;<\/p>\n<h2 style=\"text-align: center;\">MERCAT DE LA MERC\u00c8<\/h2>\n<p>El Mercat de la Merc\u00e8 es va inaugurar l\u2019any 1961, coincidint amb la urbanitzaci\u00f3 de bona part del districte de Nou Barris i l\u2019arribada de nous ve\u00efns a aquesta part de la ciutat. La construcci\u00f3 es va fer als terrenys de l\u2019antiga masia de Can Bast\u00e9, al bell mig del cam\u00ed que anava d\u2019Horta a Sant Andreu. En aquell temps, la zona no comptava amb equipaments i el mercat, des de l\u2019inici, es va convertir en un important espai de trobada per a la gent del barri.<\/p>\n<p><a href=\"https:\/\/www.mercatdelamerce.cat\/\" target=\"_blank\" rel=\"noopener noreferrer\"><img loading=\"lazy\" decoding=\"async\" class=\"aligncenter wp-image-19264\" src=\"https:\/\/agora.xtec.cat\/ceip-timbaler\/wp-content\/uploads\/usu1734\/2019\/10\/baixa.jpg\" sizes=\"auto, (max-width: 383px) 100vw, 383px\" srcset=\"https:\/\/agora.xtec.cat\/ceip-timbaler\/wp-content\/uploads\/usu1734\/2019\/10\/baixa.jpg 259w, https:\/\/agora.xtec.cat\/ceip-timbaler\/wp-content\/uploads\/usu1734\/2019\/10\/baixa-200x150.jpg 200w\" alt=\"\" width=\"383\" height=\"287\" \/><\/a><\/p>\n<\/div>\n","protected":false},"excerpt":{"rendered":"<p>RELLIGANT NOU BARRIS Relligant Nou Barris \u00e9s un projecte que vol apropar la hist\u00f2ria del districte a tots els ve\u00efns. [&hellip;]<\/p>\n","protected":false},"author":38,"featured_media":0,"parent":1316,"menu_order":10,"comment_status":"closed","ping_status":"closed","template":"page-templates\/side-menu.php","meta":{"_bbp_topic_count":0,"_bbp_reply_count":0,"_bbp_total_topic_count":0,"_bbp_total_reply_count":0,"_bbp_voice_count":0,"_bbp_anonymous_reply_count":0,"_bbp_topic_count_hidden":0,"_bbp_reply_count_hidden":0,"_bbp_forum_subforum_count":0,"site-sidebar-layout":"default","site-content-layout":"","ast-site-content-layout":"","site-content-style":"default","site-sidebar-style":"default","ast-global-header-display":"","ast-banner-title-visibility":"","ast-main-header-display":"","ast-hfb-above-header-display":"","ast-hfb-below-header-display":"","ast-hfb-mobile-header-display":"","site-post-title":"","ast-breadcrumbs-content":"","ast-featured-img":"","footer-sml-layout":"","theme-transparent-header-meta":"","adv-header-id-meta":"","stick-header-meta":"","header-above-stick-meta":"","header-main-stick-meta":"","header-below-stick-meta":"","astra-migrate-meta-layouts":"default","ast-page-background-enabled":"default","ast-page-background-meta":{"desktop":{"background-color":"var(--ast-global-color-4)","background-image":"","background-repeat":"repeat","background-position":"center center","background-size":"auto","background-attachment":"scroll","background-type":"","background-media":"","overlay-type":"","overlay-color":"","overlay-opacity":"","overlay-gradient":""},"tablet":{"background-color":"","background-image":"","background-repeat":"repeat","background-position":"center center","background-size":"auto","background-attachment":"scroll","background-type":"","background-media":"","overlay-type":"","overlay-color":"","overlay-opacity":"","overlay-gradient":""},"mobile":{"background-color":"","background-image":"","background-repeat":"repeat","background-position":"center center","background-size":"auto","background-attachment":"scroll","background-type":"","background-media":"","overlay-type":"","overlay-color":"","overlay-opacity":"","overlay-gradient":""}},"ast-content-background-meta":{"desktop":{"background-color":"var(--ast-global-color-5)","background-image":"","background-repeat":"repeat","background-position":"center center","background-size":"auto","background-attachment":"scroll","background-type":"","background-media":"","overlay-type":"","overlay-color":"","overlay-opacity":"","overlay-gradient":""},"tablet":{"background-color":"var(--ast-global-color-5)","background-image":"","background-repeat":"repeat","background-position":"center center","background-size":"auto","background-attachment":"scroll","background-type":"","background-media":"","overlay-type":"","overlay-color":"","overlay-opacity":"","overlay-gradient":""},"mobile":{"background-color":"var(--ast-global-color-5)","background-image":"","background-repeat":"repeat","background-position":"center center","background-size":"auto","background-attachment":"scroll","background-type":"","background-media":"","overlay-type":"","overlay-color":"","overlay-opacity":"","overlay-gradient":""}},"footnotes":""},"class_list":["post-7993","page","type-page","status-publish","hentry"],"post_mailing_queue_ids":[],"_links":{"self":[{"href":"https:\/\/agora.xtec.cat\/escpalmademallorca\/wp-json\/wp\/v2\/pages\/7993","targetHints":{"allow":["GET"]}}],"collection":[{"href":"https:\/\/agora.xtec.cat\/escpalmademallorca\/wp-json\/wp\/v2\/pages"}],"about":[{"href":"https:\/\/agora.xtec.cat\/escpalmademallorca\/wp-json\/wp\/v2\/types\/page"}],"author":[{"embeddable":true,"href":"https:\/\/agora.xtec.cat\/escpalmademallorca\/wp-json\/wp\/v2\/users\/38"}],"replies":[{"embeddable":true,"href":"https:\/\/agora.xtec.cat\/escpalmademallorca\/wp-json\/wp\/v2\/comments?post=7993"}],"version-history":[{"count":3,"href":"https:\/\/agora.xtec.cat\/escpalmademallorca\/wp-json\/wp\/v2\/pages\/7993\/revisions"}],"predecessor-version":[{"id":19810,"href":"https:\/\/agora.xtec.cat\/escpalmademallorca\/wp-json\/wp\/v2\/pages\/7993\/revisions\/19810"}],"up":[{"embeddable":true,"href":"https:\/\/agora.xtec.cat\/escpalmademallorca\/wp-json\/wp\/v2\/pages\/1316"}],"wp:attachment":[{"href":"https:\/\/agora.xtec.cat\/escpalmademallorca\/wp-json\/wp\/v2\/media?parent=7993"}],"curies":[{"name":"wp","href":"https:\/\/api.w.org\/{rel}","templated":true}]}}