{"id":7977,"date":"2021-09-05T23:31:23","date_gmt":"2021-09-05T21:31:23","guid":{"rendered":"https:\/\/agora.xtec.cat\/escpalmademallorca\/?page_id=7977"},"modified":"2024-01-26T12:14:53","modified_gmt":"2024-01-26T11:14:53","slug":"trets-didentitat","status":"publish","type":"page","link":"https:\/\/agora.xtec.cat\/escpalmademallorca\/escola\/trets-didentitat\/","title":{"rendered":"Trets d&#8217;identitat"},"content":{"rendered":"<p>&nbsp;<\/p>\n<ul>\n<li>Som una escola que s&#8217;esfor\u00e7a en adaptar-se i actualitzar-se per assolir la m\u00e0xima qualitat, <strong>una escola que apr\u00e8n<\/strong>.<\/li>\n<li>Una escola\u00a0<strong>acollidora, oberta i dialogant<\/strong> amb un ambient familiar que afavoreix una relaci\u00f3 propera entre mestres, alumnes i fam\u00edlies.<\/li>\n<li>Una escola\u00a0<strong>socialitzadora<\/strong>\u00a0que educa en les\u00a0<strong>estrat\u00e8gies<\/strong>\u00a0per a resoldre dificultats i conflictes fomentant la salut, el benestar propi i per a\u00a0<strong>conscienciar<\/strong>\u00a0dels drets i deures que comporta la vida en societat.<\/li>\n<\/ul>\n<p><strong>PILARS PEDAG\u00d2GICS\/BASES DEL MODEL EDUCATIU<\/strong><\/p>\n<ul>\n<li>Treballem des d\u2019una\u00a0<strong>perspectiva globalitzadora<\/strong>\u00a0que ens ajuda a potenciar en els nostres alumnes les\u00a0<strong>capacitats i compet\u00e8ncies<\/strong> que els permetin donar respostes als problemes reals en tots els \u00e0mbits de desenvolupament personal, siguin socials, afectius o professionals. Per aix\u00f2 aprenem als\u00a0<strong>ambients, tallers, descoberta i projectes.<\/strong><\/li>\n<li><strong>Qualitat educativa<\/strong> afavorint que els alumnes assoleixin les <strong>compet\u00e8ncies<\/strong> i estiguin preparats per als <strong>reptes de futur.<\/strong><\/li>\n<li>Cada alumne \u00e9s \u00fanic. Oferim <strong>atenci\u00f3 individualitzada i personalitzada<\/strong> adaptada a les seves necessitats.<\/li>\n<li>Treballem per a formar alumnes competents digitalment. Treballem la\u00a0<strong>rob\u00f2tica<\/strong>\u00a0i inici a la\u00a0<strong>programaci\u00f3<\/strong>. Utilitzem\u00a0<strong>iPad\u2019s i ordinadors\u00a0<\/strong>com a eines d\u2019aprenentatge i coneixement.<\/li>\n<\/ul>\n<p><strong>OBJECTIUS EDUCATIUS PRIORITARIS<\/strong><\/p>\n<ul>\n<li>Formaci\u00f3 de persones creatives, emprenedores, cr\u00edtiques, competents en tecnologies, amb habilitats socials i <strong>que s&#8217;adaptin als nous entorns laborals.<\/strong><\/li>\n<li>Assegurar\u00a0<strong>l\u2019aprenentatge competencial<\/strong> en qu\u00e8 l\u2019alumne assumeix un paper actiu, construeix el seu propi coneixement a trav\u00e9s d\u2019una actitud reflexiva i cr\u00edtica.<\/li>\n<li>Garantir l<strong>\u2019atenci\u00f3 a la diversitat\u00a0<\/strong>des d\u2019un plantejament global de centre per a cobrir les necessitats educatives de l\u2019alumnat respectant els i ritmes i els processos interns dels alumnes.<\/li>\n<li>Donar import\u00e0ncia a l\u2019<strong>acci\u00f3 tutorial<\/strong>\u00a0amb el seguiment i l\u2019<strong>atenci\u00f3 personalitzada.<\/strong><\/li>\n<li>Possibilitar que cadascun dels nostres infants\u00a0<strong>aprengui a aprendre<\/strong>, donant m\u00e9s import\u00e0ncia al proc\u00e9s que al resultat.<\/li>\n<\/ul>\n<p><strong>PROJECTES I ACTIVITATS DESTACABLES DEL CENTRE<\/strong><\/p>\n<ul>\n<li>Escola oberta als\u00a0<strong>projectes innovadors.<\/strong>\u00a0Formem part de les\u00a0<a href=\"https:\/\/www.edubcn.cat\/ca\/suport_educatiu_recursos\/plans_programes\/xarxes_per_al_canvi\"><strong>Xarxes pel Canvi.<\/strong><\/a><\/li>\n<li><a href=\"https:\/\/agora.xtec.cat\/escpalmademallorca\/categoria\/ambients\/\"><strong>Ambients a infantil:<\/strong>\u00a0<\/a>S\u00f3n una nova metodologia de treball que es fonamenta en l\u2019aprenentatge a partir de l\u2019acci\u00f3 del mateix infant. Les mestres preparen cada ambient oferint uns materials i uns espais molt motivadors pels alumnes.<\/li>\n<li>Dinamitzaci\u00f3 de la\u00a0<a href=\"https:\/\/blocs.xtec.cat\/bibliopalma\/\"><strong>biblioteca escolar<\/strong><\/a>\u00a0fomentant l\u2019<strong>impuls a la lectura.<br \/>\n<\/strong><\/li>\n<li><strong>Entorns matem\u00e0tics.<\/strong><\/li>\n<li>Aprenentatge de l\u2019<strong>angl\u00e8s\u00a0<\/strong>des dels 4 anys i Speaking en grups redu\u00efts.<\/li>\n<li>Programa d\u2019Activitats Escolars <strong>(PAE)\u00a0<\/strong>relacionades amb l\u2019<strong>esport\u00a0<\/strong>organitzat per l\u2019ajuntament de Barcelona.<\/li>\n<li><strong>Projectes art\u00edstics<\/strong>: Cant\u00e0nia, Dansa Ara i Teatre Musical.<\/li>\n<li><strong>Projectes digitals<\/strong>: Reconeixement escola STEAM, participaci\u00f3 al programa <strong>FAIG del cesire<\/strong> <a href=\"https:\/\/www.fundacionendesa.org\/es\/educacion\/retotech-proyecto-de-innovacion-educativa\" target=\"_blank\" rel=\"noopener\"><strong>#Retotech<\/strong><\/a> de la Fundaci\u00f3 Endesa i col\u00b7laboraci\u00f3 amb la <strong>UOC en la <a href=\"https:\/\/symposium.uoc.edu\/109648\/detail\/gira-transformacio-digital-barcelona.html\">&#8220;Gira de transformaci\u00f3 digital&#8221;<\/a><\/strong><\/li>\n<li>Participaci\u00f3 al projecte<strong> <a href=\"https:\/\/ajuntament.barcelona.cat\/educacio\/ca\/transformem-els-patis\">&#8220;Transformem els patis&#8221;<\/a><\/strong><\/li>\n<li>Programa\u00a0<strong>\u00c8xit.<\/strong><\/li>\n<li>Projecte:\u00a0<a href=\"https:\/\/agora.xtec.cat\/escpalmademallorca\/categoria\/expliquem-el-barri\/\"><strong>\u201cExpliquem el barri\u201d<\/strong><\/a><\/li>\n<li><strong>Pla de Consum de Fruita.<\/strong><\/li>\n<li><strong>Hort Escolar.<\/strong><\/li>\n<\/ul>\n<p><strong>CRITERIS D\u2019ORGANITZACI\u00d3 PEDAG\u00d2GICA<\/strong><\/p>\n<ul>\n<li><strong>Una hora m\u00e9s de classe di\u00e0ria<\/strong>\u00a0per aprofundir i consolidar projectes.<\/li>\n<li><strong>Noves metodologies<\/strong> encaminades a incentivar l\u2019autonomia i l\u2019aprenentatge vivencial, l\u2019esperit cooperatiu i el\u00a0<strong>pensament cr\u00edtic i creatiu.<\/strong><\/li>\n<li>Organitzaci\u00f3<strong>\u00a0flexible i adaptable<\/strong> per atendre les necessitats dels alumnes en l\u2019entorn m\u00e9s normalitzat possible. El tipus d\u2019agrupament es revisa constantment.<\/li>\n<li>Diferents formes d\u2019organitzaci\u00f3 en les\u00a0<strong>\u00e0rees instrumentals<\/strong>\u00a0en funci\u00f3 dels objectius a treballar:\u00a0<strong>desdoblaments, refor\u00e7os i \/ o dos mestres a l\u2019aula.<\/strong><\/li>\n<li><strong>Petits grups de treball<\/strong>\u00a0a Educaci\u00f3 Infantil i Cicle Inicial per atendre les diferents maneres d\u2019aprendre i desenvolupar\u00a0<strong>l\u2019autonomia.<\/strong><\/li>\n<li><strong>Tallers Internivells<\/strong>\u00a0per afavorir l\u2019aprenentatge entre iguals.<\/li>\n<\/ul>\n<p><strong>\u00c0MBITS DE PARTICIPACI\u00d3 I COL\u00b7LABORACI\u00d3<\/strong><\/p>\n<ul>\n<li>Oferim estrat\u00e8gies perqu\u00e8 els nostres alumnes puguin <strong>gestionar les emocions<\/strong>\u00a0i tinguin recursos per a la resoluci\u00f3 pac\u00edfica dels conflictes.<\/li>\n<li>Considerem important la participaci\u00f3 de l\u2019alumnat a partir de les\u00a0<strong>assemblees de delegats<\/strong>\u00a0on poden expressar les seves inquietuds.<\/li>\n<li>Participaci\u00f3 de les\u00a0<strong>fam\u00edlies\u00a0<\/strong>en activitats escolars.<\/li>\n<li>Relacions de coordinaci\u00f3 i col\u00b7laboraci\u00f3 amb els diferents serveis educatius i altres centres de la zona participant en\u00a0<strong>activitats culturals i educatives<\/strong>\u00a0proposades per les entitats de l\u2019entorn sempre que siguin coherents amb el PEC:\u00a0<strong>Casal d\u2019avis de Porta, Can Verdaguer, Biblioteques Municipals\u2026<\/strong><\/li>\n<li>Col\u00b7laboraci\u00f3 amb l\u2019ajuntament de Barcelona<strong>: ludoteca, casal d\u2019estiu i patis oberts.<\/strong><\/li>\n<li>Coordinaci\u00f3 amb\u00a0<strong>Escola Bressol Municipal Ciutat de Mallorca.<\/strong><\/li>\n<\/ul>\n<p><strong>\u00a0<\/strong>El nostre Projecte Educatiu inclou el\u00a0<a href=\"https:\/\/drive.google.com\/file\/d\/14pwSihZdLhOpRBpYZpexNsJb6xAG40JZ\/view?usp=sharing\">Projecte Ling\u00fc\u00edstic<\/a><\/p>\n<p>Tamb\u00e9 podeu consultar les Normes d\u2019Organitzaci\u00f3 i Funcionament del Centre <a href=\"https:\/\/agora.xtec.cat\/escpalmademallorca\/wp-content\/uploads\/usu839\/2022\/06\/NOFC-act.-Maig-22.pdf\" target=\"_blank\" rel=\"noopener\">NOFC<\/a><\/p>\n<div class=\"addtoany_share_save_container addtoany_content addtoany_content_bottom\">\n<div class=\"a2a_kit a2a_kit_size_30 addtoany_list\" data-a2a-url=\"https:\/\/agora.xtec.cat\/escpalmademallorca\/projecte-educatiu\/\" data-a2a-title=\"Projecte educatiu\"><\/div>\n<\/div>\n","protected":false},"excerpt":{"rendered":"<p>&nbsp; Som una escola que s&#8217;esfor\u00e7a en adaptar-se i actualitzar-se per assolir la m\u00e0xima qualitat, una escola que apr\u00e8n. Una [&hellip;]<\/p>\n","protected":false},"author":38,"featured_media":0,"parent":1316,"menu_order":6,"comment_status":"closed","ping_status":"closed","template":"page-templates\/side-menu.php","meta":{"_bbp_topic_count":0,"_bbp_reply_count":0,"_bbp_total_topic_count":0,"_bbp_total_reply_count":0,"_bbp_voice_count":0,"_bbp_anonymous_reply_count":0,"_bbp_topic_count_hidden":0,"_bbp_reply_count_hidden":0,"_bbp_forum_subforum_count":0,"site-sidebar-layout":"default","site-content-layout":"","ast-site-content-layout":"","site-content-style":"default","site-sidebar-style":"default","ast-global-header-display":"","ast-banner-title-visibility":"","ast-main-header-display":"","ast-hfb-above-header-display":"","ast-hfb-below-header-display":"","ast-hfb-mobile-header-display":"","site-post-title":"","ast-breadcrumbs-content":"","ast-featured-img":"","footer-sml-layout":"","theme-transparent-header-meta":"","adv-header-id-meta":"","stick-header-meta":"","header-above-stick-meta":"","header-main-stick-meta":"","header-below-stick-meta":"","astra-migrate-meta-layouts":"default","ast-page-background-enabled":"default","ast-page-background-meta":{"desktop":{"background-color":"var(--ast-global-color-4)","background-image":"","background-repeat":"repeat","background-position":"center center","background-size":"auto","background-attachment":"scroll","background-type":"","background-media":"","overlay-type":"","overlay-color":"","overlay-opacity":"","overlay-gradient":""},"tablet":{"background-color":"","background-image":"","background-repeat":"repeat","background-position":"center center","background-size":"auto","background-attachment":"scroll","background-type":"","background-media":"","overlay-type":"","overlay-color":"","overlay-opacity":"","overlay-gradient":""},"mobile":{"background-color":"","background-image":"","background-repeat":"repeat","background-position":"center center","background-size":"auto","background-attachment":"scroll","background-type":"","background-media":"","overlay-type":"","overlay-color":"","overlay-opacity":"","overlay-gradient":""}},"ast-content-background-meta":{"desktop":{"background-color":"var(--ast-global-color-5)","background-image":"","background-repeat":"repeat","background-position":"center center","background-size":"auto","background-attachment":"scroll","background-type":"","background-media":"","overlay-type":"","overlay-color":"","overlay-opacity":"","overlay-gradient":""},"tablet":{"background-color":"var(--ast-global-color-5)","background-image":"","background-repeat":"repeat","background-position":"center center","background-size":"auto","background-attachment":"scroll","background-type":"","background-media":"","overlay-type":"","overlay-color":"","overlay-opacity":"","overlay-gradient":""},"mobile":{"background-color":"var(--ast-global-color-5)","background-image":"","background-repeat":"repeat","background-position":"center center","background-size":"auto","background-attachment":"scroll","background-type":"","background-media":"","overlay-type":"","overlay-color":"","overlay-opacity":"","overlay-gradient":""}},"footnotes":""},"class_list":["post-7977","page","type-page","status-publish","hentry"],"post_mailing_queue_ids":[],"_links":{"self":[{"href":"https:\/\/agora.xtec.cat\/escpalmademallorca\/wp-json\/wp\/v2\/pages\/7977","targetHints":{"allow":["GET"]}}],"collection":[{"href":"https:\/\/agora.xtec.cat\/escpalmademallorca\/wp-json\/wp\/v2\/pages"}],"about":[{"href":"https:\/\/agora.xtec.cat\/escpalmademallorca\/wp-json\/wp\/v2\/types\/page"}],"author":[{"embeddable":true,"href":"https:\/\/agora.xtec.cat\/escpalmademallorca\/wp-json\/wp\/v2\/users\/38"}],"replies":[{"embeddable":true,"href":"https:\/\/agora.xtec.cat\/escpalmademallorca\/wp-json\/wp\/v2\/comments?post=7977"}],"version-history":[{"count":6,"href":"https:\/\/agora.xtec.cat\/escpalmademallorca\/wp-json\/wp\/v2\/pages\/7977\/revisions"}],"predecessor-version":[{"id":22172,"href":"https:\/\/agora.xtec.cat\/escpalmademallorca\/wp-json\/wp\/v2\/pages\/7977\/revisions\/22172"}],"up":[{"embeddable":true,"href":"https:\/\/agora.xtec.cat\/escpalmademallorca\/wp-json\/wp\/v2\/pages\/1316"}],"wp:attachment":[{"href":"https:\/\/agora.xtec.cat\/escpalmademallorca\/wp-json\/wp\/v2\/media?parent=7977"}],"curies":[{"name":"wp","href":"https:\/\/api.w.org\/{rel}","templated":true}]}}