{"id":4142,"date":"2019-01-16T13:44:17","date_gmt":"2019-01-16T12:44:17","guid":{"rendered":"http:\/\/agora.xtec.cat\/escpalmademallorca\/?page_id=4142"},"modified":"2025-01-19T15:43:41","modified_gmt":"2025-01-19T14:43:41","slug":"historia","status":"publish","type":"page","link":"https:\/\/agora.xtec.cat\/escpalmademallorca\/escola\/historia\/","title":{"rendered":"Hist\u00f2ria"},"content":{"rendered":"<h2>HIST\u00d2RIA DE L&#8217;ESCOLA PALMA DE MALLORCA<\/h2>\n<h2>1977 &#8211; Els primers alumnes de la S\u00f3ller<\/h2>\n<p style=\"text-align: center;\"><img loading=\"lazy\" decoding=\"async\" class=\"aligncenter  wp-image-22551\" src=\"https:\/\/agora.xtec.cat\/escpalmademallorca\/wp-content\/uploads\/usu839\/2024\/10\/6.jpg\" alt=\"\" width=\"408\" height=\"268\" \/><\/p>\n<div class=\"widget-content\"><span class=\"caption\">Amb aquests nens va comen\u00e7ar la reivindicaci\u00f3 veinal : &#8220;Cap nen o nena sense escola &#8221; i &#8220;Cap mestre sense feina&#8221;<\/span><\/div>\n<div class=\"clear\"><\/div>\n<div>\n<h2 style=\"text-align: center;\">1977 &#8211; A reivindicar!<\/h2>\n<p style=\"text-align: center;\"><img loading=\"lazy\" decoding=\"async\" class=\"aligncenter  wp-image-22549\" src=\"https:\/\/agora.xtec.cat\/escpalmademallorca\/wp-content\/uploads\/usu839\/2024\/10\/4.jpg\" alt=\"\" width=\"459\" height=\"315\" \/>Despr\u00e9s de les classes calia fer-se notar per aconseguir els seus prop\u00f2sits: ve\u00efns, fam\u00edlies, alumnes, mestres&#8230; tots a manifestar-se per a aconseguir una escola p\u00fablica en condicions. Aix\u00f2 del fons , aix\u00f2 que t\u00e9 un rotul &#8220;de disseny&#8221; s\u00f3n els baixos que van haver d&#8217;ocupar per fundar l&#8217;Escola S\u00f3ller.<\/p>\n<h2 style=\"text-align: center;\">Escola &#8220;S\u00f3ller&#8221; a la Pla\u00e7a S\u00f3ller<\/h2>\n<p style=\"text-align: center;\"><img loading=\"lazy\" decoding=\"async\" class=\"aligncenter  wp-image-22549\" src=\"https:\/\/agora.xtec.cat\/escpalmademallorca\/wp-content\/uploads\/usu839\/2024\/10\/4.jpg\" alt=\"\" width=\"472\" height=\"324\" \/>Es va anomenar S\u00f3ller l\u00f2gicament perqu\u00e8 era a la pla\u00e7a S\u00f3ller. No va ser fins que van constru\u00efr la nova escola al passeig de la Ciutat de Mallorca que va canviar el seu nom pel d&#8217;escola Palma de Mallorca.<\/p>\n<h2 style=\"text-align: center;\">1977 &#8211; L&#8217;alumnat fundador<\/h2>\n<p style=\"text-align: center;\"><img loading=\"lazy\" decoding=\"async\" class=\"aligncenter  wp-image-22550\" src=\"https:\/\/agora.xtec.cat\/escpalmademallorca\/wp-content\/uploads\/usu839\/2024\/10\/5.jpg\" alt=\"\" width=\"609\" height=\"418\" \/>Aqu\u00ed surten gaireb\u00e9 tots els alumnes -i alguns professors\/res- fundadors del moviment assemblari (tamb\u00e9 surt una mare). La fotografia es va realitzar a la pla\u00e7a S\u00f3ller, el pati de &#8220;l&#8217;escola&#8221;.<\/p>\n<h2 style=\"text-align: center;\">1977- Al solar que feia de pati on feien l&#8217;esbarjo alg\u00fa va escriure: &#8220;Aqu\u00ed queremos una escuela&#8221;<\/h2>\n<p style=\"text-align: center;\"><img loading=\"lazy\" decoding=\"async\" class=\"aligncenter  wp-image-22546\" src=\"https:\/\/agora.xtec.cat\/escpalmademallorca\/wp-content\/uploads\/usu839\/2024\/10\/2.jpg\" alt=\"\" width=\"520\" height=\"354\" \/>&#8230; i en un temps r\u00e8cord de 7 mesos vam aconseguir tenir-la: Guau! Lluitar fort i seguit servia per aconseguir coses!<\/p>\n<h2 style=\"text-align: center;\">1977 &#8211; L&#8217;associaci\u00f3 de ve\u00efns i veines de Porta va ser el lloc on van iniciar temporalment les classes<\/h2>\n<p style=\"text-align: center;\">El local de l&#8217;Asociaci\u00f3 de Ve\u00efns va ser el primer lloc on van comen\u00e7ar les activitats escolars. Els mobles eren un regal de Mobles Velia.<\/p>\n<h2 style=\"text-align: center;\">1977 &#8211; Feia tant de fred als &#8220;locals&#8221;&#8230;<\/h2>\n<p style=\"text-align: center;\"><img loading=\"lazy\" decoding=\"async\" class=\"aligncenter  wp-image-22548\" src=\"https:\/\/agora.xtec.cat\/escpalmademallorca\/wp-content\/uploads\/usu839\/2024\/10\/3.jpg\" alt=\"\" width=\"445\" height=\"304\" \/><\/p>\n<p style=\"text-align: center;\">&#8230; que havien de fer les classes folrats de roba.<\/p>\n<h2 style=\"text-align: center;\">1977 &#8211; El m\u00e8tode de reivindicar estava molt &#8220;de moda&#8221;<\/h2>\n<p style=\"text-align: center;\">\n<\/div>\n<p>Els mestres, alumnes, pares, veins i persones properes es sumaven a la manifestaci\u00f3. Van arribar fins i tot a tallar la circulaci\u00f3 de la zona durant mitja hora. La reivindicaci\u00f3 era molt clara: s&#8217;havien d&#8217;aconseguir contractes per mestres que ja estaven treballant als &#8220;locals&#8221; de la que aviat seria la &#8220;futura escola Palma de Mallorca&#8221;.<\/p>\n","protected":false},"excerpt":{"rendered":"<p>HIST\u00d2RIA DE L&#8217;ESCOLA PALMA DE MALLORCA 1977 &#8211; Els primers alumnes de la S\u00f3ller Amb aquests nens va comen\u00e7ar la [&hellip;]<\/p>\n","protected":false},"author":3,"featured_media":0,"parent":1316,"menu_order":1,"comment_status":"closed","ping_status":"closed","template":"","meta":{"_bbp_topic_count":0,"_bbp_reply_count":0,"_bbp_total_topic_count":0,"_bbp_total_reply_count":0,"_bbp_voice_count":0,"_bbp_anonymous_reply_count":0,"_bbp_topic_count_hidden":0,"_bbp_reply_count_hidden":0,"_bbp_forum_subforum_count":0,"site-sidebar-layout":"default","site-content-layout":"","ast-site-content-layout":"default","site-content-style":"default","site-sidebar-style":"default","ast-global-header-display":"","ast-banner-title-visibility":"","ast-main-header-display":"","ast-hfb-above-header-display":"","ast-hfb-below-header-display":"","ast-hfb-mobile-header-display":"","site-post-title":"disabled","ast-breadcrumbs-content":"","ast-featured-img":"","footer-sml-layout":"","theme-transparent-header-meta":"","adv-header-id-meta":"","stick-header-meta":"","header-above-stick-meta":"","header-main-stick-meta":"","header-below-stick-meta":"","astra-migrate-meta-layouts":"set","ast-page-background-enabled":"default","ast-page-background-meta":{"desktop":{"background-color":"var(--ast-global-color-4)","background-image":"","background-repeat":"repeat","background-position":"center center","background-size":"auto","background-attachment":"scroll","background-type":"","background-media":"","overlay-type":"","overlay-color":"","overlay-opacity":"","overlay-gradient":""},"tablet":{"background-color":"","background-image":"","background-repeat":"repeat","background-position":"center center","background-size":"auto","background-attachment":"scroll","background-type":"","background-media":"","overlay-type":"","overlay-color":"","overlay-opacity":"","overlay-gradient":""},"mobile":{"background-color":"","background-image":"","background-repeat":"repeat","background-position":"center center","background-size":"auto","background-attachment":"scroll","background-type":"","background-media":"","overlay-type":"","overlay-color":"","overlay-opacity":"","overlay-gradient":""}},"ast-content-background-meta":{"desktop":{"background-color":"var(--ast-global-color-5)","background-image":"","background-repeat":"repeat","background-position":"center center","background-size":"auto","background-attachment":"scroll","background-type":"","background-media":"","overlay-type":"","overlay-color":"","overlay-opacity":"","overlay-gradient":""},"tablet":{"background-color":"var(--ast-global-color-5)","background-image":"","background-repeat":"repeat","background-position":"center center","background-size":"auto","background-attachment":"scroll","background-type":"","background-media":"","overlay-type":"","overlay-color":"","overlay-opacity":"","overlay-gradient":""},"mobile":{"background-color":"var(--ast-global-color-5)","background-image":"","background-repeat":"repeat","background-position":"center center","background-size":"auto","background-attachment":"scroll","background-type":"","background-media":"","overlay-type":"","overlay-color":"","overlay-opacity":"","overlay-gradient":""}},"footnotes":""},"class_list":["post-4142","page","type-page","status-publish","hentry"],"post_mailing_queue_ids":[],"_links":{"self":[{"href":"https:\/\/agora.xtec.cat\/escpalmademallorca\/wp-json\/wp\/v2\/pages\/4142","targetHints":{"allow":["GET"]}}],"collection":[{"href":"https:\/\/agora.xtec.cat\/escpalmademallorca\/wp-json\/wp\/v2\/pages"}],"about":[{"href":"https:\/\/agora.xtec.cat\/escpalmademallorca\/wp-json\/wp\/v2\/types\/page"}],"author":[{"embeddable":true,"href":"https:\/\/agora.xtec.cat\/escpalmademallorca\/wp-json\/wp\/v2\/users\/3"}],"replies":[{"embeddable":true,"href":"https:\/\/agora.xtec.cat\/escpalmademallorca\/wp-json\/wp\/v2\/comments?post=4142"}],"version-history":[{"count":5,"href":"https:\/\/agora.xtec.cat\/escpalmademallorca\/wp-json\/wp\/v2\/pages\/4142\/revisions"}],"predecessor-version":[{"id":22747,"href":"https:\/\/agora.xtec.cat\/escpalmademallorca\/wp-json\/wp\/v2\/pages\/4142\/revisions\/22747"}],"up":[{"embeddable":true,"href":"https:\/\/agora.xtec.cat\/escpalmademallorca\/wp-json\/wp\/v2\/pages\/1316"}],"wp:attachment":[{"href":"https:\/\/agora.xtec.cat\/escpalmademallorca\/wp-json\/wp\/v2\/media?parent=4142"}],"curies":[{"name":"wp","href":"https:\/\/api.w.org\/{rel}","templated":true}]}}