{"id":28,"date":"2014-09-18T12:29:35","date_gmt":"2014-09-18T11:29:35","guid":{"rendered":"http:\/\/agora.xtec.cat\/escpalmademallorca\/?page_id=28"},"modified":"2026-02-11T15:52:01","modified_gmt":"2026-02-11T14:52:01","slug":"consell-escolar","status":"publish","type":"page","link":"https:\/\/agora.xtec.cat\/escpalmademallorca\/escola\/consell-escolar\/","title":{"rendered":"Consell Escolar"},"content":{"rendered":"<p><strong>Equip directiu:<\/strong><\/p>\n<p><strong>Directora<\/strong>:\u00a0Cristina de la Serna L\u00f3pez<br \/>\n<strong>Cap d&#8217;estudis<\/strong>: Chus Castro<br \/>\n<strong>Secret\u00e0ria<\/strong>: B\u00e1rbara Mu\u00f1oz Lecina<\/p>\n<p><strong>Sector mestres:<\/strong><\/p>\n<ul>\n<li>Sandra Puig<\/li>\n<li>Miriam Loba<\/li>\n<li>Alvaro Fern\u00e1ndez<\/li>\n<li>Silvia Lirola<\/li>\n<li>Sara Jim\u00e9nez<\/li>\n<li><span style=\"font-family: inherit; font-size: 1em;\">Pilar Gasc\u00f3n<\/span><\/li>\n<\/ul>\n<p><strong>Representant PAS<\/strong><\/p>\n<ul>\n<li>Raquel Salmer\u00f3n (conserge)<\/li>\n<\/ul>\n<p><strong>Representant PAE<\/strong><\/p>\n<ul>\n<li>Ra\u00fal G\u00f3mez<\/li>\n<\/ul>\n<p><strong style=\"font-family: inherit; font-size: 1em;\">Sector pares i mares:<\/strong><\/p>\n<ul>\n<li>Kariny<\/li>\n<li>Raquel Aparicio<\/li>\n<li>Juanita Severich Medrano (Rep. AFA)<\/li>\n<li>Arantxa Oliva Arnau<\/li>\n<li>Silvia Krokovica<\/li>\n<li>Boucha<\/li>\n<\/ul>\n<p><strong>Representant de l\u2019Ajuntament:<\/strong><\/p>\n<ul>\n<li>Josep M. Cros Tubert<\/li>\n<\/ul>\n","protected":false},"excerpt":{"rendered":"<p>Equip directiu: Directora:\u00a0Cristina de la Serna L\u00f3pez Cap d&#8217;estudis: Chus Castro Secret\u00e0ria: B\u00e1rbara Mu\u00f1oz Lecina Sector mestres: Sandra Puig Miriam [&hellip;]<\/p>\n","protected":false},"author":1,"featured_media":0,"parent":1316,"menu_order":8,"comment_status":"closed","ping_status":"closed","template":"","meta":{"_bbp_topic_count":0,"_bbp_reply_count":0,"_bbp_total_topic_count":0,"_bbp_total_reply_count":0,"_bbp_voice_count":0,"_bbp_anonymous_reply_count":0,"_bbp_topic_count_hidden":0,"_bbp_reply_count_hidden":0,"_bbp_forum_subforum_count":0,"site-sidebar-layout":"default","site-content-layout":"","ast-site-content-layout":"default","site-content-style":"default","site-sidebar-style":"default","ast-global-header-display":"","ast-banner-title-visibility":"","ast-main-header-display":"","ast-hfb-above-header-display":"","ast-hfb-below-header-display":"","ast-hfb-mobile-header-display":"","site-post-title":"","ast-breadcrumbs-content":"","ast-featured-img":"","footer-sml-layout":"","theme-transparent-header-meta":"","adv-header-id-meta":"","stick-header-meta":"","header-above-stick-meta":"","header-main-stick-meta":"","header-below-stick-meta":"","astra-migrate-meta-layouts":"set","ast-page-background-enabled":"default","ast-page-background-meta":{"desktop":{"background-color":"var(--ast-global-color-4)","background-image":"","background-repeat":"repeat","background-position":"center center","background-size":"auto","background-attachment":"scroll","background-type":"","background-media":"","overlay-type":"","overlay-color":"","overlay-opacity":"","overlay-gradient":""},"tablet":{"background-color":"","background-image":"","background-repeat":"repeat","background-position":"center center","background-size":"auto","background-attachment":"scroll","background-type":"","background-media":"","overlay-type":"","overlay-color":"","overlay-opacity":"","overlay-gradient":""},"mobile":{"background-color":"","background-image":"","background-repeat":"repeat","background-position":"center center","background-size":"auto","background-attachment":"scroll","background-type":"","background-media":"","overlay-type":"","overlay-color":"","overlay-opacity":"","overlay-gradient":""}},"ast-content-background-meta":{"desktop":{"background-color":"var(--ast-global-color-5)","background-image":"","background-repeat":"repeat","background-position":"center center","background-size":"auto","background-attachment":"scroll","background-type":"","background-media":"","overlay-type":"","overlay-color":"","overlay-opacity":"","overlay-gradient":""},"tablet":{"background-color":"var(--ast-global-color-5)","background-image":"","background-repeat":"repeat","background-position":"center center","background-size":"auto","background-attachment":"scroll","background-type":"","background-media":"","overlay-type":"","overlay-color":"","overlay-opacity":"","overlay-gradient":""},"mobile":{"background-color":"var(--ast-global-color-5)","background-image":"","background-repeat":"repeat","background-position":"center center","background-size":"auto","background-attachment":"scroll","background-type":"","background-media":"","overlay-type":"","overlay-color":"","overlay-opacity":"","overlay-gradient":""}},"footnotes":""},"class_list":["post-28","page","type-page","status-publish","hentry"],"post_mailing_queue_ids":[],"_links":{"self":[{"href":"https:\/\/agora.xtec.cat\/escpalmademallorca\/wp-json\/wp\/v2\/pages\/28","targetHints":{"allow":["GET"]}}],"collection":[{"href":"https:\/\/agora.xtec.cat\/escpalmademallorca\/wp-json\/wp\/v2\/pages"}],"about":[{"href":"https:\/\/agora.xtec.cat\/escpalmademallorca\/wp-json\/wp\/v2\/types\/page"}],"author":[{"embeddable":true,"href":"https:\/\/agora.xtec.cat\/escpalmademallorca\/wp-json\/wp\/v2\/users\/1"}],"replies":[{"embeddable":true,"href":"https:\/\/agora.xtec.cat\/escpalmademallorca\/wp-json\/wp\/v2\/comments?post=28"}],"version-history":[{"count":5,"href":"https:\/\/agora.xtec.cat\/escpalmademallorca\/wp-json\/wp\/v2\/pages\/28\/revisions"}],"predecessor-version":[{"id":23200,"href":"https:\/\/agora.xtec.cat\/escpalmademallorca\/wp-json\/wp\/v2\/pages\/28\/revisions\/23200"}],"up":[{"embeddable":true,"href":"https:\/\/agora.xtec.cat\/escpalmademallorca\/wp-json\/wp\/v2\/pages\/1316"}],"wp:attachment":[{"href":"https:\/\/agora.xtec.cat\/escpalmademallorca\/wp-json\/wp\/v2\/media?parent=28"}],"curies":[{"name":"wp","href":"https:\/\/api.w.org\/{rel}","templated":true}]}}